{"id":4980,"date":"2026-01-21T12:00:07","date_gmt":"2026-01-21T04:00:07","guid":{"rendered":"https:\/\/minghanggroup.com\/?post_type=product&#038;p=4980"},"modified":"2026-01-21T13:54:11","modified_gmt":"2026-01-21T05:54:11","slug":"100ml-reed-diffuser-jars-with-faceted-bulk","status":"publish","type":"product","link":"https:\/\/minghanggroup.com\/fr\/produit\/100ml-reed-diffuser-jars-with-faceted-bulk\/","title":{"rendered":"Pots diffuseurs \u00e0 b\u00e2tonnets de 50 ml et 100 ml avec diffuseur \u00e0 facettes en vrac"},"content":{"rendered":"<p>Ce flacon diffuseur \u00e0 roseaux est de forme cylindrique et pr\u00e9sente un design taill\u00e9 en diamant d&#039;une finesse exceptionnelle. Un goulot filet\u00e9 standard assure une \u00e9tanch\u00e9it\u00e9 parfaite.<\/p>\n<h2>Caract\u00e9ristiques du produit<\/h2>\n<ul>\n<li><strong>Motif \u00e0 facettes diamant\u00e9es couvrant toute la surface :<\/strong> Le petit motif lisse taill\u00e9 en diamant donne un aspect scintillant et \u00e9voque le luxe des millionnaires.<\/li>\n<li><strong>Joint filet\u00e9 de pr\u00e9cision\u00a0:<\/strong> Le design classique du col filet\u00e9 assure un ajustement parfait autour du cou et contribue \u00e0 \u00e9viter les fuites, tout en vous permettant de mettre en valeur votre parfum.<\/li>\n<li><strong>Deux tailles d&#039;entra\u00eenement :<\/strong> 50 ml, format id\u00e9al pour \u00eatre expos\u00e9 sur un bureau et offert en cadeau ; 100 ml, format adapt\u00e9 \u00e0 un usage domestique.<\/li>\n<\/ul>\n<h2 style=\"text-align: left;\">Caract\u00e9ristiques principales<\/h2>\n<table class=\"aligncenter\" style=\"border-collapse: collapse; width: 447.02pt;\" border=\"0\" width=\"596\" cellspacing=\"0\" cellpadding=\"0\">\n<tbody>\n<tr style=\"height: 13.50pt;\">\n<td style=\"height: 13.50pt; width: 116.25pt;\" width=\"155\" height=\"18\">Sp\u00e9cification<\/td>\n<td style=\"width: 330.75pt;\" width=\"441\">D\u00e9tails<\/td>\n<\/tr>\n<tr style=\"height: 13.50pt;\">\n<td style=\"height: 13.50pt;\" height=\"18\">Capacit\u00e9<\/td>\n<td>50 ml \/ 100 ml<\/td>\n<\/tr>\n<tr style=\"height: 13.50pt;\">\n<td style=\"height: 13.50pt;\" height=\"18\">Dimensions<\/td>\n<td>62\u00d749\u00d772 mm \/ 77\u00d761\u00d785 mm<\/td>\n<\/tr>\n<tr style=\"height: 13.50pt;\">\n<td style=\"height: 13.50pt;\" height=\"18\">Diam\u00e8tre int\u00e9rieur\/ext\u00e9rieur du col<\/td>\n<td>17 mm \/ 27 mm (Les deux)<\/td>\n<\/tr>\n<tr style=\"height: 13.50pt;\">\n<td style=\"height: 13.50pt;\" height=\"18\">Mat\u00e9riel<\/td>\n<td>Verre sodocalcique<\/td>\n<\/tr>\n<tr style=\"height: 13.50pt;\">\n<td style=\"height: 13.50pt;\" height=\"18\">Forme de bouteille<\/td>\n<td>Cylindre \u00e0 facettes<\/td>\n<\/tr>\n<tr style=\"height: 13.50pt;\">\n<td style=\"height: 13.50pt;\" height=\"18\">\u00c9tendue de la personnalisation<\/td>\n<td>Couleur, taille, gla\u00e7age, dorure<\/td>\n<\/tr>\n<tr style=\"height: 13.50pt;\">\n<td style=\"height: 13.50pt;\" height=\"18\">Savoir-faire<\/td>\n<td>Pressage de verre de pr\u00e9cision, filetage<\/td>\n<\/tr>\n<tr style=\"height: 13.50pt;\">\n<td style=\"height: 13.50pt;\" height=\"18\">Objectif du produit<\/td>\n<td>Diffuseurs \u00e0 b\u00e2tonnets modernes en pot, flacons d&#039;huiles parfum\u00e9es de qualit\u00e9 sup\u00e9rieure<\/td>\n<\/tr>\n<tr style=\"height: 13.50pt;\">\n<td style=\"height: 13.50pt;\" height=\"18\">Secteurs d&#039;activit\u00e9 appropri\u00e9s<\/td>\n<td>Parfums d&#039;int\u00e9rieur modernes, hospitalit\u00e9 de luxe<\/td>\n<\/tr>\n<\/tbody>\n<\/table>\n<h2>\u00c9tude de cas<\/h2>\n<p>Nos flacons diffuseurs de 100 ml ont \u00e9t\u00e9 choisis par un groupe h\u00f4telier haut de gamme nord-am\u00e9ricain pour leur nouveau parfum personnalis\u00e9. Le design taill\u00e9 en diamant a s\u00e9duit les clients, m\u00eame si 40 % des ventes de produits en chambre provenaient de clients souhaitant les emporter chez eux. La forme discr\u00e8te et robuste du flacon \u00e9limine tout risque de renversement. Le diam\u00e8tre int\u00e9rieur du goulot, de 17 mm, permet d&#039;y installer facilement un embout universel. L&#039;h\u00f4tel, enchant\u00e9, a pass\u00e9 une nouvelle commande de 450\u00a0000 flacons qui seront install\u00e9s dans toutes les suites au cours des trois prochaines ann\u00e9es.<\/p>\n<h2>La personnalisation des pots diffuseurs \u00e0 roseaux<\/h2>\n<ul>\n<li>Couleur et transparence du verre\u00a0: Il est disponible en transparent, gris clair, noir ou ambre pour lui donner un aspect glamour.<\/li>\n<li>Variation du motif de taille\u00a0: La profondeur, la g\u00e9om\u00e9trie ou la taille du motif de taille du diamant peuvent \u00eatre modifi\u00e9es.<\/li>\n<li>Finition givr\u00e9e\u00a0: Att\u00e9nuez la brillance avec une finition mate ou l\u00e9g\u00e8rement givr\u00e9e pour un aspect mat luxueux.<\/li>\n<li>Gravure laser\u00a0: Gravure de petites marques ou de motifs sur des surfaces de d\u00e9coupe s\u00e9lectionn\u00e9es.<\/li>\n<\/ul>","protected":false},"excerpt":{"rendered":"<p>Diffuseur \u00e0 b\u00e2tonnets en verre taill\u00e9 diamant avec col \u00e0 vis, id\u00e9al pour l&#039;aromath\u00e9rapie de table. Flacon de 100 ml pour une d\u00e9coration raffin\u00e9e. Livraison rapide.<\/p>","protected":false},"featured_media":5004,"template":"","meta":{"postBodyCss":"","postBodyMargin":[],"postBodyPadding":[],"postBodyBackground":{"backgroundType":"classic","gradient":""}},"product_brand":[],"product_cat":[15,16,63],"product_tag":[],"class_list":{"0":"post-4980","1":"product","2":"type-product","3":"status-publish","4":"has-post-thumbnail","6":"product_cat-glass-containers","7":"product_cat-glass-bottles","8":"product_cat-reed-diffuser-bottles","10":"first","11":"instock","12":"shipping-taxable","13":"product-type-simple"},"jetpack_sharing_enabled":true,"_links":{"self":[{"href":"https:\/\/minghanggroup.com\/fr\/wp-json\/wp\/v2\/product\/4980","targetHints":{"allow":["GET"]}}],"collection":[{"href":"https:\/\/minghanggroup.com\/fr\/wp-json\/wp\/v2\/product"}],"about":[{"href":"https:\/\/minghanggroup.com\/fr\/wp-json\/wp\/v2\/types\/product"}],"wp:featuredmedia":[{"embeddable":true,"href":"https:\/\/minghanggroup.com\/fr\/wp-json\/wp\/v2\/media\/5004"}],"wp:attachment":[{"href":"https:\/\/minghanggroup.com\/fr\/wp-json\/wp\/v2\/media?parent=4980"}],"wp:term":[{"taxonomy":"product_brand","embeddable":true,"href":"https:\/\/minghanggroup.com\/fr\/wp-json\/wp\/v2\/product_brand?post=4980"},{"taxonomy":"product_cat","embeddable":true,"href":"https:\/\/minghanggroup.com\/fr\/wp-json\/wp\/v2\/product_cat?post=4980"},{"taxonomy":"product_tag","embeddable":true,"href":"https:\/\/minghanggroup.com\/fr\/wp-json\/wp\/v2\/product_tag?post=4980"}],"curies":[{"name":"wp","href":"https:\/\/api.w.org\/{rel}","templated":true}]}}