{"id":4951,"date":"2026-01-21T10:59:00","date_gmt":"2026-01-21T02:59:00","guid":{"rendered":"https:\/\/minghanggroup.com\/?post_type=product&#038;p=4951"},"modified":"2026-01-30T09:35:12","modified_gmt":"2026-01-30T01:35:12","slug":"empty-fancy-diffuser-bottles-with-vintage-carved-bulk","status":"publish","type":"product","link":"https:\/\/minghanggroup.com\/fr\/produit\/empty-fancy-diffuser-bottles-with-vintage-carved-bulk\/","title":{"rendered":"Flacons diffuseurs vides de 200 ml avec gravure vintage en vrac"},"content":{"rendered":"<p>Ces flacons diffuseurs vides et \u00e9l\u00e9gants sont de forme cylindrique. Le r\u00e9cipient en verre transparent pr\u00e9sente des rainures verticales d\u00e9coratives et son fond est grav\u00e9 de jolis motifs. Son syst\u00e8me de fermeture \u00e0 visser est \u00e0 la fois pratique et esth\u00e9tique.<\/p>\n<h2>Caract\u00e9ristiques du produit<\/h2>\n<ul>\n<li><strong>Corps \u00e0 nervures verticales :<\/strong> De nombreuses nervures verticales cr\u00e9ent une subtile profondeur visuelle gr\u00e2ce \u00e0 la r\u00e9fraction de la lumi\u00e8re, tout en am\u00e9liorant l&#039;adh\u00e9rence.<\/li>\n<li><strong>Bouchon \u00e0 vis multicouche :<\/strong> La conception multicouche du bouchon \u00e0 vis permet une \u00e9tanch\u00e9it\u00e9 parfaite pour \u00e9viter les fuites, tout en facilitant le remplissage, assurant ainsi un \u00e9quilibre entre praticit\u00e9 et \u00e9tanch\u00e9it\u00e9.<\/li>\n<li><strong>Grande capacit\u00e9 de 120 ml : <\/strong>Son format g\u00e9n\u00e9reux de 120 ml garantit une diffusion continue du parfum pendant une dur\u00e9e prolong\u00e9e dans les pi\u00e8ces de taille moyenne \u00e0 grande.<\/li>\n<\/ul>\n<h2 style=\"text-align: left;\">Caract\u00e9ristiques principales<\/h2>\n<table class=\"aligncenter\" style=\"border-collapse: collapse; width: 483.02pt;\" border=\"0\" width=\"644\" cellspacing=\"0\" cellpadding=\"0\">\n<tbody>\n<tr style=\"height: 13.50pt;\">\n<td style=\"height: 13.50pt; width: 116.25pt;\" width=\"155\" height=\"18\">Sp\u00e9cification<\/td>\n<td style=\"width: 366.75pt;\" width=\"489\">D\u00e9tails<\/td>\n<\/tr>\n<tr style=\"height: 13.50pt;\">\n<td style=\"height: 13.50pt;\" height=\"18\">Capacit\u00e9<\/td>\n<td>200 ml<\/td>\n<\/tr>\n<tr style=\"height: 13.50pt;\">\n<td style=\"height: 13.50pt;\" height=\"18\">Dimensions<\/td>\n<td>63\u00d7125 mm<\/td>\n<\/tr>\n<tr style=\"height: 13.50pt;\">\n<td style=\"height: 13.50pt;\" height=\"18\">Diam\u00e8tre int\u00e9rieur\/ext\u00e9rieur du col<\/td>\n<td>19 mm \/ 30 mm<\/td>\n<\/tr>\n<tr style=\"height: 13.50pt;\">\n<td style=\"height: 13.50pt;\" height=\"18\">Mat\u00e9riel<\/td>\n<td>Verre sodocalcique de haute qualit\u00e9<\/td>\n<\/tr>\n<tr style=\"height: 13.50pt;\">\n<td style=\"height: 13.50pt;\" height=\"18\">Forme de bouteille<\/td>\n<td>Cylindre haut \u00e0 gravure de surface complexe<\/td>\n<\/tr>\n<tr style=\"height: 13.50pt;\">\n<td style=\"height: 13.50pt;\" height=\"18\">\u00c9tendue de la personnalisation<\/td>\n<td>Couleur, motif de gravure, taille, couvercles<\/td>\n<\/tr>\n<tr style=\"height: 13.50pt;\">\n<td style=\"height: 13.50pt;\" height=\"18\">Caract\u00e9ristique de fabrication<\/td>\n<td>Pressage et gravure de pr\u00e9cision sur verre complexe<\/td>\n<\/tr>\n<tr style=\"height: 13.50pt;\">\n<td style=\"height: 13.50pt;\" height=\"18\">Objectif du produit<\/td>\n<td>Flacons vides pour diffuseurs de luxe, r\u00e9cipients d\u00e9coratifs pour huiles parfum\u00e9es<\/td>\n<\/tr>\n<tr style=\"height: 13.50pt;\">\n<td style=\"height: 13.50pt;\" height=\"18\">Secteurs d&#039;activit\u00e9 appropri\u00e9s<\/td>\n<td>Parfums d&#039;int\u00e9rieur de luxe, h\u00f4tels haut de gamme<\/td>\n<\/tr>\n<\/tbody>\n<\/table>\n<h2>Succ\u00e8s : Cha\u00eene d&#039;h\u00f4tels-boutiques et prestations exclusives<\/h2>\n<p>Nos flacons diffuseurs de luxe de 120 ml ont \u00e9t\u00e9 command\u00e9s par un h\u00f4tel-boutique haut de gamme aux \u00c9tats-Unis. Leur teinte ambr\u00e9e douce et leur fond plaqu\u00e9 or leur conf\u00e8rent une \u00e9l\u00e9gance intemporelle. Gr\u00e2ce \u00e0 leur contenance de 120 ml, un seul remplissage tous les trois mois suffit, permettant ainsi une \u00e9conomie de 30 % sur les co\u00fbts d&#039;exploitation. Leur design raffin\u00e9 et luxueux a \u00e9galement entra\u00een\u00e9 une augmentation de moiti\u00e9 du prix de vente. Enti\u00e8rement satisfait des retours de ses clients et des performances du produit, l&#039;h\u00f4tel a pass\u00e9 une nouvelle commande de 400\u00a0000 flacons pour \u00e9quiper l&#039;ensemble de ses \u00e9tablissements au cours des cinq prochaines ann\u00e9es.<\/p>\n<h2>Options de personnalisation pour les flacons vides de diffuseur<\/h2>\n<ul>\n<li>Couleur et transparence du verre\u00a0: Il existe du verre clair, fum\u00e9, ambr\u00e9 ou blanc opaque.<\/li>\n<li>Conception de la bouteille\u00a0: Largeur, profondeur ou motif des rainures verticales au choix.<\/li>\n<li>Gravure personnalis\u00e9e sur le fond : Ajoutez une bande d\u00e9corative sp\u00e9ciale ou combinez le logo avec le motif du fond.<\/li>\n<li>Accents en vitrail\u00a0: Il s\u2019agit d\u2019une technique bicolore qui consiste \u00e0 appliquer un fond en vitrail sur du verre clair.<\/li>\n<\/ul>","protected":false},"excerpt":{"rendered":"<p>Flacons diffuseurs \u00e9l\u00e9gants en verre sodocalcique sculpt\u00e9 aux d\u00e9tails vintage, parfaits pour les huiles essentielles, flacons diffuseurs vides d\u00e9coratifs pour la d\u00e9coration int\u00e9rieure. \u00c9chantillons gratuits.<\/p>","protected":false},"featured_media":4972,"template":"","meta":{"postBodyCss":"","postBodyMargin":[],"postBodyPadding":[],"postBodyBackground":{"backgroundType":"classic","gradient":""}},"product_brand":[],"product_cat":[15,16,63],"product_tag":[],"class_list":{"0":"post-4951","1":"product","2":"type-product","3":"status-publish","4":"has-post-thumbnail","6":"product_cat-glass-containers","7":"product_cat-glass-bottles","8":"product_cat-reed-diffuser-bottles","10":"first","11":"instock","12":"shipping-taxable","13":"product-type-simple"},"jetpack_sharing_enabled":true,"_links":{"self":[{"href":"https:\/\/minghanggroup.com\/fr\/wp-json\/wp\/v2\/product\/4951","targetHints":{"allow":["GET"]}}],"collection":[{"href":"https:\/\/minghanggroup.com\/fr\/wp-json\/wp\/v2\/product"}],"about":[{"href":"https:\/\/minghanggroup.com\/fr\/wp-json\/wp\/v2\/types\/product"}],"wp:featuredmedia":[{"embeddable":true,"href":"https:\/\/minghanggroup.com\/fr\/wp-json\/wp\/v2\/media\/4972"}],"wp:attachment":[{"href":"https:\/\/minghanggroup.com\/fr\/wp-json\/wp\/v2\/media?parent=4951"}],"wp:term":[{"taxonomy":"product_brand","embeddable":true,"href":"https:\/\/minghanggroup.com\/fr\/wp-json\/wp\/v2\/product_brand?post=4951"},{"taxonomy":"product_cat","embeddable":true,"href":"https:\/\/minghanggroup.com\/fr\/wp-json\/wp\/v2\/product_cat?post=4951"},{"taxonomy":"product_tag","embeddable":true,"href":"https:\/\/minghanggroup.com\/fr\/wp-json\/wp\/v2\/product_tag?post=4951"}],"curies":[{"name":"wp","href":"https:\/\/api.w.org\/{rel}","templated":true}]}}