{"id":4911,"date":"2026-01-21T10:08:14","date_gmt":"2026-01-21T02:08:14","guid":{"rendered":"https:\/\/minghanggroup.com\/?post_type=product&#038;p=4911"},"modified":"2026-01-21T10:08:16","modified_gmt":"2026-01-21T02:08:16","slug":"octagonal-ribbed-empty-oil-diffuser-bottles-wholesale","status":"publish","type":"product","link":"https:\/\/minghanggroup.com\/fr\/produit\/octagonal-ribbed-empty-oil-diffuser-bottles-wholesale\/","title":{"rendered":"Flacons diffuseurs d&#039;huiles essentielles octogonaux c\u00f4tel\u00e9s vides, en gros\u00a0: 100\u00a0ml, 200\u00a0ml, 500\u00a0ml et 1\u00a0000\u00a0ml."},"content":{"rendered":"<p>Vos flacons de diffuseur d&#039;huiles essentielles vides ne devraient pas rester inutilis\u00e9s\u00a0; ils devraient devenir un bel objet de d\u00e9coration une fois que vous avez fini de les utiliser. Sp\u00e9cialis\u00e9s dans la vente en gros de flacons de diffuseur \u00e0 b\u00e2tonnets vides, nous fabriquons des diffuseurs \u00e0 b\u00e2tonnets en verre qui transforment votre diffuseur d&#039;huiles essentielles en un chef-d&#039;\u0153uvre silencieux pour votre int\u00e9rieur.<\/p>\n<h2>Caract\u00e9ristiques du produit<\/h2>\n<ul>\n<li><strong>Conception \u00e0 nervures verticales octogonales\u00a0:<\/strong> La bouteille se caract\u00e9rise par sa forme octogonale cristalline et transparente, ainsi que par sa structure nervur\u00e9e verticale qui assure une meilleure prise en main et joue \u00e9galement avec les lumi\u00e8res et les ombres, ajoutant ainsi un aspect de profondeur visuelle.<\/li>\n<li><strong>Verre \u00e9pais, transparent et de haute qualit\u00e9\u00a0:<\/strong> La bouteille est fabriqu\u00e9e en verre de haute transparence, ce qui lui conf\u00e8re une texture tr\u00e8s pure et \u00e9l\u00e9gante. Son fond \u00e9pais lui assure une grande stabilit\u00e9 et lui donne un aspect luxueux.<\/li>\n<li><strong>Polyvalent et facile \u00e0 pr\u00e9senter :<\/strong> Son design g\u00e9om\u00e9trique est un m\u00e9lange parfait de style contemporain et d&#039;\u00e9l\u00e9ments d\u00e9coratifs qui peuvent s&#039;int\u00e9grer dans diff\u00e9rents environnements tels que les maisons, les h\u00f4tels et les points de vente de marques de parfums.<\/li>\n<\/ul>\n<h2>Caract\u00e9ristiques principales<\/h2>\n<table style=\"border-collapse: collapse; width: 80%; margin-left: auto; margin-right: auto;\" border=\"0\" width=\"288\" cellspacing=\"0\" cellpadding=\"0\">\n<tbody>\n<tr style=\"height: 13.50pt;\">\n<td style=\"height: 13.5pt; width: 54pt; text-align: center;\" width=\"72\" height=\"18\">Taille (ml)<\/td>\n<td style=\"width: 54pt; text-align: center;\" width=\"72\">Dimensions (mm)<\/td>\n<td style=\"width: 54pt; text-align: center;\" width=\"72\">Type de cou<\/td>\n<td style=\"width: 54pt; text-align: center;\" width=\"72\">Forme<\/td>\n<\/tr>\n<tr style=\"height: 13.50pt;\">\n<td style=\"height: 13.5pt; text-align: center;\" align=\"right\" height=\"18\">100<\/td>\n<td style=\"text-align: center;\">61\u00d7105<\/td>\n<td class=\"et2\" style=\"text-align: center;\" rowspan=\"4\">Enclenchement<\/td>\n<td class=\"et2\" style=\"text-align: center;\" rowspan=\"4\">Cr\u00eates octogonales<\/td>\n<\/tr>\n<tr style=\"height: 13.50pt;\">\n<td style=\"height: 13.5pt; text-align: center;\" align=\"right\" height=\"18\">200<\/td>\n<td style=\"text-align: center;\">70\u00d7121<\/td>\n<\/tr>\n<tr style=\"height: 13.50pt;\">\n<td style=\"height: 13.5pt; text-align: center;\" align=\"right\" height=\"18\">500<\/td>\n<td style=\"text-align: center;\">89\u00d7149<\/td>\n<\/tr>\n<tr style=\"height: 13.50pt;\">\n<td style=\"height: 13.5pt; text-align: center;\" align=\"right\" height=\"18\">1000<\/td>\n<td style=\"text-align: center;\">109\u00d7178<\/td>\n<\/tr>\n<\/tbody>\n<\/table>\n<h2>Cas de r\u00e9ussite<\/h2>\n<p>Une marque de parfums d&#039;int\u00e9rieur de niche recherchait un flacon diffuseur qui, en plus de refl\u00e9ter une identit\u00e9 de marque plus raffin\u00e9e, soit un v\u00e9ritable atout visuel en rayon. Pour sa nouvelle gamme, la marque a choisi nos flacons diffuseurs octogonaux en verre c\u00f4tel\u00e9 et les a personnalis\u00e9s avec une finition d\u00e9polie, un logo en relief sur la face avant et une teinte gris fum\u00e9.<\/p>\n<p>Suite au lancement de ce nouvel emballage am\u00e9lior\u00e9, le taux de retour des produits pour cause de fuites et de probl\u00e8mes d&#039;apparence a diminu\u00e9 de 35 %. Les commandes des clients ont quant \u00e0 elles progress\u00e9 de 45 % apr\u00e8s seulement deux cycles de commercialisation.<\/p>\n<h2>Vos options de personnalisation<\/h2>\n<ol>\n<li><strong>Couleur et mat\u00e9riau du verre\u00a0:<\/strong> Il peut \u00eatre fabriqu\u00e9 en verre gris fum\u00e9, ambr\u00e9, d\u00e9grad\u00e9 ou blanc transparent, ce qui le rend adapt\u00e9 aux produits d&#039;aromath\u00e9rapie haut de gamme, \u00e0 la d\u00e9coration int\u00e9rieure ou aux gammes de cadeaux n\u00e9cessitant un positionnement diff\u00e9rent.<\/li>\n<li><strong>Personnalisation de l&#039;identit\u00e9 de marque\u00a0:<\/strong> Des logos en relief ou en creux peuvent \u00eatre appos\u00e9s sur le devant ou les parties facett\u00e9es de la bouteille, et des motifs de s\u00e9rigraphie et de marquage \u00e0 chaud peuvent \u00e9galement \u00eatre utilis\u00e9s pour accro\u00eetre la notori\u00e9t\u00e9 de la marque.<\/li>\n<li><strong>Options pour le goulot de la bouteille et les accessoires\u00a0:<\/strong> Il s&#039;adapte \u00e0 diff\u00e9rentes tailles de cou et peut \u00eatre naturellement combin\u00e9 avec des tiges de rotin, des b\u00e2tonnets de fibre ou des b\u00e2tonnets diffuseurs color\u00e9s personnalis\u00e9s pour un aspect g\u00e9n\u00e9ral plus harmonieux.<\/li>\n<\/ol>","protected":false},"excerpt":{"rendered":"<p>Flacons diffuseurs d&#039;huiles essentielles vides, en verre octogonal c\u00f4tel\u00e9, disponibles directement du fabricant. Personnalisation possible en gros pour ces flacons diffuseurs \u00e0 roseaux. Livraison rapide.<\/p>","protected":false},"featured_media":4926,"template":"","meta":{"postBodyCss":"","postBodyMargin":[],"postBodyPadding":[],"postBodyBackground":{"backgroundType":"classic","gradient":""}},"product_brand":[],"product_cat":[15,16,63],"product_tag":[],"class_list":{"0":"post-4911","1":"product","2":"type-product","3":"status-publish","4":"has-post-thumbnail","6":"product_cat-glass-containers","7":"product_cat-glass-bottles","8":"product_cat-reed-diffuser-bottles","10":"first","11":"instock","12":"shipping-taxable","13":"product-type-simple"},"jetpack_sharing_enabled":true,"_links":{"self":[{"href":"https:\/\/minghanggroup.com\/fr\/wp-json\/wp\/v2\/product\/4911","targetHints":{"allow":["GET"]}}],"collection":[{"href":"https:\/\/minghanggroup.com\/fr\/wp-json\/wp\/v2\/product"}],"about":[{"href":"https:\/\/minghanggroup.com\/fr\/wp-json\/wp\/v2\/types\/product"}],"wp:featuredmedia":[{"embeddable":true,"href":"https:\/\/minghanggroup.com\/fr\/wp-json\/wp\/v2\/media\/4926"}],"wp:attachment":[{"href":"https:\/\/minghanggroup.com\/fr\/wp-json\/wp\/v2\/media?parent=4911"}],"wp:term":[{"taxonomy":"product_brand","embeddable":true,"href":"https:\/\/minghanggroup.com\/fr\/wp-json\/wp\/v2\/product_brand?post=4911"},{"taxonomy":"product_cat","embeddable":true,"href":"https:\/\/minghanggroup.com\/fr\/wp-json\/wp\/v2\/product_cat?post=4911"},{"taxonomy":"product_tag","embeddable":true,"href":"https:\/\/minghanggroup.com\/fr\/wp-json\/wp\/v2\/product_tag?post=4911"}],"curies":[{"name":"wp","href":"https:\/\/api.w.org\/{rel}","templated":true}]}}