{"id":4864,"date":"2026-01-20T15:08:24","date_gmt":"2026-01-20T07:08:24","guid":{"rendered":"https:\/\/minghanggroup.com\/?post_type=product&#038;p=4864"},"modified":"2026-01-21T09:31:22","modified_gmt":"2026-01-21T01:31:22","slug":"hanging-empty-car-diffuser-bottles-wholesale","status":"publish","type":"product","link":"https:\/\/minghanggroup.com\/fr\/produit\/hanging-empty-car-diffuser-bottles-wholesale\/","title":{"rendered":"Flacons diffuseurs de voiture vides de 8 ml \u00e0 suspendre, en gros"},"content":{"rendered":"<p>Ce flacon diffuseur pour voiture pr\u00e9sente un design unique. La d\u00e9coupe \u00e0 multiples facettes du flacon forme un c\u00f4ne singulier qui s&#039;affine jusqu&#039;\u00e0 la pointe. L&#039;ouverture est recouverte d&#039;un bouchon en bois multicouche et est pr\u00e9-\u00e9quip\u00e9e d&#039;un cordon tress\u00e9 orn\u00e9 de perles de bois, permettant ainsi de suspendre facilement le flacon.<\/p>\n<h2>Caract\u00e9ristiques du produit<\/h2>\n<ul>\n<li><strong>Bouteille conique rhombo\u00efde :<\/strong> La forme pointue du c\u00f4ne rhombique ajoute de la profondeur \u00e0 l&#039;image et rend les produits plus reconnaissables.<\/li>\n<li><strong>Chapeau en bois multicouche :<\/strong> Le bouchon en bois multicouche assure \u00e0 la fois l&#039;\u00e9tanch\u00e9it\u00e9 et la diffusion du parfum.<\/li>\n<li><strong>Conception du cordon de couleur contrast\u00e9e\u00a0:<\/strong> Le cordon tress\u00e9 aux couleurs vives et orn\u00e9 de perles en bois pourrait facilement \u00eatre coll\u00e9 sur le r\u00e9troviseur d&#039;une voiture.<\/li>\n<\/ul>\n<h2 style=\"text-align: left;\">Caract\u00e9ristiques principales<\/h2>\n<table class=\"aligncenter\" style=\"border-collapse: collapse; width: 393.77pt;\" border=\"0\" width=\"525\" cellspacing=\"0\" cellpadding=\"0\">\n<tbody>\n<tr style=\"height: 13.50pt;\">\n<td style=\"height: 13.50pt; width: 116.25pt;\" width=\"155\" height=\"18\">Sp\u00e9cification<\/td>\n<td style=\"width: 277.50pt;\" width=\"370\">D\u00e9tails<\/td>\n<\/tr>\n<tr style=\"height: 13.50pt;\">\n<td style=\"height: 13.50pt;\" height=\"18\">Capacit\u00e9<\/td>\n<td>8 ml<\/td>\n<\/tr>\n<tr style=\"height: 13.50pt;\">\n<td style=\"height: 13.50pt;\" height=\"18\">Dimensions<\/td>\n<td>37\u00d746 mm<\/td>\n<\/tr>\n<tr style=\"height: 13.50pt;\">\n<td style=\"height: 13.50pt;\" height=\"18\">Mat\u00e9riel<\/td>\n<td>Verre sodocalcique, bois, cordon en coton<\/td>\n<\/tr>\n<tr style=\"height: 13.50pt;\">\n<td style=\"height: 13.50pt;\" height=\"18\">Forme de bouteille<\/td>\n<td>C\u00f4ne en losange\/hexagonal<\/td>\n<\/tr>\n<tr style=\"height: 13.50pt;\">\n<td style=\"height: 13.50pt;\" height=\"18\">\u00c9tendue de la personnalisation<\/td>\n<td>Couleur, couvercles, finition, taille, forme<\/td>\n<\/tr>\n<tr style=\"height: 13.50pt;\">\n<td style=\"height: 13.50pt;\" height=\"18\">Savoir-faire<\/td>\n<td>Moulure en verre facett\u00e9, assemblage de cordon<\/td>\n<\/tr>\n<tr style=\"height: 13.50pt;\">\n<td style=\"height: 13.50pt;\" height=\"18\">Objectif du produit<\/td>\n<td>Flacons diffuseurs suspendus, flacons diffuseurs pour voiture<\/td>\n<\/tr>\n<tr style=\"height: 13.50pt;\">\n<td style=\"height: 13.50pt;\" height=\"18\">Secteurs d&#039;activit\u00e9 appropri\u00e9s<\/td>\n<td>Accessoires automobiles, d\u00e9taillants en boutique<\/td>\n<\/tr>\n<\/tbody>\n<\/table>\n<h2>\u00c9tude de cas<\/h2>\n<p>Une marque europ\u00e9enne d&#039;accessoires automobiles a command\u00e9 notre flacon diffuseur de voiture en forme de losange. Son design distinctif est rapidement devenu iconique, entra\u00eenant une augmentation de 400 % des mentions de la cat\u00e9gorie de produits sur les r\u00e9seaux sociaux. Autre \u00e9l\u00e9ment distinctif de la marque\u00a0: l&#039;utilisation d&#039;un cordon color\u00e9 et audacieux qui a permis d&#039;accro\u00eetre sa notori\u00e9t\u00e9 aupr\u00e8s de son public cible de 60 %. Enthousiasm\u00e9e par ce succ\u00e8s retentissant, la marque a command\u00e9 un nouveau lot de 600\u00a0000 flacons pour une campagne promotionnelle nationale.<\/p>\n<h2>Flacons de diffuseur de voiture vides en gros\u00a0<span class=\"text-[#00CEC8]\">Options de personnalisation<\/span><\/h2>\n<ul>\n<li>Finition des bouchons en bois\u00a0: Les bouchons sont disponibles en diff\u00e9rentes essences de bois ou finitions teint\u00e9es pour s\u2019harmoniser avec la palette de couleurs de votre marque.<\/li>\n<li>Bouchons en bois\u00a0: Il existe des bouchons fabriqu\u00e9s dans diff\u00e9rents types de bois ou avec une finition teint\u00e9e, con\u00e7us pour s\u2019harmoniser avec la palette de couleurs de la marque.<\/li>\n<li>Finition d\u00e9polie\u00a0: Une finition d\u00e9polie peut \u00eatre appliqu\u00e9e \u00e0 la surface du verre pour lui donner un aspect plus diffus.<\/li>\n<li>Forme et proportions\u00a0: Modifiez l\u00e9g\u00e8rement l\u2019angle du c\u00f4ne ou des facettes pour obtenir une forme particuli\u00e8re.<\/li>\n<\/ul>","protected":false},"excerpt":{"rendered":"<p>Diffuseur de voiture compact avec cordon de perles en bois, rechargeable pour huiles essentielles et parfums, flacons de diffuseur de voiture vides de qualit\u00e9 en gros, livraison rapide.<\/p>","protected":false},"featured_media":4913,"template":"","meta":{"postBodyCss":"","postBodyMargin":[],"postBodyPadding":[],"postBodyBackground":{"backgroundType":"classic","gradient":""}},"product_brand":[],"product_cat":[15,16,63],"product_tag":[],"class_list":{"0":"post-4864","1":"product","2":"type-product","3":"status-publish","4":"has-post-thumbnail","6":"product_cat-glass-containers","7":"product_cat-glass-bottles","8":"product_cat-reed-diffuser-bottles","10":"first","11":"instock","12":"shipping-taxable","13":"product-type-simple"},"jetpack_sharing_enabled":true,"_links":{"self":[{"href":"https:\/\/minghanggroup.com\/fr\/wp-json\/wp\/v2\/product\/4864","targetHints":{"allow":["GET"]}}],"collection":[{"href":"https:\/\/minghanggroup.com\/fr\/wp-json\/wp\/v2\/product"}],"about":[{"href":"https:\/\/minghanggroup.com\/fr\/wp-json\/wp\/v2\/types\/product"}],"wp:featuredmedia":[{"embeddable":true,"href":"https:\/\/minghanggroup.com\/fr\/wp-json\/wp\/v2\/media\/4913"}],"wp:attachment":[{"href":"https:\/\/minghanggroup.com\/fr\/wp-json\/wp\/v2\/media?parent=4864"}],"wp:term":[{"taxonomy":"product_brand","embeddable":true,"href":"https:\/\/minghanggroup.com\/fr\/wp-json\/wp\/v2\/product_brand?post=4864"},{"taxonomy":"product_cat","embeddable":true,"href":"https:\/\/minghanggroup.com\/fr\/wp-json\/wp\/v2\/product_cat?post=4864"},{"taxonomy":"product_tag","embeddable":true,"href":"https:\/\/minghanggroup.com\/fr\/wp-json\/wp\/v2\/product_tag?post=4864"}],"curies":[{"name":"wp","href":"https:\/\/api.w.org\/{rel}","templated":true}]}}