{"id":4858,"date":"2026-01-20T15:02:49","date_gmt":"2026-01-20T07:02:49","guid":{"rendered":"https:\/\/minghanggroup.com\/?post_type=product&#038;p=4858"},"modified":"2026-01-20T15:39:31","modified_gmt":"2026-01-20T07:39:31","slug":"empty-diffuser-bottles-and-reeds-with-ribbed-design-bulk","status":"publish","type":"product","link":"https:\/\/minghanggroup.com\/fr\/produit\/empty-diffuser-bottles-and-reeds-with-ribbed-design-bulk\/","title":{"rendered":"Flacons diffuseurs ronds vides de 50 ml et 100 ml avec tiges nervur\u00e9es (en vrac)"},"content":{"rendered":"<p>Vos flacons et tiges de diffuseur vides ne devraient pas simplement prendre la poussi\u00e8re sur votre bureau\u00a0; ils devraient devenir de v\u00e9ritables \u0153uvres d&#039;art. Sp\u00e9cialistes des jolis flacons de diffuseur, nous cr\u00e9ons des flacons en verre qui transforment votre diffuseur d&#039;huiles essentielles en un \u00e9l\u00e9ment de d\u00e9coration discret et \u00e9l\u00e9gant.<\/p>\n<h2>Caract\u00e9ristiques du produit<\/h2>\n<ul>\n<li><strong>Rainures de diffusion de lumi\u00e8re : <\/strong>Les lignes verticales refl\u00e8tent la lumi\u00e8re comme des diamants liquides\u00a0: une magie instantan\u00e9e pour parfumer votre int\u00e9rieur.<\/li>\n<li><strong>Vis, capuchon de s\u00e9curit\u00e9\u00a0: <\/strong>Faites pivoter les tiges de rotin naturel pour les fixer en place : pas de secousses, pas de d\u00e9versements.<\/li>\n<li><strong>L&#039;\u00e9l\u00e9gance de la bouteille vide : <\/strong>Vos flacons de diffuseur vides se transforment en sculptures de bureau : z\u00e9ro d\u00e9chet, un style sublime.<\/li>\n<\/ul>\n<h2>Caract\u00e9ristiques principales<\/h2>\n<table style=\"border-collapse: collapse; width: 80%; margin-left: auto; margin-right: auto;\" border=\"0\" width=\"360\" cellspacing=\"0\" cellpadding=\"0\">\n<tbody>\n<tr style=\"height: 13.50pt;\">\n<td style=\"height: 13.5pt; width: 54pt; text-align: center;\" width=\"72\" height=\"18\">Taille (ml)<\/td>\n<td style=\"width: 54pt; text-align: center;\" width=\"72\">Dimensions (mm)<\/td>\n<td style=\"width: 54pt; text-align: center;\" width=\"72\">Type de cou<\/td>\n<td style=\"width: 54pt; text-align: center;\" width=\"72\">Fonctionnalit\u00e9<\/td>\n<td style=\"width: 54pt; text-align: center;\" width=\"72\">Forme<\/td>\n<\/tr>\n<tr style=\"height: 13.50pt;\">\n<td style=\"height: 13.5pt; text-align: center;\" align=\"right\" height=\"18\">50<\/td>\n<td style=\"text-align: center;\">58 \u00d7 68<\/td>\n<td class=\"et2\" style=\"text-align: center;\" rowspan=\"2\">Couvercle \u00e0 vis<\/td>\n<td class=\"et2\" style=\"text-align: center;\" rowspan=\"2\">rainures verticales<\/td>\n<td class=\"et2\" style=\"text-align: center;\" rowspan=\"2\">Rond<\/td>\n<\/tr>\n<tr style=\"height: 13.50pt;\">\n<td style=\"height: 13.5pt; text-align: center;\" align=\"right\" height=\"18\">100<\/td>\n<td style=\"text-align: center;\">74 \u00d7 85<\/td>\n<\/tr>\n<\/tbody>\n<\/table>\n<h2>Cas de r\u00e9ussite<\/h2>\n<p>Une marque de parfums d&#039;int\u00e9rieur a choisi nos flacons diffuseurs en verre c\u00f4tel\u00e9 et les a personnalis\u00e9s avec un \u00e9l\u00e9gant logo en relief sur l&#039;\u00e9paule. Les flacons arborent une finition l\u00e9g\u00e8rement d\u00e9polie et des motifs imprim\u00e9s s\u00e9rigraphi\u00e9s et raffin\u00e9s, en harmonie avec les notes olfactives.<\/p>\n<p>Gr\u00e2ce \u00e0 cet emballage sur mesure, la marque a constat\u00e9 une nette augmentation des interactions clients en point de vente, une am\u00e9lioration de 35 % de l&#039;attrait visuel des produits et une hausse de 30 % des achats r\u00e9p\u00e9t\u00e9s en seulement deux trimestres. La marque a adopt\u00e9 ce flacon diffuseur personnalis\u00e9 comme emballage standard et continue de passer des commandes group\u00e9es r\u00e9guli\u00e8res pour ses diff\u00e9rentes gammes de produits.<\/p>\n<h2>Vos options de personnalisation<\/h2>\n<ol>\n<li><strong>Logo de marque en relief ou en creux\u00a0:<\/strong> Pour accro\u00eetre la notori\u00e9t\u00e9 de la marque aupr\u00e8s des consommateurs et renforcer l&#039;attrait visuel du produit, vous pouvez apposer le logo en relief ou ajouter un symbole simple sur le devant, l&#039;\u00e9paule ou le fond de la bouteille. Ainsi, vous n&#039;\u00eates pas totalement d\u00e9pendant des \u00e9tiquettes.<\/li>\n<li><strong>D\u00e9coration par s\u00e9rigraphie ou marquage \u00e0 chaud\u00a0:<\/strong> Pourquoi ne pas ajouter quelques lignes fines, des formes g\u00e9om\u00e9triques ou une description du parfum sur le flacon\u00a0? Il existe une option d\u2019impression s\u00e9rigraphique monochrome, et il est \u00e9galement possible d\u2019utiliser un marquage \u00e0 chaud or\/argent pour rendre la pr\u00e9sentation plus attrayante.<\/li>\n<li><strong>Assortiment du goulot et des accessoires :<\/strong> Vous pouvez choisir la taille du goulot en fonction du positionnement de la marque sur le march\u00e9, puis cr\u00e9er une combinaison avec des b\u00e2tonnets de rotin naturel, des roseaux en fibre ou des diffuseurs de fleurs d\u00e9coratifs, en fonction de la taille du goulot choisie.<\/li>\n<\/ol>","protected":false},"excerpt":{"rendered":"<p>Design pour flacons diffuseurs vides et tiges, id\u00e9al pour les marques de parfums d&#039;int\u00e9rieur. Livraison gratuite, personnalisation en gros. Un choix \u00e9l\u00e9gant pour vos flacons diffuseurs \u00e0 tiges.<\/p>","protected":false},"featured_media":4862,"template":"","meta":{"postBodyCss":"","postBodyMargin":[],"postBodyPadding":[],"postBodyBackground":{"backgroundType":"classic","gradient":""}},"product_brand":[],"product_cat":[15,16,63],"product_tag":[],"class_list":{"0":"post-4858","1":"product","2":"type-product","3":"status-publish","4":"has-post-thumbnail","6":"product_cat-glass-containers","7":"product_cat-glass-bottles","8":"product_cat-reed-diffuser-bottles","10":"first","11":"instock","12":"shipping-taxable","13":"product-type-simple"},"jetpack_sharing_enabled":true,"_links":{"self":[{"href":"https:\/\/minghanggroup.com\/fr\/wp-json\/wp\/v2\/product\/4858","targetHints":{"allow":["GET"]}}],"collection":[{"href":"https:\/\/minghanggroup.com\/fr\/wp-json\/wp\/v2\/product"}],"about":[{"href":"https:\/\/minghanggroup.com\/fr\/wp-json\/wp\/v2\/types\/product"}],"wp:featuredmedia":[{"embeddable":true,"href":"https:\/\/minghanggroup.com\/fr\/wp-json\/wp\/v2\/media\/4862"}],"wp:attachment":[{"href":"https:\/\/minghanggroup.com\/fr\/wp-json\/wp\/v2\/media?parent=4858"}],"wp:term":[{"taxonomy":"product_brand","embeddable":true,"href":"https:\/\/minghanggroup.com\/fr\/wp-json\/wp\/v2\/product_brand?post=4858"},{"taxonomy":"product_cat","embeddable":true,"href":"https:\/\/minghanggroup.com\/fr\/wp-json\/wp\/v2\/product_cat?post=4858"},{"taxonomy":"product_tag","embeddable":true,"href":"https:\/\/minghanggroup.com\/fr\/wp-json\/wp\/v2\/product_tag?post=4858"}],"curies":[{"name":"wp","href":"https:\/\/api.w.org\/{rel}","templated":true}]}}