{"id":4849,"date":"2026-01-20T13:37:54","date_gmt":"2026-01-20T05:37:54","guid":{"rendered":"https:\/\/minghanggroup.com\/?post_type=product&#038;p=4849"},"modified":"2026-01-20T13:51:49","modified_gmt":"2026-01-20T05:51:49","slug":"hanging-car-air-diffuser-bottles-with-wooden-lids-bulk","status":"publish","type":"product","link":"https:\/\/minghanggroup.com\/fr\/produit\/hanging-car-air-diffuser-bottles-with-wooden-lids-bulk\/","title":{"rendered":"Flacons diffuseurs d&#039;air suspendus pour voiture de 8 ml avec couvercles en bois (vente en gros)"},"content":{"rendered":"<p>Ce flacon diffuseur d&#039;air pour voiture est sculpt\u00e9 dans du verre sodocalcique. De petite taille, il est surmont\u00e9 d&#039;un bouchon carr\u00e9 en bois lisse. Gr\u00e2ce \u00e0 son cordon tress\u00e9 beige souple et \u00e0 sa perle en bois, il se fixe facilement au r\u00e9troviseur de votre voiture.<\/p>\n<h2>Caract\u00e9ristiques du produit<\/h2>\n<ul>\n<li><strong>Bouteille carr\u00e9e :<\/strong> Sa forme mini carr\u00e9e permet non seulement de gagner de la place dans votre voiture, mais ses lignes g\u00e9om\u00e9triques \u00e9pur\u00e9es sont \u00e9galement agr\u00e9ables \u00e0 regarder.<\/li>\n<li><strong>Couvercle de diffuseur carr\u00e9 en bois :<\/strong> Le bouchon diffuseur carr\u00e9 en bois assure \u00e0 la fois l&#039;\u00e9tanch\u00e9it\u00e9 et la diffusion, et sa texture naturelle s&#039;harmonise parfaitement avec l&#039;atmosph\u00e8re chaleureuse de votre voiture.<\/li>\n<li><strong>Conception du cordon tress\u00e9\u00a0:<\/strong> Les perles en bois sur le cordon tress\u00e9 beige permettent de l&#039;accrocher \u00e0 l&#039;int\u00e9rieur de sa voiture (par exemple au r\u00e9troviseur).<\/li>\n<\/ul>\n<h2 style=\"text-align: left;\">Caract\u00e9ristiques principales<\/h2>\n<table class=\"aligncenter\" style=\"border-collapse: collapse; width: 454.52pt;\" border=\"0\" width=\"606\" cellspacing=\"0\" cellpadding=\"0\">\n<tbody>\n<tr style=\"height: 13.50pt;\">\n<td style=\"height: 13.50pt; width: 116.25pt;\" width=\"155\" height=\"18\">Sp\u00e9cification<\/td>\n<td style=\"width: 338.25pt;\" width=\"451\">D\u00e9tails<\/td>\n<\/tr>\n<tr style=\"height: 13.50pt;\">\n<td style=\"height: 13.50pt;\" height=\"18\">Capacit\u00e9<\/td>\n<td>8 ml<\/td>\n<\/tr>\n<tr style=\"height: 13.50pt;\">\n<td style=\"height: 13.50pt;\" height=\"18\">Dimensions<\/td>\n<td>27\u00d746 mm<\/td>\n<\/tr>\n<tr style=\"height: 13.50pt;\">\n<td style=\"height: 13.50pt;\" height=\"18\">Mat\u00e9riel<\/td>\n<td>Verre sodium-calcium, bois, cordon de coton<\/td>\n<\/tr>\n<tr style=\"height: 13.50pt;\">\n<td style=\"height: 13.50pt;\" height=\"18\">Forme de bouteille<\/td>\n<td>Cube miniature<\/td>\n<\/tr>\n<tr style=\"height: 13.50pt;\">\n<td style=\"height: 13.50pt;\" height=\"18\">\u00c9tendue de la personnalisation<\/td>\n<td>Couleur, taille, forme, finition, couvercles<\/td>\n<\/tr>\n<tr style=\"height: 13.50pt;\">\n<td style=\"height: 13.50pt;\" height=\"18\">Objectif du produit<\/td>\n<td>Diffuseurs de voiture suspendus en flacons, diffuseurs en verre<\/td>\n<\/tr>\n<tr style=\"height: 13.50pt;\">\n<td style=\"height: 13.50pt;\" height=\"18\">Secteurs d&#039;activit\u00e9 appropri\u00e9s<\/td>\n<td>Accessoires automobiles, articles de voyage essentiels<\/td>\n<\/tr>\n<\/tbody>\n<\/table>\n<h2>Histoire \u00e0 succ\u00e8s<\/h2>\n<p>Nos flacons diffuseurs de voiture suspendus de 8 ml ont \u00e9t\u00e9 choisis par une marque de produits automobiles comme accessoire parfum\u00e9 incontournable. Leur forme cubique a g\u00e9n\u00e9r\u00e9 un taux de satisfaction client de 95 % et s&#039;est impos\u00e9e comme l&#039;article le plus pris\u00e9 de leur box par abonnement. Leur design \u00e9l\u00e9gant a entra\u00een\u00e9 une augmentation de 300 % des partages de vid\u00e9os de d\u00e9ballage sur les r\u00e9seaux sociaux. Tellement satisfaite, la marque a command\u00e9 un nouveau lot de 500\u00a0000 flacons pour assurer son approvisionnement pendant deux ans.<\/p>\n<h2>Personnalisation des flacons diffuseurs d&#039;air pour voiture<\/h2>\n<ul>\n<li>Couleurs et finitions du verre\u00a0: Disponible en version transparente, fum\u00e9e ou l\u00e9g\u00e8rement d\u00e9polie.<\/li>\n<li>Personnalisation de la corde et des perles : Il est possible de modifier la couleur et le mat\u00e9riau de la corde, la forme des perles ou le bois.<\/li>\n<li>Gravure laser\u00a0: Gravez un petit logo, un motif ou des initiales sur l\u2019une des faces du cube en verre ou du bouchon en bois.<\/li>\n<li>Gaufrage\u00a0: Ajouter un petit badge en relief au bas du capuchon ou du cube en bois.<\/li>\n<\/ul>","protected":false},"excerpt":{"rendered":"<p>Petits flacons diffuseurs d&#039;air pour voiture avec bouchon carr\u00e9 en bois et corde, \u00e9l\u00e9gants flacons diffuseurs suspendus pour huiles aromatiques et cadeaux, service personnalis\u00e9, OEM disponible.<\/p>","protected":false},"featured_media":4851,"template":"","meta":{"postBodyCss":"","postBodyMargin":[],"postBodyPadding":[],"postBodyBackground":{"backgroundType":"classic","gradient":""}},"product_brand":[],"product_cat":[15,16,63],"product_tag":[],"class_list":{"0":"post-4849","1":"product","2":"type-product","3":"status-publish","4":"has-post-thumbnail","6":"product_cat-glass-containers","7":"product_cat-glass-bottles","8":"product_cat-reed-diffuser-bottles","10":"first","11":"instock","12":"shipping-taxable","13":"product-type-simple"},"jetpack_sharing_enabled":true,"_links":{"self":[{"href":"https:\/\/minghanggroup.com\/fr\/wp-json\/wp\/v2\/product\/4849","targetHints":{"allow":["GET"]}}],"collection":[{"href":"https:\/\/minghanggroup.com\/fr\/wp-json\/wp\/v2\/product"}],"about":[{"href":"https:\/\/minghanggroup.com\/fr\/wp-json\/wp\/v2\/types\/product"}],"wp:featuredmedia":[{"embeddable":true,"href":"https:\/\/minghanggroup.com\/fr\/wp-json\/wp\/v2\/media\/4851"}],"wp:attachment":[{"href":"https:\/\/minghanggroup.com\/fr\/wp-json\/wp\/v2\/media?parent=4849"}],"wp:term":[{"taxonomy":"product_brand","embeddable":true,"href":"https:\/\/minghanggroup.com\/fr\/wp-json\/wp\/v2\/product_brand?post=4849"},{"taxonomy":"product_cat","embeddable":true,"href":"https:\/\/minghanggroup.com\/fr\/wp-json\/wp\/v2\/product_cat?post=4849"},{"taxonomy":"product_tag","embeddable":true,"href":"https:\/\/minghanggroup.com\/fr\/wp-json\/wp\/v2\/product_tag?post=4849"}],"curies":[{"name":"wp","href":"https:\/\/api.w.org\/{rel}","templated":true}]}}