{"id":4848,"date":"2026-01-20T14:03:32","date_gmt":"2026-01-20T06:03:32","guid":{"rendered":"https:\/\/minghanggroup.com\/?post_type=product&#038;p=4848"},"modified":"2026-01-20T14:03:34","modified_gmt":"2026-01-20T06:03:34","slug":"diffuser-bottle-and-sticks-with-flat-round-shape-wholesale","status":"publish","type":"product","link":"https:\/\/minghanggroup.com\/fr\/produit\/diffuser-bottle-and-sticks-with-flat-round-shape-wholesale\/","title":{"rendered":"Flacons diffuseurs et b\u00e2tonnets de 100 ml et 200 ml, de forme ronde et plate, en gros"},"content":{"rendered":"<p>Votre flacon diffuseur et ses b\u00e2tonnets ne devraient pas se contenter de contenir le parfum\u00a0; ils devraient aussi faire danser la lumi\u00e8re sur votre bureau comme de la soie liquide. Sp\u00e9cialistes des flacons diffuseurs vides, nous cr\u00e9ons des diffuseurs \u00e0 b\u00e2tonnets en verre qui transforment votre diffuseur d&#039;huiles essentielles en une douce brise parfum\u00e9e.<\/p>\n<h2>Caract\u00e9ristiques du produit<\/h2>\n<ul>\n<li><strong>Jeu lumineux carr\u00e9 plat :<\/strong> Les bords diffusent la lumi\u00e8re comme un diamant, une v\u00e9ritable \u0153uvre d&#039;art dans votre maison apr\u00e8s un simple instant de parfum.<\/li>\n<li><strong>Bouchon \u00e0 visser s\u00e9curis\u00e9\u00a0:<\/strong> Enfilez les tiges de rotin naturel en les torsadant, sans jeu ni d\u00e9versement.<\/li>\n<li><strong>Clart\u00e9 cristalline :<\/strong> \u00c0 travers le verre transparent, on peut voir chaque goutte d&#039;huiles essentielles parfum\u00e9es, sans filtres opaques.<\/li>\n<\/ul>\n<h2>Caract\u00e9ristiques principales<\/h2>\n<table style=\"border-collapse: collapse; width: 80%; margin-left: auto; margin-right: auto;\" border=\"0\" width=\"288\" cellspacing=\"0\" cellpadding=\"0\">\n<tbody>\n<tr style=\"height: 13.50pt;\">\n<td style=\"height: 13.5pt; width: 54pt; text-align: center;\" width=\"72\" height=\"18\">Taille (ml)<\/td>\n<td style=\"width: 54pt; text-align: center;\" width=\"72\">Dimensions (mm)<\/td>\n<td style=\"width: 54pt; text-align: center;\" width=\"72\">Diam\u00e8tre du col (mm)<\/td>\n<td style=\"width: 54pt; text-align: center;\" width=\"72\">Forme<\/td>\n<\/tr>\n<tr style=\"height: 13.50pt;\">\n<td style=\"height: 13.5pt; text-align: center;\" align=\"right\" height=\"18\">100<\/td>\n<td style=\"text-align: center;\">95\u00d7100<\/td>\n<td style=\"text-align: center;\">15\/26<\/td>\n<td class=\"et2\" style=\"text-align: center;\" rowspan=\"2\">Carr\u00e9 plat<\/td>\n<\/tr>\n<tr style=\"height: 13.50pt;\">\n<td style=\"height: 13.5pt; text-align: center;\" align=\"right\" height=\"18\">200<\/td>\n<td style=\"text-align: center;\">113\u00d7120<\/td>\n<td style=\"text-align: center;\">19\/31<\/td>\n<\/tr>\n<\/tbody>\n<\/table>\n<h2>Cas de r\u00e9ussite<\/h2>\n<p>Une marque de parfums d&#039;int\u00e9rieur haut de gamme, sp\u00e9cialis\u00e9e dans les senteurs contemporaines, recherchait un flacon diffuseur qui refl\u00e8te son positionnement premium tout en \u00e9tant pratique au quotidien. Pour le lancement de sa nouvelle gamme, la marque a choisi nos flacons diffuseurs en verre transparent et les a revisit\u00e9s\u00a0: d\u00e9sormais mats d\u00e9polis, un \u00e9l\u00e9gant logo en relief orne l&#039;\u00e9paule et un motif g\u00e9om\u00e9trique imprim\u00e9, en s\u00e9rigraphie et fid\u00e8le \u00e0 l&#039;identit\u00e9 visuelle de la marque, est utilis\u00e9.<\/p>\n<p>Cela a entra\u00een\u00e9 une hausse de 35 % du nombre de clients ayant effectu\u00e9 des achats r\u00e9p\u00e9t\u00e9s dans les deux mois. Encourag\u00e9e par cet accueil favorable du march\u00e9, la marque continue de passer r\u00e9guli\u00e8rement d&#039;importantes commandes pour les lancements de produits des prochaines saisons.<\/p>\n<h2>Vos options de personnalisation<\/h2>\n<ol>\n<li><strong>Am\u00e9lioration de l&#039;identit\u00e9 de marque\u00a0:<\/strong> Gr\u00e2ce \u00e0 ces techniques, un logo en relief ou en creux peut \u00eatre ajout\u00e9 pour une marque, et le devant de la bouteille peut \u00eatre imprim\u00e9 par s\u00e9rigraphie, marquage \u00e0 chaud ou feuille d&#039;argent afin d&#039;accro\u00eetre encore la notori\u00e9t\u00e9 de la marque.<\/li>\n<li><strong>Options de couleur pour les bouteilles\u00a0:<\/strong> Outre le verre blanc \u00e0 haute transparence, des couleurs \u00e0 faible saturation comme le gris fum\u00e9 clair, l&#039;ambre et le vert clair peuvent \u00eatre adapt\u00e9es \u00e0 diff\u00e9rentes compositions de parfums et styles de d\u00e9coration int\u00e9rieure.<\/li>\n<li><strong>Assortiment du goulot et des accessoires :<\/strong> Ces mod\u00e8les de bouteilles peuvent \u00eatre associ\u00e9s \u00e0 des goulots de diff\u00e9rentes hauteurs et diam\u00e8tres, ce qui permet une association suffisamment polyvalente avec des tiges de rotin, des b\u00e2tonnets en fibre ou des b\u00e2tonnets diffuseurs de forme florale pour rehausser le style d\u00e9coratif g\u00e9n\u00e9ral.<\/li>\n<\/ol>","protected":false},"excerpt":{"rendered":"<p>Flacon diffuseur et b\u00e2tonnets au design \u00e9pur\u00e9 et arrondi. Flacons diffuseurs vides disponibles directement du fabricant, avec possibilit\u00e9 de personnalisation en grande quantit\u00e9.<\/p>","protected":false},"featured_media":4857,"template":"","meta":{"postBodyCss":"","postBodyMargin":[],"postBodyPadding":[],"postBodyBackground":{"backgroundType":"classic","gradient":""}},"product_brand":[],"product_cat":[15,16,63],"product_tag":[],"class_list":{"0":"post-4848","1":"product","2":"type-product","3":"status-publish","4":"has-post-thumbnail","6":"product_cat-glass-containers","7":"product_cat-glass-bottles","8":"product_cat-reed-diffuser-bottles","10":"first","11":"instock","12":"shipping-taxable","13":"product-type-simple"},"jetpack_sharing_enabled":true,"_links":{"self":[{"href":"https:\/\/minghanggroup.com\/fr\/wp-json\/wp\/v2\/product\/4848","targetHints":{"allow":["GET"]}}],"collection":[{"href":"https:\/\/minghanggroup.com\/fr\/wp-json\/wp\/v2\/product"}],"about":[{"href":"https:\/\/minghanggroup.com\/fr\/wp-json\/wp\/v2\/types\/product"}],"wp:featuredmedia":[{"embeddable":true,"href":"https:\/\/minghanggroup.com\/fr\/wp-json\/wp\/v2\/media\/4857"}],"wp:attachment":[{"href":"https:\/\/minghanggroup.com\/fr\/wp-json\/wp\/v2\/media?parent=4848"}],"wp:term":[{"taxonomy":"product_brand","embeddable":true,"href":"https:\/\/minghanggroup.com\/fr\/wp-json\/wp\/v2\/product_brand?post=4848"},{"taxonomy":"product_cat","embeddable":true,"href":"https:\/\/minghanggroup.com\/fr\/wp-json\/wp\/v2\/product_cat?post=4848"},{"taxonomy":"product_tag","embeddable":true,"href":"https:\/\/minghanggroup.com\/fr\/wp-json\/wp\/v2\/product_tag?post=4848"}],"curies":[{"name":"wp","href":"https:\/\/api.w.org\/{rel}","templated":true}]}}