{"id":4808,"date":"2026-01-19T16:20:22","date_gmt":"2026-01-19T08:20:22","guid":{"rendered":"https:\/\/minghanggroup.com\/?post_type=product&#038;p=4808"},"modified":"2026-01-19T16:20:24","modified_gmt":"2026-01-19T08:20:24","slug":"octagonal-clear-reed-diffuser-glass-bottles-bulk","status":"publish","type":"product","link":"https:\/\/minghanggroup.com\/fr\/produit\/octagonal-clear-reed-diffuser-glass-bottles-bulk\/","title":{"rendered":"Diffuseur \u00e0 roseaux octogonal transparent en flacons de verre de 100 ml, 200 ml et 500 ml (vente en gros)"},"content":{"rendered":"<p>Vos flacons diffuseurs ne devraient pas se contenter de contenir du parfum\u00a0; ils devraient faire danser la lumi\u00e8re comme une sculpture moderne. En tant que fournisseurs de flacons diffuseurs sp\u00e9cialis\u00e9s dans les diffuseurs \u00e0 b\u00e2tonnets de verre, nous cr\u00e9ons des flacons de luxe qui transforment votre diffuseur d&#039;huiles essentielles en une v\u00e9ritable star discr\u00e8te de votre int\u00e9rieur.<\/p>\n<h2>Caract\u00e9ristiques du produit<\/h2>\n<ul>\n<li><strong>Conception octogonale \u00e0 facettes\u00a0:<\/strong> La forme octogonale de la structure r\u00e9guli\u00e8re et sym\u00e9trique contribue non seulement \u00e0 la beaut\u00e9 g\u00e9om\u00e9trique, mais augmente \u00e9galement la r\u00e9fraction de la lumi\u00e8re, ce qui donne un rendu plus attrayant et unique.<\/li>\n<li><strong>Mat\u00e9riau en verre haute transparence\u00a0:<\/strong> Le flacon d&#039;aromath\u00e9rapie est fabriqu\u00e9 en verre de haute transparence, ce qui permet de voir clairement la couleur ainsi que le niveau du liquide, contribuant ainsi \u00e0 son attrait visuel g\u00e9n\u00e9ral.<\/li>\n<li><strong>Base stable et \u00e9paissie :<\/strong> Gr\u00e2ce \u00e0 sa base stable, la bouteille a moins de risques de se renverser accidentellement ; elle peut donc \u00eatre laiss\u00e9e chez vous ou en hauteur dans un environnement commercial pendant une longue p\u00e9riode.<\/li>\n<\/ul>\n<h2>Caract\u00e9ristiques principales<\/h2>\n<table style=\"border-collapse: collapse; width: 80%; margin-left: auto; margin-right: auto;\" border=\"0\" width=\"288\" cellspacing=\"0\" cellpadding=\"0\">\n<tbody>\n<tr style=\"height: 13.50pt;\">\n<td style=\"height: 13.5pt; width: 54pt; text-align: center;\" width=\"72\" height=\"18\">Taille (ml)<\/td>\n<td style=\"width: 54pt; text-align: center;\" width=\"72\">Dimensions (mm)<\/td>\n<td style=\"width: 54pt; text-align: center;\" width=\"72\">Diam\u00e8tre du col (mm)<\/td>\n<td style=\"width: 54pt; text-align: center;\" width=\"72\">Forme<\/td>\n<\/tr>\n<tr style=\"height: 13.50pt;\">\n<td style=\"height: 13.5pt; text-align: center;\" align=\"right\" height=\"18\">100<\/td>\n<td style=\"text-align: center;\">84 \u00d7 100<\/td>\n<td style=\"text-align: center;\">17\/27<\/td>\n<td class=\"et2\" style=\"text-align: center;\" rowspan=\"3\">Octogonal<\/td>\n<\/tr>\n<tr style=\"height: 13.50pt;\">\n<td style=\"height: 13.5pt; text-align: center;\" align=\"right\" height=\"18\">200<\/td>\n<td style=\"text-align: center;\">101 \u00d7 117<\/td>\n<td style=\"text-align: center;\">17\/27<\/td>\n<\/tr>\n<tr style=\"height: 13.50pt;\">\n<td style=\"height: 13.5pt; text-align: center;\" align=\"right\" height=\"18\">500<\/td>\n<td style=\"text-align: center;\">155 \u00d7 153<\/td>\n<td style=\"text-align: center;\">18\/27<\/td>\n<\/tr>\n<\/tbody>\n<\/table>\n<h2>Cas de r\u00e9ussite<\/h2>\n<p>Une entreprise sp\u00e9cialis\u00e9e dans les parfums d&#039;int\u00e9rieur et les solutions d&#039;aromath\u00e9rapie pour h\u00f4tels a choisi de collaborer avec nous pour concevoir son flacon diffuseur octogonal en verre. Le client a opt\u00e9 pour un verre haute transparence, un col en m\u00e9tal \u00e9lectroplaqu\u00e9 sur mesure et, gr\u00e2ce \u00e0 une tige de fibre noire de format personnalis\u00e9, a cr\u00e9\u00e9 un contraste visuel saisissant avec le verre transparent.<\/p>\n<p>Apr\u00e8s le lancement du produit, le volume total des ventes a augment\u00e9 d&#039;environ 30 % au cours du premier trimestre, renfor\u00e7ant ainsi la comp\u00e9titivit\u00e9 de la marque sur le march\u00e9 des achats en gros.<\/p>\n<h2>Vos options de personnalisation<\/h2>\n<ol>\n<li><strong>Proc\u00e9d\u00e9 de coloration du verre et de rev\u00eatement interne\u00a0:<\/strong> Ce produit est disponible en version transparente, gris clair fum\u00e9, ambre ou dans une teinte translucide \u00e0 rev\u00eatement int\u00e9rieur qui allie l&#039;aspect d\u00e9coratif et la protection contre la lumi\u00e8re du liquide parfum\u00e9.<\/li>\n<li><strong>Am\u00e9liorations des composants du diffuseur et des anches\u00a0: <\/strong>Les options comprennent des anches en rotin naturel, des anches en fibre ou des anches de longueur\/diam\u00e8tre personnalis\u00e9s, et prennent en charge les mod\u00e8les d&#039;anches teints ou de formes uniques.<\/li>\n<li><strong>Personnalisation de la marque et de l&#039;identification exclusive :<\/strong> L\u2019impression s\u00e9rigraphique, le marquage \u00e0 chaud et les logos en relief sur le corps de la bouteille, ainsi que les codes grav\u00e9s ou les marques anti-contrefa\u00e7on sur le fond de la bouteille, sont pris en charge, offrant ainsi un niveau d\u2019exclusivit\u00e9 de marque plus \u00e9lev\u00e9.<\/li>\n<\/ol>","protected":false},"excerpt":{"rendered":"<p>Ces flacons diffuseurs en verre pr\u00e9sentent un design octogonal unique. En tant que fournisseur de flacons diffuseurs, nous proposons la vente directe d&#039;usine et la personnalisation en grande quantit\u00e9.<\/p>","protected":false},"featured_media":4816,"template":"","meta":{"postBodyCss":"","postBodyMargin":[],"postBodyPadding":[],"postBodyBackground":{"backgroundType":"classic","gradient":""}},"product_brand":[],"product_cat":[15,16,63],"product_tag":[],"class_list":{"0":"post-4808","1":"product","2":"type-product","3":"status-publish","4":"has-post-thumbnail","6":"product_cat-glass-containers","7":"product_cat-glass-bottles","8":"product_cat-reed-diffuser-bottles","10":"first","11":"instock","12":"shipping-taxable","13":"product-type-simple"},"jetpack_sharing_enabled":true,"_links":{"self":[{"href":"https:\/\/minghanggroup.com\/fr\/wp-json\/wp\/v2\/product\/4808","targetHints":{"allow":["GET"]}}],"collection":[{"href":"https:\/\/minghanggroup.com\/fr\/wp-json\/wp\/v2\/product"}],"about":[{"href":"https:\/\/minghanggroup.com\/fr\/wp-json\/wp\/v2\/types\/product"}],"wp:featuredmedia":[{"embeddable":true,"href":"https:\/\/minghanggroup.com\/fr\/wp-json\/wp\/v2\/media\/4816"}],"wp:attachment":[{"href":"https:\/\/minghanggroup.com\/fr\/wp-json\/wp\/v2\/media?parent=4808"}],"wp:term":[{"taxonomy":"product_brand","embeddable":true,"href":"https:\/\/minghanggroup.com\/fr\/wp-json\/wp\/v2\/product_brand?post=4808"},{"taxonomy":"product_cat","embeddable":true,"href":"https:\/\/minghanggroup.com\/fr\/wp-json\/wp\/v2\/product_cat?post=4808"},{"taxonomy":"product_tag","embeddable":true,"href":"https:\/\/minghanggroup.com\/fr\/wp-json\/wp\/v2\/product_tag?post=4808"}],"curies":[{"name":"wp","href":"https:\/\/api.w.org\/{rel}","templated":true}]}}