{"id":4803,"date":"2026-01-19T13:45:58","date_gmt":"2026-01-19T05:45:58","guid":{"rendered":"https:\/\/minghanggroup.com\/?post_type=product&#038;p=4803"},"modified":"2026-01-19T14:33:16","modified_gmt":"2026-01-19T06:33:16","slug":"square-crystal-reed-diffuser-glass-jars-wholesale","status":"publish","type":"product","link":"https:\/\/minghanggroup.com\/fr\/produit\/square-crystal-reed-diffuser-glass-jars-wholesale\/","title":{"rendered":"Diffuseur \u00e0 b\u00e2tonnets en cristal carr\u00e9 de 100 ml, pots en verre, vente en gros"},"content":{"rendered":"<p>Le flacon diffuseur en verre est fabriqu\u00e9 en cristal transparent de haute qualit\u00e9. Le diffuseur \u00e0 b\u00e2tonnets s&#039;harmonise parfaitement avec sa forme carr\u00e9e \u00e9l\u00e9gante, ses motifs finement taill\u00e9s et son large col lisse.<\/p>\n<h2>Caract\u00e9ristiques du produit<\/h2>\n<ul>\n<li><strong>Bouteille \u00e0 d\u00e9coupe triangulaire :<\/strong> Le motif de d\u00e9coupe triangulaire est pr\u00e9sent sur toute la bouteille, cr\u00e9ant un effet d&#039;optique d&#039;ombre et de lumi\u00e8re et une sensation de luxe, semblable \u00e0 celle d&#039;une pierre pr\u00e9cieuse.<\/li>\n<li><strong>Bouteille carr\u00e9e\/rectangulaire :<\/strong> Sa conception carr\u00e9e et \u00e9pur\u00e9e offre une stabilit\u00e9 exceptionnelle et une esth\u00e9tique architecturale impressionnante.<\/li>\n<li><strong>Conception \u00e0 large ouverture :<\/strong> Sa conception \u00e0 large ouverture facilitera l&#039;ajout et s&#039;adaptera aux b\u00e2tonnets diffuseurs ainsi qu&#039;\u00e0 d&#039;autres accessoires, tout en assurant un \u00e9quilibre entre fonctionnalit\u00e9 et esth\u00e9tique.<\/li>\n<\/ul>\n<h2 style=\"text-align: left;\">Caract\u00e9ristiques principales<\/h2>\n<table class=\"aligncenter\" style=\"border-collapse: collapse; width: 426.02pt;\" border=\"0\" width=\"568\" cellspacing=\"0\" cellpadding=\"0\">\n<tbody>\n<tr style=\"height: 13.50pt;\">\n<td style=\"height: 13.50pt; width: 119.25pt;\" width=\"159\" height=\"18\">Sp\u00e9cification<\/td>\n<td style=\"width: 306.75pt;\" width=\"409\">D\u00e9tails<\/td>\n<\/tr>\n<tr style=\"height: 13.50pt;\">\n<td style=\"height: 13.50pt;\" height=\"18\">Capacit\u00e9<\/td>\n<td>100 ml<\/td>\n<\/tr>\n<tr style=\"height: 13.50pt;\">\n<td style=\"height: 13.50pt;\" height=\"18\">Dimensions<\/td>\n<td>54\u00d754\u00d788 mm<\/td>\n<\/tr>\n<tr style=\"height: 13.50pt;\">\n<td style=\"height: 13.50pt;\" height=\"18\">Diam\u00e8tre int\u00e9rieur\/ext\u00e9rieur du col<\/td>\n<td>19 mm \/ 30 mm<\/td>\n<\/tr>\n<tr style=\"height: 13.50pt;\">\n<td style=\"height: 13.50pt;\" height=\"18\">Forme de bouteille<\/td>\n<td>Prisme carr\u00e9 \u00e0 texture triangulaire<\/td>\n<\/tr>\n<tr style=\"height: 13.50pt;\">\n<td style=\"height: 13.50pt;\" height=\"18\">\u00c9tendue de la personnalisation<\/td>\n<td>Couleur, motif de d\u00e9coupe, couvercles, forme<\/td>\n<\/tr>\n<tr style=\"height: 13.50pt;\">\n<td style=\"height: 13.50pt;\" height=\"18\">Savoir-faire<\/td>\n<td>Verre press\u00e9 avec moule textur\u00e9<\/td>\n<\/tr>\n<tr style=\"height: 13.50pt;\">\n<td style=\"height: 13.50pt;\" height=\"18\">Objectif du produit<\/td>\n<td>Flacons diffuseurs d\u00e9coratifs, flacons diffuseurs \u00e0 roseaux<\/td>\n<\/tr>\n<tr style=\"height: 13.50pt;\">\n<td style=\"height: 13.50pt;\" height=\"18\">Secteurs d&#039;activit\u00e9 appropri\u00e9s<\/td>\n<td>Parfums d&#039;int\u00e9rieur de luxe, suites d&#039;h\u00f4tel<\/td>\n<\/tr>\n<\/tbody>\n<\/table>\n<h2>Succ\u00e8s d&#039;une marque japonaise de style de vie au design prim\u00e9<\/h2>\n<p>Ce flacon diffuseur de parfum en cristal de 100 ml a \u00e9t\u00e9 choisi par un groupe h\u00f4telier cinq \u00e9toiles pour sa suite. La perfection du motif du cristal taill\u00e9, qui repr\u00e9sentait une surtaxe de 60 %, \u00e9tait embl\u00e9matique de leur partenariat. Le cristal a r\u00e9sist\u00e9 aux frais d&#039;entretien et \u00e0 la gestion des clients \u00e0 99,8 %. L&#039;h\u00f4tel, enchant\u00e9, a pass\u00e9 une commande de 500\u00a0000 flacons dans le cadre d&#039;un contrat pluriannuel destin\u00e9 \u00e0 \u00e9quiper l&#039;ensemble de sa cha\u00eene.<\/p>\n<h2>Personnalisation des bocaux en verre pour diffuseurs<\/h2>\n<ul>\n<li>Couleur et transparence\u00a0: Utilisez un verre de couleur profonde comme l\u2019ambre, le bleu cobalt fonc\u00e9, ou cr\u00e9ez un effet bijou en utilisant un verre clair et profond.<\/li>\n<li>Vari\u00e9t\u00e9 des motifs : Proposez des motifs g\u00e9om\u00e9triques alternatifs, par exemple des tailles en losange, en pyramide ou en \u00e9toile.<\/li>\n<li>Gravure laser\u00a0: Ajoutez un petit monogramme ou des logos sur les c\u00f4t\u00e9s non d\u00e9coup\u00e9s de la base de la bouteille.<\/li>\n<li>Socle en vitrail\u00a0: Il s\u2019agit d\u2019une technique bicolore dans laquelle une couche de verre color\u00e9 est appliqu\u00e9e sous la surface transparente taill\u00e9e.<\/li>\n<\/ul>","protected":false},"excerpt":{"rendered":"<p>Flacon diffuseur \u00e9l\u00e9gant en cristal \u00e0 la texture taill\u00e9e vintage, id\u00e9al pour une diffusion haut de gamme des parfums d&#039;int\u00e9rieur et une d\u00e9coration raffin\u00e9e, pot en verre diffuseur r\u00e9sistant, vente directe d&#039;usine.<\/p>","protected":false},"featured_media":4809,"template":"","meta":{"postBodyCss":"","postBodyMargin":[],"postBodyPadding":[],"postBodyBackground":{"backgroundType":"classic","gradient":""}},"product_brand":[],"product_cat":[15,16,63],"product_tag":[],"class_list":{"0":"post-4803","1":"product","2":"type-product","3":"status-publish","4":"has-post-thumbnail","6":"product_cat-glass-containers","7":"product_cat-glass-bottles","8":"product_cat-reed-diffuser-bottles","10":"first","11":"instock","12":"shipping-taxable","13":"product-type-simple"},"jetpack_sharing_enabled":true,"_links":{"self":[{"href":"https:\/\/minghanggroup.com\/fr\/wp-json\/wp\/v2\/product\/4803","targetHints":{"allow":["GET"]}}],"collection":[{"href":"https:\/\/minghanggroup.com\/fr\/wp-json\/wp\/v2\/product"}],"about":[{"href":"https:\/\/minghanggroup.com\/fr\/wp-json\/wp\/v2\/types\/product"}],"wp:featuredmedia":[{"embeddable":true,"href":"https:\/\/minghanggroup.com\/fr\/wp-json\/wp\/v2\/media\/4809"}],"wp:attachment":[{"href":"https:\/\/minghanggroup.com\/fr\/wp-json\/wp\/v2\/media?parent=4803"}],"wp:term":[{"taxonomy":"product_brand","embeddable":true,"href":"https:\/\/minghanggroup.com\/fr\/wp-json\/wp\/v2\/product_brand?post=4803"},{"taxonomy":"product_cat","embeddable":true,"href":"https:\/\/minghanggroup.com\/fr\/wp-json\/wp\/v2\/product_cat?post=4803"},{"taxonomy":"product_tag","embeddable":true,"href":"https:\/\/minghanggroup.com\/fr\/wp-json\/wp\/v2\/product_tag?post=4803"}],"curies":[{"name":"wp","href":"https:\/\/api.w.org\/{rel}","templated":true}]}}