{"id":4789,"date":"2026-01-19T16:21:28","date_gmt":"2026-01-19T08:21:28","guid":{"rendered":"https:\/\/minghanggroup.com\/?post_type=product&#038;p=4789"},"modified":"2026-01-19T16:45:02","modified_gmt":"2026-01-19T08:45:02","slug":"tree-shaped-beautiful-diffuser-bottles-for-decorative-bulk","status":"publish","type":"product","link":"https:\/\/minghanggroup.com\/fr\/produit\/tree-shaped-beautiful-diffuser-bottles-for-decorative-bulk\/","title":{"rendered":"Flacons diffuseurs d\u00e9coratifs en forme d&#039;arbre, 80 ml et 98 ml, en vrac."},"content":{"rendered":"<p>Vos flacons diffuseurs ne devraient pas se contenter de contenir du parfum\u00a0; ils devraient faire danser la lumi\u00e8re comme une brise foresti\u00e8re. Sp\u00e9cialistes des flacons diffuseurs d\u00e9coratifs \u00e0 b\u00e2tonnets, nous cr\u00e9ons des flacons en verre qui transforment votre diffuseur d&#039;huiles essentielles en un chef-d&#039;\u0153uvre silencieux pour votre int\u00e9rieur.<\/p>\n<h2>Caract\u00e9ristiques du produit<\/h2>\n<ul>\n<li><strong>Silhouette d&#039;arbre organique :<\/strong> La branche, avec ses courbes travaill\u00e9es, refl\u00e8te la lumi\u00e8re comme s&#039;il s&#039;agissait de v\u00e9ritable bois, transformant instantan\u00e9ment votre parfum d&#039;int\u00e9rieur en une \u0153uvre d&#039;art.<\/li>\n<li><strong>Double usage, polyvalence :<\/strong> Que ce soit avec un bouchon en verre ou des tiges de rotin naturel, l&#039;emballage de votre diffuseur s&#039;adapte instantan\u00e9ment.<\/li>\n<li><strong>Base d&#039;arbre stable :<\/strong> Aucun risque de vibrations sur les tables en marbre. Votre flacon diffuseur en verre est solide et luxueux au toucher.<\/li>\n<\/ul>\n<h2>Caract\u00e9ristiques principales<\/h2>\n<table style=\"border-collapse: collapse; width: 80%; margin-left: auto; margin-right: auto;\" border=\"0\" width=\"288\" cellspacing=\"0\" cellpadding=\"0\">\n<tbody>\n<tr style=\"height: 13.50pt;\">\n<td style=\"height: 13.5pt; width: 54pt; text-align: center;\" width=\"72\" height=\"18\">Taille (ml)<\/td>\n<td style=\"width: 54pt; text-align: center;\" width=\"72\">Dimensions (mm)<\/td>\n<td style=\"width: 54pt; text-align: center;\" width=\"72\">Diam\u00e8tre du col (mm)<\/td>\n<td style=\"width: 54pt; text-align: center;\" width=\"72\">Forme<\/td>\n<\/tr>\n<tr style=\"height: 13.50pt;\">\n<td style=\"height: 13.5pt; text-align: center;\" align=\"right\" height=\"18\">80<\/td>\n<td style=\"text-align: center;\">66 \u00d7 108<\/td>\n<td style=\"text-align: center;\">15\/24<\/td>\n<td class=\"et2\" style=\"text-align: center;\" rowspan=\"2\">silhouette d&#039;arbre<\/td>\n<\/tr>\n<tr style=\"height: 13.50pt;\">\n<td style=\"height: 13.5pt; text-align: center;\" align=\"right\" height=\"18\">98<\/td>\n<td style=\"text-align: center;\">66 \u00d7 101<\/td>\n<td style=\"text-align: center;\">15\/25<\/td>\n<\/tr>\n<\/tbody>\n<\/table>\n<h2>Cas de r\u00e9ussite<\/h2>\n<p>Une marque de parfums d&#039;int\u00e9rieur, sp\u00e9cialis\u00e9e dans les cadeaux, s&#039;est associ\u00e9e \u00e0 nous pour personnaliser ce flacon diffuseur en verre en forme de sapin pour sa collection de f\u00eates en \u00e9dition limit\u00e9e. Pour cet emballage sur le th\u00e8me de No\u00ebl, le client a opt\u00e9 pour un verre vert r\u00e9alis\u00e9 sur mesure. Le flacon, grav\u00e9 du logo de la marque, est \u00e9galement orn\u00e9 de d\u00e9tails dor\u00e9s.<\/p>\n<p>Apr\u00e8s le lancement du produit, les ventes ont augment\u00e9 de pr\u00e8s de 28 % au premier trimestre, renfor\u00e7ant ainsi consid\u00e9rablement la position de la marque sur le march\u00e9 des parfums d\u00e9coratifs.<\/p>\n<h2>Vos options de personnalisation<\/h2>\n<ol>\n<li><strong>Couleur et traitement de surface du verre\u00a0:<\/strong> Selon le niveau de transparence, vous pouvez choisir parmi diverses options telles que des d\u00e9grad\u00e9s de couleurs, une teinte de lumi\u00e8re interne ou des effets givr\u00e9s sp\u00e9cifiques \u00e0 certaines zones afin d&#039;am\u00e9liorer l&#039;attrait d\u00e9coratif et de cr\u00e9er une certaine ambiance dans l&#039;espace.<\/li>\n<li><strong>Accessoires d\u00e9coratifs de qualit\u00e9 sup\u00e9rieure\u00a0:<\/strong> Associ\u00e9es \u00e0 des pi\u00e8ces en rotin r\u00e9alis\u00e9es sur mesure (qui peuvent \u00eatre confectionn\u00e9es en motif droit, en spirale ou floral) ou \u00e0 un couvercle en verre original, ces caract\u00e9ristiques renforcent l&#039;attrait du produit en tant que cadeau et son impact visuel.<\/li>\n<li><strong>Combinaisons de capacit\u00e9 et d&#039;ensembles\u00a0:<\/strong> Ce produit est propos\u00e9 en plusieurs contenances et peut \u00eatre combin\u00e9 en coffrets cadeaux ou coffrets de parfums, id\u00e9aux pour les vacances, les h\u00f4tels ou les projets sur mesure.<\/li>\n<\/ol>","protected":false},"excerpt":{"rendered":"<p>Magnifiques flacons diffuseurs con\u00e7us comme des diffuseurs \u00e0 roseaux d\u00e9coratifs. Vente directe d&#039;usine, personnalisation en grande quantit\u00e9 et livraison rapide pour vos marques.<\/p>","protected":false},"featured_media":4807,"template":"","meta":{"postBodyCss":"","postBodyMargin":[],"postBodyPadding":[],"postBodyBackground":{"backgroundType":"classic","gradient":""}},"product_brand":[],"product_cat":[15,16,63],"product_tag":[],"class_list":{"0":"post-4789","1":"product","2":"type-product","3":"status-publish","4":"has-post-thumbnail","6":"product_cat-glass-containers","7":"product_cat-glass-bottles","8":"product_cat-reed-diffuser-bottles","10":"first","11":"instock","12":"shipping-taxable","13":"product-type-simple"},"jetpack_sharing_enabled":true,"_links":{"self":[{"href":"https:\/\/minghanggroup.com\/fr\/wp-json\/wp\/v2\/product\/4789","targetHints":{"allow":["GET"]}}],"collection":[{"href":"https:\/\/minghanggroup.com\/fr\/wp-json\/wp\/v2\/product"}],"about":[{"href":"https:\/\/minghanggroup.com\/fr\/wp-json\/wp\/v2\/types\/product"}],"wp:featuredmedia":[{"embeddable":true,"href":"https:\/\/minghanggroup.com\/fr\/wp-json\/wp\/v2\/media\/4807"}],"wp:attachment":[{"href":"https:\/\/minghanggroup.com\/fr\/wp-json\/wp\/v2\/media?parent=4789"}],"wp:term":[{"taxonomy":"product_brand","embeddable":true,"href":"https:\/\/minghanggroup.com\/fr\/wp-json\/wp\/v2\/product_brand?post=4789"},{"taxonomy":"product_cat","embeddable":true,"href":"https:\/\/minghanggroup.com\/fr\/wp-json\/wp\/v2\/product_cat?post=4789"},{"taxonomy":"product_tag","embeddable":true,"href":"https:\/\/minghanggroup.com\/fr\/wp-json\/wp\/v2\/product_tag?post=4789"}],"curies":[{"name":"wp","href":"https:\/\/api.w.org\/{rel}","templated":true}]}}