{"id":4784,"date":"2026-01-19T12:00:19","date_gmt":"2026-01-19T04:00:19","guid":{"rendered":"https:\/\/minghanggroup.com\/?post_type=product&#038;p=4784"},"modified":"2026-01-19T13:44:15","modified_gmt":"2026-01-19T05:44:15","slug":"100ml-clear-flat-round-diffuser-bottles-wholesale","status":"publish","type":"product","link":"https:\/\/minghanggroup.com\/fr\/produit\/100ml-clear-flat-round-diffuser-bottles-wholesale\/","title":{"rendered":"Flacons diffuseurs ronds plats transparents de 100 ml en gros"},"content":{"rendered":"<p>Ces flacons diffuseurs ronds sont larges, de forme ovale plate, fabriqu\u00e9s en verre sodocalcique, et leur col est si fin qu&#039;il s&#039;adapte parfaitement \u00e0 la tige du diffuseur.<\/p>\n<h2>Caract\u00e9ristiques du produit<\/h2>\n<ul>\n<li><strong>Forme ovale allong\u00e9e et plate :<\/strong> Elle poss\u00e8de une forme stable et sculpt\u00e9e et est fabriqu\u00e9e avec un design large et bas, ce qui convient aux designs d&#039;\u00e9tag\u00e8res modernes.<\/li>\n<li><strong>Cou fin :<\/strong> Le col fin maintient le diffuseur et les autres accessoires, et contraste avec le corps plat et arrondi, ce qui rend le design plus sophistiqu\u00e9.<\/li>\n<li><strong>Grande capacit\u00e9 de 200 ml :<\/strong> La capacit\u00e9 de 200 ml a \u00e9t\u00e9 intelligemment int\u00e9gr\u00e9e \u00e0 la taille plate de la bouteille, offrant ainsi une grande capacit\u00e9 avec un profil mince.<\/li>\n<\/ul>\n<h2 style=\"text-align: left;\">Caract\u00e9ristiques principales<\/h2>\n<table class=\"aligncenter\" style=\"border-collapse: collapse; width: 426.02pt;\" border=\"0\" width=\"568\" cellspacing=\"0\" cellpadding=\"0\">\n<tbody>\n<tr style=\"height: 13.50pt;\">\n<td style=\"height: 13.50pt; width: 119.25pt;\" width=\"159\" height=\"18\">Sp\u00e9cification<\/td>\n<td style=\"width: 306.75pt;\" width=\"409\">D\u00e9tails<\/td>\n<\/tr>\n<tr style=\"height: 13.50pt;\">\n<td style=\"height: 13.50pt;\" height=\"18\">Capacit\u00e9<\/td>\n<td>100 ml<\/td>\n<\/tr>\n<tr style=\"height: 13.50pt;\">\n<td style=\"height: 13.50pt;\" height=\"18\">Dimensions<\/td>\n<td>125\u00d736\u00d7109 mm<\/td>\n<\/tr>\n<tr style=\"height: 13.50pt;\">\n<td style=\"height: 13.50pt;\" height=\"18\">Diam\u00e8tre int\u00e9rieur\/ext\u00e9rieur du col<\/td>\n<td>12 mm \/ 23 mm<\/td>\n<\/tr>\n<tr style=\"height: 13.50pt;\">\n<td style=\"height: 13.50pt;\" height=\"18\">Mat\u00e9riel<\/td>\n<td>Verre sodocalcique<\/td>\n<\/tr>\n<tr style=\"height: 13.50pt;\">\n<td style=\"height: 13.50pt;\" height=\"18\">Forme de bouteille<\/td>\n<td>Ovale plat et allong\u00e9 horizontalement<\/td>\n<\/tr>\n<tr style=\"height: 13.50pt;\">\n<td style=\"height: 13.50pt;\" height=\"18\">\u00c9tendue de la personnalisation<\/td>\n<td>Couleur, finition, taille, gravure<\/td>\n<\/tr>\n<tr style=\"height: 13.50pt;\">\n<td style=\"height: 13.50pt;\" height=\"18\">Savoir-faire<\/td>\n<td>Moulure en verre ovale plate<\/td>\n<\/tr>\n<tr style=\"height: 13.50pt;\">\n<td style=\"height: 13.50pt;\" height=\"18\">Objectif du produit<\/td>\n<td>Flacons diffuseurs ronds, flacons diffuseurs en vrac<\/td>\n<\/tr>\n<tr style=\"height: 13.50pt;\">\n<td style=\"height: 13.50pt;\" height=\"18\">Secteurs d&#039;activit\u00e9 appropri\u00e9s<\/td>\n<td>Marques de parfums d&#039;int\u00e9rieur contemporains, design d&#039;int\u00e9rieur<\/td>\n<\/tr>\n<\/tbody>\n<\/table>\n<h2>Succ\u00e8s d&#039;une marque japonaise de style de vie au design prim\u00e9<\/h2>\n<p>Une marque japonaise de mode a lanc\u00e9 une gamme de parfums. Son produit phare, un flacon diffuseur rond de 200 ml, a \u00e9t\u00e9 s\u00e9lectionn\u00e9. Sa forme ovale et plate distinctive a g\u00e9n\u00e9r\u00e9 80 % de r\u00e9achats. Son design \u00e9pur\u00e9 a tripl\u00e9 le nombre de partages sur les r\u00e9seaux sociaux. Face \u00e0 cet accueil favorable du march\u00e9 et \u00e0 l&#039;ad\u00e9quation parfaite avec son image de marque, la marque, pleinement satisfaite, a command\u00e9 300\u00a0000 flacons suppl\u00e9mentaires pour ses boutiques phares \u00e0 l&#039;international.<\/p>\n<h2>Personnalisation du flacon diffuseur rond<\/h2>\n<ul>\n<li>Couleur et transparence du verre\u00a0: Il est disponible en verre clair, gris clair ou fum\u00e9.<\/li>\n<li>Finition mate givr\u00e9e\u00a0: Il s\u2019agit d\u2019une finition mate enti\u00e8rement sabl\u00e9e qui d\u00e9veloppe un aspect doux et \u00e9th\u00e9r\u00e9.<\/li>\n<li>Gravure laser\u00a0: Une image aux lignes complexes et fluides ou le nom de la marque est grav\u00e9 sur la surface de la bouteille.<\/li>\n<li>D\u00e9coration individuelle pour goulot de bouteille\u00a0: \u00ab\u00a0Les d\u00e9corations l\u00e9g\u00e8res et simples pour goulots de bouteille peuvent \u00eatre r\u00e9alis\u00e9es en c\u00e9ramique mate ou en m\u00e9tal bross\u00e9.\u00a0\u00bb<\/li>\n<\/ul>","protected":false},"excerpt":{"rendered":"<p>Flacon diffuseur \u00e9l\u00e9gant de 100 ml en verre rond plat, id\u00e9al pour le conditionnement et la promotion de parfums d&#039;int\u00e9rieur, flacons diffuseurs ronds haut de gamme, livraison rapide.<\/p>","protected":false},"featured_media":4790,"template":"","meta":{"postBodyCss":"","postBodyMargin":[],"postBodyPadding":[],"postBodyBackground":{"backgroundType":"classic","gradient":""}},"product_brand":[],"product_cat":[15,16,63],"product_tag":[],"class_list":{"0":"post-4784","1":"product","2":"type-product","3":"status-publish","4":"has-post-thumbnail","6":"product_cat-glass-containers","7":"product_cat-glass-bottles","8":"product_cat-reed-diffuser-bottles","10":"first","11":"instock","12":"shipping-taxable","13":"product-type-simple"},"jetpack_sharing_enabled":true,"_links":{"self":[{"href":"https:\/\/minghanggroup.com\/fr\/wp-json\/wp\/v2\/product\/4784","targetHints":{"allow":["GET"]}}],"collection":[{"href":"https:\/\/minghanggroup.com\/fr\/wp-json\/wp\/v2\/product"}],"about":[{"href":"https:\/\/minghanggroup.com\/fr\/wp-json\/wp\/v2\/types\/product"}],"wp:featuredmedia":[{"embeddable":true,"href":"https:\/\/minghanggroup.com\/fr\/wp-json\/wp\/v2\/media\/4790"}],"wp:attachment":[{"href":"https:\/\/minghanggroup.com\/fr\/wp-json\/wp\/v2\/media?parent=4784"}],"wp:term":[{"taxonomy":"product_brand","embeddable":true,"href":"https:\/\/minghanggroup.com\/fr\/wp-json\/wp\/v2\/product_brand?post=4784"},{"taxonomy":"product_cat","embeddable":true,"href":"https:\/\/minghanggroup.com\/fr\/wp-json\/wp\/v2\/product_cat?post=4784"},{"taxonomy":"product_tag","embeddable":true,"href":"https:\/\/minghanggroup.com\/fr\/wp-json\/wp\/v2\/product_tag?post=4784"}],"curies":[{"name":"wp","href":"https:\/\/api.w.org\/{rel}","templated":true}]}}