{"id":4766,"date":"2026-01-19T10:41:42","date_gmt":"2026-01-19T02:41:42","guid":{"rendered":"https:\/\/minghanggroup.com\/?post_type=product&#038;p=4766"},"modified":"2026-01-19T12:00:08","modified_gmt":"2026-01-19T04:00:08","slug":"christmas-tree-diffuser-sticks-and-bottles-wholesale","status":"publish","type":"product","link":"https:\/\/minghanggroup.com\/fr\/produit\/christmas-tree-diffuser-sticks-and-bottles-wholesale\/","title":{"rendered":"B\u00e2tonnets et flacons diffuseurs de No\u00ebl de 200 ml en gros"},"content":{"rendered":"<p>Ce diffuseur et son flacon arborent un motif de sapin de No\u00ebl. Le flacon, en verre sodocalcique transparent, est dot\u00e9 d&#039;un goulot multifilet\u00e9 facilitant l&#039;insertion du diffuseur et lui conf\u00e9rant une allure festive et joyeuse.<\/p>\n<h2>Caract\u00e9ristiques du produit<\/h2>\n<ul>\n<li><strong>Bouteille en forme de sapin de No\u00ebl :<\/strong> C&#039;est la d\u00e9coration et le cadeau de No\u00ebl id\u00e9al, car la forme de l&#039;arbre est embl\u00e9matique et poss\u00e8de un bord irr\u00e9gulier.<\/li>\n<li><strong>Bordure ondul\u00e9e :<\/strong> Le bord ondul\u00e9 est en relief afin de cr\u00e9er un effet visuel et une impression de f\u00eate.<\/li>\n<li><strong>Col filet\u00e9 standard :<\/strong> La conception pratique du col est un col \u00e9tanche et fonctionnel qui facilite l&#039;utilisation et le rangement.<\/li>\n<\/ul>\n<h2 style=\"text-align: left;\">Caract\u00e9ristiques principales<\/h2>\n<table class=\"aligncenter\" style=\"border-collapse: collapse; width: 444.77pt;\" border=\"0\" width=\"593\" cellspacing=\"0\" cellpadding=\"0\">\n<tbody>\n<tr style=\"height: 13.50pt;\">\n<td style=\"height: 13.50pt; width: 119.25pt;\" width=\"159\" height=\"18\">Sp\u00e9cification<\/td>\n<td style=\"width: 325.50pt;\" width=\"434\">D\u00e9tails<\/td>\n<\/tr>\n<tr style=\"height: 13.50pt;\">\n<td style=\"height: 13.50pt;\" height=\"18\">Capacit\u00e9<\/td>\n<td>200 ml<\/td>\n<\/tr>\n<tr style=\"height: 13.50pt;\">\n<td style=\"height: 13.50pt;\" height=\"18\">Dimensions<\/td>\n<td>105\u00d742\u00d7150 mm<\/td>\n<\/tr>\n<tr style=\"height: 13.50pt;\">\n<td style=\"height: 13.50pt;\" height=\"18\">Diam\u00e8tre int\u00e9rieur\/ext\u00e9rieur du col<\/td>\n<td>17 mm \/ 27 mm<\/td>\n<\/tr>\n<tr style=\"height: 13.50pt;\">\n<td style=\"height: 13.50pt;\" height=\"18\">Mat\u00e9riel<\/td>\n<td>Verre sodocalcique<\/td>\n<\/tr>\n<tr style=\"height: 13.50pt;\">\n<td style=\"height: 13.50pt;\" height=\"18\">Forme de bouteille<\/td>\n<td>Sapin de No\u00ebl stylis\u00e9 aux bords textur\u00e9s<\/td>\n<\/tr>\n<tr style=\"height: 13.50pt;\">\n<td style=\"height: 13.50pt;\" height=\"18\">\u00c9tendue de la personnalisation<\/td>\n<td>Couleur, taille, gla\u00e7age, d\u00e9corations th\u00e9matiques<\/td>\n<\/tr>\n<tr style=\"height: 13.50pt;\">\n<td style=\"height: 13.50pt;\" height=\"18\">Savoir-faire<\/td>\n<td>Moulage du verre, application de texture d\u00e9taill\u00e9e, filetage<\/td>\n<\/tr>\n<tr style=\"height: 13.50pt;\">\n<td style=\"height: 13.50pt;\" height=\"18\">Objectif du produit<\/td>\n<td>Flacons diffuseurs de luxe en gros, flacons diffuseurs<\/td>\n<\/tr>\n<tr style=\"height: 13.50pt;\">\n<td style=\"height: 13.50pt;\" height=\"18\">Secteurs d&#039;activit\u00e9 appropri\u00e9s<\/td>\n<td>D\u00e9taillants saisonniers, marques de d\u00e9coration int\u00e9rieure<\/td>\n<\/tr>\n<\/tbody>\n<\/table>\n<h2>Histoire \u00e0 succ\u00e8s<\/h2>\n<p>Nos b\u00e2tonnets et flacons diffuseurs de 200 ml ont \u00e9t\u00e9 utilis\u00e9s par un grand magasin am\u00e9ricain comme d\u00e9coration en forme de sapin de No\u00ebl. Ce design th\u00e9matique a permis de multiplier par cinq la visibilit\u00e9 de leur collection de f\u00eates sur les r\u00e9seaux sociaux. En 48 heures, ce parfum d&#039;ambiance festif \u00e9tait en rupture de stock en ligne, devenant ainsi le produit parfum\u00e9 pour la maison le plus vendu de la saison. Impressionn\u00e9 par ce succ\u00e8s, le magasin a command\u00e9 750\u00a0000 flacons suppl\u00e9mentaires pour r\u00e9pondre \u00e0 la demande des trois prochaines f\u00eates.<\/p>\n<h2>Personnalisation de flacons diffuseurs de luxe en gros<\/h2>\n<ul>\n<li>Couleurs des verres\u00a0: Ils sont disponibles en transparent, blanc d\u00e9poli (blanc neige) ou en vert festif, rouge et autres.<\/li>\n<li>Autres th\u00e8mes\u00a0: D\u2019autres th\u00e8mes de f\u00eates (par exemple, citrouille, c\u0153ur, forme d\u2019\u0153uf) peuvent \u00eatre personnalis\u00e9s.<\/li>\n<li>Instructions de gaufrage\u00a0: Le gaufrage consiste en de petits d\u00e9tails en relief ajout\u00e9s \u00e0 la forme de l\u2019arbre, par exemple des ornements ou des \u00e9toiles.<\/li>\n<li>S\u00e9rigraphie : Apposez un message concernant la f\u00eate sur le devant de la bouteille, ou un petit logo de marque.<\/li>\n<\/ul>","protected":false},"excerpt":{"rendered":"<p>B\u00e2tonnets diffuseurs festifs et flacons en verre en forme de sapin de No\u00ebl, parfaits pour la d\u00e9coration des f\u00eates et collections de flacons diffuseurs de luxe en gros, approvisionnement direct d&#039;usine.<\/p>","protected":false},"featured_media":4772,"template":"","meta":{"postBodyCss":"","postBodyMargin":[],"postBodyPadding":[],"postBodyBackground":{"backgroundType":"classic","gradient":""}},"product_brand":[],"product_cat":[15,16,63],"product_tag":[],"class_list":{"0":"post-4766","1":"product","2":"type-product","3":"status-publish","4":"has-post-thumbnail","6":"product_cat-glass-containers","7":"product_cat-glass-bottles","8":"product_cat-reed-diffuser-bottles","10":"first","11":"instock","12":"shipping-taxable","13":"product-type-simple"},"jetpack_sharing_enabled":true,"_links":{"self":[{"href":"https:\/\/minghanggroup.com\/fr\/wp-json\/wp\/v2\/product\/4766","targetHints":{"allow":["GET"]}}],"collection":[{"href":"https:\/\/minghanggroup.com\/fr\/wp-json\/wp\/v2\/product"}],"about":[{"href":"https:\/\/minghanggroup.com\/fr\/wp-json\/wp\/v2\/types\/product"}],"wp:featuredmedia":[{"embeddable":true,"href":"https:\/\/minghanggroup.com\/fr\/wp-json\/wp\/v2\/media\/4772"}],"wp:attachment":[{"href":"https:\/\/minghanggroup.com\/fr\/wp-json\/wp\/v2\/media?parent=4766"}],"wp:term":[{"taxonomy":"product_brand","embeddable":true,"href":"https:\/\/minghanggroup.com\/fr\/wp-json\/wp\/v2\/product_brand?post=4766"},{"taxonomy":"product_cat","embeddable":true,"href":"https:\/\/minghanggroup.com\/fr\/wp-json\/wp\/v2\/product_cat?post=4766"},{"taxonomy":"product_tag","embeddable":true,"href":"https:\/\/minghanggroup.com\/fr\/wp-json\/wp\/v2\/product_tag?post=4766"}],"curies":[{"name":"wp","href":"https:\/\/api.w.org\/{rel}","templated":true}]}}