{"id":4761,"date":"2026-01-19T09:25:09","date_gmt":"2026-01-19T01:25:09","guid":{"rendered":"https:\/\/minghanggroup.com\/?post_type=product&#038;p=4761"},"modified":"2026-01-19T14:35:08","modified_gmt":"2026-01-19T06:35:08","slug":"empty-oil-diffuser-bottles-with-diamond-texture-bulk","status":"publish","type":"product","link":"https:\/\/minghanggroup.com\/fr\/produit\/empty-oil-diffuser-bottles-with-diamond-texture-bulk\/","title":{"rendered":"Flacons diffuseurs d&#039;huile vides de 150 ml avec texture diamant\u00e9e (lot en vrac)"},"content":{"rendered":"<p>Ce flacon diffuseur d&#039;huiles essentielles est un objet fin et cylindrique en verre massif. Sa forme allong\u00e9e est orn\u00e9e d&#039;un d\u00e9licat motif taill\u00e9 en losange. Plus qu&#039;un simple \u00e9crin, c&#039;est un v\u00e9ritable objet d\u00e9coratif.<\/p>\n<h2>Caract\u00e9ristiques du produit<\/h2>\n<ul>\n<li><strong>Corps taill\u00e9 en diamant :<\/strong> La d\u00e9coupe int\u00e9grale, richement sculpt\u00e9e, cr\u00e9e un jeu d&#039;ombres et de lumi\u00e8res saisissant, lui conf\u00e9rant une impression de luxe.<\/li>\n<li><strong>Conception \u00e0 large ouverture\u00a0:<\/strong> Sa large ouverture permet d&#039;ajouter facilement toutes les huiles n\u00e9cessaires et offre la possibilit\u00e9 d&#039;ins\u00e9rer les b\u00e2tonnets de diffuseur et autres accessoires sans compromettre la continuit\u00e9 stylistique.<\/li>\n<li><strong>Forme cylindrique mince :<\/strong> Sa forme cylindrique \u00e9lanc\u00e9e lui conf\u00e8re une allure \u00e9l\u00e9gante et raffin\u00e9e, tout en assurant une grande stabilit\u00e9 et une capacit\u00e9 d&#039;int\u00e9gration facile dans diff\u00e9rents styles de d\u00e9coration int\u00e9rieure.<\/li>\n<\/ul>\n<h2 style=\"text-align: left;\">Caract\u00e9ristiques principales<\/h2>\n<table class=\"aligncenter\" style=\"border-collapse: collapse; width: 444.77pt;\" border=\"0\" width=\"593\" cellspacing=\"0\" cellpadding=\"0\">\n<tbody>\n<tr style=\"height: 13.50pt;\">\n<td style=\"height: 13.50pt; width: 119.25pt;\" width=\"159\" height=\"18\">Sp\u00e9cification<\/td>\n<td style=\"width: 325.50pt;\" width=\"434\">D\u00e9tails<\/td>\n<\/tr>\n<tr style=\"height: 13.50pt;\">\n<td style=\"height: 13.50pt;\" height=\"18\">Capacit\u00e9<\/td>\n<td>150 ml<\/td>\n<\/tr>\n<tr style=\"height: 13.50pt;\">\n<td style=\"height: 13.50pt;\" height=\"18\">Dimensions<\/td>\n<td>55\u00d7133 mm<\/td>\n<\/tr>\n<tr style=\"height: 13.50pt;\">\n<td style=\"height: 13.50pt;\" height=\"18\">Diam\u00e8tre int\u00e9rieur\/ext\u00e9rieur du col<\/td>\n<td>19 mm \/ 35 mm<\/td>\n<\/tr>\n<tr style=\"height: 13.50pt;\">\n<td style=\"height: 13.50pt;\" height=\"18\">Mat\u00e9riel<\/td>\n<td>Verre de calcium sodique<\/td>\n<\/tr>\n<tr style=\"height: 13.50pt;\">\n<td style=\"height: 13.50pt;\" height=\"18\">Forme de bouteille<\/td>\n<td>Cylindre haut \u00e0 motif taill\u00e9 en diamant<\/td>\n<\/tr>\n<tr style=\"height: 13.50pt;\">\n<td style=\"height: 13.50pt;\" height=\"18\">\u00c9tendue de la personnalisation<\/td>\n<td>Forme, couleur, motif de d\u00e9coupe, d\u00e9tails givr\u00e9s<\/td>\n<\/tr>\n<tr style=\"height: 13.50pt;\">\n<td style=\"height: 13.50pt;\" height=\"18\">Savoir-faire<\/td>\n<td>D\u00e9coupe\/rectification de pr\u00e9cision du verre, finition \u00e0 large ouverture<\/td>\n<\/tr>\n<tr style=\"height: 13.50pt;\">\n<td style=\"height: 13.50pt;\" height=\"18\">Objectif du produit<\/td>\n<td>Flacons diffuseurs d&#039;huiles essentielles, r\u00e9cipients pour huiles parfum\u00e9es<\/td>\n<\/tr>\n<tr style=\"height: 13.50pt;\">\n<td style=\"height: 13.50pt;\" height=\"18\">Secteurs d&#039;activit\u00e9 appropri\u00e9s<\/td>\n<td>Parfums d&#039;int\u00e9rieur de luxe, h\u00f4tels haut de gamme<\/td>\n<\/tr>\n<\/tbody>\n<\/table>\n<h2>Succ\u00e8s : Une nouvelle gamme de parfums d&#039;une entreprise europ\u00e9enne haut de gamme<\/h2>\n<p>Une entreprise europ\u00e9enne de parfums a lanc\u00e9 un parfum d&#039;int\u00e9rieur haut de gamme. Elle a choisi un flacon diffuseur \u00e0 b\u00e2tonnets de 150 ml vide et l&#039;a teint\u00e9 d&#039;un vert \u00e9meraude intense. Le design scintillant \u00e0 facettes diamant\u00e9es valorise le produit, ce qui se traduit par une sur\u00e9valuation de 70 %. Le verre transparent met parfaitement en valeur l&#039;huile essentielle color\u00e9e, contribuant ainsi \u00e0 une augmentation de 25 % du taux de conversion en ligne. La marque, extr\u00eamement satisfaite de l&#039;accueil du march\u00e9 et du volume des ventes, a command\u00e9 400\u00a0000 flacons suppl\u00e9mentaires destin\u00e9s \u00e0 une distribution internationale.<\/p>\n<h2>Personnalisation des flacons diffuseurs d&#039;huiles essentielles<\/h2>\n<ul>\n<li>Couleurs et nuances du verre : Ce produit est disponible en cristal transparent, ambr\u00e9 fonc\u00e9, bleu cobalt ou vert \u00e9meraude.<\/li>\n<li>Variantes de motifs\u00a0: Les variantes de motifs comprennent \u00e9galement le chevron, la coupe en escalier et la coupe radiale.<\/li>\n<li>D\u00e9tails de la coupe givr\u00e9e\u00a0: Les surfaces de coupe sont givr\u00e9es afin de conserver leur aspect brillant et de cr\u00e9er un contraste.<\/li>\n<li>Gravure laser\u00a0: Faites graver au laser un petit logo ou un monogramme sur le fond non coup\u00e9 de la bouteille.<\/li>\n<\/ul>","protected":false},"excerpt":{"rendered":"<p>Flacon diffuseur d&#039;huile haut avec surface taill\u00e9e en diamant, con\u00e7u pour les projets de recharge et la d\u00e9coration moderne utilisant des flacons diffuseurs \u00e0 roseaux vides, prix de gros.<\/p>","protected":false},"featured_media":4762,"template":"","meta":{"postBodyCss":"","postBodyMargin":[],"postBodyPadding":[],"postBodyBackground":{"backgroundType":"classic","gradient":""}},"product_brand":[],"product_cat":[15,16,63],"product_tag":[],"class_list":{"0":"post-4761","1":"product","2":"type-product","3":"status-publish","4":"has-post-thumbnail","6":"product_cat-glass-containers","7":"product_cat-glass-bottles","8":"product_cat-reed-diffuser-bottles","10":"first","11":"instock","12":"shipping-taxable","13":"product-type-simple"},"jetpack_sharing_enabled":true,"_links":{"self":[{"href":"https:\/\/minghanggroup.com\/fr\/wp-json\/wp\/v2\/product\/4761","targetHints":{"allow":["GET"]}}],"collection":[{"href":"https:\/\/minghanggroup.com\/fr\/wp-json\/wp\/v2\/product"}],"about":[{"href":"https:\/\/minghanggroup.com\/fr\/wp-json\/wp\/v2\/types\/product"}],"wp:featuredmedia":[{"embeddable":true,"href":"https:\/\/minghanggroup.com\/fr\/wp-json\/wp\/v2\/media\/4762"}],"wp:attachment":[{"href":"https:\/\/minghanggroup.com\/fr\/wp-json\/wp\/v2\/media?parent=4761"}],"wp:term":[{"taxonomy":"product_brand","embeddable":true,"href":"https:\/\/minghanggroup.com\/fr\/wp-json\/wp\/v2\/product_brand?post=4761"},{"taxonomy":"product_cat","embeddable":true,"href":"https:\/\/minghanggroup.com\/fr\/wp-json\/wp\/v2\/product_cat?post=4761"},{"taxonomy":"product_tag","embeddable":true,"href":"https:\/\/minghanggroup.com\/fr\/wp-json\/wp\/v2\/product_tag?post=4761"}],"curies":[{"name":"wp","href":"https:\/\/api.w.org\/{rel}","templated":true}]}}