{"id":4760,"date":"2026-01-19T11:04:36","date_gmt":"2026-01-19T03:04:36","guid":{"rendered":"https:\/\/minghanggroup.com\/?post_type=product&#038;p=4760"},"modified":"2026-01-19T11:04:37","modified_gmt":"2026-01-19T03:04:37","slug":"glass-reed-diffuser-jars-with-modern-vertical-texture-bulk","status":"publish","type":"product","link":"https:\/\/minghanggroup.com\/fr\/produit\/glass-reed-diffuser-jars-with-modern-vertical-texture-bulk\/","title":{"rendered":"Diffuseurs \u00e0 b\u00e2tonnets en verre de 40 ml, 100 ml et 200 ml, avec texture verticale moderne (vente en gros)"},"content":{"rendered":"<p>Vos flacons diffuseurs \u00e0 b\u00e2tonnets ne devraient pas se contenter de contenir du parfum\u00a0; ils devraient aussi faire danser la lumi\u00e8re sur votre table basse. Sp\u00e9cialistes des flacons diffuseurs d\u00e9coratifs, nous cr\u00e9ons des diffuseurs \u00e0 b\u00e2tonnets en verre qui transforment votre diffuseur d&#039;huiles essentielles en un \u00e9l\u00e9ment de d\u00e9coration discret et captivant.<\/p>\n<h2>Caract\u00e9ristiques du produit<\/h2>\n<ul>\n<li><strong>Corps en verre \u00e0 rayures verticales :<\/strong> Le flacon est con\u00e7u avec des rayures verticales qui contribuent \u00e0 mieux r\u00e9fracter la lumi\u00e8re et \u00e0 donner un effet visuellement plus agr\u00e9able au liquide d&#039;aromath\u00e9rapie.<\/li>\n<li><strong>Mat\u00e9riau en verre \u00e0 haute transparence\u00a0:<\/strong> Permettant de visualiser la couleur et la quantit\u00e9 de liquide d&#039;aromath\u00e9rapie restant, ce qui facilite l&#039;utilisation et la pr\u00e9sentation du produit, tout en rehaussant son niveau de qualit\u00e9.<\/li>\n<li><strong>Forme de bouteille stable en position verticale\u00a0:<\/strong> Sa forme cylindrique est parfaitement \u00e9quilibr\u00e9e par un fond plat, ce qui r\u00e9duit consid\u00e9rablement le risque de basculement et en fait un choix id\u00e9al pour une utilisation et un placement \u00e0 long terme.<\/li>\n<\/ul>\n<h2>Caract\u00e9ristiques principales<\/h2>\n<table style=\"border-collapse: collapse; width: 80%; margin-left: auto; margin-right: auto;\" border=\"0\" width=\"360\" cellspacing=\"0\" cellpadding=\"0\">\n<tbody>\n<tr style=\"height: 13.50pt;\">\n<td style=\"height: 13.5pt; width: 54pt; text-align: center;\" width=\"72\" height=\"18\">Taille (ml)<\/td>\n<td style=\"width: 54pt; text-align: center;\" width=\"72\">Dimensions (mm)<\/td>\n<td style=\"width: 54pt; text-align: center;\" width=\"72\">Type de cou<\/td>\n<td style=\"width: 54pt; text-align: center;\" width=\"72\">Fonctionnalit\u00e9<\/td>\n<td style=\"width: 54pt; text-align: center;\" width=\"72\">Forme<\/td>\n<\/tr>\n<tr style=\"height: 13.50pt;\">\n<td style=\"height: 13.5pt; text-align: center;\" align=\"right\" height=\"18\">40<\/td>\n<td style=\"text-align: center;\">57 \u00d7 60<\/td>\n<td class=\"et2\" style=\"text-align: center;\" rowspan=\"3\">Enclenchement<\/td>\n<td class=\"et2\" style=\"text-align: center;\" rowspan=\"3\">rayures verticales<\/td>\n<td class=\"et2\" style=\"text-align: center;\" rowspan=\"3\">Cylindrique<\/td>\n<\/tr>\n<tr style=\"height: 13.50pt;\">\n<td style=\"height: 13.5pt; text-align: center;\" align=\"right\" height=\"18\">100<\/td>\n<td style=\"text-align: center;\">69 \u00d7 80<\/td>\n<\/tr>\n<tr style=\"height: 13.50pt;\">\n<td style=\"height: 13.5pt; text-align: center;\" align=\"right\" height=\"18\">200<\/td>\n<td style=\"text-align: center;\">78 \u00d7 116<\/td>\n<\/tr>\n<\/tbody>\n<\/table>\n<h2>Cas de r\u00e9ussite<\/h2>\n<p>Cette entreprise de parfums d&#039;int\u00e9rieur recherchait un flacon diffuseur qui, en plus de sublimer la pr\u00e9sentation de ses produits en rayon, affirme son image de marque haut de gamme et moderne. Pour le lancement de sa nouvelle gamme de parfums, elle a choisi notre flacon diffuseur en verre \u00e0 rayures verticales, qu&#039;elle a personnalis\u00e9 sur d&#039;autres points\u00a0: un logo discret imprim\u00e9 sur l&#039;\u00e9paule du flacon et un motif lin\u00e9aire s\u00e9rigraphi\u00e9 qui s&#039;harmonise visuellement avec la texture du flacon.<\/p>\n<p>Le produit a \u00e9t\u00e9 rendu plus stable pendant le transport gr\u00e2ce \u00e0 la bouteille en verre plus \u00e9paisse, ce qui a permis de r\u00e9duire le taux de casse de 35 %, et la hausse de 38 % des ventes du premier trimestre y est directement li\u00e9e, ainsi qu&#039;aux commandes en gros qui se sont maintenues au cours des trimestres suivants.<\/p>\n<h2>Vos options de personnalisation<\/h2>\n<ol>\n<li><strong>Rev\u00eatement d\u00e9grad\u00e9 ou int\u00e9rieur, couleur :<\/strong> Vous pouvez appliquer un d\u00e9grad\u00e9 de couleur tr\u00e8s l\u00e9ger ou une pulv\u00e9risation de couleur int\u00e9rieure (par exemple, du gris fum\u00e9 au transparent) tout en donnant au verre ext\u00e9rieur un aspect brillant et luxueux.<\/li>\n<li><strong>Marquage en relief ou en creux sur le col\u00a0:<\/strong> Vous pouvez embosser ou d\u00e9bosser un petit logo, un symbole ou un texte de marque autour du col ou de la base pour accro\u00eetre la notori\u00e9t\u00e9 de la marque sans empi\u00e9ter sur l&#039;espace r\u00e9serv\u00e9 \u00e0 l&#039;\u00e9tiquette.<\/li>\n<li><strong>Kits de personnalisation des anches :<\/strong> Vous pouvez personnaliser le flacon en y installant des tiges teint\u00e9es, des tiges spiral\u00e9es ou des b\u00e2tonnets de fibres ornementaux, ce qui cr\u00e9e une apparence uniforme pour l&#039;ensemble du diffuseur.<\/li>\n<\/ol>","protected":false},"excerpt":{"rendered":"<p>Flacons diffuseurs d\u00e9coratifs d&#039;une clart\u00e9 exceptionnelle. Vente directe d&#039;usine de flacons diffuseurs \u00e0 b\u00e2tonnets, \u00e9chantillons gratuits et personnalisation en gros disponibles. Livraison rapide.<\/p>","protected":false},"featured_media":4770,"template":"","meta":{"postBodyCss":"","postBodyMargin":[],"postBodyPadding":[],"postBodyBackground":{"backgroundType":"classic","gradient":""}},"product_brand":[],"product_cat":[15,63],"product_tag":[],"class_list":{"0":"post-4760","1":"product","2":"type-product","3":"status-publish","4":"has-post-thumbnail","6":"product_cat-glass-containers","7":"product_cat-reed-diffuser-bottles","9":"first","10":"instock","11":"shipping-taxable","12":"product-type-simple"},"jetpack_sharing_enabled":true,"_links":{"self":[{"href":"https:\/\/minghanggroup.com\/fr\/wp-json\/wp\/v2\/product\/4760","targetHints":{"allow":["GET"]}}],"collection":[{"href":"https:\/\/minghanggroup.com\/fr\/wp-json\/wp\/v2\/product"}],"about":[{"href":"https:\/\/minghanggroup.com\/fr\/wp-json\/wp\/v2\/types\/product"}],"wp:featuredmedia":[{"embeddable":true,"href":"https:\/\/minghanggroup.com\/fr\/wp-json\/wp\/v2\/media\/4770"}],"wp:attachment":[{"href":"https:\/\/minghanggroup.com\/fr\/wp-json\/wp\/v2\/media?parent=4760"}],"wp:term":[{"taxonomy":"product_brand","embeddable":true,"href":"https:\/\/minghanggroup.com\/fr\/wp-json\/wp\/v2\/product_brand?post=4760"},{"taxonomy":"product_cat","embeddable":true,"href":"https:\/\/minghanggroup.com\/fr\/wp-json\/wp\/v2\/product_cat?post=4760"},{"taxonomy":"product_tag","embeddable":true,"href":"https:\/\/minghanggroup.com\/fr\/wp-json\/wp\/v2\/product_tag?post=4760"}],"curies":[{"name":"wp","href":"https:\/\/api.w.org\/{rel}","templated":true}]}}