{"id":4753,"date":"2026-01-16T15:56:03","date_gmt":"2026-01-16T07:56:03","guid":{"rendered":"https:\/\/minghanggroup.com\/?post_type=product&#038;p=4753"},"modified":"2026-01-16T16:44:48","modified_gmt":"2026-01-16T08:44:48","slug":"round-empty-clear-diffuser-bottle-wholesale","status":"publish","type":"product","link":"https:\/\/minghanggroup.com\/fr\/produit\/round-empty-clear-diffuser-bottle-wholesale\/","title":{"rendered":"Flacon diffuseur rond vide transparent de 130 ml en gros"},"content":{"rendered":"<p>Ce flacon diffuseur transparent pr\u00e9sente un design exclusif. Fabriqu\u00e9 en verre sodocalcique, il poss\u00e8de une forme de bol arrondie, id\u00e9ale pour la vente en gros de flacons d&#039;aromath\u00e9rapie vides.<\/p>\n<h2>Caract\u00e9ristiques du produit<\/h2>\n<ul>\n<li><strong>Verre totalement transparent :<\/strong> Le verre enti\u00e8rement transparent r\u00e9v\u00e8le les couleurs des huiles essentielles. La lumi\u00e8re, en traversant le corps incurv\u00e9, cr\u00e9e un effet d&#039;image chaleureux et lumineux, sublimant ainsi l&#039;ensemble.<\/li>\n<li><strong>Capacit\u00e9 de 130 ml :<\/strong> Le format de 130 ml est parfaitement adapt\u00e9 \u00e0 une diffusion de parfum longue dur\u00e9e qui restera efficace dans la plupart des espaces de vie.<\/li>\n<li><strong>Corps plat et arrondi : <\/strong>Sa forme de bol, douce et plate, sans ar\u00eates vives, lui conf\u00e8re un aspect chaleureux et accueillant. Ses contours arrondis facilitent la prise en main.<\/li>\n<\/ul>\n<h2 style=\"text-align: left;\">Caract\u00e9ristiques principales<\/h2>\n<table class=\"aligncenter\" style=\"border-collapse: collapse; width: 430.52pt;\" border=\"0\" width=\"574\" cellspacing=\"0\" cellpadding=\"0\">\n<tbody>\n<tr style=\"height: 13.50pt;\">\n<td style=\"height: 13.50pt; width: 146.25pt;\" width=\"195\" height=\"18\">Sp\u00e9cification<\/td>\n<td style=\"width: 284.25pt;\" width=\"379\">D\u00e9tails<\/td>\n<\/tr>\n<tr style=\"height: 13.50pt;\">\n<td style=\"height: 13.50pt;\" height=\"18\">Capacit\u00e9<\/td>\n<td>130 ml<\/td>\n<\/tr>\n<tr style=\"height: 13.50pt;\">\n<td style=\"height: 13.50pt;\" height=\"18\">Dimensions<\/td>\n<td>87\u00d760 mm<\/td>\n<\/tr>\n<tr style=\"height: 13.50pt;\">\n<td style=\"height: 13.50pt;\" height=\"18\">Diam\u00e8tre int\u00e9rieur\/ext\u00e9rieur du col<\/td>\n<td>18 mm \/ 34 mm<\/td>\n<\/tr>\n<tr style=\"height: 13.50pt;\">\n<td style=\"height: 13.50pt;\" height=\"18\">Mat\u00e9riel<\/td>\n<td>Verre sodocalcique<\/td>\n<\/tr>\n<tr style=\"height: 13.50pt;\">\n<td style=\"height: 13.50pt;\" height=\"18\">Forme de bouteille<\/td>\n<td>Bol\/plat peu profond \u00e0 fond textur\u00e9<\/td>\n<\/tr>\n<tr style=\"height: 13.50pt;\">\n<td style=\"height: 13.50pt;\" height=\"18\">\u00c9tendue de la personnalisation<\/td>\n<td>Couleur, motif de texture de base, taille, forme<\/td>\n<\/tr>\n<tr style=\"height: 13.50pt;\">\n<td style=\"height: 13.50pt;\" height=\"18\">Savoir-faire<\/td>\n<td>Pressage du verre pour la mise en forme de bols, formage de filetage<\/td>\n<\/tr>\n<tr style=\"height: 13.50pt;\">\n<td style=\"height: 13.50pt;\" height=\"18\">Objectif du produit<\/td>\n<td>Flacons diffuseurs transparents, r\u00e9cipients d\u00e9coratifs pour huiles essentielles<\/td>\n<\/tr>\n<tr style=\"height: 13.50pt;\">\n<td style=\"height: 13.50pt;\" height=\"18\">Secteurs d&#039;activit\u00e9 appropri\u00e9s<\/td>\n<td>Marques de parfums d&#039;int\u00e9rieur, d\u00e9taillants de cadeaux<\/td>\n<\/tr>\n<\/tbody>\n<\/table>\n<h2>Succ\u00e8s\u00a0: Un produit phare d\u2019une cha\u00eene de centres de bien-\u00eatre et de spas<\/h2>\n<p>Une cha\u00eene nationale de spas et de centres de bien-\u00eatre a achet\u00e9 nos flacons transparents de 130 ml d&#039;huiles essentielles en grande quantit\u00e9 pour son projet de vente en gros de flacons vides. Leur forme douce et \u00e9l\u00e9gante s&#039;int\u00e8gre parfaitement \u00e0 leur esth\u00e9tique apaisante et ils deviennent rapidement un best-seller, repr\u00e9sentant 30 % de leurs ventes en ligne. Leurs cabines de soins sont \u00e9galement parfaitement adapt\u00e9es \u00e0 ce format. Les retours clients et la facilit\u00e9 d&#039;utilisation ont \u00e9t\u00e9 si positifs que la cha\u00eene a command\u00e9 600\u00a0000 flacons suppl\u00e9mentaires afin de garantir l&#039;approvisionnement de ses points de vente pour plusieurs ann\u00e9es.<\/p>\n<h2>Bouteilles de diffuseur vides en gros, personnalisation<\/h2>\n<ul>\n<li>Couleur et transparence du verre : Il est disponible en verre clair, blanc cass\u00e9 (opale), semi-transparent, bleu clair ou lavande.<\/li>\n<li>Finition givr\u00e9e\u00a0: Finition enti\u00e8rement givr\u00e9e pour donner au verre une texture douce et \u00e9th\u00e9r\u00e9e, d\u2019un blanc laiteux.<\/li>\n<li>Gravure laser\u00a0: Le fond du bol peut \u00eatre grav\u00e9 de motifs circulaires simples ou de noms de marque.<\/li>\n<li>D\u00e9coration en vitrail Le vitrail peut \u00eatre appliqu\u00e9 autour de l&#039;anneau inf\u00e9rieur ou \u00e0 l&#039;int\u00e9rieur du bol.<\/li>\n<\/ul>","protected":false},"excerpt":{"rendered":"<p>Flacon diffuseur rond en verre sodocalcique transparent, en forme de bol. Id\u00e9al pour les marques de parfums d&#039;int\u00e9rieur qui recherchent des flacons diffuseurs vides en gros, directement du fabricant.<\/p>","protected":false},"featured_media":4754,"template":"","meta":{"postBodyCss":"","postBodyMargin":[],"postBodyPadding":[],"postBodyBackground":{"backgroundType":"classic","gradient":""}},"product_brand":[],"product_cat":[15,16,63],"product_tag":[],"class_list":{"0":"post-4753","1":"product","2":"type-product","3":"status-publish","4":"has-post-thumbnail","6":"product_cat-glass-containers","7":"product_cat-glass-bottles","8":"product_cat-reed-diffuser-bottles","10":"first","11":"instock","12":"shipping-taxable","13":"product-type-simple"},"jetpack_sharing_enabled":true,"_links":{"self":[{"href":"https:\/\/minghanggroup.com\/fr\/wp-json\/wp\/v2\/product\/4753","targetHints":{"allow":["GET"]}}],"collection":[{"href":"https:\/\/minghanggroup.com\/fr\/wp-json\/wp\/v2\/product"}],"about":[{"href":"https:\/\/minghanggroup.com\/fr\/wp-json\/wp\/v2\/types\/product"}],"wp:featuredmedia":[{"embeddable":true,"href":"https:\/\/minghanggroup.com\/fr\/wp-json\/wp\/v2\/media\/4754"}],"wp:attachment":[{"href":"https:\/\/minghanggroup.com\/fr\/wp-json\/wp\/v2\/media?parent=4753"}],"wp:term":[{"taxonomy":"product_brand","embeddable":true,"href":"https:\/\/minghanggroup.com\/fr\/wp-json\/wp\/v2\/product_brand?post=4753"},{"taxonomy":"product_cat","embeddable":true,"href":"https:\/\/minghanggroup.com\/fr\/wp-json\/wp\/v2\/product_cat?post=4753"},{"taxonomy":"product_tag","embeddable":true,"href":"https:\/\/minghanggroup.com\/fr\/wp-json\/wp\/v2\/product_tag?post=4753"}],"curies":[{"name":"wp","href":"https:\/\/api.w.org\/{rel}","templated":true}]}}