{"id":4748,"date":"2026-01-16T15:53:44","date_gmt":"2026-01-16T07:53:44","guid":{"rendered":"https:\/\/minghanggroup.com\/?post_type=product&#038;p=4748"},"modified":"2026-01-16T16:50:02","modified_gmt":"2026-01-16T08:50:02","slug":"glass-square-diffuser-bottles-for-packaging-wholesale","status":"publish","type":"product","link":"https:\/\/minghanggroup.com\/fr\/produit\/glass-square-diffuser-bottles-for-packaging-wholesale\/","title":{"rendered":"Flacons diffuseurs carr\u00e9s en verre de 200 ml et 250 ml pour emballage en gros"},"content":{"rendered":"<p>Vos flacons diffuseurs carr\u00e9s ne doivent pas se contenter de contenir du parfum\u00a0; ils doivent aussi faire scintiller la lumi\u00e8re sur chaque bord, \u00e0 la mani\u00e8re d&#039;une sculpture moderne. Sp\u00e9cialistes des flacons diffuseurs d&#039;ar\u00f4mes, nous cr\u00e9ons des flacons en verre qui transforment votre diffuseur d&#039;huiles essentielles en un chef-d&#039;\u0153uvre silencieux pour votre int\u00e9rieur.<\/p>\n<h2>Caract\u00e9ristiques du produit<\/h2>\n<ul>\n<li><strong>Esth\u00e9tique g\u00e9om\u00e9trique carr\u00e9e minimaliste\u00a0: <\/strong>La bouteille pr\u00e9sente une forme carr\u00e9e traditionnelle aux ar\u00eates nettes et pr\u00e9cises, alliant l&#039;esth\u00e9tique du design industriel \u00e0 un \u00e9quilibre tr\u00e8s diff\u00e9rent, propre \u00e0 divers espaces int\u00e9rieurs modernes.<\/li>\n<li><strong>Diverses options de couvercles\u00a0: <\/strong>Deux options sont propos\u00e9es : un col en m\u00e9tal dor\u00e9 scintillant et un bonnet en bois semi-sph\u00e9rique, pr\u00e9sentant ainsi deux styles de marque diff\u00e9rents : \u00ab luxe l\u00e9ger et moderne \u00bb et \u00ab naturel et th\u00e9rapeutique \u00bb.<\/li>\n<li><strong>Surface plane pour l&#039;affichage de la marque\u00a0: <\/strong>Les faces planes et droites en verre de la bouteille carr\u00e9e constituent une excellente \u00ab toile \u00bb pour la marque ; elles peuvent donc \u00eatre facilement s\u00e9rigraphi\u00e9es sur de grandes surfaces, estamp\u00e9es \u00e0 chaud ou les \u00e9tiquettes de la marque peuvent y \u00eatre appliqu\u00e9es avec pr\u00e9cision.<\/li>\n<\/ul>\n<h2>Caract\u00e9ristiques principales<\/h2>\n<table style=\"border-collapse: collapse; width: 80%; margin-left: auto; margin-right: auto;\" border=\"0\" width=\"288\" cellspacing=\"0\" cellpadding=\"0\">\n<tbody>\n<tr style=\"height: 13.50pt;\">\n<td style=\"height: 13.5pt; width: 54pt; text-align: center;\" width=\"72\" height=\"18\">Taille (ml)<\/td>\n<td style=\"width: 54pt; text-align: center;\" width=\"72\">Dimensions (mm)<\/td>\n<td style=\"width: 54pt; text-align: center;\" width=\"72\">Type de cou<\/td>\n<td style=\"width: 54pt; text-align: center;\" width=\"72\">Forme<\/td>\n<\/tr>\n<tr style=\"height: 13.50pt;\">\n<td style=\"height: 13.5pt; text-align: center;\" align=\"right\" height=\"18\">200<\/td>\n<td style=\"text-align: center;\">68 \u00d7 95<\/td>\n<td class=\"et2\" style=\"text-align: center;\" rowspan=\"2\">Couvercle \u00e0 vis<\/td>\n<td class=\"et2\" style=\"text-align: center;\" rowspan=\"2\">G\u00e9om\u00e9trie carr\u00e9e<\/td>\n<\/tr>\n<tr style=\"height: 13.50pt;\">\n<td style=\"height: 13.5pt; text-align: center;\" align=\"right\" height=\"18\">250<\/td>\n<td style=\"text-align: center;\">74 \u00d7 102<\/td>\n<\/tr>\n<\/tbody>\n<\/table>\n<h2>Cas de r\u00e9ussite<\/h2>\n<p>Une marque haut de gamme d&#039;ameublement a choisi ce flacon carr\u00e9 en verre transparent de 200 ml comme produit phare de l&#039;ann\u00e9e. Elle a con\u00e7u un bouchon h\u00e9misph\u00e9rique en bois naturel mat vein\u00e9, orn\u00e9 du logo grav\u00e9 au laser avec pr\u00e9cision. Par ailleurs, la marque a opt\u00e9 pour une s\u00e9rigraphie minimaliste monochrome sur les c\u00f4t\u00e9s plats du flacon, ainsi que pour des diffuseurs de parfum en bois de sola naturel, aux couleurs assorties et personnalis\u00e9s.<\/p>\n<p>Sa forme carr\u00e9e distinctive, qui la diff\u00e9renciait des autres bouteilles rondes en rayon, a entra\u00een\u00e9 une hausse de 70 % des ventes trimestrielles de la marque. Le client a finalement pass\u00e9 une commande suppl\u00e9mentaire de 180\u00a0000 unit\u00e9s et a ainsi d\u00e9cid\u00e9 d&#039;en faire un produit phare \u00e0 long terme.<\/p>\n<h2>Vos options de personnalisation<\/h2>\n<ol>\n<li><strong>Personnalisation de la surface de la bouteille\u00a0:<\/strong> Nous exploitons pleinement la surface plane et carr\u00e9e de la bouteille pour vous proposer une finition enti\u00e8rement d\u00e9polie ou partiellement sabl\u00e9e. Associ\u00e9e \u00e0 nos techniques de s\u00e9rigraphie ou de marquage \u00e0 chaud de haute qualit\u00e9, cette finition permet \u00e0 votre logo de se d\u00e9tacher nettement sur le verre, qu&#039;il soit transparent ou translucide.<\/li>\n<li><strong>Mise \u00e0 niveau des mat\u00e9riaux et de l&#039;image de marque\u00a0:<\/strong> Nous proposons la personnalisation en grande quantit\u00e9 de capsules de bouteilles dans diff\u00e9rents styles\u00a0; par exemple, des capsules en aluminium anodis\u00e9 or brillant\/noir mat pour une esth\u00e9tique luxueuse et discr\u00e8te, ou des capsules en bois grav\u00e9es au laser pour une touche naturelle. Les diff\u00e9rences de mati\u00e8re, perceptibles au toucher, correspondent parfaitement \u00e0 l\u2019identit\u00e9 de votre marque.<\/li>\n<li><strong>Combinaisons personnalis\u00e9es de supports pour diffuseurs\u00a0:<\/strong> Outre les tiges de fibres classiques, vous pouvez choisir la couleur, des fleurs de sola assorties ou des b\u00e2tonnets diffuseurs portant votre marque. Ainsi, vous transformez la fonction de diffusion, pratique pour tous, en un objet d\u00e9coratif \u00e0 forte valeur ajout\u00e9e.<\/li>\n<\/ol>","protected":false},"excerpt":{"rendered":"<p>Flacons diffuseurs carr\u00e9s et \u00e9l\u00e9gants en verre transparent avec bouchons dor\u00e9s ou en bois. Ce diffuseur d&#039;ar\u00f4mes est personnalisable en grande quantit\u00e9 et b\u00e9n\u00e9ficie d&#039;une livraison rapide. Renseignez-vous d\u00e8s maintenant\u00a0!<\/p>","protected":false},"featured_media":4752,"template":"","meta":{"postBodyCss":"","postBodyMargin":[],"postBodyPadding":[],"postBodyBackground":{"backgroundType":"classic","gradient":""}},"product_brand":[],"product_cat":[15,16,63],"product_tag":[],"class_list":{"0":"post-4748","1":"product","2":"type-product","3":"status-publish","4":"has-post-thumbnail","6":"product_cat-glass-containers","7":"product_cat-glass-bottles","8":"product_cat-reed-diffuser-bottles","10":"first","11":"instock","12":"shipping-taxable","13":"product-type-simple"},"jetpack_sharing_enabled":true,"_links":{"self":[{"href":"https:\/\/minghanggroup.com\/fr\/wp-json\/wp\/v2\/product\/4748","targetHints":{"allow":["GET"]}}],"collection":[{"href":"https:\/\/minghanggroup.com\/fr\/wp-json\/wp\/v2\/product"}],"about":[{"href":"https:\/\/minghanggroup.com\/fr\/wp-json\/wp\/v2\/types\/product"}],"wp:featuredmedia":[{"embeddable":true,"href":"https:\/\/minghanggroup.com\/fr\/wp-json\/wp\/v2\/media\/4752"}],"wp:attachment":[{"href":"https:\/\/minghanggroup.com\/fr\/wp-json\/wp\/v2\/media?parent=4748"}],"wp:term":[{"taxonomy":"product_brand","embeddable":true,"href":"https:\/\/minghanggroup.com\/fr\/wp-json\/wp\/v2\/product_brand?post=4748"},{"taxonomy":"product_cat","embeddable":true,"href":"https:\/\/minghanggroup.com\/fr\/wp-json\/wp\/v2\/product_cat?post=4748"},{"taxonomy":"product_tag","embeddable":true,"href":"https:\/\/minghanggroup.com\/fr\/wp-json\/wp\/v2\/product_tag?post=4748"}],"curies":[{"name":"wp","href":"https:\/\/api.w.org\/{rel}","templated":true}]}}