{"id":4733,"date":"2026-01-16T14:11:58","date_gmt":"2026-01-16T06:11:58","guid":{"rendered":"https:\/\/minghanggroup.com\/?post_type=product&#038;p=4733"},"modified":"2026-01-16T16:52:26","modified_gmt":"2026-01-16T08:52:26","slug":"clear-glass-diffuser-bottles-with-vertical-stripe-design-wholesale","status":"publish","type":"product","link":"https:\/\/minghanggroup.com\/fr\/produit\/clear-glass-diffuser-bottles-with-vertical-stripe-design-wholesale\/","title":{"rendered":"Flacons diffuseurs en verre transparent de 150 ml avec motif \u00e0 rayures verticales (vente en gros)"},"content":{"rendered":"<p>Vos flacons diffuseurs en verre transparent ne doivent pas se contenter de contenir le parfum\u00a0; ils doivent aussi faire danser la lumi\u00e8re sur votre table basse. Sp\u00e9cialistes des flacons diffuseurs de parfum, nous cr\u00e9ons des diffuseurs \u00e0 tiges en verre qui transforment votre diffuseur d&#039;huiles essentielles en un \u00e9l\u00e9ment de d\u00e9coration discret et captivant.<\/p>\n<h2>Caract\u00e9ristiques du produit<\/h2>\n<ul>\n<li><strong>Rayures verticales capturant la lumi\u00e8re et l&#039;ombre\u00a0:<\/strong> Les rayures diffusent la lumi\u00e8re comme un prisme, transformant un parfum d&#039;int\u00e9rieur en une \u0153uvre d&#039;art dans votre maison moderne.<\/li>\n<li><strong>Base de bouteille antid\u00e9rapante et \u00e9paissie\u00a0:<\/strong> L&#039;\u00e9paisseur du fond du flacon, associ\u00e9e \u00e0 un centre l\u00e9g\u00e8rement concave, conf\u00e8re au flacon une plus grande stabilit\u00e9, limitant ainsi efficacement les risques de renversement et permettant une utilisation s\u00fbre du parfum.<\/li>\n<li><strong>Capacit\u00e9 de diffusion parfaite :<\/strong> La large ouverture du flacon peut contenir plusieurs tiges de diffuseur \u00e0 la fois, ce qui permet de conserver le parfum frais et diffus\u00e9 longtemps, faisant ainsi du diffuseur un \u00e9l\u00e9ment parfait de la d\u00e9coration de votre chambre.<\/li>\n<\/ul>\n<h2>Caract\u00e9ristiques principales<\/h2>\n<table style=\"border-collapse: collapse; width: 80%; margin-right: auto; margin-left: auto;\" border=\"0\" width=\"288\" cellspacing=\"0\" cellpadding=\"0\">\n<tbody>\n<tr style=\"height: 13.50pt;\">\n<td style=\"height: 13.5pt; width: 54pt; text-align: center;\" width=\"72\" height=\"18\">Taille<\/td>\n<td style=\"width: 54pt; text-align: center;\" width=\"72\">Dimensions (mm)<\/td>\n<td style=\"width: 54pt; text-align: center;\" width=\"72\">Type de cou<\/td>\n<td style=\"width: 54pt; text-align: center;\" width=\"72\">Fonctionnalit\u00e9<\/td>\n<\/tr>\n<tr style=\"height: 13.50pt;\">\n<td style=\"height: 13.5pt; text-align: center;\" height=\"18\">150 ml<\/td>\n<td style=\"text-align: center;\">65 \u00d7 99<\/td>\n<td style=\"text-align: center;\">Enclenchement<\/td>\n<td style=\"text-align: center;\">rayures verticales<\/td>\n<\/tr>\n<\/tbody>\n<\/table>\n<h2>Cas de r\u00e9ussite<\/h2>\n<p>Une marque de d\u00e9coration d&#039;int\u00e9rieur sp\u00e9cialis\u00e9e dans les produits de bien-\u00eatre a choisi ce flacon d&#039;aromath\u00e9rapie en verre transparent de 150 ml pour sa collection annuelle principale. Gr\u00e2ce \u00e0 une fabrication sur mesure, la marque a utilis\u00e9 une technologie de gravure laser de haute pr\u00e9cision pour imprimer son logo entre les rayures verticales du flacon, et l&#039;a associ\u00e9 \u00e0 un bouchon en aluminium anodis\u00e9 noir mat sp\u00e9cialement con\u00e7u pour renforcer son style industriel moderne.<\/p>\n<p>Lors du lancement du produit, le stock initial a \u00e9t\u00e9 \u00e9puis\u00e9 en seulement trois semaines, les ventes ayant augment\u00e9 de 65 % par rapport \u00e0 la m\u00eame p\u00e9riode l&#039;ann\u00e9e pr\u00e9c\u00e9dente.<\/p>\n<h2>Vos options de personnalisation<\/h2>\n<ol>\n<li><strong>Proc\u00e9d\u00e9 de d\u00e9grad\u00e9 de couleur pour le corps de la bouteille\u00a0: <\/strong>\u00c0 l&#039;int\u00e9rieur, un rev\u00eatement ou une technique de pulv\u00e9risation par d\u00e9grad\u00e9 est appliqu\u00e9 sur du verre transparent\u00a0: une couleur fonc\u00e9e devient progressivement transparente vers le haut. Une texture stri\u00e9e est \u00e9galement utilis\u00e9e, qui, combin\u00e9e \u00e0 ce rev\u00eatement, cr\u00e9e un effet de r\u00e9fraction semblable \u00e0 un prisme, rehaussant ainsi consid\u00e9rablement l&#039;attrait visuel.<\/li>\n<li><strong>Personnalisation du mat\u00e9riau du bouchon : <\/strong>Outre les bouchons transparents classiques, les clients peuvent opter pour des bouchons en aluminium anodis\u00e9 (or, argent, noir mat) ou en bois naturel (noyer, ch\u00eane), offrant ainsi une alternative aux bouchons transparents et contribuant \u00e0 valoriser l&#039;image de marque. Le positionnement haut de gamme, exclusif ou naturel de la marque peut \u00eatre parfaitement d\u00e9fini par le contraste des textures du m\u00e9tal et du bois.<\/li>\n<li><strong>Alignement des couleurs du diffuseur moyen\u00a0: <\/strong>Nous fabriquons des b\u00e2tonnets diffuseurs en grande quantit\u00e9, dans diff\u00e9rents mat\u00e9riaux et coloris, et nous pouvons vous accompagner dans ce processus. Par exemple, des b\u00e2tonnets en fibres color\u00e9es haute densit\u00e9, assortis \u00e0 la charte graphique de votre marque, ou des fleurs en bois sola personnalis\u00e9es avec votre logo\u00a0: d\u00e8s leur sortie de l\u2019emballage, ces produits renforcent la visibilit\u00e9 de votre marque.<\/li>\n<\/ol>","protected":false},"excerpt":{"rendered":"<p>Flacons diffuseurs cylindriques en verre transparent \u00e0 texture c\u00f4tel\u00e9e verticale. Ces flacons diffuseurs en verre de haute qualit\u00e9 sont disponibles en personnalisation en grande quantit\u00e9. Renseignez-vous d\u00e8s maintenant\u00a0!<\/p>","protected":false},"featured_media":4742,"template":"","meta":{"postBodyCss":"","postBodyMargin":[],"postBodyPadding":[],"postBodyBackground":{"backgroundType":"classic","gradient":""}},"product_brand":[],"product_cat":[15,16,63],"product_tag":[],"class_list":{"0":"post-4733","1":"product","2":"type-product","3":"status-publish","4":"has-post-thumbnail","6":"product_cat-glass-containers","7":"product_cat-glass-bottles","8":"product_cat-reed-diffuser-bottles","10":"first","11":"instock","12":"shipping-taxable","13":"product-type-simple"},"jetpack_sharing_enabled":true,"_links":{"self":[{"href":"https:\/\/minghanggroup.com\/fr\/wp-json\/wp\/v2\/product\/4733","targetHints":{"allow":["GET"]}}],"collection":[{"href":"https:\/\/minghanggroup.com\/fr\/wp-json\/wp\/v2\/product"}],"about":[{"href":"https:\/\/minghanggroup.com\/fr\/wp-json\/wp\/v2\/types\/product"}],"wp:featuredmedia":[{"embeddable":true,"href":"https:\/\/minghanggroup.com\/fr\/wp-json\/wp\/v2\/media\/4742"}],"wp:attachment":[{"href":"https:\/\/minghanggroup.com\/fr\/wp-json\/wp\/v2\/media?parent=4733"}],"wp:term":[{"taxonomy":"product_brand","embeddable":true,"href":"https:\/\/minghanggroup.com\/fr\/wp-json\/wp\/v2\/product_brand?post=4733"},{"taxonomy":"product_cat","embeddable":true,"href":"https:\/\/minghanggroup.com\/fr\/wp-json\/wp\/v2\/product_cat?post=4733"},{"taxonomy":"product_tag","embeddable":true,"href":"https:\/\/minghanggroup.com\/fr\/wp-json\/wp\/v2\/product_tag?post=4733"}],"curies":[{"name":"wp","href":"https:\/\/api.w.org\/{rel}","templated":true}]}}