{"id":4717,"date":"2026-01-16T11:58:39","date_gmt":"2026-01-16T03:58:39","guid":{"rendered":"https:\/\/minghanggroup.com\/?post_type=product&#038;p=4717"},"modified":"2026-01-16T16:54:11","modified_gmt":"2026-01-16T08:54:11","slug":"geometric-conical-reed-diffuser-bottles-empty-design-bulk","status":"publish","type":"product","link":"https:\/\/minghanggroup.com\/fr\/produit\/geometric-conical-reed-diffuser-bottles-empty-design-bulk\/","title":{"rendered":"Flacons diffuseurs \u00e0 roseaux coniques g\u00e9om\u00e9triques vides de 100 ml (en vrac)"},"content":{"rendered":"<p>Vos flacons de diffuseur \u00e0 b\u00e2tonnets vides ne devraient pas se contenter de contenir du parfum\u00a0; ils devraient transformer votre espace en un v\u00e9ritable havre de paix. Sp\u00e9cialistes des flacons de diffuseurs de parfum, nous cr\u00e9ons des diffuseurs \u00e0 b\u00e2tonnets en verre qui font de votre diffuseur d&#039;huiles essentielles une pr\u00e9sence discr\u00e8te et apaisante dans votre pi\u00e8ce.<\/p>\n<h2>Caract\u00e9ristiques du produit<\/h2>\n<ul>\n<li><strong>Forme architecturale conique\u00a0: <\/strong>Une g\u00e9om\u00e9trie moderne, un impact visuel imm\u00e9diat pour votre parfum d&#039;int\u00e9rieur.<\/li>\n<li><strong>Col de vis de s\u00e9curit\u00e9 : <\/strong>Placez simplement les b\u00e2tonnets de diffusion ronds bien droits, sans vacillement ni d\u00e9versement.<\/li>\n<li><strong>Flux de roseaux optimis\u00e9\u00a0: <\/strong>La forme conique oriente naturellement les tiges de rotin pour une diffusion plus rapide et plus homog\u00e8ne du parfum. Fini les zones de faible diffusion !<\/li>\n<\/ul>\n<h2>Caract\u00e9ristiques principales<\/h2>\n<table style=\"border-collapse: collapse; width: 80%; margin-left: auto; margin-right: auto;\" border=\"0\" width=\"288\" cellspacing=\"0\" cellpadding=\"0\">\n<tbody>\n<tr style=\"height: 13.50pt;\">\n<td style=\"height: 13.5pt; width: 54pt; text-align: center;\" width=\"72\" height=\"18\">Taille<\/td>\n<td style=\"width: 54pt; text-align: center;\" width=\"72\">Dimensions (mm)<\/td>\n<td style=\"width: 54pt; text-align: center;\" width=\"72\">Diam\u00e8tre du col<\/td>\n<td style=\"width: 54pt; text-align: center;\" width=\"72\">Forme<\/td>\n<\/tr>\n<tr style=\"height: 13.50pt;\">\n<td style=\"height: 13.5pt; text-align: center;\" height=\"18\">120 ml<\/td>\n<td style=\"text-align: center;\">93 \u00d7 80<\/td>\n<td style=\"text-align: center;\">18 \/ 27 mm<\/td>\n<td style=\"text-align: center;\">Conique<\/td>\n<\/tr>\n<\/tbody>\n<\/table>\n<h2>Cas de r\u00e9ussite<\/h2>\n<p>Une marque de parfums nordique, adepte d&#039;un mode de vie minimaliste, a choisi ce flacon en verre de 100 ml pour sa collection estivale en \u00e9dition limit\u00e9e. L&#039;entreprise a opt\u00e9 pour un traitement de rev\u00eatement translucide unique, reproduisant \u00e0 la perfection les teintes embl\u00e9matiques de la marque\u00a0: rose fum\u00e9 et vert for\u00eat. De plus, des b\u00e2tonnets diffuseurs en fibres naturelles, fabriqu\u00e9s sur mesure et adapt\u00e9s en longueur et en couleur, accompagnent les flacons, s&#039;harmonisant ainsi parfaitement avec l&#039;identit\u00e9 visuelle de la marque.<\/p>\n<p>Les ventes de la premi\u00e8re saison de cette gamme de produits ont connu une hausse spectaculaire de 60 %. Face \u00e0 un tel engouement du march\u00e9, l&#039;entreprise a command\u00e9 150\u00a0000 unit\u00e9s suppl\u00e9mentaires et a d\u00e9cid\u00e9 de lancer officiellement le produit \u00e0 l&#039;\u00e9chelle mondiale en tant que gamme permanente.<\/p>\n<h2>Vos options de personnalisation<\/h2>\n<ol>\n<li><strong>Personnalisation du mat\u00e9riau et du rev\u00eatement de couleur de la bouteille\u00a0:<\/strong> Les options possibles sont un fini d\u00e9poli, un d\u00e9grad\u00e9 de couleurs ou une finition mate translucide, ce qui permettra \u00e0 la lumi\u00e8re d&#039;\u00eatre r\u00e9fract\u00e9e plus doucement dans le corps conique de la bouteille et donnera \u00e9galement plus de profondeur visuelle.<\/li>\n<li><strong>Techniques d&#039;identification de marque (image de marque par logo)\u00a0:<\/strong> Gr\u00e2ce \u00e0 la stabilit\u00e9 assur\u00e9e par la base \u00e9paissie, la gravure laser, la s\u00e9rigraphie, la s\u00e9rigraphie ou les d\u00e9calcomanies haute temp\u00e9rature peuvent \u00eatre utilis\u00e9es sur le c\u00f4t\u00e9 ou le fond de la bouteille pour faire du logo de la marque une ic\u00f4ne visuelle \u00e9l\u00e9gante.<\/li>\n<li><strong>Options de diffuseurs diversifi\u00e9es\u00a0:<\/strong> Vous pouvez choisir la mati\u00e8re et la couleur des b\u00e2tonnets diffuseurs en accord avec le style de la marque, par exemple en utilisant des b\u00e2tonnets en fibres naturelles \u00e9cologiques ou des fleurs en bois de sola fabriqu\u00e9es \u00e0 la main, suivant ainsi la tendance du march\u00e9 en mati\u00e8re de durabilit\u00e9 ou de th\u00e8mes botaniques.<\/li>\n<\/ol>","protected":false},"excerpt":{"rendered":"<p>Flacons diffuseurs \u00e0 b\u00e2tonnets coniques \u00e9l\u00e9gants, vides et lest\u00e9s. Ce diffuseur et son flacon sont personnalisables en grande quantit\u00e9 et exp\u00e9di\u00e9s rapidement. Renseignez-vous d\u00e8s aujourd&#039;hui\u00a0!<\/p>","protected":false},"featured_media":4727,"template":"","meta":{"postBodyCss":"","postBodyMargin":[],"postBodyPadding":[],"postBodyBackground":{"backgroundType":"classic","gradient":""}},"product_brand":[],"product_cat":[15,16,63],"product_tag":[],"class_list":{"0":"post-4717","1":"product","2":"type-product","3":"status-publish","4":"has-post-thumbnail","6":"product_cat-glass-containers","7":"product_cat-glass-bottles","8":"product_cat-reed-diffuser-bottles","10":"first","11":"instock","12":"shipping-taxable","13":"product-type-simple"},"jetpack_sharing_enabled":true,"_links":{"self":[{"href":"https:\/\/minghanggroup.com\/fr\/wp-json\/wp\/v2\/product\/4717","targetHints":{"allow":["GET"]}}],"collection":[{"href":"https:\/\/minghanggroup.com\/fr\/wp-json\/wp\/v2\/product"}],"about":[{"href":"https:\/\/minghanggroup.com\/fr\/wp-json\/wp\/v2\/types\/product"}],"wp:featuredmedia":[{"embeddable":true,"href":"https:\/\/minghanggroup.com\/fr\/wp-json\/wp\/v2\/media\/4727"}],"wp:attachment":[{"href":"https:\/\/minghanggroup.com\/fr\/wp-json\/wp\/v2\/media?parent=4717"}],"wp:term":[{"taxonomy":"product_brand","embeddable":true,"href":"https:\/\/minghanggroup.com\/fr\/wp-json\/wp\/v2\/product_brand?post=4717"},{"taxonomy":"product_cat","embeddable":true,"href":"https:\/\/minghanggroup.com\/fr\/wp-json\/wp\/v2\/product_cat?post=4717"},{"taxonomy":"product_tag","embeddable":true,"href":"https:\/\/minghanggroup.com\/fr\/wp-json\/wp\/v2\/product_tag?post=4717"}],"curies":[{"name":"wp","href":"https:\/\/api.w.org\/{rel}","templated":true}]}}