{"id":4716,"date":"2026-01-16T10:06:35","date_gmt":"2026-01-16T02:06:35","guid":{"rendered":"https:\/\/minghanggroup.com\/?post_type=product&#038;p=4716"},"modified":"2026-01-16T10:57:47","modified_gmt":"2026-01-16T02:57:47","slug":"empty-hexagonal-glass-perfume-diffuser-bottle-bulk","status":"publish","type":"product","link":"https:\/\/minghanggroup.com\/fr\/produit\/empty-hexagonal-glass-perfume-diffuser-bottle-bulk\/","title":{"rendered":"Flacons diffuseurs de parfum hexagonaux vides en verre, 50 ml, 100 ml, 200 ml, en vrac"},"content":{"rendered":"<p>Ce flacon diffuseur de parfum arbore un design hexagonal \u00e9pur\u00e9 et unique. Son col multifilet\u00e9 assure une fermeture s\u00e9curis\u00e9e, tandis que ses c\u00f4t\u00e9s pr\u00e9sentent des formes \u00e0 la fois plates et angulaires.<\/p>\n<h2>Caract\u00e9ristiques du produit<\/h2>\n<ul>\n<li><strong>Conception hexagonale simple\u00a0:<\/strong> La d\u00e9coupe hexagonale lui conf\u00e8re un aspect \u00e9pur\u00e9 et moderne, et son installation est facile.<\/li>\n<li><strong>Manche multifilet\u00e9 :<\/strong> Ce mod\u00e8le est dot\u00e9 d&#039;un col filet\u00e9 robuste qui garantit une \u00e9tanch\u00e9it\u00e9 parfaite, emp\u00eachant les fuites et assurant un stockage s\u00fbr.<\/li>\n<li><strong>Trois capacit\u00e9s multifonctionnelles\u00a0:<\/strong> Il existe trois options de capacit\u00e9 qui peuvent \u00eatre utilis\u00e9es pour les \u00e9chantillons, l&#039;usage personnel ou les diffuseurs pour grands espaces.<\/li>\n<\/ul>\n<h2 style=\"text-align: left;\">Caract\u00e9ristiques principales<\/h2>\n<table class=\"aligncenter\" style=\"border-collapse: collapse; width: 444.77pt;\" border=\"0\" width=\"593\" cellspacing=\"0\" cellpadding=\"0\">\n<tbody>\n<tr style=\"height: 13.50pt;\">\n<td style=\"height: 13.50pt; width: 119.25pt;\" width=\"159\" height=\"18\">Sp\u00e9cification<\/td>\n<td style=\"width: 325.50pt;\" width=\"434\">D\u00e9tails<\/td>\n<\/tr>\n<tr style=\"height: 13.50pt;\">\n<td style=\"height: 13.50pt;\" height=\"18\">Capacit\u00e9<\/td>\n<td>50 ml \/ 100 ml \/ 200 ml<\/td>\n<\/tr>\n<tr style=\"height: 13.50pt;\">\n<td style=\"height: 13.50pt;\" height=\"18\">Dimensions<\/td>\n<td>64\u00d770 mm \/ 78\u00d781 mm \/ 74\u00d794 mm<\/td>\n<\/tr>\n<tr style=\"height: 13.50pt;\">\n<td style=\"height: 13.50pt;\" height=\"18\">Diam\u00e8tre int\u00e9rieur\/ext\u00e9rieur du col<\/td>\n<td>17 mm \/ 27 mm<\/td>\n<\/tr>\n<tr style=\"height: 13.50pt;\">\n<td style=\"height: 13.50pt;\" height=\"18\">Mat\u00e9riel<\/td>\n<td>Verre sodocalcique<\/td>\n<\/tr>\n<tr style=\"height: 13.50pt;\">\n<td style=\"height: 13.50pt;\" height=\"18\">Forme de bouteille<\/td>\n<td>Prisme hexagonal<\/td>\n<\/tr>\n<tr style=\"height: 13.50pt;\">\n<td style=\"height: 13.50pt;\" height=\"18\">\u00c9tendue de la personnalisation<\/td>\n<td>Couleur, finition givr\u00e9e, taille, forme<\/td>\n<\/tr>\n<tr style=\"height: 13.50pt;\">\n<td style=\"height: 13.50pt;\" height=\"18\">Savoir-faire<\/td>\n<td>Pressage du verre hexagonal, polissage des facettes, filetage<\/td>\n<\/tr>\n<tr style=\"height: 13.50pt;\">\n<td style=\"height: 13.50pt;\" height=\"18\">Objectif du produit<\/td>\n<td>Diffuseur de flacons, r\u00e9cipients d\u00e9coratifs pour huiles parfum\u00e9es<\/td>\n<\/tr>\n<tr style=\"height: 13.50pt;\">\n<td style=\"height: 13.50pt;\" height=\"18\">Secteurs d&#039;activit\u00e9 appropri\u00e9s<\/td>\n<td>Parfums d&#039;int\u00e9rieur modernes, cha\u00eenes h\u00f4teli\u00e8res<\/td>\n<\/tr>\n<\/tbody>\n<\/table>\n<h2>Histoire \u00e0 succ\u00e8s<\/h2>\n<p>Une marque nordique d&#039;articles pour la maison a choisi notre diffuseur de 100 ml comme produit phare. La structure hexagonale \u00e9pur\u00e9e du flacon s&#039;accordait parfaitement \u00e0 son esth\u00e9tique, ce qui a permis d&#039;enregistrer une croissance de 40 % des ventes en magasin au premier trimestre. Le diam\u00e8tre int\u00e9rieur standard de 17 mm du col est compatible avec tous les diffuseurs de ses fournisseurs, g\u00e9n\u00e9rant ainsi une \u00e9conomie de 15 % sur les co\u00fbts d&#039;approvisionnement. La marque a \u00e9t\u00e9 tellement satisfaite du produit qu&#039;elle a command\u00e9 une nouvelle production de 300\u00a0000 flacons, d\u00e9clin\u00e9s en trois tailles, afin d&#039;accompagner le d\u00e9veloppement de son r\u00e9seau de distribution \u00e0 l&#039;\u00e9chelle nationale.<\/p>\n<h2>Personnalisation des flacons diffuseurs de parfum<\/h2>\n<ul>\n<li>Couleur du verre : Il est disponible en transparent, fum\u00e9, ambr\u00e9 ou gris clair pour un style minimaliste.<\/li>\n<li>Coupe biseaut\u00e9e\u00a0: Un biseau est ajout\u00e9 de chaque c\u00f4t\u00e9 pour pi\u00e9ger et r\u00e9fl\u00e9chir davantage de lumi\u00e8re.<\/li>\n<li>Gravure laser\u00a0: Gravez des motifs lin\u00e9aires simples, des marques ou des num\u00e9ros sur l\u2019une des faces.<\/li>\n<li>Transparence cristalline ou teintes douces\u00a0: Peut \u00eatre en verre cristal ultra-clair ou dans des tons doux et feutr\u00e9s.<\/li>\n<\/ul>","protected":false},"excerpt":{"rendered":"<p>Diffuseur d\u00e9coratif en flacon hexagonal en verre transparent. Ce flacon diffuseur de parfum est id\u00e9al pour les marques\u00a0; des \u00e9chantillons gratuits sont disponibles sur demande.<\/p>","protected":false},"featured_media":4720,"template":"","meta":{"postBodyCss":"","postBodyMargin":[],"postBodyPadding":[],"postBodyBackground":{"backgroundType":"classic","gradient":""}},"product_brand":[],"product_cat":[15,16,63],"product_tag":[],"class_list":{"0":"post-4716","1":"product","2":"type-product","3":"status-publish","4":"has-post-thumbnail","6":"product_cat-glass-containers","7":"product_cat-glass-bottles","8":"product_cat-reed-diffuser-bottles","10":"first","11":"instock","12":"shipping-taxable","13":"product-type-simple"},"jetpack_sharing_enabled":true,"_links":{"self":[{"href":"https:\/\/minghanggroup.com\/fr\/wp-json\/wp\/v2\/product\/4716","targetHints":{"allow":["GET"]}}],"collection":[{"href":"https:\/\/minghanggroup.com\/fr\/wp-json\/wp\/v2\/product"}],"about":[{"href":"https:\/\/minghanggroup.com\/fr\/wp-json\/wp\/v2\/types\/product"}],"wp:featuredmedia":[{"embeddable":true,"href":"https:\/\/minghanggroup.com\/fr\/wp-json\/wp\/v2\/media\/4720"}],"wp:attachment":[{"href":"https:\/\/minghanggroup.com\/fr\/wp-json\/wp\/v2\/media?parent=4716"}],"wp:term":[{"taxonomy":"product_brand","embeddable":true,"href":"https:\/\/minghanggroup.com\/fr\/wp-json\/wp\/v2\/product_brand?post=4716"},{"taxonomy":"product_cat","embeddable":true,"href":"https:\/\/minghanggroup.com\/fr\/wp-json\/wp\/v2\/product_cat?post=4716"},{"taxonomy":"product_tag","embeddable":true,"href":"https:\/\/minghanggroup.com\/fr\/wp-json\/wp\/v2\/product_tag?post=4716"}],"curies":[{"name":"wp","href":"https:\/\/api.w.org\/{rel}","templated":true}]}}