{"id":4710,"date":"2026-01-16T09:08:33","date_gmt":"2026-01-16T01:08:33","guid":{"rendered":"https:\/\/minghanggroup.com\/?post_type=product&#038;p=4710"},"modified":"2026-01-16T11:10:47","modified_gmt":"2026-01-16T03:10:47","slug":"unique-reed-diffuser-bottles-with-petal-form-bulk","status":"publish","type":"product","link":"https:\/\/minghanggroup.com\/fr\/produit\/unique-reed-diffuser-bottles-with-petal-form-bulk\/","title":{"rendered":"Flacons diffuseurs \u00e0 roseaux uniques de 200 ml en forme de p\u00e9tale (vente en gros)"},"content":{"rendered":"<p>Ces flacons diffuseurs \u00e0 roseaux uniques sont fabriqu\u00e9s en verre sodocalcique transparent. Leur forme \u00e0 plusieurs niveaux, \u00e9voquant des p\u00e9tales, apporte une touche de fra\u00eecheur et de vivacit\u00e9 et rappelle une fleur \u00e9panouie.<\/p>\n<h2>Caract\u00e9ristiques du produit<\/h2>\n<ul>\n<li><strong>Conception \u00e0 p\u00e9tales \u00e0 multiples facettes\u00a0:<\/strong> Le motif \u00e0 multiples facettes des p\u00e9tales est appliqu\u00e9 avec des lignes g\u00e9om\u00e9triques douces qui conf\u00e8rent \u00e0 la bouteille un aspect nouveau et enrichissent son attrait visuel.<\/li>\n<li><strong>Verre sodocalcique durable :<\/strong> Le verre utilis\u00e9 est un mat\u00e9riau durable qui pr\u00e9servera le design raffin\u00e9 du produit au fil du temps et offrira une sensation de robustesse et de stabilit\u00e9.<\/li>\n<li><strong>R\u00e9flexion de la lumi\u00e8re \u00e0 multiples facettes\u00a0:<\/strong> Son design biseaut\u00e9 est lisse et capte la lumi\u00e8re, ce qui garantit que la bouteille brille m\u00eame vide et lui conf\u00e8re une certaine touche d\u00e9corative.<\/li>\n<\/ul>\n<h2 style=\"text-align: left;\">Caract\u00e9ristiques principales<\/h2>\n<table class=\"aligncenter\" style=\"border-collapse: collapse; width: 444.77pt;\" border=\"0\" width=\"593\" cellspacing=\"0\" cellpadding=\"0\">\n<tbody>\n<tr style=\"height: 13.50pt;\">\n<td style=\"height: 13.50pt; width: 119.25pt;\" width=\"159\" height=\"18\">Sp\u00e9cification<\/td>\n<td style=\"width: 325.50pt;\" width=\"434\">D\u00e9tails<\/td>\n<\/tr>\n<tr style=\"height: 13.50pt;\">\n<td style=\"height: 13.50pt;\" height=\"18\">Capacit\u00e9<\/td>\n<td>200 ml<\/td>\n<\/tr>\n<tr style=\"height: 13.50pt;\">\n<td style=\"height: 13.50pt;\" height=\"18\">Dimensions<\/td>\n<td>73\u00d792 mm<\/td>\n<\/tr>\n<tr style=\"height: 13.50pt;\">\n<td style=\"height: 13.50pt;\" height=\"18\">Diam\u00e8tre int\u00e9rieur\/ext\u00e9rieur du col<\/td>\n<td>17 mm \/ 27 mm<\/td>\n<\/tr>\n<tr style=\"height: 13.50pt;\">\n<td style=\"height: 13.50pt;\" height=\"18\">Mat\u00e9riel<\/td>\n<td>Verre sodocalcique<\/td>\n<\/tr>\n<tr style=\"height: 13.50pt;\">\n<td style=\"height: 13.50pt;\" height=\"18\">Forme de bouteille<\/td>\n<td>Forme de p\u00e9tale \u00e0 multiples facettes<\/td>\n<\/tr>\n<tr style=\"height: 13.50pt;\">\n<td style=\"height: 13.50pt;\" height=\"18\">\u00c9tendue de la personnalisation<\/td>\n<td>Couleur, motif \u00e0 facettes, taille<\/td>\n<\/tr>\n<tr style=\"height: 13.50pt;\">\n<td style=\"height: 13.50pt;\" height=\"18\">Savoir-faire<\/td>\n<td>Moulures en verre multi-panneaux, jointure de pr\u00e9cision<\/td>\n<\/tr>\n<tr style=\"height: 13.50pt;\">\n<td style=\"height: 13.50pt;\" height=\"18\">Objectif du produit<\/td>\n<td>Flacons diffuseurs en verre, flacons diffuseurs d\u00e9coratifs \u00e0 roseaux<\/td>\n<\/tr>\n<tr style=\"height: 13.50pt;\">\n<td style=\"height: 13.50pt;\" height=\"18\">Secteurs d&#039;activit\u00e9 appropri\u00e9s<\/td>\n<td>Boutiques de d\u00e9coration int\u00e9rieure, fleuristes et marques de style de vie<\/td>\n<\/tr>\n<\/tbody>\n<\/table>\n<h2>Succ\u00e8s : Une marque de fleuristes et d&#039;ameublement et un produit \u00e0 succ\u00e8s<\/h2>\n<p>Notre flacon diffuseur en verre de 200 ml a \u00e9t\u00e9 choisi par une marque europ\u00e9enne de parfums d&#039;int\u00e9rieur pour le conditionnement de son produit. Sa forme de p\u00e9tale a imm\u00e9diatement rencontr\u00e9 un vif succ\u00e8s, en parfaite ad\u00e9quation avec le th\u00e8me floral de la marque, et a g\u00e9n\u00e9r\u00e9 une augmentation de 150 % des interactions en ligne. Son design distinctif lui a \u00e9galement permis d&#039;acqu\u00e9rir une excellente visibilit\u00e9 en rayon, contribuant \u00e0 une hausse de 75 % des ventes. Satisfaite de ces r\u00e9sultats et de l&#039;ad\u00e9quation parfaite avec son image de marque, la marque a pass\u00e9 une nouvelle commande de 200\u00a0000 flacons pour sa gamme de produits phares.<\/p>\n<h2>Personnalisation unique des flacons diffuseurs \u00e0 roseaux<\/h2>\n<ul>\n<li>Couleurs du verre : Il est disponible en transparent, rose p\u00e2le, vert clair ou ambre pour rappeler les couleurs des fleurs.<\/li>\n<li>Variations du motif de facetature\u00a0: ajouter ou supprimer un certain nombre de p\u00e9tales, ou modifier la forme des p\u00e9tales.<\/li>\n<li>Panneaux d\u00e9coratifs color\u00e9s\u00a0: Avec du verre bicolore, seule une partie du panneau en forme de p\u00e9tale est color\u00e9e.<\/li>\n<li>Gravure laser\u00a0: Des motifs textur\u00e9s sont \u00e9galement dessin\u00e9s sur les panneaux des p\u00e9tales afin de renforcer le th\u00e8me botanique.<\/li>\n<\/ul>","protected":false},"excerpt":{"rendered":"<p>Dot\u00e9es d&#039;une forme florale \u00e0 facettes, ces bouteilles de diffuseur \u00e0 roseaux uniques constituent une option de bouteille de diffuseur en verre haut de gamme avec un support OEM pour les besoins de personnalisation de marque.<\/p>","protected":false},"featured_media":4715,"template":"","meta":{"postBodyCss":"","postBodyMargin":[],"postBodyPadding":[],"postBodyBackground":{"backgroundType":"classic","gradient":""}},"product_brand":[],"product_cat":[15,16,63],"product_tag":[],"class_list":{"0":"post-4710","1":"product","2":"type-product","3":"status-publish","4":"has-post-thumbnail","6":"product_cat-glass-containers","7":"product_cat-glass-bottles","8":"product_cat-reed-diffuser-bottles","10":"first","11":"instock","12":"shipping-taxable","13":"product-type-simple"},"jetpack_sharing_enabled":true,"_links":{"self":[{"href":"https:\/\/minghanggroup.com\/fr\/wp-json\/wp\/v2\/product\/4710","targetHints":{"allow":["GET"]}}],"collection":[{"href":"https:\/\/minghanggroup.com\/fr\/wp-json\/wp\/v2\/product"}],"about":[{"href":"https:\/\/minghanggroup.com\/fr\/wp-json\/wp\/v2\/types\/product"}],"wp:featuredmedia":[{"embeddable":true,"href":"https:\/\/minghanggroup.com\/fr\/wp-json\/wp\/v2\/media\/4715"}],"wp:attachment":[{"href":"https:\/\/minghanggroup.com\/fr\/wp-json\/wp\/v2\/media?parent=4710"}],"wp:term":[{"taxonomy":"product_brand","embeddable":true,"href":"https:\/\/minghanggroup.com\/fr\/wp-json\/wp\/v2\/product_brand?post=4710"},{"taxonomy":"product_cat","embeddable":true,"href":"https:\/\/minghanggroup.com\/fr\/wp-json\/wp\/v2\/product_cat?post=4710"},{"taxonomy":"product_tag","embeddable":true,"href":"https:\/\/minghanggroup.com\/fr\/wp-json\/wp\/v2\/product_tag?post=4710"}],"curies":[{"name":"wp","href":"https:\/\/api.w.org\/{rel}","templated":true}]}}