{"id":4704,"date":"2026-01-15T16:15:18","date_gmt":"2026-01-15T08:15:18","guid":{"rendered":"https:\/\/minghanggroup.com\/?post_type=product&#038;p=4704"},"modified":"2026-01-15T16:15:19","modified_gmt":"2026-01-15T08:15:19","slug":"irregular-square-diffuser-bottles-empty-for-packaging-bulk","status":"publish","type":"product","link":"https:\/\/minghanggroup.com\/fr\/produit\/irregular-square-diffuser-bottles-empty-for-packaging-bulk\/","title":{"rendered":"Flacons diffuseurs carr\u00e9s irr\u00e9guliers vides de 100 ml et 200 ml pour conditionnement en vrac"},"content":{"rendered":"<p>Vos flacons de diffuseur vides ne devraient pas se contenter de contenir du parfum\u00a0; ils devraient illuminer votre int\u00e9rieur. Sp\u00e9cialistes des flacons d&#039;aromath\u00e9rapie, nous cr\u00e9ons des diffuseurs \u00e0 b\u00e2tonnets en verre qui transforment votre diffuseur d&#039;huiles essentielles en une douce brise qui impr\u00e8gne votre pi\u00e8ce.<\/p>\n<h2>Caract\u00e9ristiques du produit<\/h2>\n<ul>\n<li><strong>Charme carr\u00e9 plat irr\u00e9gulier :<\/strong> \u00c9l\u00e9gant, moderne et exclusif, votre diffuseur de parfum d&#039;int\u00e9rieur se transforme en un v\u00e9ritable \u00e9l\u00e9ment de d\u00e9coration.<\/li>\n<li><strong>Clart\u00e9 cristalline :<\/strong> Observez chaque nuance des huiles essentielles parfum\u00e9es \u00e0 travers un verre transparent, sans filtres opaques.<\/li>\n<li><strong>Beaut\u00e9 de l&#039;espace n\u00e9gatif :<\/strong> S\u00e9rigraphie, marquage \u00e0 chaud, \u00e9tiquetage, peu importe, le travail ressort sur un fond net.<\/li>\n<\/ul>\n<h2>Caract\u00e9ristiques principales<\/h2>\n<table style=\"border-collapse: collapse; width: 80%; margin-left: auto; margin-right: auto;\" border=\"0\" width=\"288\" cellspacing=\"0\" cellpadding=\"0\">\n<tbody>\n<tr style=\"height: 13.50pt;\">\n<td style=\"height: 13.5pt; width: 54pt; text-align: center;\" width=\"72\" height=\"18\">Taille (ml)<\/td>\n<td style=\"width: 54pt; text-align: center;\" width=\"72\">Dimensions (mm)<\/td>\n<td style=\"width: 54pt; text-align: center;\" width=\"72\">Diam\u00e8tre du col (mm)<\/td>\n<td style=\"width: 54pt; text-align: center;\" width=\"72\">Forme<\/td>\n<\/tr>\n<tr style=\"height: 13.50pt;\">\n<td style=\"height: 13.5pt; text-align: center;\" align=\"right\" height=\"18\">100<\/td>\n<td style=\"text-align: center;\">93 \u00d7 102<\/td>\n<td style=\"text-align: center;\">15\/26<\/td>\n<td class=\"et2\" style=\"text-align: center;\" rowspan=\"2\">Carr\u00e9 plat irr\u00e9gulier<\/td>\n<\/tr>\n<tr style=\"height: 13.50pt;\">\n<td style=\"height: 13.5pt; text-align: center;\" align=\"right\" height=\"18\">200<\/td>\n<td style=\"text-align: center;\">104 \u00d7 119<\/td>\n<td style=\"text-align: center;\">18\/31<\/td>\n<\/tr>\n<\/tbody>\n<\/table>\n<h2>Cas de r\u00e9ussite<\/h2>\n<p>Une marque de parfums d&#039;int\u00e9rieur haut de gamme s&#039;est appropri\u00e9e nos flacons d&#039;aromath\u00e9rapie pour le lancement de sa nouvelle collection. Dans un premier temps, ils ont personnalis\u00e9 un flacon rose, symbole de la sophistication des huiles essentielles, puis l&#039;ont orn\u00e9 d&#039;une bande de bambou unique. Enfin, ils ont opt\u00e9 pour la s\u00e9rigraphie afin d&#039;y graver leur logo.<\/p>\n<p>Au final, le nouvel emballage a consid\u00e9rablement augment\u00e9 la visibilit\u00e9 du produit en rayon, am\u00e9lior\u00e9 l&#039;engagement des clients et entra\u00een\u00e9 une augmentation de 35 % des r\u00e9achats.<\/p>\n<h2>Vos options de personnalisation<\/h2>\n<ol>\n<li><strong>Techniques de branding\u00a0:<\/strong> Embossage ou d\u00e9bossage du logo sur le corps ou l&#039;\u00e9paule de la bouteille, pouvant \u00eatre combin\u00e9 avec de la soie, de la s\u00e9rigraphie pour des motifs fins ou une typographie.<\/li>\n<li><strong>Choix de la casquette et du col\u00a0:<\/strong> Associez la bouteille \u00e0 des colliers en m\u00e9tal, en bois ou en plastique mat, de couleur or, noir ou personnalis\u00e9e, pour renforcer l&#039;identit\u00e9 de la marque.<\/li>\n<li><strong>Personnalisation des anches :<\/strong> Nous proposons des roseaux en rotin naturel, en fibre noire ou orn\u00e9s de fleurs, pour s&#039;adapter \u00e0 diff\u00e9rents styles esth\u00e9tiques.<\/li>\n<\/ol>","protected":false},"excerpt":{"rendered":"<p>Les flacons diffuseurs vides pr\u00e9sentent un design original avec un corps de forme irr\u00e9guli\u00e8re et du rotin naturel. Ces flacons d&#039;aromath\u00e9rapie sont exp\u00e9di\u00e9s directement de l&#039;usine.<\/p>","protected":false},"featured_media":4708,"template":"","meta":{"postBodyCss":"","postBodyMargin":[],"postBodyPadding":[],"postBodyBackground":{"backgroundType":"classic","gradient":""}},"product_brand":[],"product_cat":[15,16,63],"product_tag":[],"class_list":{"0":"post-4704","1":"product","2":"type-product","3":"status-publish","4":"has-post-thumbnail","6":"product_cat-glass-containers","7":"product_cat-glass-bottles","8":"product_cat-reed-diffuser-bottles","10":"first","11":"instock","12":"shipping-taxable","13":"product-type-simple"},"jetpack_sharing_enabled":true,"_links":{"self":[{"href":"https:\/\/minghanggroup.com\/fr\/wp-json\/wp\/v2\/product\/4704","targetHints":{"allow":["GET"]}}],"collection":[{"href":"https:\/\/minghanggroup.com\/fr\/wp-json\/wp\/v2\/product"}],"about":[{"href":"https:\/\/minghanggroup.com\/fr\/wp-json\/wp\/v2\/types\/product"}],"wp:featuredmedia":[{"embeddable":true,"href":"https:\/\/minghanggroup.com\/fr\/wp-json\/wp\/v2\/media\/4708"}],"wp:attachment":[{"href":"https:\/\/minghanggroup.com\/fr\/wp-json\/wp\/v2\/media?parent=4704"}],"wp:term":[{"taxonomy":"product_brand","embeddable":true,"href":"https:\/\/minghanggroup.com\/fr\/wp-json\/wp\/v2\/product_brand?post=4704"},{"taxonomy":"product_cat","embeddable":true,"href":"https:\/\/minghanggroup.com\/fr\/wp-json\/wp\/v2\/product_cat?post=4704"},{"taxonomy":"product_tag","embeddable":true,"href":"https:\/\/minghanggroup.com\/fr\/wp-json\/wp\/v2\/product_tag?post=4704"}],"curies":[{"name":"wp","href":"https:\/\/api.w.org\/{rel}","templated":true}]}}