{"id":4694,"date":"2026-01-15T14:34:20","date_gmt":"2026-01-15T06:34:20","guid":{"rendered":"https:\/\/minghanggroup.com\/?post_type=product&#038;p=4694"},"modified":"2026-01-15T15:27:51","modified_gmt":"2026-01-15T07:27:51","slug":"empty-diffuser-glass-bottles-with-embossed-wholesale","status":"publish","type":"product","link":"https:\/\/minghanggroup.com\/fr\/produit\/empty-diffuser-glass-bottles-with-embossed-wholesale\/","title":{"rendered":"Flacons diffuseurs vides en verre de 200 ml avec motif en relief (vente en gros)"},"content":{"rendered":"<p>Ce flacon diffuseur en verre est confectionn\u00e9 en verre \u00e9pais et cristallin, de forme sph\u00e9rique plate et arrondie, orn\u00e9e de d\u00e9licats motifs en relief de losanges et de fleurs. Son \u00e9l\u00e9gance est encore accentu\u00e9e par son col fin.<\/p>\n<h2>Caract\u00e9ristiques du produit<\/h2>\n<ul>\n<li><strong>Texture en relief :<\/strong> Le motif en relief est cr\u00e9\u00e9 sur une forme tridimensionnelle, agr\u00e9ment\u00e9 de motifs floraux et de losanges pour renforcer son aspect luxueux vintage et son adh\u00e9rence.<\/li>\n<li><strong>Col fin + Socle d\u00e9coratif :<\/strong> Un col fin permet de visser facilement les bouchons et les diffuseurs, tandis qu&#039;une jolie base assure la stabilit\u00e9 du flacon. Ce sont deux aspects totalement oppos\u00e9s en termes de praticit\u00e9 et d&#039;esth\u00e9tique.<\/li>\n<li><strong>Mat\u00e9riau en verre \u00e9pais\u00a0:<\/strong> Le verre \u00e9pais sodocalcique offre un toucher de grande qualit\u00e9, une longue dur\u00e9e de vie et une excellente qualit\u00e9.<\/li>\n<\/ul>\n<h2 style=\"text-align: left;\">Caract\u00e9ristiques principales<\/h2>\n<table class=\"aligncenter\" style=\"border-collapse: collapse; width: 485.27pt;\" border=\"0\" width=\"647\" cellspacing=\"0\" cellpadding=\"0\">\n<tbody>\n<tr style=\"height: 13.50pt;\">\n<td style=\"height: 13.50pt; width: 155.25pt;\" width=\"207\" height=\"18\">Sp\u00e9cification<\/td>\n<td style=\"width: 330.00pt;\" width=\"440\">D\u00e9tails<\/td>\n<\/tr>\n<tr style=\"height: 13.50pt;\">\n<td style=\"height: 13.50pt;\" height=\"18\">Capacit\u00e9<\/td>\n<td>200 ml<\/td>\n<\/tr>\n<tr style=\"height: 13.50pt;\">\n<td style=\"height: 13.50pt;\" height=\"18\">Dimensions<\/td>\n<td>87\u00d7109 mm<\/td>\n<\/tr>\n<tr style=\"height: 13.50pt;\">\n<td style=\"height: 13.50pt;\" height=\"18\">Diam\u00e8tre int\u00e9rieur\/ext\u00e9rieur du col<\/td>\n<td>18 mm \/ 27 mm<\/td>\n<\/tr>\n<tr style=\"height: 13.50pt;\">\n<td style=\"height: 13.50pt;\" height=\"18\">Mat\u00e9riel<\/td>\n<td>Verre sodocalcique<\/td>\n<\/tr>\n<tr style=\"height: 13.50pt;\">\n<td style=\"height: 13.50pt;\" height=\"18\">Forme de bouteille<\/td>\n<td>Sph\u00e8re aplatie avec base sur pi\u00e9destal<\/td>\n<\/tr>\n<tr style=\"height: 13.50pt;\">\n<td style=\"height: 13.50pt;\" height=\"18\">\u00c9tendue de la personnalisation<\/td>\n<td>Couleur, d\u00e9tail du motif, finition (teint\u00e9e, accents givr\u00e9s)<\/td>\n<\/tr>\n<tr style=\"height: 13.50pt;\">\n<td style=\"height: 13.50pt;\" height=\"18\">Savoir-faire<\/td>\n<td>Moulage par pressage de motifs complexes, formage de socles<\/td>\n<\/tr>\n<tr style=\"height: 13.50pt;\">\n<td style=\"height: 13.50pt;\" height=\"18\">Objectif du produit<\/td>\n<td>Diffuseurs en gros, flacons diffuseurs en verre<\/td>\n<\/tr>\n<tr style=\"height: 13.50pt;\">\n<td style=\"height: 13.50pt;\" height=\"18\">Secteurs d&#039;activit\u00e9 appropri\u00e9s<\/td>\n<td>Parfums d&#039;int\u00e9rieur de luxe, produits d&#039;accueil pour h\u00f4tels et spas<\/td>\n<\/tr>\n<\/tbody>\n<\/table>\n<h2>Succ\u00e8s\u00a0: Collection exclusive aupr\u00e8s d\u2019un fournisseur d\u2019h\u00f4tels de luxe europ\u00e9ens<\/h2>\n<p>Notre flacon diffuseur en verre de 200 ml, dot\u00e9 d&#039;un diffuseur et d&#039;une finition en verre blanc laiteux sur mesure, a \u00e9t\u00e9 command\u00e9 par un h\u00f4tel cinq \u00e9toiles europ\u00e9en. Son \u00e9l\u00e9gant motif matelass\u00e9 en losanges offre une prise en main antid\u00e9rapante optimale, r\u00e9duisant ainsi les risques de chute accidentelle de 99 %. Sa contenance de 200 ml permet \u00e9galement de r\u00e9aliser 25 % d&#039;\u00e9conomies sur les co\u00fbts d&#039;exploitation en minimisant la fr\u00e9quence des remplissages. Ce design luxueux a g\u00e9n\u00e9r\u00e9 un doublement des demandes de renseignements concernant le flacon diffuseur lui-m\u00eame. Impressionn\u00e9 par ce succ\u00e8s, le fournisseur a pass\u00e9 une nouvelle commande de 350\u00a0000 flacons dans le cadre d&#039;un contrat pluriannuel.<\/p>\n<h2>Options de vente en gros de diffuseurs et personnalisation<\/h2>\n<ul>\n<li>Personnalisation des motifs : Personnalisez les motifs en losange ou floraux selon les armoiries ou les embl\u00e8mes floraux de la marque.<\/li>\n<li>D\u00e9corations en vitrail\u00a0: On utilise du verre bicolore, g\u00e9n\u00e9ralement un corps transparent avec un fond color\u00e9.<\/li>\n<li>Logo en relief\u00a0: Glissez un petit logo en relief dans le motif d\u00e9coratif.<\/li>\n<li>Finition m\u00e9tallis\u00e9e : appliquer une peinture de base dor\u00e9e, argent\u00e9e ou bronze.<\/li>\n<\/ul>","protected":false},"excerpt":{"rendered":"<p>Flacon diffuseur classique en verre avec d\u00e9cor floral en relief et base stable, flacons diffuseurs artistiques en gros, adapt\u00e9s aux concepts de d\u00e9coration haut de gamme, \u00e9chantillons gratuits.<\/p>","protected":false},"featured_media":4697,"template":"","meta":{"postBodyCss":"","postBodyMargin":[],"postBodyPadding":[],"postBodyBackground":{"backgroundType":"classic","gradient":""}},"product_brand":[],"product_cat":[15,16,63],"product_tag":[],"class_list":{"0":"post-4694","1":"product","2":"type-product","3":"status-publish","4":"has-post-thumbnail","6":"product_cat-glass-containers","7":"product_cat-glass-bottles","8":"product_cat-reed-diffuser-bottles","10":"first","11":"instock","12":"shipping-taxable","13":"product-type-simple"},"jetpack_sharing_enabled":true,"_links":{"self":[{"href":"https:\/\/minghanggroup.com\/fr\/wp-json\/wp\/v2\/product\/4694","targetHints":{"allow":["GET"]}}],"collection":[{"href":"https:\/\/minghanggroup.com\/fr\/wp-json\/wp\/v2\/product"}],"about":[{"href":"https:\/\/minghanggroup.com\/fr\/wp-json\/wp\/v2\/types\/product"}],"wp:featuredmedia":[{"embeddable":true,"href":"https:\/\/minghanggroup.com\/fr\/wp-json\/wp\/v2\/media\/4697"}],"wp:attachment":[{"href":"https:\/\/minghanggroup.com\/fr\/wp-json\/wp\/v2\/media?parent=4694"}],"wp:term":[{"taxonomy":"product_brand","embeddable":true,"href":"https:\/\/minghanggroup.com\/fr\/wp-json\/wp\/v2\/product_brand?post=4694"},{"taxonomy":"product_cat","embeddable":true,"href":"https:\/\/minghanggroup.com\/fr\/wp-json\/wp\/v2\/product_cat?post=4694"},{"taxonomy":"product_tag","embeddable":true,"href":"https:\/\/minghanggroup.com\/fr\/wp-json\/wp\/v2\/product_tag?post=4694"}],"curies":[{"name":"wp","href":"https:\/\/api.w.org\/{rel}","templated":true}]}}