{"id":4689,"date":"2026-01-15T13:41:24","date_gmt":"2026-01-15T05:41:24","guid":{"rendered":"https:\/\/minghanggroup.com\/?post_type=product&#038;p=4689"},"modified":"2026-01-15T14:33:32","modified_gmt":"2026-01-15T06:33:32","slug":"empty-reed-diffuser-containers-with-embossed-bulk","status":"publish","type":"product","link":"https:\/\/minghanggroup.com\/fr\/produit\/empty-reed-diffuser-containers-with-embossed-bulk\/","title":{"rendered":"Contenants vides pour diffuseur \u00e0 b\u00e2tonnets de 120 ml avec impression en relief"},"content":{"rendered":"<p>Ce flacon diffuseur de parfum vide apportera une touche r\u00e9tro \u00e0 votre int\u00e9rieur. Son corps cylindrique en verre transparent est orn\u00e9 d&#039;un d\u00e9licat motif floral en relief.<\/p>\n<h2>Caract\u00e9ristiques du produit<\/h2>\n<ul>\n<li><strong>Texture florale tridimensionnelle :<\/strong> La texture florale en relief sur la bouteille lui conf\u00e8re non seulement un aspect vintage et romantique gr\u00e2ce \u00e0 ses d\u00e9tails, mais am\u00e9liore \u00e9galement la prise en main.<\/li>\n<li><strong>Verre de haute transparence :<\/strong> Le verre enti\u00e8rement transparent permet de voir clairement la couleur des huiles essentielles, et sa texture lui conf\u00e8re profondeur et dimension lorsqu&#039;il est expos\u00e9 \u00e0 la lumi\u00e8re, ce qui le rend sophistiqu\u00e9.<\/li>\n<li><strong>Corps cylindrique carr\u00e9 :<\/strong> Son corps cylindrique et trapu offre une bonne stabilit\u00e9 en position assise et ses lignes \u00e9pur\u00e9es s&#039;harmonisent avec les autres \u00e9l\u00e9ments de d\u00e9coration int\u00e9rieure.<\/li>\n<\/ul>\n<h2 style=\"text-align: left;\">Caract\u00e9ristiques principales<\/h2>\n<table class=\"aligncenter\" style=\"border-collapse: collapse; width: 485.27pt;\" border=\"0\" width=\"647\" cellspacing=\"0\" cellpadding=\"0\">\n<tbody>\n<tr style=\"height: 13.50pt;\">\n<td style=\"height: 13.50pt; width: 155.25pt;\" width=\"207\" height=\"18\">Sp\u00e9cification<\/td>\n<td style=\"width: 330.00pt;\" width=\"440\">D\u00e9tails<\/td>\n<\/tr>\n<tr style=\"height: 13.50pt;\">\n<td style=\"height: 13.50pt;\" height=\"18\">Capacit\u00e9<\/td>\n<td>120 ml<\/td>\n<\/tr>\n<tr style=\"height: 13.50pt;\">\n<td style=\"height: 13.50pt;\" height=\"18\">Dimensions<\/td>\n<td>60\u00d785 mm<\/td>\n<\/tr>\n<tr style=\"height: 13.50pt;\">\n<td style=\"height: 13.50pt;\" height=\"18\">Diam\u00e8tre int\u00e9rieur\/ext\u00e9rieur du col<\/td>\n<td>17 mm \/ 27 mm<\/td>\n<\/tr>\n<tr style=\"height: 13.50pt;\">\n<td style=\"height: 13.50pt;\" height=\"18\">Mat\u00e9riel<\/td>\n<td>Verre sodocalcique<\/td>\n<\/tr>\n<tr style=\"height: 13.50pt;\">\n<td style=\"height: 13.50pt;\" height=\"18\">Forme de bouteille<\/td>\n<td>Cylindre \u00e0 gravure florale 3D<\/td>\n<\/tr>\n<tr style=\"height: 13.50pt;\">\n<td style=\"height: 13.50pt;\" height=\"18\">\u00c9tendue de la personnalisation<\/td>\n<td>Couleur, motif de gravure, finition de surface (transparent, teint\u00e9)<\/td>\n<\/tr>\n<tr style=\"height: 13.50pt;\">\n<td style=\"height: 13.50pt;\" height=\"18\">Savoir-faire<\/td>\n<td>Gravure\/pressage du verre 3D, finition du col<\/td>\n<\/tr>\n<tr style=\"height: 13.50pt;\">\n<td style=\"height: 13.50pt;\" height=\"18\">Objectif du produit<\/td>\n<td>R\u00e9cipients diffuseurs, flacons d\u00e9coratifs pour huiles parfum\u00e9es<\/td>\n<\/tr>\n<tr style=\"height: 13.50pt;\">\n<td style=\"height: 13.50pt;\" height=\"18\">Secteurs d&#039;activit\u00e9 appropri\u00e9s<\/td>\n<td>Boutiques de parfums d&#039;int\u00e9rieur, boutiques de cadeaux<\/td>\n<\/tr>\n<\/tbody>\n<\/table>\n<h2>Succ\u00e8s commercial : La gamme la plus vendue d&#039;une marque de style campagnard britannique<\/h2>\n<p>Une marque britannique a lanc\u00e9 une gamme de diffuseurs \u00e0 b\u00e2tonnets \u00e0 motif floral. Son flacon de 120 ml, au design raffin\u00e9 et grav\u00e9 de fleurs, est devenu sa signature et a g\u00e9n\u00e9r\u00e9 une augmentation de 300 % des partages sur les r\u00e9seaux sociaux. Le col standard de 17 mm est compatible avec tous les b\u00e2tonnets de diffuseur courants, ce qui facilite la production. Sa structure robuste garantit un taux de r\u00e9ussite de livraison de 99,5 %. Face \u00e0 un tel succ\u00e8s, la marque a pass\u00e9 une nouvelle commande de 250\u00a0000 flacons de ses collections permanentes et saisonni\u00e8res.<\/p>\n<h2>Choix de personnalisation du diffuseur<\/h2>\n<ul>\n<li>Couleur du verre : Il est disponible en verre transparent, vert tendre, bleu clair ou ambr\u00e9 pour lui donner un aspect vintage.<\/li>\n<li>Motifs grav\u00e9s personnalis\u00e9s\u00a0: transformez les motifs floraux en motifs floraux, g\u00e9om\u00e9triques et Art nouveau.<\/li>\n<li>Logo en relief\u00a0: Un petit logo en relief peut \u00eatre l\u00e9g\u00e8rement imprim\u00e9 sur le motif grav\u00e9.<\/li>\n<li>Finition brillante ou nacr\u00e9e\u00a0: Ajoutez une l\u00e9g\u00e8re couche nacr\u00e9e pour obtenir un effet scintillant \u00e0 la lumi\u00e8re.<\/li>\n<\/ul>","protected":false},"excerpt":{"rendered":"<p>Diffuseur \u00e0 b\u00e2tonnets vide de style vintage avec motifs floraux en relief, contenants de diffuseur haute transparence adapt\u00e9s \u00e0 une utilisation en parfumerie d&#039;int\u00e9rieur, \u00e9chantillons gratuits disponibles.<\/p>","protected":false},"featured_media":4691,"template":"","meta":{"postBodyCss":"","postBodyMargin":[],"postBodyPadding":[],"postBodyBackground":{"backgroundType":"classic","gradient":""}},"product_brand":[],"product_cat":[15,16,63],"product_tag":[],"class_list":{"0":"post-4689","1":"product","2":"type-product","3":"status-publish","4":"has-post-thumbnail","6":"product_cat-glass-containers","7":"product_cat-glass-bottles","8":"product_cat-reed-diffuser-bottles","10":"first","11":"instock","12":"shipping-taxable","13":"product-type-simple"},"jetpack_sharing_enabled":true,"_links":{"self":[{"href":"https:\/\/minghanggroup.com\/fr\/wp-json\/wp\/v2\/product\/4689","targetHints":{"allow":["GET"]}}],"collection":[{"href":"https:\/\/minghanggroup.com\/fr\/wp-json\/wp\/v2\/product"}],"about":[{"href":"https:\/\/minghanggroup.com\/fr\/wp-json\/wp\/v2\/types\/product"}],"wp:featuredmedia":[{"embeddable":true,"href":"https:\/\/minghanggroup.com\/fr\/wp-json\/wp\/v2\/media\/4691"}],"wp:attachment":[{"href":"https:\/\/minghanggroup.com\/fr\/wp-json\/wp\/v2\/media?parent=4689"}],"wp:term":[{"taxonomy":"product_brand","embeddable":true,"href":"https:\/\/minghanggroup.com\/fr\/wp-json\/wp\/v2\/product_brand?post=4689"},{"taxonomy":"product_cat","embeddable":true,"href":"https:\/\/minghanggroup.com\/fr\/wp-json\/wp\/v2\/product_cat?post=4689"},{"taxonomy":"product_tag","embeddable":true,"href":"https:\/\/minghanggroup.com\/fr\/wp-json\/wp\/v2\/product_tag?post=4689"}],"curies":[{"name":"wp","href":"https:\/\/api.w.org\/{rel}","templated":true}]}}