{"id":4684,"date":"2026-01-15T13:23:21","date_gmt":"2026-01-15T05:23:21","guid":{"rendered":"https:\/\/minghanggroup.com\/?post_type=product&#038;p=4684"},"modified":"2026-01-15T13:41:53","modified_gmt":"2026-01-15T05:41:53","slug":"clear-empty-reed-diffuser-bottles-wholesale","status":"publish","type":"product","link":"https:\/\/minghanggroup.com\/fr\/produit\/clear-empty-reed-diffuser-bottles-wholesale\/","title":{"rendered":"Flacons diffuseurs \u00e0 roseaux vides transparents de 120 ml et 200 ml en gros"},"content":{"rendered":"<p>Ces flacons diffuseurs \u00e0 b\u00e2tonnets, disponibles en gros, allient style et fonctionnalit\u00e9. Fabriqu\u00e9s en verre \u00e9pais et transparent, ils pr\u00e9sentent des lignes arrondies et douces, ainsi qu&#039;une forme carr\u00e9e. Le goulot, dot\u00e9 d&#039;un filetage multiple, s&#039;embo\u00eete parfaitement avec le bouchon du diffuseur.<\/p>\n<h2>Caract\u00e9ristiques du produit<\/h2>\n<ul>\n<li><strong>Corps rectangulaire :<\/strong> Le design est \u00e9pur\u00e9 et se pr\u00e9sente sous la forme d&#039;un rectangle aux lignes harmonieuses, ce qui le rend facile \u00e0 exposer.<\/li>\n<li><strong>Col filet\u00e9 \u00e9tanche :<\/strong> La conception \u00e0 plusieurs filetages assurera une \u00e9tanch\u00e9it\u00e9 parfaite et s\u00e9curis\u00e9e, essentielle pour stocker les marchandises en toute s\u00e9curit\u00e9.<\/li>\n<li><strong>Double capacit\u00e9 :<\/strong> 120 ml dans les petites surfaces et 200 ml dans les grandes surfaces afin d&#039;obtenir une diffusion durable et suffisante des parfums.<\/li>\n<\/ul>\n<h2 style=\"text-align: left;\">Caract\u00e9ristiques principales<\/h2>\n<table class=\"aligncenter\" style=\"border-collapse: collapse; width: 465.02pt;\" border=\"0\" width=\"620\" cellspacing=\"0\" cellpadding=\"0\">\n<tbody>\n<tr style=\"height: 13.50pt;\">\n<td style=\"height: 13.50pt; width: 155.25pt;\" width=\"207\" height=\"18\">Sp\u00e9cification<\/td>\n<td style=\"width: 309.75pt;\" width=\"413\">D\u00e9tails<\/td>\n<\/tr>\n<tr style=\"height: 13.50pt;\">\n<td style=\"height: 13.50pt;\" height=\"18\">Capacit\u00e9<\/td>\n<td>120 ml \/ 200 ml<\/td>\n<\/tr>\n<tr style=\"height: 13.50pt;\">\n<td style=\"height: 13.50pt;\" height=\"18\">Dimensions<\/td>\n<td>90\u00d736\u00d796 mm \/ 96\u00d748\u00d7105 mm<\/td>\n<\/tr>\n<tr style=\"height: 13.50pt;\">\n<td style=\"height: 13.50pt;\" height=\"18\">Diam\u00e8tre int\u00e9rieur\/ext\u00e9rieur du col<\/td>\n<td>17 mm \/ 27 mm<\/td>\n<\/tr>\n<tr style=\"height: 13.50pt;\">\n<td style=\"height: 13.50pt;\" height=\"18\">Mat\u00e9riel<\/td>\n<td>Verre sodium-calcium<\/td>\n<\/tr>\n<tr style=\"height: 13.50pt;\">\n<td style=\"height: 13.50pt;\" height=\"18\">Forme de bouteille<\/td>\n<td>Prisme rectangulaire<\/td>\n<\/tr>\n<tr style=\"height: 13.50pt;\">\n<td style=\"height: 13.50pt;\" height=\"18\">\u00c9tendue de la personnalisation<\/td>\n<td>Couleur, Finition (d\u00e9polie, transparente), Taille<\/td>\n<\/tr>\n<tr style=\"height: 13.50pt;\">\n<td style=\"height: 13.50pt;\" height=\"18\">Savoir-faire<\/td>\n<td>Formage rectangulaire de pr\u00e9cision, finition polie brillante<\/td>\n<\/tr>\n<tr style=\"height: 13.50pt;\">\n<td style=\"height: 13.50pt;\" height=\"18\">Objectif du produit<\/td>\n<td>Flacons diffuseurs \u00e0 roseaux en gros, verrerie pour diffuseurs<\/td>\n<\/tr>\n<tr style=\"height: 13.50pt;\">\n<td style=\"height: 13.50pt;\" height=\"18\">Secteurs d&#039;activit\u00e9 appropri\u00e9s<\/td>\n<td>Marques de parfums d&#039;int\u00e9rieur, groupes h\u00f4teliers<\/td>\n<\/tr>\n<\/tbody>\n<\/table>\n<h2>Histoire \u00e0 succ\u00e8s<\/h2>\n<p>L&#039;une des principales cha\u00eenes h\u00f4teli\u00e8res nord-am\u00e9ricaines a achet\u00e9 nos flacons diffuseurs de 200 ml en gros. Leur image de marque, avec sa forme rectangulaire minimaliste, correspondait parfaitement \u00e0 leurs attentes, et le format de 200 ml minimisait le nombre de recharges, permettant ainsi une \u00e9conomie de 20 % sur le nettoyage des chambres. Leurs m\u00e9langes personnalis\u00e9s d&#039;huiles essentielles \u00e9taient clairement visibles dans le verre, ce qui a entra\u00een\u00e9 une augmentation de 15 % des ventes au d\u00e9tail. La cha\u00eene h\u00f4teli\u00e8re, tr\u00e8s satisfaite, a pass\u00e9 une nouvelle commande de 1,2 million de flacons afin de couvrir ses besoins d&#039;approvisionnement pour tous ses h\u00f4tels au cours des trois prochaines ann\u00e9es.<\/p>\n<h2>Flacons diffuseurs en gros - Mod\u00e8les personnalisables<\/h2>\n<ul>\n<li>Teinte du verre\u00a0: le verre peut \u00eatre teint\u00e9 en clair, en gris clair ou en noir fum\u00e9 pour cr\u00e9er diff\u00e9rentes ambiances.<\/li>\n<li>Tailles personnalis\u00e9es\u00a0: Modifiez l\u00e9g\u00e8rement les proportions des tailles tout en conservant la forme rectangulaire.<\/li>\n<li>Rev\u00eatement mat : Ajoutez un rev\u00eatement doux au toucher ou mat pour une sensation de haute qualit\u00e9.<\/li>\n<li>S\u00e9rigraphie : Imprimez des noms de marque ou des images simples et esth\u00e9tiques avec une encre c\u00e9ramique longue dur\u00e9e.<\/li>\n<\/ul>","protected":false},"excerpt":{"rendered":"<p>Flacons diffuseurs transparents en verre cristal de qualit\u00e9 sup\u00e9rieure, id\u00e9aux pour le remplissage et la pr\u00e9sentation, exp\u00e9dition rapide dans le monde entier.<\/p>","protected":false},"featured_media":4685,"template":"","meta":{"postBodyCss":"","postBodyMargin":[],"postBodyPadding":[],"postBodyBackground":{"backgroundType":"classic","gradient":""}},"product_brand":[],"product_cat":[15,16,63],"product_tag":[],"class_list":{"0":"post-4684","1":"product","2":"type-product","3":"status-publish","4":"has-post-thumbnail","6":"product_cat-glass-containers","7":"product_cat-glass-bottles","8":"product_cat-reed-diffuser-bottles","10":"first","11":"instock","12":"shipping-taxable","13":"product-type-simple"},"jetpack_sharing_enabled":true,"_links":{"self":[{"href":"https:\/\/minghanggroup.com\/fr\/wp-json\/wp\/v2\/product\/4684","targetHints":{"allow":["GET"]}}],"collection":[{"href":"https:\/\/minghanggroup.com\/fr\/wp-json\/wp\/v2\/product"}],"about":[{"href":"https:\/\/minghanggroup.com\/fr\/wp-json\/wp\/v2\/types\/product"}],"wp:featuredmedia":[{"embeddable":true,"href":"https:\/\/minghanggroup.com\/fr\/wp-json\/wp\/v2\/media\/4685"}],"wp:attachment":[{"href":"https:\/\/minghanggroup.com\/fr\/wp-json\/wp\/v2\/media?parent=4684"}],"wp:term":[{"taxonomy":"product_brand","embeddable":true,"href":"https:\/\/minghanggroup.com\/fr\/wp-json\/wp\/v2\/product_brand?post=4684"},{"taxonomy":"product_cat","embeddable":true,"href":"https:\/\/minghanggroup.com\/fr\/wp-json\/wp\/v2\/product_cat?post=4684"},{"taxonomy":"product_tag","embeddable":true,"href":"https:\/\/minghanggroup.com\/fr\/wp-json\/wp\/v2\/product_tag?post=4684"}],"curies":[{"name":"wp","href":"https:\/\/api.w.org\/{rel}","templated":true}]}}