{"id":4678,"date":"2026-01-15T11:11:58","date_gmt":"2026-01-15T03:11:58","guid":{"rendered":"https:\/\/minghanggroup.com\/?post_type=product&#038;p=4678"},"modified":"2026-01-15T11:54:31","modified_gmt":"2026-01-15T03:54:31","slug":"empty-reed-diffuser-bottles-with-grooves-bulk","status":"publish","type":"product","link":"https:\/\/minghanggroup.com\/fr\/produit\/empty-reed-diffuser-bottles-with-grooves-bulk\/","title":{"rendered":"Flacons diffuseurs \u00e0 roseaux vides de 110 ml et 130 ml avec rainures (vente en gros)"},"content":{"rendered":"<p>Ce flacon diffuseur \u00e0 b\u00e2tonnets poss\u00e8de une forme cylindrique classique qui lui conf\u00e8re une structure stable et robuste. Une texture grav\u00e9e orne la face rainur\u00e9e du flacon, et son bouchon \u00e0 vis multiple assure une fermeture herm\u00e9tique.<\/p>\n<h2>Caract\u00e9ristiques du produit<\/h2>\n<ul>\n<li><strong>Texture rainur\u00e9e :<\/strong> La base du corps cylindrique est tr\u00e8s \u00e9paisse et large, ce qui contribue \u00e0 lui assurer une bonne stabilit\u00e9 ; les rainures horizontales lui donnent un aspect r\u00e9tro et facilitent la prise en main.<\/li>\n<li><strong>Verre d\u00e9coratif transparent :<\/strong> Le verre transparent met en valeur les huiles parfum\u00e9es contenues dans le flacon, soulignant ainsi les d\u00e9tails textur\u00e9s de ce dernier.<\/li>\n<li><strong>Bouchon \u00e0 plusieurs vis :<\/strong> Sa conception filet\u00e9e est sp\u00e9ciale, ce qui assure une \u00e9tanch\u00e9it\u00e9 parfaite et emp\u00eache les fuites, un point essentiel pour la conservation s\u00fbre des huiles essentielles.<\/li>\n<\/ul>\n<h2 style=\"text-align: left;\">Caract\u00e9ristiques principales<\/h2>\n<table class=\"aligncenter\" style=\"border-collapse: collapse; width: 465.02pt;\" border=\"0\" width=\"620\" cellspacing=\"0\" cellpadding=\"0\">\n<tbody>\n<tr style=\"height: 13.50pt;\">\n<td style=\"height: 13.50pt; width: 155.25pt;\" width=\"207\" height=\"18\">Sp\u00e9cification<\/td>\n<td style=\"width: 309.75pt;\" width=\"413\">D\u00e9tails<\/td>\n<\/tr>\n<tr style=\"height: 13.50pt;\">\n<td style=\"height: 13.50pt;\" height=\"18\">Capacit\u00e9<\/td>\n<td>110 ml \/ 130 ml<\/td>\n<\/tr>\n<tr style=\"height: 13.50pt;\">\n<td style=\"height: 13.50pt;\" height=\"18\">Dimensions<\/td>\n<td>56\u00d796 mm \/ 58\u00d799 mm<\/td>\n<\/tr>\n<tr style=\"height: 13.50pt;\">\n<td style=\"height: 13.50pt;\" height=\"18\">Diam\u00e8tre int\u00e9rieur\/ext\u00e9rieur du col<\/td>\n<td>17 mm \/ 27 mm<\/td>\n<\/tr>\n<tr style=\"height: 13.50pt;\">\n<td style=\"height: 13.50pt;\" height=\"18\">Mat\u00e9riel<\/td>\n<td>Verre sodium-calcium<\/td>\n<\/tr>\n<tr style=\"height: 13.50pt;\">\n<td style=\"height: 13.50pt;\" height=\"18\">Forme de bouteille<\/td>\n<td>Cylindre rainur\u00e9<\/td>\n<\/tr>\n<tr style=\"height: 13.50pt;\">\n<td style=\"height: 13.50pt;\" height=\"18\">\u00c9tendue de la personnalisation<\/td>\n<td>Couleur, motif des rainures, finition (d\u00e9polie, brillante)<\/td>\n<\/tr>\n<tr style=\"height: 13.50pt;\">\n<td style=\"height: 13.50pt;\" height=\"18\">Savoir-faire<\/td>\n<td>Moulure en verre rainur\u00e9e, filetage multi-d\u00e9parts de pr\u00e9cision<\/td>\n<\/tr>\n<tr style=\"height: 13.50pt;\">\n<td style=\"height: 13.50pt;\" height=\"18\">Objectif du produit<\/td>\n<td>Flacons de diffuseurs vides, r\u00e9cipients d\u00e9coratifs pour huiles essentielles<\/td>\n<\/tr>\n<tr style=\"height: 13.50pt;\">\n<td style=\"height: 13.50pt;\" height=\"18\">Secteurs d&#039;activit\u00e9 appropri\u00e9s<\/td>\n<td>Marques de parfums d&#039;int\u00e9rieur, produits d&#039;accueil d&#039;h\u00f4tel<\/td>\n<\/tr>\n<\/tbody>\n<\/table>\n<h2>\u00c9tude de cas r\u00e9ussie : L&#039;introduction d&#039;une collection patrimoniale de type pharmacie en Europe<\/h2>\n<p>Une marque europ\u00e9enne de parfums d&#039;int\u00e9rieur a choisi nos flacons diffuseurs \u00e0 b\u00e2tonnets vides de 130 ml et a con\u00e7u le corps en verre ambr\u00e9 et le bouchon en li\u00e8ge. La texture rainur\u00e9e offre une excellente prise en main antid\u00e9rapante, un point fort pl\u00e9biscit\u00e9 par les clients (60 % des avis le mentionnent). Son design d&#039;inspiration vintage lui a permis d&#039;\u00eatre distribu\u00e9 dans plus de 200 boutiques haut de gamme sp\u00e9cialis\u00e9es dans les produits pour la maison. Face \u00e0 un accueil aussi positif, la marque a command\u00e9 500\u00a0000 flacons suppl\u00e9mentaires pour sa collection permanente et ses produits saisonniers.<\/p>\n<h2>Personnalisation des flacons de diffuseur vides<\/h2>\n<ul>\n<li>Couleur\/Transparence du verre\u00a0: Ce mod\u00e8le est disponible en verre transparent, ambr\u00e9, gris fum\u00e9 ou blanc opaque.<\/li>\n<li>Motif de rainures personnalis\u00e9\u00a0: Les rainures horizontales peuvent \u00eatre modifi\u00e9es en termes de largeur, de profondeur ou d\u2019espacement.<\/li>\n<li>Gravure laser\u00a0: Gravure entre les rainures avec des symboles d\u2019apothicaire, des logos de marque ou des motifs botaniques.<\/li>\n<li>Bouchons personnalis\u00e9s\u00a0: Bouchons fabriqu\u00e9s \u00e0 partir de mat\u00e9riaux identiques, par exemple du bois vieilli, de la c\u00e9ramique ou du verre.<\/li>\n<\/ul>","protected":false},"excerpt":{"rendered":"<p>Flacons diffuseurs vides et \u00e9l\u00e9gants, rainur\u00e9s et fabriqu\u00e9s en cristal transparent, id\u00e9aux pour le remplissage et la pr\u00e9sentation de diffuseurs \u00e0 roseaux. \u00c9chantillons gratuits disponibles.<\/p>","protected":false},"featured_media":4682,"template":"","meta":{"postBodyCss":"","postBodyMargin":[],"postBodyPadding":[],"postBodyBackground":{"backgroundType":"classic","gradient":""}},"product_brand":[],"product_cat":[15,16,63],"product_tag":[],"class_list":{"0":"post-4678","1":"product","2":"type-product","3":"status-publish","4":"has-post-thumbnail","6":"product_cat-glass-containers","7":"product_cat-glass-bottles","8":"product_cat-reed-diffuser-bottles","10":"first","11":"instock","12":"shipping-taxable","13":"product-type-simple"},"jetpack_sharing_enabled":true,"_links":{"self":[{"href":"https:\/\/minghanggroup.com\/fr\/wp-json\/wp\/v2\/product\/4678","targetHints":{"allow":["GET"]}}],"collection":[{"href":"https:\/\/minghanggroup.com\/fr\/wp-json\/wp\/v2\/product"}],"about":[{"href":"https:\/\/minghanggroup.com\/fr\/wp-json\/wp\/v2\/types\/product"}],"wp:featuredmedia":[{"embeddable":true,"href":"https:\/\/minghanggroup.com\/fr\/wp-json\/wp\/v2\/media\/4682"}],"wp:attachment":[{"href":"https:\/\/minghanggroup.com\/fr\/wp-json\/wp\/v2\/media?parent=4678"}],"wp:term":[{"taxonomy":"product_brand","embeddable":true,"href":"https:\/\/minghanggroup.com\/fr\/wp-json\/wp\/v2\/product_brand?post=4678"},{"taxonomy":"product_cat","embeddable":true,"href":"https:\/\/minghanggroup.com\/fr\/wp-json\/wp\/v2\/product_cat?post=4678"},{"taxonomy":"product_tag","embeddable":true,"href":"https:\/\/minghanggroup.com\/fr\/wp-json\/wp\/v2\/product_tag?post=4678"}],"curies":[{"name":"wp","href":"https:\/\/api.w.org\/{rel}","templated":true}]}}