{"id":4663,"date":"2026-01-15T09:13:16","date_gmt":"2026-01-15T01:13:16","guid":{"rendered":"https:\/\/minghanggroup.com\/?post_type=product&#038;p=4663"},"modified":"2026-01-15T11:07:08","modified_gmt":"2026-01-15T03:07:08","slug":"square-empty-reed-diffuser-glass-bottles-bulk","status":"publish","type":"product","link":"https:\/\/minghanggroup.com\/fr\/produit\/square-empty-reed-diffuser-glass-bottles-bulk\/","title":{"rendered":"Flacons en verre vides carr\u00e9s de 100 ml pour diffuseur \u00e0 roseaux, en vrac"},"content":{"rendered":"<p>Ces flacons diffuseurs \u00e0 b\u00e2tonnets sont fabriqu\u00e9s en verre transparent. Leur forme rectangulaire aux angles marqu\u00e9s met parfaitement en valeur le parfum des huiles essentielles qu&#039;ils contiennent.<\/p>\n<h2>Caract\u00e9ristiques du produit<\/h2>\n<ul>\n<li><strong>Rectangle g\u00e9om\u00e9trique minimaliste :<\/strong> La forme rectangulaire aux angles aigus produit un effet visuel audacieux, moderne et sophistiqu\u00e9.<\/li>\n<li><strong>Bouteille transparente comme du cristal :<\/strong> Le verre est enti\u00e8rement transparent et laisse clairement appara\u00eetre la couleur des huiles essentielles ; la r\u00e9fraction de la lumi\u00e8re fait \u00e9galement ressortir la texture transparente des huiles, ce qui permet de cr\u00e9er un m\u00e9lange optimal de notes olfactives.<\/li>\n<li><strong>Grande capacit\u00e9 :<\/strong> Le grand format de 100 ml est \u00e9galement un atout et permet une utilisation prolong\u00e9e dans une pi\u00e8ce de taille normale.<\/li>\n<\/ul>\n<h2 style=\"text-align: left;\">Caract\u00e9ristiques principales<\/h2>\n<table class=\"aligncenter\" style=\"border-collapse: collapse; width: 480.77pt;\" border=\"0\" width=\"641\" cellspacing=\"0\" cellpadding=\"0\">\n<tbody>\n<tr style=\"height: 13.50pt;\">\n<td style=\"height: 13.50pt; width: 155.25pt;\" width=\"207\" height=\"18\">Sp\u00e9cification<\/td>\n<td style=\"width: 325.50pt;\" width=\"434\">D\u00e9tails<\/td>\n<\/tr>\n<tr style=\"height: 13.50pt;\">\n<td style=\"height: 13.50pt;\" height=\"18\">Capacit\u00e9<\/td>\n<td>100 ml<\/td>\n<\/tr>\n<tr style=\"height: 13.50pt;\">\n<td style=\"height: 13.50pt;\" height=\"18\">Dimensions<\/td>\n<td>89\u00d736\u00d796 mm<\/td>\n<\/tr>\n<tr style=\"height: 13.50pt;\">\n<td style=\"height: 13.50pt;\" height=\"18\">Diam\u00e8tre int\u00e9rieur\/ext\u00e9rieur du col<\/td>\n<td>19 mm \/ 31 mm<\/td>\n<\/tr>\n<tr style=\"height: 13.50pt;\">\n<td style=\"height: 13.50pt;\" height=\"18\">Mat\u00e9riel<\/td>\n<td>Verre sodium-calcium<\/td>\n<\/tr>\n<tr style=\"height: 13.50pt;\">\n<td style=\"height: 13.50pt;\" height=\"18\">Forme de bouteille<\/td>\n<td>Prisme rectangulaire<\/td>\n<\/tr>\n<tr style=\"height: 13.50pt;\">\n<td style=\"height: 13.50pt;\" height=\"18\">\u00c9tendue de la personnalisation<\/td>\n<td>Forme, taille, couleur, finition (mate, d\u00e9polie, brillante)<\/td>\n<\/tr>\n<tr style=\"height: 13.50pt;\">\n<td style=\"height: 13.50pt;\" height=\"18\">Savoir-faire<\/td>\n<td>Formage de verre rectangulaire de pr\u00e9cision, bords polis miroir<\/td>\n<\/tr>\n<tr style=\"height: 13.50pt;\">\n<td style=\"height: 13.50pt;\" height=\"18\">Objectif du produit<\/td>\n<td>Diffuseurs \u00e0 b\u00e2tonnets, flacons en verre, r\u00e9cipients pour huiles parfum\u00e9es<\/td>\n<\/tr>\n<tr style=\"height: 13.50pt;\">\n<td style=\"height: 13.50pt;\" height=\"18\">Secteurs d&#039;activit\u00e9 appropri\u00e9s<\/td>\n<td>Marques de parfums d&#039;int\u00e9rieur, d\u00e9coration int\u00e9rieure, h\u00f4tels et spas<\/td>\n<\/tr>\n<\/tbody>\n<\/table>\n<h2>\u00c9tude de cas r\u00e9ussie\u00a0: Produit phare d\u2019une marque d\u2019ameublement et de d\u00e9coration, Toronto<\/h2>\n<p>Une marque canadienne d&#039;articles pour la maison a lanc\u00e9 sa propre gamme de diffuseurs de parfum naturels. Elle a choisi nos flacons diffuseurs en verre de 100 ml comme produit phare. Gr\u00e2ce \u00e0 sa forme rectangulaire \u00e9pur\u00e9e, la marque a rapidement gagn\u00e9 en visibilit\u00e9, avec une pr\u00e9sence de 90 % en rayon dans les magasins partenaires. Son design minimaliste a permis une augmentation de 250 % du partage du produit sur les r\u00e9seaux sociaux, notamment lorsqu&#039;il \u00e9tait utilis\u00e9 dans des photos de d\u00e9coration. Satisfaite des performances et du potentiel commercial du produit, la marque a command\u00e9 400\u00a0000 unit\u00e9s suppl\u00e9mentaires pour compl\u00e9ter sa distribution nationale et sa nouvelle collection saisonni\u00e8re.<\/p>\n<h2>Personnalisation des flacons diffuseurs en verre<\/h2>\n<ul>\n<li>Couleurs et nuances du verre\u00a0: Le verre peut \u00eatre de quatre couleurs diff\u00e9rentes\u00a0: transparent, gris clair, ambre ou vert for\u00eat.<\/li>\n<li>Gravure laser\u00a0: L\u2019une des m\u00e9thodes consiste \u00e0 faire graver au laser un petit logo, un dessin ou un nom sur la surface plane du verre.<\/li>\n<li>Bouchons personnalis\u00e9s\u00a0: Des bouchons personnalis\u00e9s sont disponibles, assortis au mat\u00e9riau du r\u00e9cipient, par exemple en bois naturel, en li\u00e8ge ou en m\u00e9tal mat.<\/li>\n<li>S\u00e9rigraphie : Encre c\u00e9ramique pour imprimer un logo de marque net et pr\u00e9cis ou une bordure.<\/li>\n<\/ul>","protected":false},"excerpt":{"rendered":"<p>Flacons diffuseurs rectangulaires transparents en verre de haute clart\u00e9, adapt\u00e9s aux int\u00e9rieurs modernes, prix de gros propos\u00e9s.<\/p>","protected":false},"featured_media":4671,"template":"","meta":{"postBodyCss":"","postBodyMargin":[],"postBodyPadding":[],"postBodyBackground":{"backgroundType":"classic","gradient":""}},"product_brand":[],"product_cat":[15,16,63],"product_tag":[],"class_list":{"0":"post-4663","1":"product","2":"type-product","3":"status-publish","4":"has-post-thumbnail","6":"product_cat-glass-containers","7":"product_cat-glass-bottles","8":"product_cat-reed-diffuser-bottles","10":"first","11":"instock","12":"shipping-taxable","13":"product-type-simple"},"jetpack_sharing_enabled":true,"_links":{"self":[{"href":"https:\/\/minghanggroup.com\/fr\/wp-json\/wp\/v2\/product\/4663","targetHints":{"allow":["GET"]}}],"collection":[{"href":"https:\/\/minghanggroup.com\/fr\/wp-json\/wp\/v2\/product"}],"about":[{"href":"https:\/\/minghanggroup.com\/fr\/wp-json\/wp\/v2\/types\/product"}],"wp:featuredmedia":[{"embeddable":true,"href":"https:\/\/minghanggroup.com\/fr\/wp-json\/wp\/v2\/media\/4671"}],"wp:attachment":[{"href":"https:\/\/minghanggroup.com\/fr\/wp-json\/wp\/v2\/media?parent=4663"}],"wp:term":[{"taxonomy":"product_brand","embeddable":true,"href":"https:\/\/minghanggroup.com\/fr\/wp-json\/wp\/v2\/product_brand?post=4663"},{"taxonomy":"product_cat","embeddable":true,"href":"https:\/\/minghanggroup.com\/fr\/wp-json\/wp\/v2\/product_cat?post=4663"},{"taxonomy":"product_tag","embeddable":true,"href":"https:\/\/minghanggroup.com\/fr\/wp-json\/wp\/v2\/product_tag?post=4663"}],"curies":[{"name":"wp","href":"https:\/\/api.w.org\/{rel}","templated":true}]}}