{"id":4651,"date":"2026-01-14T15:16:13","date_gmt":"2026-01-14T07:16:13","guid":{"rendered":"https:\/\/minghanggroup.com\/?post_type=product&#038;p=4651"},"modified":"2026-01-14T16:33:45","modified_gmt":"2026-01-14T08:33:45","slug":"round-diffuser-glassware-with-spiral-texture-design-bulk","status":"publish","type":"product","link":"https:\/\/minghanggroup.com\/fr\/produit\/round-diffuser-glassware-with-spiral-texture-design-bulk\/","title":{"rendered":"Diffuseur rond en verre de 100 ml et 250 ml avec motif en spirale (vente en gros)"},"content":{"rendered":"<p>Ce diffuseur en verre transparent est con\u00e7u dans un r\u00e9cipient en verre. Les motifs en spirale d\u00e9coup\u00e9s dans le corps sph\u00e9rique lisse scintillent et brillent \u00e0 la lumi\u00e8re.<\/p>\n<h2>Caract\u00e9ristiques du produit<\/h2>\n<ul>\n<li><strong>Texture en spirale :<\/strong> La texture en spirale de la bouteille facilite non seulement sa prise en main, mais lui conf\u00e8re \u00e9galement de multiples niveaux de texture visuelle, gr\u00e2ce \u00e0 la r\u00e9fraction de la lumi\u00e8re, la rendant ainsi encore plus artistique.<\/li>\n<li><strong>Conception sph\u00e9rique :<\/strong> La surface lisse et arrondie de la base offre une esth\u00e9tique douce qui garantit une stabilit\u00e9 optimale sur les tables et s&#039;accorde avec la plupart des styles de d\u00e9coration int\u00e9rieure.<\/li>\n<li><strong>Mat\u00e9riau cristallin transparent :<\/strong> Le verre enti\u00e8rement transparent laisse clairement appara\u00eetre la couleur des huiles essentielles d&#039;aromath\u00e9rapie, qui se superpose \u00e0 la texture cristalline du verre et \u00e0 son \u00e9clat, lui conf\u00e9rant une touche d&#039;\u00e9l\u00e9gance raffin\u00e9e.<\/li>\n<\/ul>\n<h2 style=\"text-align: left;\">Caract\u00e9ristiques principales<\/h2>\n<table class=\"aligncenter\" style=\"border-collapse: collapse; width: 493.52pt;\" border=\"0\" width=\"658\" cellspacing=\"0\" cellpadding=\"0\">\n<tbody>\n<tr style=\"height: 13.50pt;\">\n<td style=\"height: 13.50pt; width: 111.75pt;\" width=\"149\" height=\"18\">Sp\u00e9cification<\/td>\n<td style=\"width: 381.75pt;\" width=\"509\">D\u00e9tails<\/td>\n<\/tr>\n<tr style=\"height: 13.50pt;\">\n<td style=\"height: 13.50pt;\" height=\"18\">Capacit\u00e9<\/td>\n<td>100 ml \/ 250 ml<\/td>\n<\/tr>\n<tr style=\"height: 13.50pt;\">\n<td style=\"height: 13.50pt;\" height=\"18\">Dimensions<\/td>\n<td>71,3 \u00d7 84,2 mm \/ 91,1 \u00d7 103,7 mm<\/td>\n<\/tr>\n<tr style=\"height: 13.50pt;\">\n<td style=\"height: 13.50pt;\" height=\"18\">Mat\u00e9riel<\/td>\n<td>Verre sodium-calcium<\/td>\n<\/tr>\n<tr style=\"height: 13.50pt;\">\n<td style=\"height: 13.50pt;\" height=\"18\">Forme de bouteille<\/td>\n<td>Sph\u00e8re \u00e0 texture de surface en spirale<\/td>\n<\/tr>\n<tr style=\"height: 13.50pt;\">\n<td style=\"height: 13.50pt;\" height=\"18\">\u00c9tendue de la personnalisation<\/td>\n<td>Forme, taille, couleur, texture, finition (d\u00e9polie, brillante)<\/td>\n<\/tr>\n<tr style=\"height: 13.50pt;\">\n<td style=\"height: 13.50pt;\" height=\"18\">Savoir-faire<\/td>\n<td>Moulage complexe du verre avec texture 3D int\u00e9gr\u00e9e, filetage de pr\u00e9cision<\/td>\n<\/tr>\n<tr style=\"height: 13.50pt;\">\n<td style=\"height: 13.50pt;\" height=\"18\">Objectif du produit<\/td>\n<td>Flacons en verre pour diffuseurs \u00e0 roseaux, verrerie pour diffuseurs<\/td>\n<\/tr>\n<tr style=\"height: 13.50pt;\">\n<td style=\"height: 13.50pt;\" height=\"18\">Secteurs d&#039;activit\u00e9 appropri\u00e9s<\/td>\n<td>Marques de parfums d&#039;int\u00e9rieur, H\u00f4tellerie, Spa et Bien-\u00eatre<\/td>\n<\/tr>\n<\/tbody>\n<\/table>\n<h2>Succ\u00e8s fulgurant : La s\u00e9rie \u00e0 succ\u00e8s d&#039;une marque nordique d&#039;ameublement<\/h2>\n<p>Une marque nordique de mobilier d&#039;int\u00e9rieur a choisi notre diffuseur \u00e0 b\u00e2tonnets de 250 ml, en modifiant le corps en verre d\u00e9poli et le bouchon en bois blanc mat. La texture en spirale sp\u00e9ciale offre une excellente prise en main antid\u00e9rapante, un atout tr\u00e8s appr\u00e9ci\u00e9 des clients, comme en t\u00e9moignent 40 % des avis positifs. Son poids agr\u00e9able et la qualit\u00e9 de sa fabrication artisanale ont \u00e9galement contribu\u00e9 \u00e0 une augmentation des ventes de 50 %. La croissance des ventes et les retours positifs re\u00e7us ont \u00e9t\u00e9 tr\u00e8s encourageants, ce qui a incit\u00e9 la marque \u00e0 commander 500\u00a0000 unit\u00e9s suppl\u00e9mentaires de sa gamme de produits phares.<\/p>\n<h2>Personnalisation des contenants pour diffuseurs \u00e0 roseaux<\/h2>\n<ul>\n<li>Couleur et transparence : Le verre est transparent ou translucide dans des tons doux (gris, ambre), ou il est blanc opaque.<\/li>\n<li>Personnalisation des motifs et des textures\u00a0: Les motifs en spirale peuvent \u00eatre programm\u00e9s en textures telles que des vagues, des nervures de feuilles ou des formes g\u00e9om\u00e9triques.<\/li>\n<li>Mat\u00e9riaux personnalis\u00e9s pour les bouchons\u00a0: Les bouchons peuvent \u00eatre en li\u00e8ge, en bois, en c\u00e9ramique ou en plastique mat.<\/li>\n<li>Gravure laser\u00a0: Gravez votre marque ou votre motif sur une zone lisse pr\u00e8s du goulot de la bouteille.<\/li>\n<\/ul>","protected":false},"excerpt":{"rendered":"<p>Con\u00e7u avec des d\u00e9tails en spirale sculpt\u00e9s et un col filet\u00e9, ce diffuseur en verre rehausse l&#039;esth\u00e9tique de la marque. Diffuseur \u00e0 b\u00e2tonnets haut de gamme avec \u00e9chantillons gratuits.<\/p>","protected":false},"featured_media":4659,"template":"","meta":{"postBodyCss":"","postBodyMargin":[],"postBodyPadding":[],"postBodyBackground":{"backgroundType":"classic","gradient":""}},"product_brand":[],"product_cat":[15,16,63],"product_tag":[],"class_list":{"0":"post-4651","1":"product","2":"type-product","3":"status-publish","4":"has-post-thumbnail","6":"product_cat-glass-containers","7":"product_cat-glass-bottles","8":"product_cat-reed-diffuser-bottles","10":"first","11":"instock","12":"shipping-taxable","13":"product-type-simple"},"jetpack_sharing_enabled":true,"_links":{"self":[{"href":"https:\/\/minghanggroup.com\/fr\/wp-json\/wp\/v2\/product\/4651","targetHints":{"allow":["GET"]}}],"collection":[{"href":"https:\/\/minghanggroup.com\/fr\/wp-json\/wp\/v2\/product"}],"about":[{"href":"https:\/\/minghanggroup.com\/fr\/wp-json\/wp\/v2\/types\/product"}],"wp:featuredmedia":[{"embeddable":true,"href":"https:\/\/minghanggroup.com\/fr\/wp-json\/wp\/v2\/media\/4659"}],"wp:attachment":[{"href":"https:\/\/minghanggroup.com\/fr\/wp-json\/wp\/v2\/media?parent=4651"}],"wp:term":[{"taxonomy":"product_brand","embeddable":true,"href":"https:\/\/minghanggroup.com\/fr\/wp-json\/wp\/v2\/product_brand?post=4651"},{"taxonomy":"product_cat","embeddable":true,"href":"https:\/\/minghanggroup.com\/fr\/wp-json\/wp\/v2\/product_cat?post=4651"},{"taxonomy":"product_tag","embeddable":true,"href":"https:\/\/minghanggroup.com\/fr\/wp-json\/wp\/v2\/product_tag?post=4651"}],"curies":[{"name":"wp","href":"https:\/\/api.w.org\/{rel}","templated":true}]}}