{"id":4645,"date":"2026-01-14T13:47:52","date_gmt":"2026-01-14T05:47:52","guid":{"rendered":"https:\/\/minghanggroup.com\/?post_type=product&#038;p=4645"},"modified":"2026-01-14T16:43:52","modified_gmt":"2026-01-14T08:43:52","slug":"best-cologne-bottles-inspired-by-vintage-cut-design-bulk","status":"publish","type":"product","link":"https:\/\/minghanggroup.com\/fr\/produit\/best-cologne-bottles-inspired-by-vintage-cut-design-bulk\/","title":{"rendered":"Flacons de 100 ml de parfum de qualit\u00e9 sup\u00e9rieure, inspir\u00e9s du design vintage, en gros"},"content":{"rendered":"<p>Vos plus beaux flacons de parfum ne devraient pas se contenter de contenir une fragrance\u00a0; ils devraient captiver l\u2019attention et susciter l\u2019int\u00e9r\u00eat. En tant que fabricants de flacons de parfum, nous cr\u00e9ons des flacons en verre qui transforment votre parfum personnalis\u00e9 en un objet pr\u00e9cieux et intemporel.<\/p>\n<h2>Caract\u00e9ristiques du produit<\/h2>\n<ul>\n<li><strong>Bords d\u00e9coup\u00e9s g\u00e9om\u00e9triquement :<\/strong> Ses facettes ac\u00e9r\u00e9es refl\u00e8tent la lumi\u00e8re, conf\u00e9rant au cristal taill\u00e9 ancien tout son charme, que vous pouvez utiliser pour vos emballages de parfum.<\/li>\n<li><strong>Contraste du capuchon argent\u00e9\u00a0:<\/strong> Que pensez-vous de ces bouchons argent\u00e9s m\u00e9tallis\u00e9s sur le verre transparent\u00a0? Votre emballage de parfum incarnera instantan\u00e9ment le luxe contemporain.<\/li>\n<li><strong>Silhouette moderne stabilis\u00e9e :<\/strong> Un pied bien stable, sans aucun balancement. Votre flacon de parfum en verre est lourd et luxueux au toucher.<\/li>\n<\/ul>\n<h2>Caract\u00e9ristiques principales<\/h2>\n<table style=\"border-collapse: collapse; width: 80%; margin-left: auto; margin-right: auto;\" border=\"0\" width=\"288\" cellspacing=\"0\" cellpadding=\"0\">\n<tbody>\n<tr style=\"height: 13.50pt;\">\n<td style=\"height: 13.5pt; width: 54pt; text-align: center;\" width=\"72\" height=\"18\">Taille<\/td>\n<td style=\"width: 54pt; text-align: center;\" width=\"72\">Dimensions (mm)<\/td>\n<td style=\"width: 54pt; text-align: center;\" width=\"72\">Couleur du bonnet<\/td>\n<td style=\"width: 54pt; text-align: center;\" width=\"72\">Type d&#039;\u00e9tanch\u00e9it\u00e9<\/td>\n<\/tr>\n<tr style=\"height: 13.50pt;\">\n<td style=\"height: 13.5pt; text-align: center;\" height=\"18\">100 ml<\/td>\n<td style=\"text-align: center;\">69 \u00d7 32 \u00d7 110<\/td>\n<td style=\"text-align: center;\">Argent<\/td>\n<td style=\"text-align: center;\">Pulv\u00e9risateur \u00e0 pompe<\/td>\n<\/tr>\n<\/tbody>\n<\/table>\n<h2>Cas de r\u00e9ussite<\/h2>\n<p>Une marque de parfums, principalement ax\u00e9e sur le march\u00e9 masculin, a choisi de collaborer avec nous pour personnaliser ce flacon de parfum en verre facett\u00e9 et moderniser le packaging de ses produits phares. Le client souhaitait utiliser ce flacon polygonal, coiff\u00e9 d&#039;un bouchon argent\u00e9 m\u00e9tallis\u00e9, afin de refl\u00e9ter l&#039;image de marque de la marque, \u00e0 la fois r\u00e9tro et sophistiqu\u00e9e. L&#039;\u00e9tiquette appos\u00e9e sur le flacon raconte l&#039;histoire de la marque.<\/p>\n<p>Apr\u00e8s le lancement du produit, les ventes trimestrielles ont augment\u00e9 d&#039;environ 18 % d&#039;une ann\u00e9e sur l&#039;autre, et parall\u00e8lement, la marque a pu s&#039;aventurer avec succ\u00e8s dans les circuits de distribution haut de gamme.<\/p>\n<h2>Vos options de personnalisation<\/h2>\n<ol>\n<li><strong>Couleur du bouchon : <\/strong>Associez les bouchons argent\u00e9s aux familles olfactives (par exemple, argent pour les agrumes, or pour les bois\u00e9s). Le bouchon de votre parfum est le premier \u00e9l\u00e9ment qui r\u00e9v\u00e8le son histoire avant m\u00eame la premi\u00e8re vaporisation.<\/li>\n<li><strong>Gravure laser pour un h\u00e9ritage : <\/strong>L&#039;ajout d&#039;un logo minimaliste sur les facettes g\u00e9om\u00e9triques des flacons transforme les emballages de parfums en sujets de conversation.<\/li>\n<li><strong>Facettes givr\u00e9es pour un \u00e9clat doux\u00a0: <\/strong>Un l\u00e9ger givrage des contours g\u00e9om\u00e9triques pour une douce luminosit\u00e9 naturelle, sans frais suppl\u00e9mentaires.<\/li>\n<\/ol>","protected":false},"excerpt":{"rendered":"<p>Flacons de parfum de qualit\u00e9 sup\u00e9rieure aux bords taill\u00e9s g\u00e9om\u00e9triques. Ces flacons en verre taill\u00e9 de style vintage sont disponibles en grande quantit\u00e9 et personnalisables, avec une livraison rapide pour les marques.<\/p>","protected":false},"featured_media":4649,"template":"","meta":{"postBodyCss":"","postBodyMargin":[],"postBodyPadding":[],"postBodyBackground":{"backgroundType":"classic","gradient":""}},"product_brand":[],"product_cat":[15,16,62],"product_tag":[],"class_list":{"0":"post-4645","1":"product","2":"type-product","3":"status-publish","4":"has-post-thumbnail","6":"product_cat-glass-containers","7":"product_cat-glass-bottles","8":"product_cat-perfume-bottles","10":"first","11":"instock","12":"shipping-taxable","13":"product-type-simple"},"jetpack_sharing_enabled":true,"_links":{"self":[{"href":"https:\/\/minghanggroup.com\/fr\/wp-json\/wp\/v2\/product\/4645","targetHints":{"allow":["GET"]}}],"collection":[{"href":"https:\/\/minghanggroup.com\/fr\/wp-json\/wp\/v2\/product"}],"about":[{"href":"https:\/\/minghanggroup.com\/fr\/wp-json\/wp\/v2\/types\/product"}],"wp:featuredmedia":[{"embeddable":true,"href":"https:\/\/minghanggroup.com\/fr\/wp-json\/wp\/v2\/media\/4649"}],"wp:attachment":[{"href":"https:\/\/minghanggroup.com\/fr\/wp-json\/wp\/v2\/media?parent=4645"}],"wp:term":[{"taxonomy":"product_brand","embeddable":true,"href":"https:\/\/minghanggroup.com\/fr\/wp-json\/wp\/v2\/product_brand?post=4645"},{"taxonomy":"product_cat","embeddable":true,"href":"https:\/\/minghanggroup.com\/fr\/wp-json\/wp\/v2\/product_cat?post=4645"},{"taxonomy":"product_tag","embeddable":true,"href":"https:\/\/minghanggroup.com\/fr\/wp-json\/wp\/v2\/product_tag?post=4645"}],"curies":[{"name":"wp","href":"https:\/\/api.w.org\/{rel}","templated":true}]}}