{"id":4636,"date":"2026-01-14T10:39:15","date_gmt":"2026-01-14T02:39:15","guid":{"rendered":"https:\/\/minghanggroup.com\/?post_type=product&#038;p=4636"},"modified":"2026-01-14T11:24:47","modified_gmt":"2026-01-14T03:24:47","slug":"square-glass-perfume-beautiful-bottles-bulk","status":"publish","type":"product","link":"https:\/\/minghanggroup.com\/fr\/produit\/square-glass-perfume-beautiful-bottles-bulk\/","title":{"rendered":"Flacons de parfum carr\u00e9s en verre de 100 ml (3,4 oz) en gros"},"content":{"rendered":"<p>Le flacon de ce parfum est d&#039;une beaut\u00e9 exceptionnelle. Son corps cristallin, aux formes carr\u00e9es et angulaires, contraste avec la surface lisse du bouchon cylindrique orn\u00e9 d&#039;un motif marbr\u00e9 bleu, cr\u00e9ant ainsi un effet visuel saisissant.<\/p>\n<h2>Caract\u00e9ristiques du produit<\/h2>\n<ul>\n<li><strong>Corps angulaire carr\u00e9 :<\/strong> Le style minimaliste moderne est pr\u00e9serv\u00e9 gr\u00e2ce \u00e0 la forme carr\u00e9e \u00e9pur\u00e9e et aux bords polis, contribuant ainsi au confort de la prise en main.<\/li>\n<li><strong>Mat\u00e9riau cristallin transparent :<\/strong> Le verre cristallin est si transparent que la couleur et la puret\u00e9 du parfum sont parfaitement visibles.<\/li>\n<li><strong>Bouchon cylindrique textur\u00e9 bleu :<\/strong> La bouteille est recouverte d&#039;un bouchon cylindrique textur\u00e9 bleu vif dont la forme textur\u00e9e contribue au style minimaliste.<\/li>\n<\/ul>\n<h2 style=\"text-align: left;\">Caract\u00e9ristiques principales<\/h2>\n<table class=\"aligncenter\" style=\"border-collapse: collapse; width: 504.77pt;\" border=\"0\" width=\"673\" cellspacing=\"0\" cellpadding=\"0\">\n<tbody>\n<tr style=\"height: 13.50pt;\">\n<td style=\"height: 13.50pt; width: 119.25pt;\" width=\"159\" height=\"18\">Sp\u00e9cification<\/td>\n<td style=\"width: 385.50pt;\" width=\"514\">D\u00e9tails<\/td>\n<\/tr>\n<tr style=\"height: 13.50pt;\">\n<td style=\"height: 13.50pt;\" height=\"18\">Capacit\u00e9<\/td>\n<td>100 ml (3,4 oz)<\/td>\n<\/tr>\n<tr style=\"height: 13.50pt;\">\n<td style=\"height: 13.50pt;\" height=\"18\">Dimensions<\/td>\n<td>57\u00d742\u00d796 mm<\/td>\n<\/tr>\n<tr style=\"height: 13.50pt;\">\n<td style=\"height: 13.50pt;\" height=\"18\">Mat\u00e9riel<\/td>\n<td>Verre de qualit\u00e9 cristalline<\/td>\n<\/tr>\n<tr style=\"height: 13.50pt;\">\n<td style=\"height: 13.50pt;\" height=\"18\">Forme de bouteille<\/td>\n<td>Prisme carr\u00e9<\/td>\n<\/tr>\n<tr style=\"height: 13.50pt;\">\n<td style=\"height: 13.50pt;\" height=\"18\">\u00c9tendue de la personnalisation<\/td>\n<td>Taille, forme, couleur, gravure<\/td>\n<\/tr>\n<tr style=\"height: 13.50pt;\">\n<td style=\"height: 13.50pt;\" height=\"18\">Savoir-faire<\/td>\n<td>D\u00e9coupe et polissage de pr\u00e9cision du verre, fabrication de bouchons \u00e0 motifs<\/td>\n<\/tr>\n<tr style=\"height: 13.50pt;\">\n<td style=\"height: 13.50pt;\" height=\"18\">Objectif du produit<\/td>\n<td>Flacons de Cologne fra\u00eeche, flacons de parfum \u00e9l\u00e9gants<\/td>\n<\/tr>\n<tr style=\"height: 13.50pt;\">\n<td style=\"height: 13.50pt;\" height=\"18\">Secteurs d&#039;activit\u00e9 appropri\u00e9s<\/td>\n<td>Parfumerie contemporaine, marques de cr\u00e9ateurs<\/td>\n<\/tr>\n<\/tbody>\n<\/table>\n<h2>Cas de r\u00e9ussite<\/h2>\n<p>Une marque californienne de produits de luxe a lanc\u00e9 une eau de Cologne \u00e0 l&#039;orange. Elle a choisi notre flacon de 100 ml (3,4 oz) et l&#039;a personnalis\u00e9 avec un flacon en verre bleu turquoise d\u00e9poli et un bouchon \u00e0 motif marbr\u00e9 blanc. La conception en verre ouvert et les touches de bleu ont am\u00e9lior\u00e9 la conservation de 45 %\u00a0; la forme carr\u00e9e, quant \u00e0 elle, a assur\u00e9 une bonne stabilit\u00e9 et r\u00e9duit la casse pendant le transport de 42 %. Tr\u00e8s satisfaite du succ\u00e8s rencontr\u00e9 aupr\u00e8s du march\u00e9 et de sa client\u00e8le, la marque a command\u00e9 400\u00a0000 flacons suppl\u00e9mentaires de sa gamme principale.<\/p>\n<h2>Options de personnalisation pour de magnifiques flacons de parfum<\/h2>\n<ul>\n<li>Cr\u00e9ez votre casquette : Concevez votre propre casquette avec diff\u00e9rents motifs (marbre, granit, abstrait) et de toutes les couleurs.<\/li>\n<li>Gravure laser lat\u00e9rale\u00a0: Gravez des motifs g\u00e9om\u00e9triques, des logos ou des motifs sur le th\u00e8me du littoral sur la vitre.<\/li>\n<li>Panneau d\u00e9coratif sabl\u00e9\u00a0: Vaporisez une face du flacon carr\u00e9 pour obtenir un panneau d\u00e9poli, utilis\u00e9 pour cr\u00e9er une identit\u00e9 de marque discr\u00e8te.<\/li>\n<li>Impression s\u00e9rigraphique \u00e0 l&#039;encre brillante\u00a0: Le nom de la marque en relief peut \u00e9galement \u00eatre imprim\u00e9 \u00e0 l&#039;encre brillante pour cr\u00e9er un effet tactile.<\/li>\n<\/ul>","protected":false},"excerpt":{"rendered":"<p>Avec son flacon carr\u00e9 poli et son \u00e9l\u00e9gant bouchon bleu, ce magnifique flacon de parfum s&#039;int\u00e8gre parfaitement aux int\u00e9rieurs modernes. Eau de Cologne raffin\u00e9e de 100 ml, vente directe d&#039;usine.<\/p>","protected":false},"featured_media":4641,"template":"","meta":{"postBodyCss":"","postBodyMargin":[],"postBodyPadding":[],"postBodyBackground":{"backgroundType":"classic","gradient":""}},"product_brand":[],"product_cat":[15,16,62],"product_tag":[],"class_list":{"0":"post-4636","1":"product","2":"type-product","3":"status-publish","4":"has-post-thumbnail","6":"product_cat-glass-containers","7":"product_cat-glass-bottles","8":"product_cat-perfume-bottles","10":"first","11":"instock","12":"shipping-taxable","13":"product-type-simple"},"jetpack_sharing_enabled":true,"_links":{"self":[{"href":"https:\/\/minghanggroup.com\/fr\/wp-json\/wp\/v2\/product\/4636","targetHints":{"allow":["GET"]}}],"collection":[{"href":"https:\/\/minghanggroup.com\/fr\/wp-json\/wp\/v2\/product"}],"about":[{"href":"https:\/\/minghanggroup.com\/fr\/wp-json\/wp\/v2\/types\/product"}],"wp:featuredmedia":[{"embeddable":true,"href":"https:\/\/minghanggroup.com\/fr\/wp-json\/wp\/v2\/media\/4641"}],"wp:attachment":[{"href":"https:\/\/minghanggroup.com\/fr\/wp-json\/wp\/v2\/media?parent=4636"}],"wp:term":[{"taxonomy":"product_brand","embeddable":true,"href":"https:\/\/minghanggroup.com\/fr\/wp-json\/wp\/v2\/product_brand?post=4636"},{"taxonomy":"product_cat","embeddable":true,"href":"https:\/\/minghanggroup.com\/fr\/wp-json\/wp\/v2\/product_cat?post=4636"},{"taxonomy":"product_tag","embeddable":true,"href":"https:\/\/minghanggroup.com\/fr\/wp-json\/wp\/v2\/product_tag?post=4636"}],"curies":[{"name":"wp","href":"https:\/\/api.w.org\/{rel}","templated":true}]}}