{"id":4634,"date":"2026-01-14T11:09:21","date_gmt":"2026-01-14T03:09:21","guid":{"rendered":"https:\/\/minghanggroup.com\/?post_type=product&#038;p=4634"},"modified":"2026-01-14T16:46:00","modified_gmt":"2026-01-14T08:46:00","slug":"pink-perfume-bottles-with-sprayer-for-brands-packaging-bulk","status":"publish","type":"product","link":"https:\/\/minghanggroup.com\/fr\/produit\/pink-perfume-bottles-with-sprayer-for-brands-packaging-bulk\/","title":{"rendered":"Flacons de parfum roses de 100 ml avec vaporisateur pour le conditionnement en gros de marques"},"content":{"rendered":"<p>Vos flacons de parfum roses ne devraient pas se contenter de contenir un parfum\u00a0; ils devraient captiver l\u2019attention des internautes. En tant que fabricants de flacons de parfum, nous cr\u00e9ons des flacons en verre qui transforment votre parfum personnalis\u00e9 en un instant de luxe.<\/p>\n<h2>Caract\u00e9ristiques du produit<\/h2>\n<ul>\n<li><strong>Pop \u00e0 bouchon rose :<\/strong> Des bouchons rose p\u00e2le sur du verre transparent ? Voil\u00e0 une nouveaut\u00e9 visuelle, c&#039;est certain, en mati\u00e8re d&#039;emballage de parfum !<\/li>\n<li><strong>Clart\u00e9 cristalline :<\/strong> \u00c0 travers un tel flacon en verre, on ne peut gu\u00e8re percevoir la couleur d&#039;un parfum autrement que de mani\u00e8re tr\u00e8s pure et limpide, sans aucun filtre trouble.<\/li>\n<li><strong>\u00c9l\u00e9gance cylindrique : <\/strong>Des lignes \u00e9pur\u00e9es, une version moderne du charme vintage. Le flacon de parfum en verre de votre marque est lourd et \u00e9voque le luxe.<\/li>\n<\/ul>\n<h2>Caract\u00e9ristiques principales<\/h2>\n<table style=\"border-collapse: collapse; width: 80%; margin-left: auto; margin-right: auto;\" border=\"0\" width=\"288\" cellspacing=\"0\" cellpadding=\"0\">\n<tbody>\n<tr style=\"height: 13.50pt;\">\n<td style=\"height: 13.5pt; width: 54pt; text-align: center;\" width=\"72\" height=\"18\">Taille<\/td>\n<td style=\"width: 54pt; text-align: center;\" width=\"72\">Dimensions (mm)<\/td>\n<td style=\"width: 54pt; text-align: center;\" width=\"72\">Couleur du bonnet<\/td>\n<td style=\"width: 54pt; text-align: center;\" width=\"72\">Type d&#039;\u00e9tanch\u00e9it\u00e9<\/td>\n<\/tr>\n<tr style=\"height: 13.50pt;\">\n<td style=\"height: 13.5pt; text-align: center;\" height=\"18\">100 ml<\/td>\n<td style=\"text-align: center;\">55 \u00d7 97<\/td>\n<td style=\"text-align: center;\">Rose<\/td>\n<td style=\"text-align: center;\">Pulv\u00e9risateur \u00e0 pompe<\/td>\n<\/tr>\n<\/tbody>\n<\/table>\n<h2>Cas de r\u00e9ussite<\/h2>\n<p>Une marque de parfums f\u00e9minins nous a accompagn\u00e9s dans la conception de ce flacon en verre pour cr\u00e9er une nouvelle fragrance d\u00e9licate. Le client a imagin\u00e9 un logo s\u00e9rigraphi\u00e9 sur le flacon cylindrique et un bouchon sph\u00e9rique rose semi-transparent, soulignant ainsi la douceur et l&#039;\u00e9l\u00e9gance du produit, ainsi que des d\u00e9corations en relief.<\/p>\n<p>Suite \u00e0 son lancement, gr\u00e2ce \u00e0 son design tr\u00e8s reconnaissable, le nouveau parfum a connu une croissance des ventes d&#039;environ 22 % lors de son premier canal de distribution, ce qui a consid\u00e9rablement renforc\u00e9 l&#039;attrait de la marque sur le march\u00e9 des parfums f\u00e9minins.<\/p>\n<h2>Vos options de personnalisation<\/h2>\n<ol>\n<li><strong>Mat\u00e9riaux et effets personnalisables pour les bouchons sph\u00e9riques\u00a0:<\/strong> Choisissez des couleurs unies, semi-transparentes, transparentes, d\u00e9grad\u00e9es ou cristallines, ainsi que des bouchons sph\u00e9riques \u00e0 effet. Vous pouvez \u00e9galement y ajouter des particules nacr\u00e9es ou scintillantes pour un rendu encore plus attrayant.<\/li>\n<li><strong>R\u00e9duction am\u00e9lior\u00e9e de la consommation de verre des bouteilles\u00a0:<\/strong> Il est possible d&#039;ajouter des zones d\u00e9polies \u00e0 une bouteille transparente, une pulv\u00e9risation int\u00e9rieure claire ou color\u00e9e ou des lignes chanfrein\u00e9es hautes et brillantes sur la bouteille qui intensifient la sensation de profondeur et l&#039;exp\u00e9rience tactile.<\/li>\n<li><strong>Logo de marque personnalis\u00e9\u00a0:<\/strong> L\u2019impression s\u00e9rigraphique, le marquage \u00e0 chaud (or, argent) ou la gravure laser peuvent \u00eatre utilis\u00e9s pour imprimer le logo de la marque et le num\u00e9ro de s\u00e9rie sur le fond ou le corps de la bouteille.<\/li>\n<\/ol>","protected":false},"excerpt":{"rendered":"<p>Flacons de parfum roses en vente directe d&#039;usine, au design raffin\u00e9 et dot\u00e9s d&#039;un vaporisateur. Id\u00e9aux pour les marques professionnelles, ils offrent une personnalisation en grande quantit\u00e9 et une livraison rapide.<\/p>","protected":false},"featured_media":4640,"template":"","meta":{"postBodyCss":"","postBodyMargin":[],"postBodyPadding":[],"postBodyBackground":{"backgroundType":"classic","gradient":""}},"product_brand":[],"product_cat":[15,16,62],"product_tag":[],"class_list":{"0":"post-4634","1":"product","2":"type-product","3":"status-publish","4":"has-post-thumbnail","6":"product_cat-glass-containers","7":"product_cat-glass-bottles","8":"product_cat-perfume-bottles","10":"first","11":"instock","12":"shipping-taxable","13":"product-type-simple"},"jetpack_sharing_enabled":true,"_links":{"self":[{"href":"https:\/\/minghanggroup.com\/fr\/wp-json\/wp\/v2\/product\/4634","targetHints":{"allow":["GET"]}}],"collection":[{"href":"https:\/\/minghanggroup.com\/fr\/wp-json\/wp\/v2\/product"}],"about":[{"href":"https:\/\/minghanggroup.com\/fr\/wp-json\/wp\/v2\/types\/product"}],"wp:featuredmedia":[{"embeddable":true,"href":"https:\/\/minghanggroup.com\/fr\/wp-json\/wp\/v2\/media\/4640"}],"wp:attachment":[{"href":"https:\/\/minghanggroup.com\/fr\/wp-json\/wp\/v2\/media?parent=4634"}],"wp:term":[{"taxonomy":"product_brand","embeddable":true,"href":"https:\/\/minghanggroup.com\/fr\/wp-json\/wp\/v2\/product_brand?post=4634"},{"taxonomy":"product_cat","embeddable":true,"href":"https:\/\/minghanggroup.com\/fr\/wp-json\/wp\/v2\/product_cat?post=4634"},{"taxonomy":"product_tag","embeddable":true,"href":"https:\/\/minghanggroup.com\/fr\/wp-json\/wp\/v2\/product_tag?post=4634"}],"curies":[{"name":"wp","href":"https:\/\/api.w.org\/{rel}","templated":true}]}}