{"id":4625,"date":"2026-01-14T10:17:26","date_gmt":"2026-01-14T02:17:26","guid":{"rendered":"https:\/\/minghanggroup.com\/?post_type=product&#038;p=4625"},"modified":"2026-01-14T16:41:28","modified_gmt":"2026-01-14T08:41:28","slug":"vintage-amber-perfume-bottles-with-wooden-ball-lids-bulk","status":"publish","type":"product","link":"https:\/\/minghanggroup.com\/fr\/produit\/vintage-amber-perfume-bottles-with-wooden-ball-lids-bulk\/","title":{"rendered":"Flacons de parfum ambr\u00e9s vintage de 30 ml et 50 ml avec bouchons en bois \u00e0 bille (vente en gros)"},"content":{"rendered":"<p>Votre flacon de parfum ambr\u00e9 vintage ne devrait pas seulement contenir un parfum\u00a0; il devrait \u00e9voquer l\u2019histoire d\u00e8s qu\u2019on le prend en main. En tant que fabricants de flacons de parfum haut de gamme, nous cr\u00e9ons des flacons en verre qui transforment votre parfum personnalis\u00e9 en un pr\u00e9cieux h\u00e9ritage.<\/p>\n<h2>Caract\u00e9ristiques du produit<\/h2>\n<ul>\n<li><strong>Protection en verre ambr\u00e9\u00a0: <\/strong>Le verre ambr\u00e9 aux tons chauds prot\u00e8ge les huiles essentielles de la lumi\u00e8re\u00a0; fini les parfums qui s\u2019estompent.<\/li>\n<li><strong>Contraste du capuchon en bois naturel\u00a0: <\/strong>Des couvercles en bois associ\u00e9s \u00e0 du verre ambr\u00e9 ? Voil\u00e0 la recette d&#039;un charme rustique pour un emballage de parfum.<\/li>\n<li><strong>Simplicit\u00e9 cylindrique : <\/strong>Des lignes \u00e9pur\u00e9es, un style \u00e0 la fois contemporain et r\u00e9tro, avec une touche d&#039;\u00e9l\u00e9gance. Votre flacon de parfum en verre offre une sensation de qualit\u00e9, avec un poids agr\u00e9able.<\/li>\n<\/ul>\n<h2>Caract\u00e9ristiques principales<\/h2>\n<table style=\"border-collapse: collapse; width: 80%; margin-left: auto; margin-right: auto;\" border=\"0\" width=\"288\" cellspacing=\"0\" cellpadding=\"0\">\n<tbody>\n<tr style=\"height: 13.50pt;\">\n<td style=\"height: 13.5pt; width: 54pt; text-align: center;\" width=\"72\" height=\"18\">Taille (ml)<\/td>\n<td style=\"width: 54pt; text-align: center;\" width=\"72\">Dimensions (mm)<\/td>\n<td style=\"width: 54pt; text-align: center;\" width=\"72\">Mat\u00e9riau du capuchon<\/td>\n<td style=\"width: 54pt; text-align: center;\" width=\"72\">Type d&#039;\u00e9tanch\u00e9it\u00e9<\/td>\n<\/tr>\n<tr style=\"height: 13.50pt;\">\n<td style=\"height: 13.5pt; text-align: center;\" align=\"right\" height=\"18\">30 \/ 1 oz<\/td>\n<td style=\"text-align: center;\">42 \u00d7 73<\/td>\n<td class=\"et2\" style=\"text-align: center;\" rowspan=\"2\">En bois<\/td>\n<td class=\"et2\" style=\"text-align: center;\" rowspan=\"2\">\u00c9trier de pulv\u00e9risation (atomiseur)<\/td>\n<\/tr>\n<tr style=\"height: 13.50pt;\">\n<td style=\"height: 13.5pt; text-align: center;\" align=\"right\" height=\"18\">50<\/td>\n<td style=\"text-align: center;\">45 \u00d7 88<\/td>\n<\/tr>\n<\/tbody>\n<\/table>\n<h2>Cas de r\u00e9ussite<\/h2>\n<p>Une maison de parfums sp\u00e9cialis\u00e9e dans les fragrances naturelles et d&#039;inspiration vintage recherchait un packaging \u00e0 la fois \u00e9l\u00e9gant et haut de gamme. Pour le lancement d&#039;une nouvelle ligne, la marque a opt\u00e9 pour nos flacons en verre ambr\u00e9. Elle a appos\u00e9 un logo en relief sur l&#039;\u00e9paule du flacon, avec une finition mate d\u00e9polie, ainsi qu&#039;un petit motif botanique imprim\u00e9 en s\u00e9rigraphie. Le verre ambr\u00e9, en limitant l&#039;exposition \u00e0 la lumi\u00e8re, souligne l&#039;importance accord\u00e9e par la marque \u00e0 la stabilit\u00e9 de la formule, tandis que le bouchon en bois renforce l&#039;aspect naturel du design.<\/p>\n<p>Suite au lancement du produit, le nouvel emballage a am\u00e9lior\u00e9 sa visibilit\u00e9 en rayon et la perception qu&#039;en ont les consommateurs, ce qui a entra\u00een\u00e9 une augmentation de 35 % des commandes r\u00e9p\u00e9t\u00e9es. La marque a ainsi renouvel\u00e9 ses commandes pendant plusieurs saisons cons\u00e9cutives.<\/p>\n<h2>Vos options de personnalisation<\/h2>\n<ol>\n<li><strong>Intensit\u00e9 r\u00e9glable de la couleur du flacon\u00a0:<\/strong> La teinte ambr\u00e9e standard peut \u00eatre modifi\u00e9e en d&#039;autres tons (ambre clair, ambre fonc\u00e9 ou brun fum\u00e9) pour correspondre aux diff\u00e9rentes gammes de parfums ou de produits tout en conservant l&#039;aspect vintage.<\/li>\n<li><strong>Les options de casquettes en mati\u00e8re naturelle :<\/strong> Outre le capuchon sph\u00e9rique en bois massif, d&#039;autres options sont disponibles en termes d&#039;essences de bois, d&#039;effets de teinture ou de niveau de polissage de surface afin de cr\u00e9er l&#039;image d&#039;une marque naturelle, artisanale ou de niche.<\/li>\n<li><strong>Finitions semi-givr\u00e9es ou d\u00e9grad\u00e9es\u00a0:<\/strong> Des motifs givr\u00e9s ou \u00e0 effet givr\u00e9 d\u00e9grad\u00e9 peuvent \u00eatre appliqu\u00e9s \u00e0 la moiti\u00e9 inf\u00e9rieure de la bouteille ou \u00e0 des parties sp\u00e9cifiques de celle-ci, ajoutant ainsi de l&#039;\u00e9l\u00e9gance \u00e0 la bouteille tout en conservant l&#039;id\u00e9e de l\u00e9g\u00e8ret\u00e9.<\/li>\n<\/ol>","protected":false},"excerpt":{"rendered":"<p>Flacon de parfum ambr\u00e9 vintage, en verre aux tons chauds et bouchon en bois. Vente directe d&#039;usine, personnalisation en gros. Id\u00e9al pour les marques de parfums vintage.<\/p>","protected":false},"featured_media":4633,"template":"","meta":{"postBodyCss":"","postBodyMargin":[],"postBodyPadding":[],"postBodyBackground":{"backgroundType":"classic","gradient":""}},"product_brand":[],"product_cat":[15,16,62],"product_tag":[],"class_list":{"0":"post-4625","1":"product","2":"type-product","3":"status-publish","4":"has-post-thumbnail","6":"product_cat-glass-containers","7":"product_cat-glass-bottles","8":"product_cat-perfume-bottles","10":"first","11":"instock","12":"shipping-taxable","13":"product-type-simple"},"jetpack_sharing_enabled":true,"_links":{"self":[{"href":"https:\/\/minghanggroup.com\/fr\/wp-json\/wp\/v2\/product\/4625","targetHints":{"allow":["GET"]}}],"collection":[{"href":"https:\/\/minghanggroup.com\/fr\/wp-json\/wp\/v2\/product"}],"about":[{"href":"https:\/\/minghanggroup.com\/fr\/wp-json\/wp\/v2\/types\/product"}],"wp:featuredmedia":[{"embeddable":true,"href":"https:\/\/minghanggroup.com\/fr\/wp-json\/wp\/v2\/media\/4633"}],"wp:attachment":[{"href":"https:\/\/minghanggroup.com\/fr\/wp-json\/wp\/v2\/media?parent=4625"}],"wp:term":[{"taxonomy":"product_brand","embeddable":true,"href":"https:\/\/minghanggroup.com\/fr\/wp-json\/wp\/v2\/product_brand?post=4625"},{"taxonomy":"product_cat","embeddable":true,"href":"https:\/\/minghanggroup.com\/fr\/wp-json\/wp\/v2\/product_cat?post=4625"},{"taxonomy":"product_tag","embeddable":true,"href":"https:\/\/minghanggroup.com\/fr\/wp-json\/wp\/v2\/product_tag?post=4625"}],"curies":[{"name":"wp","href":"https:\/\/api.w.org\/{rel}","templated":true}]}}