{"id":4622,"date":"2026-01-14T08:58:15","date_gmt":"2026-01-14T00:58:15","guid":{"rendered":"https:\/\/minghanggroup.com\/?post_type=product&#038;p=4622"},"modified":"2026-01-14T10:38:56","modified_gmt":"2026-01-14T02:38:56","slug":"crystal-pink-perfume-bottle-for-travel-packing-bulk","status":"publish","type":"product","link":"https:\/\/minghanggroup.com\/fr\/produit\/crystal-pink-perfume-bottle-for-travel-packing-bulk\/","title":{"rendered":"Flacon de parfum rose cristal de 30 ml, id\u00e9al pour les voyages (vente en gros)."},"content":{"rendered":"<p>Voici un petit flacon de parfum en verre rose, \u00e0 la fois \u00e9l\u00e9gant et raffin\u00e9. Sa forme, d&#039;abord carr\u00e9e et allong\u00e9e, s&#039;affine harmonieusement jusqu&#039;\u00e0 une base arrondie. Son bouchon rose tendre et brillant en fait le flacon id\u00e9al pour voyager.<\/p>\n<h2>Caract\u00e9ristiques du produit<\/h2>\n<ul>\n<li><strong>Bonnet sph\u00e9rique rose clair :<\/strong> Le style f\u00e9minin est rendu plus doux et plus joli par le design sph\u00e9rique rose clair brillant, et sa forme arrondie facilite la prise en main.<\/li>\n<li><strong>Bouteille rectangulaire courte \u00e0 haute transparence\u00a0:<\/strong> La bouteille rectangulaire, courte et large, est tr\u00e8s stable, ne se renverse pas facilement et donne une impression de solidit\u00e9.<\/li>\n<li><strong>Pompe \u00e0 courbure inh\u00e9rente :<\/strong> La pompe incurv\u00e9e est en paille, elle s&#039;ins\u00e8re dans le flacon et pulv\u00e9rise facilement ; le design g\u00e9n\u00e9ral est esth\u00e9tique et \u00e9pur\u00e9.<\/li>\n<\/ul>\n<h2 style=\"text-align: left;\">Caract\u00e9ristiques principales<\/h2>\n<table class=\"aligncenter\" style=\"border-collapse: collapse; width: 432.02pt;\" border=\"0\" width=\"576\" cellspacing=\"0\" cellpadding=\"0\">\n<tbody>\n<tr style=\"height: 13.50pt;\">\n<td style=\"height: 13.50pt; width: 119.25pt;\" width=\"159\" height=\"18\">Sp\u00e9cification<\/td>\n<td style=\"width: 312.75pt;\" width=\"417\">D\u00e9tails<\/td>\n<\/tr>\n<tr style=\"height: 13.50pt;\">\n<td style=\"height: 13.50pt;\" height=\"18\">Capacit\u00e9<\/td>\n<td>30 ml<\/td>\n<\/tr>\n<tr style=\"height: 13.50pt;\">\n<td style=\"height: 13.50pt;\" height=\"18\">Dimensions<\/td>\n<td>40\u00d740\u00d748 mm<\/td>\n<\/tr>\n<tr style=\"height: 13.50pt;\">\n<td style=\"height: 13.50pt;\" height=\"18\">Mat\u00e9riel<\/td>\n<td>Verre de haute clart\u00e9<\/td>\n<\/tr>\n<tr style=\"height: 13.50pt;\">\n<td style=\"height: 13.50pt;\" height=\"18\">Forme de bouteille<\/td>\n<td>Colonne carr\u00e9e courte \u00e0 base arrondie<\/td>\n<\/tr>\n<tr style=\"height: 13.50pt;\">\n<td style=\"height: 13.50pt;\" height=\"18\">\u00c9tendue de la personnalisation<\/td>\n<td>Forme, taille, couleur, type de pompe, finition<\/td>\n<\/tr>\n<tr style=\"height: 13.50pt;\">\n<td style=\"height: 13.50pt;\" height=\"18\">Savoir-faire<\/td>\n<td>Moulure carr\u00e9e en verre, rev\u00eatement de finition brillant<\/td>\n<\/tr>\n<tr style=\"height: 13.50pt;\">\n<td style=\"height: 13.50pt;\" height=\"18\">Objectif du produit<\/td>\n<td>Flacons de parfum de voyage, petits flacons de parfum<\/td>\n<\/tr>\n<tr style=\"height: 13.50pt;\">\n<td style=\"height: 13.50pt;\" height=\"18\">Secteurs d&#039;activit\u00e9 appropri\u00e9s<\/td>\n<td>Parfumerie grand public et de niche, marques de beaut\u00e9<\/td>\n<\/tr>\n<\/tbody>\n<\/table>\n<h2>Cas de r\u00e9ussite : Le lancement d&#039;un parfum viral par une marque de beaut\u00e9 cor\u00e9enne<\/h2>\n<p>L&#039;une des marques de beaut\u00e9 cor\u00e9ennes les plus populaires, r\u00e9put\u00e9e pour son esth\u00e9tique mignonne, a choisi notre flacon de parfum de 30 ml en format voyage comme emballage exclusif. Elle a personnalis\u00e9 le flacon en modifiant le bouchon rose p\u00e2le et le verre nacr\u00e9. Le design unique du flacon, de forme carr\u00e9e, est imm\u00e9diatement devenu viral sur les r\u00e9seaux sociaux, avec plus d&#039;un million de mentions d\u00e8s le premier mois. Son format compact et \u00e9tanche, avec un taux de r\u00e9ussite de livraison de 99,9 %, correspond parfaitement \u00e0 la client\u00e8le cible, aux emplois du temps charg\u00e9s et au rythme de vie effr\u00e9n\u00e9. Face \u00e0 un tel engouement, la marque a \u00e9t\u00e9 agr\u00e9ablement surprise par la demande du march\u00e9 et l&#039;enthousiasme des consommateurs, et a imm\u00e9diatement command\u00e9 500\u00a0000 flacons suppl\u00e9mentaires pour une campagne de promotion internationale.<\/p>\n<h2>Personnalisation de flacons de parfum roses<\/h2>\n<ul>\n<li>Couleur du bouchon personnalis\u00e9e\u00a0: Choisissez la couleur du bouchon sph\u00e9rique parmi toutes les couleurs Pantone, des pastels doux aux couleurs n\u00e9on.<\/li>\n<li>Forme personnalis\u00e9e du bonnet : Le bonnet est l\u00e9g\u00e8rement courb\u00e9 en forme de c\u0153ur ou \u00e0 plat.<\/li>\n<li>Gravure laser sur verre\u00a0: Gravez la surface en verre de la bouteille avec un c\u0153ur, une \u00e9toile ou le logo de votre marque.<\/li>\n<li>Panneaux de verre\u00a0: D\u00e9polissez les panneaux avant et arri\u00e8re pour cr\u00e9er un aspect doux et onirique.<\/li>\n<\/ul>","protected":false},"excerpt":{"rendered":"<p>Sublimez votre marque avec ces flacons de parfum en verre. Ces flacons vaporisateurs en verre pr\u00e9sentent des bords arrondis et des bouchons textur\u00e9s effet marbre uniques. Livraison rapide\u00a0!<\/p>","protected":false},"featured_media":4629,"template":"","meta":{"postBodyCss":"","postBodyMargin":[],"postBodyPadding":[],"postBodyBackground":{"backgroundType":"classic","gradient":""}},"product_brand":[],"product_cat":[15,16,62],"product_tag":[],"class_list":{"0":"post-4622","1":"product","2":"type-product","3":"status-publish","4":"has-post-thumbnail","6":"product_cat-glass-containers","7":"product_cat-glass-bottles","8":"product_cat-perfume-bottles","10":"first","11":"instock","12":"shipping-taxable","13":"product-type-simple"},"jetpack_sharing_enabled":true,"_links":{"self":[{"href":"https:\/\/minghanggroup.com\/fr\/wp-json\/wp\/v2\/product\/4622","targetHints":{"allow":["GET"]}}],"collection":[{"href":"https:\/\/minghanggroup.com\/fr\/wp-json\/wp\/v2\/product"}],"about":[{"href":"https:\/\/minghanggroup.com\/fr\/wp-json\/wp\/v2\/types\/product"}],"wp:featuredmedia":[{"embeddable":true,"href":"https:\/\/minghanggroup.com\/fr\/wp-json\/wp\/v2\/media\/4629"}],"wp:attachment":[{"href":"https:\/\/minghanggroup.com\/fr\/wp-json\/wp\/v2\/media?parent=4622"}],"wp:term":[{"taxonomy":"product_brand","embeddable":true,"href":"https:\/\/minghanggroup.com\/fr\/wp-json\/wp\/v2\/product_brand?post=4622"},{"taxonomy":"product_cat","embeddable":true,"href":"https:\/\/minghanggroup.com\/fr\/wp-json\/wp\/v2\/product_cat?post=4622"},{"taxonomy":"product_tag","embeddable":true,"href":"https:\/\/minghanggroup.com\/fr\/wp-json\/wp\/v2\/product_tag?post=4622"}],"curies":[{"name":"wp","href":"https:\/\/api.w.org\/{rel}","templated":true}]}}