{"id":4598,"date":"2026-01-13T14:38:53","date_gmt":"2026-01-13T06:38:53","guid":{"rendered":"https:\/\/minghanggroup.com\/?post_type=product&#038;p=4598"},"modified":"2026-01-13T16:51:05","modified_gmt":"2026-01-13T08:51:05","slug":"square-glass-perfume-atomiser-bottles-wholesale","status":"publish","type":"product","link":"https:\/\/minghanggroup.com\/fr\/produit\/square-glass-perfume-atomiser-bottles-wholesale\/","title":{"rendered":"Flacons vaporisateurs de parfum carr\u00e9s en verre de 30 ml, 50 ml et 100 ml, vente en gros"},"content":{"rendered":"<p>Ces flacons vaporisateurs de parfum en verre sont fabriqu\u00e9s en verre transparent et pr\u00e9sentent une forme carr\u00e9e aux bords d\u00e9licatement sculpt\u00e9s. Leurs bouchons sont disponibles en trois textures\u00a0: noir, gris et transparent d\u00e9poli, offrant ainsi de subtiles variations visuelles.<\/p>\n<h2>Caract\u00e9ristiques du produit<\/h2>\n<ul>\n<li><strong>Bouteille carr\u00e9e arrondie :<\/strong> La forme carr\u00e9e arrondie pr\u00e9sente l&#039;avantage de conserver les lignes droites d&#039;une forme carr\u00e9e, mais les coins arrondis rendent les bords tranchants nets et agr\u00e9ables \u00e0 tenir.<\/li>\n<li><strong>Mat\u00e9riau cristallin transparent de grande taille\u00a0:<\/strong> Le verre transparent et brillant offrira une vue claire et limpide de votre parfum.<\/li>\n<li><strong>Plusieurs variantes de bouchons textur\u00e9s\u00a0:<\/strong> Les bouchons noirs, gris et transparents d\u00e9polis cr\u00e9ent un int\u00e9r\u00eat visuel et s&#039;accordent avec diff\u00e9rents styles d&#039;emballage de parfums.<\/li>\n<\/ul>\n<h2 style=\"text-align: left;\">Caract\u00e9ristiques principales<\/h2>\n<table class=\"aligncenter\" style=\"border-collapse: collapse; width: 378.77pt;\" border=\"0\" width=\"505\" cellspacing=\"0\" cellpadding=\"0\">\n<tbody>\n<tr style=\"height: 13.50pt;\">\n<td style=\"height: 13.50pt; width: 119.25pt;\" width=\"159\" height=\"18\">Sp\u00e9cification<\/td>\n<td style=\"width: 259.50pt;\" width=\"346\">D\u00e9tails<\/td>\n<\/tr>\n<tr style=\"height: 13.50pt;\">\n<td style=\"height: 13.50pt;\" height=\"18\">Capacit\u00e9<\/td>\n<td>30ml \/ 50ml \/ 100ml<\/td>\n<\/tr>\n<tr style=\"height: 13.50pt;\">\n<td style=\"height: 13.50pt;\" height=\"18\">Dimensions<\/td>\n<td>52\u00d728\u00d763 mm \/ 61\u00d729\u00d772 mm \/ 81\u00d735\u00d789 mm<\/td>\n<\/tr>\n<tr style=\"height: 13.50pt;\">\n<td style=\"height: 13.50pt;\" height=\"18\">Mat\u00e9riel<\/td>\n<td>Verre de qualit\u00e9 cristalline<\/td>\n<\/tr>\n<tr style=\"height: 13.50pt;\">\n<td style=\"height: 13.50pt;\" height=\"18\">Forme de bouteille<\/td>\n<td>Prisme carr\u00e9 arrondi<\/td>\n<\/tr>\n<tr style=\"height: 13.50pt;\">\n<td style=\"height: 13.50pt;\" height=\"18\">\u00c9tendue de la personnalisation<\/td>\n<td>Forme, taille, couleur, finition, capacit\u00e9<\/td>\n<\/tr>\n<tr style=\"height: 13.50pt;\">\n<td style=\"height: 13.50pt;\" height=\"18\">Savoir-faire<\/td>\n<td>Moulage de verre de pr\u00e9cision<\/td>\n<\/tr>\n<tr style=\"height: 13.50pt;\">\n<td style=\"height: 13.50pt;\" height=\"18\">Objectif du produit<\/td>\n<td>Flacons de parfum en verre, r\u00e9cipients \u00e0 parfum<\/td>\n<\/tr>\n<tr style=\"height: 13.50pt;\">\n<td style=\"height: 13.50pt;\" height=\"18\">Secteurs d&#039;activit\u00e9 appropri\u00e9s<\/td>\n<td>Marques de parfums, marques de style de vie<\/td>\n<\/tr>\n<\/tbody>\n<\/table>\n<h2>Histoire \u00e0 succ\u00e8s<\/h2>\n<p>Une marque torontoise sp\u00e9cialis\u00e9e dans la cr\u00e9ation de parfums sur mesure a command\u00e9 des flacons vaporisateurs en verre de 100 ml. Conform\u00e9ment \u00e0 la demande du client, un motif de feuille a \u00e9t\u00e9 grav\u00e9 au laser sur chaque flacon. La forme carr\u00e9e et douce du flacon a \u00e9t\u00e9 pl\u00e9biscit\u00e9e pour son confort d&#039;utilisation, comme l&#039;ont soulign\u00e9 90 % des clients. La satisfaction client a \u00e9galement progress\u00e9 de 42 % gr\u00e2ce \u00e0 la facilit\u00e9 de personnalisation offerte par le verre. Face \u00e0 un accueil extr\u00eamement positif, la marque vient de commander 380\u00a0000 flacons suppl\u00e9mentaires pour accompagner le d\u00e9veloppement de son r\u00e9seau de franchises.<\/p>\n<h2>Personnalisation des flacons de parfum en verre<\/h2>\n<ul>\n<li>Mat\u00e9riaux et textures sp\u00e9ciaux pour les bouchons\u00a0: Les bouchons peuvent \u00eatre fabriqu\u00e9s \u00e0 partir de mat\u00e9riaux sp\u00e9ciaux, par exemple du bois, de la pierre, de la c\u00e9ramique ou du caoutchouc.<\/li>\n<li>Gravure laser sur les c\u00f4t\u00e9s\u00a0: des logos simples, des motifs g\u00e9om\u00e9triques ou des listes d\u2019ingr\u00e9dients peuvent \u00eatre grav\u00e9s sur la plaque de verre plate.<\/li>\n<li>Incrustation d\u00e9corative en m\u00e9tal : La jointure entre la bouteille et le bouchon est orn\u00e9e d&#039;une fine bande m\u00e9tallique (cuivre, laiton).<\/li>\n<li>S\u00e9rigraphie : Les contours fins ou les motifs des \u00e9tiquettes sont imprim\u00e9s sur la surface du verre.<\/li>\n<\/ul>","protected":false},"excerpt":{"rendered":"<p>Sublimez votre marque avec ces flacons de parfum en verre. Ces flacons vaporisateurs en verre pr\u00e9sentent des bords arrondis et des bouchons textur\u00e9s effet marbre uniques. Livraison rapide\u00a0!<\/p>","protected":false},"featured_media":4604,"template":"","meta":{"postBodyCss":"","postBodyMargin":[],"postBodyPadding":[],"postBodyBackground":{"backgroundType":"classic","gradient":""}},"product_brand":[],"product_cat":[15,16,62],"product_tag":[],"class_list":{"0":"post-4598","1":"product","2":"type-product","3":"status-publish","4":"has-post-thumbnail","6":"product_cat-glass-containers","7":"product_cat-glass-bottles","8":"product_cat-perfume-bottles","10":"first","11":"instock","12":"shipping-taxable","13":"product-type-simple"},"jetpack_sharing_enabled":true,"_links":{"self":[{"href":"https:\/\/minghanggroup.com\/fr\/wp-json\/wp\/v2\/product\/4598","targetHints":{"allow":["GET"]}}],"collection":[{"href":"https:\/\/minghanggroup.com\/fr\/wp-json\/wp\/v2\/product"}],"about":[{"href":"https:\/\/minghanggroup.com\/fr\/wp-json\/wp\/v2\/types\/product"}],"wp:featuredmedia":[{"embeddable":true,"href":"https:\/\/minghanggroup.com\/fr\/wp-json\/wp\/v2\/media\/4604"}],"wp:attachment":[{"href":"https:\/\/minghanggroup.com\/fr\/wp-json\/wp\/v2\/media?parent=4598"}],"wp:term":[{"taxonomy":"product_brand","embeddable":true,"href":"https:\/\/minghanggroup.com\/fr\/wp-json\/wp\/v2\/product_brand?post=4598"},{"taxonomy":"product_cat","embeddable":true,"href":"https:\/\/minghanggroup.com\/fr\/wp-json\/wp\/v2\/product_cat?post=4598"},{"taxonomy":"product_tag","embeddable":true,"href":"https:\/\/minghanggroup.com\/fr\/wp-json\/wp\/v2\/product_tag?post=4598"}],"curies":[{"name":"wp","href":"https:\/\/api.w.org\/{rel}","templated":true}]}}