{"id":4593,"date":"2026-01-13T14:15:37","date_gmt":"2026-01-13T06:15:37","guid":{"rendered":"https:\/\/minghanggroup.com\/?post_type=product&#038;p=4593"},"modified":"2026-01-13T16:50:36","modified_gmt":"2026-01-13T08:50:36","slug":"empty-beautiful-fragrance-bottles-wholesale","status":"publish","type":"product","link":"https:\/\/minghanggroup.com\/fr\/produit\/empty-beautiful-fragrance-bottles-wholesale\/","title":{"rendered":"Flacons de parfum vides de 100 ml, magnifiques, en gros"},"content":{"rendered":"<p>Ces magnifiques flacons de parfum, au design \u00e9pur\u00e9 et \u00e9l\u00e9gant, sont fabriqu\u00e9s en verre transparent. Leurs bouchons bross\u00e9s leur conf\u00e8rent une finition luxueuse.<\/p>\n<h2>Caract\u00e9ristiques du produit<\/h2>\n<ul>\n<li><strong>Bouteille en forme de larme :<\/strong> La forme lisse et fluide de la bouteille offre une bonne prise en main et ajoute \u00e0 son esth\u00e9tique.<\/li>\n<li><strong>Bouchon en m\u00e9tal bross\u00e9 :<\/strong> Le bouchon m\u00e9tallique contraste fortement avec le verre transparent, ce qui rehausse la qualit\u00e9 et le style du produit.<\/li>\n<li><strong>Buse de pulv\u00e9risation int\u00e9gr\u00e9e\u00a0:<\/strong> L&#039;embout vaporisateur int\u00e9gr\u00e9 au bouchon est consid\u00e9r\u00e9 comme pratique et esth\u00e9tique, ce qui le rend parfaitement adapt\u00e9 \u00e0 l&#039;utilisation quotidienne des parfums.<\/li>\n<\/ul>\n<h2 style=\"text-align: left;\">Caract\u00e9ristiques principales<\/h2>\n<table class=\"aligncenter\" style=\"border-collapse: collapse; width: 427.52pt;\" border=\"0\" width=\"570\" cellspacing=\"0\" cellpadding=\"0\">\n<tbody>\n<tr style=\"height: 13.50pt;\">\n<td style=\"height: 13.50pt; width: 119.25pt;\" width=\"159\" height=\"18\">Sp\u00e9cification<\/td>\n<td style=\"width: 308.25pt;\" width=\"411\">D\u00e9tails<\/td>\n<\/tr>\n<tr style=\"height: 13.50pt;\">\n<td style=\"height: 13.50pt;\" height=\"18\">Capacit\u00e9<\/td>\n<td>100 ml<\/td>\n<\/tr>\n<tr style=\"height: 13.50pt;\">\n<td style=\"height: 13.50pt;\" height=\"18\">Dimensions<\/td>\n<td>51\u00d7107mm<\/td>\n<\/tr>\n<tr style=\"height: 13.50pt;\">\n<td style=\"height: 13.50pt;\" height=\"18\">Mat\u00e9riel<\/td>\n<td>Verre de qualit\u00e9 cristalline, bouchon en m\u00e9tal<\/td>\n<\/tr>\n<tr style=\"height: 13.50pt;\">\n<td style=\"height: 13.50pt;\" height=\"18\">\u00c9tendue de la personnalisation<\/td>\n<td>Forme, taille, finition, couleur<\/td>\n<\/tr>\n<tr style=\"height: 13.50pt;\">\n<td style=\"height: 13.50pt;\" height=\"18\">Savoir-faire<\/td>\n<td>Magnifiques flacons de parfum, flacons de parfum en vrac<\/td>\n<\/tr>\n<tr style=\"height: 13.50pt;\">\n<td style=\"height: 13.50pt;\" height=\"18\">Objectif du produit<\/td>\n<td>Parfums haut de gamme et f\u00e9minins, senteurs signature<\/td>\n<\/tr>\n<\/tbody>\n<\/table>\n<h2>Histoire \u00e0 succ\u00e8s<\/h2>\n<p>L&#039;une des plus anciennes maisons de parfumerie fran\u00e7aises a choisi notre flacon de 100 ml et a command\u00e9 un flacon en verre en forme de larme, surmont\u00e9 d&#039;un bouchon en m\u00e9tal dor\u00e9 rose. Sa forme \u00e9l\u00e9gante, en goutte d&#039;eau, s&#039;accordait parfaitement avec le design et est imm\u00e9diatement devenue la signature de la marque, dont les ventes ont bondi de 90 %. Son diffuseur \u00e0 brume fine int\u00e9gr\u00e9 a \u00e9t\u00e9 particuli\u00e8rement appr\u00e9ci\u00e9 pour sa diffusion homog\u00e8ne et d\u00e9licate, avec 85 % d&#039;avis clients positifs. Fort de ces r\u00e9sultats impressionnants, la marque a command\u00e9 500\u00a0000 flacons suppl\u00e9mentaires afin de r\u00e9pondre \u00e0 la demande pour sa nouvelle gamme de produits, pr\u00e9vue pour les deux ann\u00e9es suivantes.<\/p>\n<h2>Flacons de parfum magnifiques et personnalisables<\/h2>\n<ul>\n<li>D\u00e9grad\u00e9 de vitrail\u00a0: Utilise un verre bicolore (ou un l\u00e9ger d\u00e9grad\u00e9) allant du transparent aux couleurs douces (comme le rose, l\u2019ambre, etc.).<\/li>\n<li>Effet m\u00e9tallis\u00e9 : Vaporisez le flacon avec un produit nacr\u00e9, dor\u00e9 ou chrom\u00e9 pour obtenir un effet scintillant.<\/li>\n<li>S\u00e9rigraphie : Transf\u00e9rez des motifs \u00e9labor\u00e9s et \u00e9clatants sur le verre et t\u00e9moignez d&#039;un fort sens de l&#039;expression artistique.<\/li>\n<li>Verre textur\u00e9\u00a0: Ajoutez une l\u00e9g\u00e8re texture martel\u00e9e ou nervur\u00e9e aux formes pour leur donner du relief.<\/li>\n<\/ul>","protected":false},"excerpt":{"rendered":"<p>Flacons de parfum \u00e9l\u00e9gants et raffin\u00e9s, compos\u00e9s d&#039;un corps en verre en forme de larme et d&#039;un bouchon en m\u00e9tal bross\u00e9. Flacon de 100 ml, personnalisable (OEM).<\/p>","protected":false},"featured_media":4594,"template":"","meta":{"postBodyCss":"","postBodyMargin":[],"postBodyPadding":[],"postBodyBackground":{"backgroundType":"classic","gradient":""}},"product_brand":[],"product_cat":[15,16,62],"product_tag":[],"class_list":{"0":"post-4593","1":"product","2":"type-product","3":"status-publish","4":"has-post-thumbnail","6":"product_cat-glass-containers","7":"product_cat-glass-bottles","8":"product_cat-perfume-bottles","10":"first","11":"instock","12":"shipping-taxable","13":"product-type-simple"},"jetpack_sharing_enabled":true,"_links":{"self":[{"href":"https:\/\/minghanggroup.com\/fr\/wp-json\/wp\/v2\/product\/4593","targetHints":{"allow":["GET"]}}],"collection":[{"href":"https:\/\/minghanggroup.com\/fr\/wp-json\/wp\/v2\/product"}],"about":[{"href":"https:\/\/minghanggroup.com\/fr\/wp-json\/wp\/v2\/types\/product"}],"wp:featuredmedia":[{"embeddable":true,"href":"https:\/\/minghanggroup.com\/fr\/wp-json\/wp\/v2\/media\/4594"}],"wp:attachment":[{"href":"https:\/\/minghanggroup.com\/fr\/wp-json\/wp\/v2\/media?parent=4593"}],"wp:term":[{"taxonomy":"product_brand","embeddable":true,"href":"https:\/\/minghanggroup.com\/fr\/wp-json\/wp\/v2\/product_brand?post=4593"},{"taxonomy":"product_cat","embeddable":true,"href":"https:\/\/minghanggroup.com\/fr\/wp-json\/wp\/v2\/product_cat?post=4593"},{"taxonomy":"product_tag","embeddable":true,"href":"https:\/\/minghanggroup.com\/fr\/wp-json\/wp\/v2\/product_tag?post=4593"}],"curies":[{"name":"wp","href":"https:\/\/api.w.org\/{rel}","templated":true}]}}