{"id":4592,"date":"2026-01-13T16:32:57","date_gmt":"2026-01-13T08:32:57","guid":{"rendered":"https:\/\/minghanggroup.com\/?post_type=product&#038;p=4592"},"modified":"2026-01-13T16:53:18","modified_gmt":"2026-01-13T08:53:18","slug":"100-ml-perfume-bottles-bulk-fragrance-bottle-manufacturers","status":"publish","type":"product","link":"https:\/\/minghanggroup.com\/fr\/produit\/100-ml-perfume-bottles-bulk-fragrance-bottle-manufacturers\/","title":{"rendered":"Flacons de parfum de 100 ml, forme carr\u00e9e, en gros"},"content":{"rendered":"<p>Votre flacon de parfum de 100 ml ne devrait pas se contenter de contenir un parfum\u00a0; il devrait captiver l\u2019attention. En tant que fabricants de flacons de parfum haut de gamme, nous cr\u00e9ons des flacons en verre qui transforment votre parfum personnalis\u00e9 en un objet de luxe qui attire tous les regards.<\/p>\n<h2>Caract\u00e9ristiques du produit<\/h2>\n<ul>\n<li><strong>Contraste du capuchon rose\/noir\u00a0: <\/strong>Des bouchons rose p\u00e2le ou noirs sur du verre transparent\u00a0? Un r\u00e9gal pour les yeux pour vos emballages de parfum.<\/li>\n<li><strong>Rectangle stabilis\u00e9 : <\/strong>Fond renforc\u00e9, aucune instabilit\u00e9 sur les \u00e9tag\u00e8res. Votre flacon de parfum en verre offre une sensation de robustesse et de luxe.<\/li>\n<li><strong>Pr\u00eat pour la marque\u00a0: <\/strong>Aucune \u00e9tiquette requise, id\u00e9al pour le lancement d&#039;un parfum personnalis\u00e9 ou la pr\u00e9sentation d&#039;huiles essentielles.<\/li>\n<\/ul>\n<h2>Caract\u00e9ristiques principales<\/h2>\n<table style=\"border-collapse: collapse; width: 80%; margin-right: auto; margin-left: auto;\" border=\"0\" width=\"288\" cellspacing=\"0\" cellpadding=\"0\">\n<tbody>\n<tr style=\"height: 13.50pt;\">\n<td style=\"height: 13.5pt; width: 54pt; text-align: center;\" width=\"72\" height=\"18\">Taille<\/td>\n<td style=\"width: 54pt; text-align: center;\" width=\"72\">Dimensions (mm)<\/td>\n<td style=\"width: 54pt; text-align: center;\" width=\"72\">Couleur du bonnet<\/td>\n<td style=\"width: 54pt; text-align: center;\" width=\"72\">Type d&#039;\u00e9tanch\u00e9it\u00e9<\/td>\n<\/tr>\n<tr style=\"height: 13.50pt;\">\n<td style=\"height: 13.5pt; text-align: center;\" height=\"18\">100 ml<\/td>\n<td style=\"text-align: center;\">68\u00d736\u00d7100<\/td>\n<td style=\"text-align: center;\">Rose\/Noir<\/td>\n<td style=\"text-align: center;\">\u00c9trier de pulv\u00e9risation (atomiseur)<\/td>\n<\/tr>\n<\/tbody>\n<\/table>\n<h2>Cas de r\u00e9ussite<\/h2>\n<p>L&#039;une des marques de parfums phares aux senteurs modernes et minimalistes recherchait un packaging refl\u00e9tant la puret\u00e9 de ses produits et l&#039;\u00e9l\u00e9gance de son image. Pour le lancement de sa nouvelle collection, elle a choisi nos flacons de parfum carr\u00e9s en verre, personnalis\u00e9s notamment avec une finition l\u00e9g\u00e8rement d\u00e9polie et un logo perfor\u00e9 pour une meilleure visibilit\u00e9 en rayon.<\/p>\n<p>Finalement, cette pr\u00e9sentation \u00e9l\u00e9gante s&#039;est av\u00e9r\u00e9e si efficace qu&#039;elle a permis \u00e0 la marque de se d\u00e9marquer en magasin, ce qui a entra\u00een\u00e9 une augmentation de 46 % des taux de r\u00e9achat des distributeurs et une augmentation de 30 % des ventes sur deux trimestres.<\/p>\n<h2>Vos options de personnalisation<\/h2>\n<ol>\n<li><strong>Couleur du bouchon : <\/strong>Rose pour les notes florales, noir pour les notes bois\u00e9es, votre bouchon r\u00e9v\u00e9lera son origine avant m\u00eame la premi\u00e8re vaporisation.<\/li>\n<li><strong>Impression UV pour la d\u00e9coration\u00a0: <\/strong>Ornez vos verreries d&#039;un motif sophistiqu\u00e9, et vos solutions d&#039;emballage de parfum deviendront un sujet de conversation.<\/li>\n<li><strong>R\u00e9glages pour atomiseur d&#039;huiles essentielles\u00a0: <\/strong>R\u00e9glez l&#039;atomiseur pour les huiles denses, sans obstruction, pour obtenir une brume parfaitement fine.<\/li>\n<\/ol>","protected":false},"excerpt":{"rendered":"<p>Flacons de parfum de 100 ml en verre \u00e9pais aux lignes \u00e9pur\u00e9es. Vente directe d&#039;usine, \u00e9chantillons gratuits, personnalisation en gros par des fabricants exp\u00e9riment\u00e9s de flacons de parfum.<\/p>","protected":false},"featured_media":4602,"template":"","meta":{"postBodyCss":"","postBodyMargin":[],"postBodyPadding":[],"postBodyBackground":{"backgroundType":"classic","gradient":""}},"product_brand":[],"product_cat":[16,15,62],"product_tag":[],"class_list":{"0":"post-4592","1":"product","2":"type-product","3":"status-publish","4":"has-post-thumbnail","6":"product_cat-glass-bottles","7":"product_cat-glass-containers","8":"product_cat-perfume-bottles","10":"first","11":"instock","12":"shipping-taxable","13":"product-type-simple"},"jetpack_sharing_enabled":true,"_links":{"self":[{"href":"https:\/\/minghanggroup.com\/fr\/wp-json\/wp\/v2\/product\/4592","targetHints":{"allow":["GET"]}}],"collection":[{"href":"https:\/\/minghanggroup.com\/fr\/wp-json\/wp\/v2\/product"}],"about":[{"href":"https:\/\/minghanggroup.com\/fr\/wp-json\/wp\/v2\/types\/product"}],"wp:featuredmedia":[{"embeddable":true,"href":"https:\/\/minghanggroup.com\/fr\/wp-json\/wp\/v2\/media\/4602"}],"wp:attachment":[{"href":"https:\/\/minghanggroup.com\/fr\/wp-json\/wp\/v2\/media?parent=4592"}],"wp:term":[{"taxonomy":"product_brand","embeddable":true,"href":"https:\/\/minghanggroup.com\/fr\/wp-json\/wp\/v2\/product_brand?post=4592"},{"taxonomy":"product_cat","embeddable":true,"href":"https:\/\/minghanggroup.com\/fr\/wp-json\/wp\/v2\/product_cat?post=4592"},{"taxonomy":"product_tag","embeddable":true,"href":"https:\/\/minghanggroup.com\/fr\/wp-json\/wp\/v2\/product_tag?post=4592"}],"curies":[{"name":"wp","href":"https:\/\/api.w.org\/{rel}","templated":true}]}}