{"id":4576,"date":"2026-01-13T10:51:34","date_gmt":"2026-01-13T02:51:34","guid":{"rendered":"https:\/\/minghanggroup.com\/?post_type=product&#038;p=4576"},"modified":"2026-01-13T16:51:38","modified_gmt":"2026-01-13T08:51:38","slug":"mini-fragrance-bottles-for-travel-design-wholesale","status":"publish","type":"product","link":"https:\/\/minghanggroup.com\/fr\/produit\/mini-fragrance-bottles-for-travel-design-wholesale\/","title":{"rendered":"Flacons de parfum miniatures de 10 ml pour le voyage, vente en gros"},"content":{"rendered":"<p>Voici une gamme de mini-flacons de parfum d\u00e9clin\u00e9e en deux mod\u00e8les \u00e9l\u00e9gants\u00a0: un prisme carr\u00e9 fin et un flacon cylindrique classique. Chaque flacon contient 10\u00a0ml. Fabriqu\u00e9s en verre transparent, ces flacons miniatures se glissent facilement dans une poche ou un sac \u00e0 main.<\/p>\n<h2>Caract\u00e9ristiques du produit<\/h2>\n<ul>\n<li><strong>Petit et exquis :<\/strong> Ce flacon de parfum, de petite taille, allie praticit\u00e9 et esth\u00e9tique, et peut se glisser dans n&#039;importe quel sac \u00e0 main ou poche.<\/li>\n<li><strong>Carr\u00e9 ou cylindrique :<\/strong> Vous pouvez opter pour une bouteille carr\u00e9e \u00e9l\u00e9gante ou une bouteille cylindrique plus ancienne, comparable \u00e0 votre marque.<\/li>\n<li><strong>Bouteille en verre transparent :<\/strong> Le flacon est fabriqu\u00e9 en verre transparent, ce qui permet aux invit\u00e9s de voir la quantit\u00e9 de parfum restante et lui conf\u00e8re un caract\u00e8re pur et impeccable.<\/li>\n<\/ul>\n<h2 style=\"text-align: left;\">Caract\u00e9ristiques principales<\/h2>\n<table class=\"aligncenter\" style=\"border-collapse: collapse; width: 473.27pt;\" border=\"0\" width=\"631\" cellspacing=\"0\" cellpadding=\"0\">\n<tbody>\n<tr style=\"height: 13.50pt;\">\n<td style=\"height: 13.50pt; width: 119.25pt;\" width=\"159\" height=\"18\">Sp\u00e9cification<\/td>\n<td style=\"width: 354.00pt;\" width=\"472\">D\u00e9tails<\/td>\n<\/tr>\n<tr style=\"height: 13.50pt;\">\n<td style=\"height: 13.50pt;\" height=\"18\">Capacit\u00e9<\/td>\n<td>10 ml (Tous styles)<\/td>\n<\/tr>\n<tr style=\"height: 13.50pt;\">\n<td style=\"height: 13.50pt;\" height=\"18\">Dimensions<\/td>\n<td>17\u00d717\u00d799 mm \/ 21\u00d721\u00d7103 mm (carr\u00e9) \/ 23\u00d7105 mm (cylindre)<\/td>\n<\/tr>\n<tr style=\"height: 13.50pt;\">\n<td style=\"height: 13.50pt;\" height=\"18\">Mat\u00e9riel<\/td>\n<td>Verre transparent, bouchons en m\u00e9tal<\/td>\n<\/tr>\n<tr style=\"height: 13.50pt;\">\n<td style=\"height: 13.50pt;\" height=\"18\">Forme de bouteille<\/td>\n<td>Prisme carr\u00e9 et cylindre<\/td>\n<\/tr>\n<tr style=\"height: 13.50pt;\">\n<td style=\"height: 13.50pt;\" height=\"18\">\u00c9tendue de la personnalisation<\/td>\n<td>Forme, taille et couleur\/teinte de la bouteille<\/td>\n<\/tr>\n<tr style=\"height: 13.50pt;\">\n<td style=\"height: 13.50pt;\" height=\"18\">Savoir-faire<\/td>\n<td>Soufflage de verre miniature de pr\u00e9cision, assemblage de bouchon m\u00e9tallique<\/td>\n<\/tr>\n<tr style=\"height: 13.50pt;\">\n<td style=\"height: 13.50pt;\" height=\"18\">Objectif du produit<\/td>\n<td>Contenants de parfum de voyage, flacons d&#039;\u00e9chantillons de parfum<\/td>\n<\/tr>\n<tr style=\"height: 13.50pt;\">\n<td style=\"height: 13.50pt;\" height=\"18\">Secteurs d&#039;activit\u00e9 appropri\u00e9s<\/td>\n<td>H\u00f4tellerie, commerce de d\u00e9tail de voyage, marques de parfums<\/td>\n<\/tr>\n<\/tbody>\n<\/table>\n<h2>Succ\u00e8s\u00a0: Des installations sp\u00e9ciales pour une cha\u00eene h\u00f4teli\u00e8re de luxe<\/h2>\n<p>Une cha\u00eene h\u00f4teli\u00e8re cinq \u00e9toiles a command\u00e9 nos mini-flacons de parfum, personnalis\u00e9s selon ses besoins. Dot\u00e9s d&#039;un bouchon dor\u00e9 et d&#039;une \u00e9l\u00e9gante finition givr\u00e9e orn\u00e9e du logo de l&#039;h\u00f4tel, ces flacons de 10 ml sont tr\u00e8s appr\u00e9ci\u00e9s des clients. 92 % d&#039;entre eux les ont emport\u00e9s en souvenir. La satisfaction des clients s&#039;est accrue \u00e0 80 %, tant pour les \u00e9quipements des chambres que pour l&#039;aspect raffin\u00e9 de ce parfum longue tenue. Enthousiasm\u00e9e par l&#039;accueil positif et la promotion de la marque, la cha\u00eene h\u00f4teli\u00e8re a command\u00e9 800\u00a0000 flacons suppl\u00e9mentaires, qui seront distribu\u00e9s dans ses h\u00f4tels \u00e0 travers le monde.<\/p>\n<h2>Contenants de parfum de voyage Personnalisation haut de gamme<\/h2>\n<ul>\n<li>Options de couleur du verre\u00a0: Les clients peuvent opter pour un verre transparent, gris fum\u00e9 ou ambr\u00e9 afin d\u2019am\u00e9liorer la protection contre les UV ou d\u2019y apposer leur marque.<\/li>\n<li>Effet verre d\u00e9poli\u00a0: Les fa\u00e7ades totalement ou partiellement d\u00e9polies de l\u2019ouvrage fini conf\u00e8rent un aspect doux et luxueux.<\/li>\n<li>S\u00e9rigraphie : Est-il possible d&#039;imprimer un petit logo ou une image sur le c\u00f4t\u00e9 de la bouteille afin de garantir une image de marque bien d\u00e9finie ?<\/li>\n<li>Pulv\u00e9risateur de voyage\u00a0: Il est de haute qualit\u00e9 et sa pompe de pulv\u00e9risation de voyage est \u00e9tanche et facile \u00e0 utiliser.<\/li>\n<\/ul>","protected":false},"excerpt":{"rendered":"<p>Notre coffret de flacons de parfum de voyage comprend des flacons en verre carr\u00e9s et cylindriques. Ces mini-flacons sont dot\u00e9s de bouchons dor\u00e9s et argent\u00e9s de qualit\u00e9 sup\u00e9rieure. \u00c9chantillons gratuits.<\/p>","protected":false},"featured_media":4580,"template":"","meta":{"postBodyCss":"","postBodyMargin":[],"postBodyPadding":[],"postBodyBackground":{"backgroundType":"classic","gradient":""}},"product_brand":[],"product_cat":[15,16,62],"product_tag":[],"class_list":{"0":"post-4576","1":"product","2":"type-product","3":"status-publish","4":"has-post-thumbnail","6":"product_cat-glass-containers","7":"product_cat-glass-bottles","8":"product_cat-perfume-bottles","10":"first","11":"instock","12":"shipping-taxable","13":"product-type-simple"},"jetpack_sharing_enabled":true,"_links":{"self":[{"href":"https:\/\/minghanggroup.com\/fr\/wp-json\/wp\/v2\/product\/4576","targetHints":{"allow":["GET"]}}],"collection":[{"href":"https:\/\/minghanggroup.com\/fr\/wp-json\/wp\/v2\/product"}],"about":[{"href":"https:\/\/minghanggroup.com\/fr\/wp-json\/wp\/v2\/types\/product"}],"wp:featuredmedia":[{"embeddable":true,"href":"https:\/\/minghanggroup.com\/fr\/wp-json\/wp\/v2\/media\/4580"}],"wp:attachment":[{"href":"https:\/\/minghanggroup.com\/fr\/wp-json\/wp\/v2\/media?parent=4576"}],"wp:term":[{"taxonomy":"product_brand","embeddable":true,"href":"https:\/\/minghanggroup.com\/fr\/wp-json\/wp\/v2\/product_brand?post=4576"},{"taxonomy":"product_cat","embeddable":true,"href":"https:\/\/minghanggroup.com\/fr\/wp-json\/wp\/v2\/product_cat?post=4576"},{"taxonomy":"product_tag","embeddable":true,"href":"https:\/\/minghanggroup.com\/fr\/wp-json\/wp\/v2\/product_tag?post=4576"}],"curies":[{"name":"wp","href":"https:\/\/api.w.org\/{rel}","templated":true}]}}