{"id":4571,"date":"2026-01-13T08:50:56","date_gmt":"2026-01-13T00:50:56","guid":{"rendered":"https:\/\/minghanggroup.com\/?post_type=product&#038;p=4571"},"modified":"2026-01-13T16:52:23","modified_gmt":"2026-01-13T08:52:23","slug":"clear-rectangle-3-4-oz-perfume-bottles-wholesale","status":"publish","type":"product","link":"https:\/\/minghanggroup.com\/fr\/produit\/clear-rectangle-3-4-oz-perfume-bottles-wholesale\/","title":{"rendered":"Flacons de parfum rectangulaires transparents de 100 ml (3,4 oz) en gros"},"content":{"rendered":"<p>Ce flacon de parfum de 100 ml (3,4 oz) pr\u00e9sente une \u00e9l\u00e9gante forme rectangulaire et est fabriqu\u00e9 en verre cristallin. Son corps en forme de boomerang (aux bords arrondis) laisse passer la lumi\u00e8re, et son bouchon trap\u00e9zo\u00efdal noir brillant est du plus bel effet.<\/p>\n<h2>Caract\u00e9ristiques du produit<\/h2>\n<ul>\n<li><strong>Bouteille en cristal haute transparence :<\/strong> Le flacon en verre cristal extr\u00eamement transparent met parfaitement en valeur l&#039;ar\u00f4me du parfum gr\u00e2ce \u00e0 la brillance et \u00e0 la clart\u00e9 du produit.<\/li>\n<li><strong>Bouteille carr\u00e9e arrondie :<\/strong> Le flacon carr\u00e9 aux angles arrondis garantit une pr\u00e9sentation soign\u00e9e et offre une meilleure prise en main.<\/li>\n<li><strong>Bouchon trap\u00e9zo\u00efdal noir brillant :<\/strong> La bouteille transparente contraste avec le bouchon trap\u00e9zo\u00efdal noir brillant, et la puret\u00e9 des lignes contribue \u00e0 un style minimaliste et sophistiqu\u00e9.<\/li>\n<\/ul>\n<h2 style=\"text-align: left;\">Caract\u00e9ristiques principales<\/h2>\n<table class=\"aligncenter\" style=\"border-collapse: collapse; width: 414.02pt;\" border=\"0\" width=\"552\" cellspacing=\"0\" cellpadding=\"0\">\n<tbody>\n<tr style=\"height: 13.50pt;\">\n<td style=\"height: 13.50pt; width: 119.25pt;\" width=\"159\" height=\"18\">Sp\u00e9cification<\/td>\n<td style=\"width: 294.75pt;\" width=\"393\">D\u00e9tails<\/td>\n<\/tr>\n<tr style=\"height: 13.50pt;\">\n<td style=\"height: 13.50pt;\" height=\"18\">Capacit\u00e9<\/td>\n<td>100 ml (3,4 oz)<\/td>\n<\/tr>\n<tr style=\"height: 13.50pt;\">\n<td style=\"height: 13.50pt;\" height=\"18\">Dimensions<\/td>\n<td>73\u00d731\u00d7106 mm<\/td>\n<\/tr>\n<tr style=\"height: 13.50pt;\">\n<td style=\"height: 13.50pt;\" height=\"18\">Mat\u00e9riel<\/td>\n<td>Verre de qualit\u00e9 cristalline<\/td>\n<\/tr>\n<tr style=\"height: 13.50pt;\">\n<td style=\"height: 13.50pt;\" height=\"18\">Forme de bouteille<\/td>\n<td>Rectangle \u00e0 coins arrondis<\/td>\n<\/tr>\n<tr style=\"height: 13.50pt;\">\n<td style=\"height: 13.50pt;\" height=\"18\">\u00c9tendue de la personnalisation<\/td>\n<td>Forme, taille, couleur\/finition du verre<\/td>\n<\/tr>\n<tr style=\"height: 13.50pt;\">\n<td style=\"height: 13.50pt;\" height=\"18\">Savoir-faire<\/td>\n<td>Moulage de verre de pr\u00e9cision, finition de capuchon \u00e0 haute brillance<\/td>\n<\/tr>\n<tr style=\"height: 13.50pt;\">\n<td style=\"height: 13.50pt;\" height=\"18\">Objectif du produit<\/td>\n<td>Flacon de parfum rectangulaire, flacons de parfum vides<\/td>\n<\/tr>\n<tr style=\"height: 13.50pt;\">\n<td style=\"height: 13.50pt;\" height=\"18\">Secteurs d&#039;activit\u00e9 appropri\u00e9s<\/td>\n<td>Marques de grands magasins, cadeaux de luxe<\/td>\n<\/tr>\n<\/tbody>\n<\/table>\n<h2>Histoire \u00e0 succ\u00e8s<\/h2>\n<p>Une marque new-yorkaise sp\u00e9cialis\u00e9e dans les accessoires de d\u00e9coration modernes a choisi notre flacon de parfum de 100 ml comme contenant et l&#039;a personnalis\u00e9 avec un corps en verre gris fum\u00e9 clair et le bouchon trap\u00e9zo\u00efdal noir mat embl\u00e9matique de la marque. La forme rectangulaire du flacon lui conf\u00e8re une visibilit\u00e9 optimale en rayon, et les d\u00e9taillants ont constat\u00e9 un taux de conversion des ventes de 25 %, sup\u00e9rieur \u00e0 celui des autres formes de flacons. La transparence du verre (m\u00eame teint\u00e9) est un gage de qualit\u00e9 et d&#039;authenticit\u00e9, incitant \u00e0 un achat r\u00e9p\u00e9t\u00e9, avec un taux de fid\u00e9lisation accru de 50 %. Enchant\u00e9e par les performances du produit, la marque a command\u00e9 400\u00a0000 flacons suppl\u00e9mentaires pour int\u00e9grer le parfum \u00e0 sa gamme permanente.<\/p>\n<h2>Personnalisation d&#039;un flacon de parfum rectangulaire<\/h2>\n<ul>\n<li>Couleurs et finitions du verre\u00a0: Les bouteilles en verre sont de forme rectangulaire et se d\u00e9clinent en finitions transparentes, fum\u00e9es, ambr\u00e9es et d\u00e9polies.<\/li>\n<li>Gravure laser sur verre\u00a0: La bouteille peut \u00eatre grav\u00e9e de motifs simples, de noms de marque ou de lignes d\u00e9coratives.<\/li>\n<li>Panneau avec logo de marque sabl\u00e9\u00a0: Il est possible d\u2019imprimer le logo de la marque sur un panneau rectangulaire d\u00e9poli sabl\u00e9 \u00e0 l\u2019arri\u00e8re ou \u00e0 l\u2019avant de la bouteille.<\/li>\n<li>D\u00e9tails d\u00e9coratifs m\u00e9talliques\u00a0: Une fine feuille de m\u00e9tal (argent ou or) peut \u00eatre plac\u00e9e sur la base du bouchon ou sur le goulot de la bouteille.<\/li>\n<\/ul>","protected":false},"excerpt":{"rendered":"<p>Ce flacon de parfum de 100 ml est en verre transparent aux bords arrondis et surmont\u00e9 d&#039;un bouchon noir brillant. Ce flacon rectangulaire est personnalisable.<\/p>","protected":false},"featured_media":4573,"template":"","meta":{"postBodyCss":"","postBodyMargin":[],"postBodyPadding":[],"postBodyBackground":{"backgroundType":"classic","gradient":""}},"product_brand":[],"product_cat":[15,16,62],"product_tag":[],"class_list":{"0":"post-4571","1":"product","2":"type-product","3":"status-publish","4":"has-post-thumbnail","6":"product_cat-glass-containers","7":"product_cat-glass-bottles","8":"product_cat-perfume-bottles","10":"first","11":"instock","12":"shipping-taxable","13":"product-type-simple"},"jetpack_sharing_enabled":true,"_links":{"self":[{"href":"https:\/\/minghanggroup.com\/fr\/wp-json\/wp\/v2\/product\/4571","targetHints":{"allow":["GET"]}}],"collection":[{"href":"https:\/\/minghanggroup.com\/fr\/wp-json\/wp\/v2\/product"}],"about":[{"href":"https:\/\/minghanggroup.com\/fr\/wp-json\/wp\/v2\/types\/product"}],"wp:featuredmedia":[{"embeddable":true,"href":"https:\/\/minghanggroup.com\/fr\/wp-json\/wp\/v2\/media\/4573"}],"wp:attachment":[{"href":"https:\/\/minghanggroup.com\/fr\/wp-json\/wp\/v2\/media?parent=4571"}],"wp:term":[{"taxonomy":"product_brand","embeddable":true,"href":"https:\/\/minghanggroup.com\/fr\/wp-json\/wp\/v2\/product_brand?post=4571"},{"taxonomy":"product_cat","embeddable":true,"href":"https:\/\/minghanggroup.com\/fr\/wp-json\/wp\/v2\/product_cat?post=4571"},{"taxonomy":"product_tag","embeddable":true,"href":"https:\/\/minghanggroup.com\/fr\/wp-json\/wp\/v2\/product_tag?post=4571"}],"curies":[{"name":"wp","href":"https:\/\/api.w.org\/{rel}","templated":true}]}}