{"id":4566,"date":"2026-01-13T11:21:53","date_gmt":"2026-01-13T03:21:53","guid":{"rendered":"https:\/\/minghanggroup.com\/?post_type=product&#038;p=4566"},"modified":"2026-01-13T16:48:50","modified_gmt":"2026-01-13T08:48:50","slug":"glass-personalized-cologne-bottle-with-diamond-lids-bulk","status":"publish","type":"product","link":"https:\/\/minghanggroup.com\/fr\/produit\/glass-personalized-cologne-bottle-with-diamond-lids-bulk\/","title":{"rendered":"Flacons de cologne en verre personnalis\u00e9s de 50 ml avec bouchons en forme de diamant (vente en gros)"},"content":{"rendered":"<p>Vos flacons de parfum personnalis\u00e9s ne doivent pas se contenter de contenir du parfum\u00a0; ils doivent captiver l\u2019attention de vos clients. En tant que fournisseurs de flacons de parfum haut de gamme, nous cr\u00e9ons des flacons en verre qui transforment votre parfum sur mesure en un objet de luxe qui attire imm\u00e9diatement le regard.<\/p>\n<h2>Caract\u00e9ristiques du produit<\/h2>\n<ul>\n<li><strong>Contraste du capuchon argent\/or\u00a0: <\/strong>Des bouchons m\u00e9talliques sur du verre transparent ? Un succ\u00e8s fulgurant pour le packaging d&#039;un parfum.<\/li>\n<li><strong>Base rectangulaire stabilis\u00e9e et \u00e9paissie\u00a0: <\/strong>Aucune oscillation sur les \u00e9tag\u00e8res. Votre flacon de parfum en verre est lourd et de qualit\u00e9 sup\u00e9rieure.<\/li>\n<li><strong>La magie des casquettes \u00e0 multiples facettes : <\/strong>Le capuchon sup\u00e9rieur refl\u00e8te la lumi\u00e8re et ajoute une touche d\u00e9corative instantan\u00e9e sans frais suppl\u00e9mentaires.<\/li>\n<\/ul>\n<h2>Caract\u00e9ristiques principales<\/h2>\n<table style=\"border-collapse: collapse; width: 80%; margin-left: auto; margin-right: auto;\" border=\"0\" width=\"288\" cellspacing=\"0\" cellpadding=\"0\">\n<tbody>\n<tr style=\"height: 13.50pt;\">\n<td style=\"height: 13.5pt; width: 54pt; text-align: center;\" width=\"72\" height=\"18\">Taille<\/td>\n<td style=\"width: 54pt; text-align: center;\" width=\"72\">Dimensions (mm)<\/td>\n<td style=\"width: 54pt; text-align: center;\" width=\"72\">Couleur du bonnet<\/td>\n<td style=\"width: 54pt; text-align: center;\" width=\"72\">Type d&#039;\u00e9tanch\u00e9it\u00e9<\/td>\n<\/tr>\n<tr style=\"height: 13.50pt;\">\n<td style=\"height: 13.5pt; text-align: center;\" height=\"18\">50 ml<\/td>\n<td style=\"text-align: center;\">58\u00d733\u00d779 \/ 58\u00d735\u00d791<\/td>\n<td style=\"text-align: center;\">Argent\/Or<\/td>\n<td style=\"text-align: center;\">\u00c9trier de pulv\u00e9risation (atomiseur)<\/td>\n<\/tr>\n<\/tbody>\n<\/table>\n<h2>Cas de r\u00e9ussite<\/h2>\n<p>Une marque de parfums haut de gamme recherchait un packaging transparent qui refl\u00e8te le savoir-faire artisanal et positionne son produit sur un segment sup\u00e9rieur. Pour le lancement de sa nouvelle collection, elle a choisi nos flacons de parfum en verre personnalis\u00e9s, avec une finition d\u00e9polie, un logo l\u00e9g\u00e8rement en relief sur le devant et un col vaporisateur dor\u00e9 sur mesure, en harmonie avec l&#039;identit\u00e9 visuelle de la marque.<br \/>\nLa marque a vu son volume de commandes r\u00e9p\u00e9t\u00e9es augmenter de 35 % en seulement deux lancements et a obtenu une meilleure r\u00e9ponse de la part des distributeurs, ce qui les a incit\u00e9s \u00e0 continuer de passer des commandes r\u00e9guli\u00e8res au fil des saisons.<\/p>\n<h2>Vos options de personnalisation<\/h2>\n<ol>\n<li><strong>Couleur de l&#039;\u00e9corce :<\/strong> Parfum floral dor\u00e9 et bois\u00e9 argent\u00e9 \u2013 le bouchon explique tout avant m\u00eame la premi\u00e8re vaporisation.<\/li>\n<li><strong>Impression UV : <\/strong>D\u00e9corez le verre avec des motifs floraux \u2013 vos emballages de parfums feront parler d&#039;eux.<\/li>\n<li><strong>Gravure de luxe : <\/strong>Faites graver votre logo au laser sur le c\u00f4t\u00e9.<\/li>\n<\/ol>","protected":false},"excerpt":{"rendered":"<p>Flacon de parfum personnalis\u00e9 en verre transparent avec vaporisateur. Collaborez avec des fournisseurs de flacons de parfum fiables proposant la vente directe d&#039;usine et la personnalisation en grande quantit\u00e9.<\/p>","protected":false},"featured_media":4570,"template":"","meta":{"postBodyCss":"","postBodyMargin":[],"postBodyPadding":[],"postBodyBackground":{"backgroundType":"classic","gradient":""}},"product_brand":[],"product_cat":[15,16,62],"product_tag":[],"class_list":{"0":"post-4566","1":"product","2":"type-product","3":"status-publish","4":"has-post-thumbnail","6":"product_cat-glass-containers","7":"product_cat-glass-bottles","8":"product_cat-perfume-bottles","10":"first","11":"instock","12":"shipping-taxable","13":"product-type-simple"},"jetpack_sharing_enabled":true,"_links":{"self":[{"href":"https:\/\/minghanggroup.com\/fr\/wp-json\/wp\/v2\/product\/4566","targetHints":{"allow":["GET"]}}],"collection":[{"href":"https:\/\/minghanggroup.com\/fr\/wp-json\/wp\/v2\/product"}],"about":[{"href":"https:\/\/minghanggroup.com\/fr\/wp-json\/wp\/v2\/types\/product"}],"wp:featuredmedia":[{"embeddable":true,"href":"https:\/\/minghanggroup.com\/fr\/wp-json\/wp\/v2\/media\/4570"}],"wp:attachment":[{"href":"https:\/\/minghanggroup.com\/fr\/wp-json\/wp\/v2\/media?parent=4566"}],"wp:term":[{"taxonomy":"product_brand","embeddable":true,"href":"https:\/\/minghanggroup.com\/fr\/wp-json\/wp\/v2\/product_brand?post=4566"},{"taxonomy":"product_cat","embeddable":true,"href":"https:\/\/minghanggroup.com\/fr\/wp-json\/wp\/v2\/product_cat?post=4566"},{"taxonomy":"product_tag","embeddable":true,"href":"https:\/\/minghanggroup.com\/fr\/wp-json\/wp\/v2\/product_tag?post=4566"}],"curies":[{"name":"wp","href":"https:\/\/api.w.org\/{rel}","templated":true}]}}