{"id":4554,"date":"2026-01-12T13:39:25","date_gmt":"2026-01-12T05:39:25","guid":{"rendered":"https:\/\/minghanggroup.com\/?post_type=product&#038;p=4554"},"modified":"2026-01-12T16:44:53","modified_gmt":"2026-01-12T08:44:53","slug":"cylindrical-matte-cologne-black-bottles-bulk","status":"publish","type":"product","link":"https:\/\/minghanggroup.com\/fr\/produit\/cylindrical-matte-cologne-black-bottles-bulk\/","title":{"rendered":"Eau de Cologne cylindrique noire mate de 30 ml, 50 ml et 100 ml (vente en gros)"},"content":{"rendered":"<p>Il s&#039;agit d&#039;un flacon d&#039;eau de Cologne noir mat, au corps cylindrique lisse (avec un bouchon carr\u00e9 assorti), qui lui conf\u00e8re une forme \u00e0 la fois iconique, moderne et \u00e9l\u00e9gante.<\/p>\n<h2>Caract\u00e9ristiques du produit<\/h2>\n<ul>\n<li><strong>Finition noir mat int\u00e9gral :<\/strong> Le flacon et le bouchon sont tous deux trait\u00e9s avec la m\u00eame finition noire mate, ce qui donne un aspect homog\u00e8ne, \u00e9l\u00e9gant et contemporain.<\/li>\n<li><strong>Cylindrique lisse :<\/strong> Son design cylindrique classique est lisse, robuste et durable, et repr\u00e9sente au mieux l&#039;image minimaliste de la marque.<\/li>\n<li><strong>Plusieurs tailles :<\/strong> Il est disponible en formats de 30 ml, 50 ml et 100 ml, ce qui permet \u00e0 chaque marque de disposer d&#039;une gamme de produits modulable et harmonisable.<\/li>\n<\/ul>\n<h2 style=\"text-align: left;\">Caract\u00e9ristiques principales<\/h2>\n<table class=\"aligncenter\" style=\"border-collapse: collapse; width: 475.52pt;\" border=\"0\" width=\"634\" cellspacing=\"0\" cellpadding=\"0\">\n<tbody>\n<tr style=\"height: 13.50pt;\">\n<td style=\"height: 13.50pt; width: 119.25pt;\" width=\"159\" height=\"18\">Sp\u00e9cification<\/td>\n<td style=\"width: 356.25pt;\" width=\"475\">D\u00e9tails<\/td>\n<\/tr>\n<tr style=\"height: 13.50pt;\">\n<td style=\"height: 13.50pt;\" height=\"18\">Capacit\u00e9<\/td>\n<td>30ml \/ 50ml \/ 100ml<\/td>\n<\/tr>\n<tr style=\"height: 13.50pt;\">\n<td style=\"height: 13.50pt;\" height=\"18\">Dimensions<\/td>\n<td>45\u00d756 mm \/ 50\u00d772 mm \/ 58\u00d784 mm<\/td>\n<\/tr>\n<tr style=\"height: 13.50pt;\">\n<td style=\"height: 13.50pt;\" height=\"18\">Mat\u00e9riel<\/td>\n<td>Verre avec rev\u00eatement noir mat<\/td>\n<\/tr>\n<tr style=\"height: 13.50pt;\">\n<td style=\"height: 13.50pt;\" height=\"18\">Forme de bouteille<\/td>\n<td>Cylindre<\/td>\n<\/tr>\n<tr style=\"height: 13.50pt;\">\n<td style=\"height: 13.50pt;\" height=\"18\">\u00c9tendue de la personnalisation<\/td>\n<td>Forme de la bouteille, taille, texture de la finition, gravure laser<\/td>\n<\/tr>\n<tr style=\"height: 13.50pt;\">\n<td style=\"height: 13.50pt;\" height=\"18\">Savoir-faire<\/td>\n<td>Formage de pr\u00e9cision du verre cylindrique, application de rev\u00eatement mat<\/td>\n<\/tr>\n<tr style=\"height: 13.50pt;\">\n<td style=\"height: 13.50pt;\" height=\"18\">Objectif du produit<\/td>\n<td>Flacons de colophane noirs, flacons de parfum de luxe<\/td>\n<\/tr>\n<tr style=\"height: 13.50pt;\">\n<td style=\"height: 13.50pt;\" height=\"18\">Secteurs d&#039;activit\u00e9 appropri\u00e9s<\/td>\n<td>Parfumerie contemporaine, soins haut de gamme<\/td>\n<\/tr>\n<\/tbody>\n<\/table>\n<h2>Succ\u00e8s garanti : une start-up technologique scandinave lance un parfum<\/h2>\n<p>Une start-up technologique scandinave a choisi notre flacon noir de 100 ml de parfum pour homme comme produit phare, et l&#039;a dot\u00e9 d&#039;une finition ultra-mate. Ce design unique, parfaitement en phase avec la philosophie de la marque ax\u00e9e sur la discr\u00e9tion, a permis une augmentation de 400 % des pr\u00e9commandes. Sa qualit\u00e9 et son prix \u00e9lev\u00e9 (60 % sup\u00e9rieur au co\u00fbt de production) sont pleinement justifi\u00e9s par son impact visuel exceptionnel. Enchant\u00e9e par l&#039;ad\u00e9quation du produit au march\u00e9 et par son succ\u00e8s commercial, la start-up a command\u00e9 500\u00a0000 flacons suppl\u00e9mentaires pour lancer son service d&#039;abonnement international.<\/p>\n<h2>Option de personnalisation des flacons noirs de Cologne<\/h2>\n<ul>\n<li>Variation de la texture de surface : Offre diff\u00e9rentes textures (douce au toucher, sabl\u00e9e, velout\u00e9e) en surface pour un toucher unique.<\/li>\n<li>Gravure de d\u00e9tails microscopiques\u00a0: gravez des motifs, des num\u00e9ros de s\u00e9rie ou des listes d\u2019ingr\u00e9dients, etc., de sorte qu\u2019ils ne soient visibles que sous certains angles.<\/li>\n<li>D\u00e9tails personnalis\u00e9s du bouchon : Donnez au bouchon cylindrique des rainures subtiles, des bords molet\u00e9s ou diverses textures.<\/li>\n<li>Socle lest\u00e9 : Un disque m\u00e9tallique dans le socle lui conf\u00e8re une meilleure stabilit\u00e9 et une sensation de solidit\u00e9 et de qualit\u00e9 sup\u00e9rieure.<\/li>\n<\/ul>","protected":false},"excerpt":{"rendered":"<p>D\u00e9couvrez le flacon noir moderne de cette eau de Cologne, assorti \u00e0 son bouchon. Id\u00e9al pour les parfums de niche, ce flacon noir de parfum pour homme est raffin\u00e9. Demandez un \u00e9chantillon gratuit.<\/p>","protected":false},"featured_media":4561,"template":"","meta":{"postBodyCss":"","postBodyMargin":[],"postBodyPadding":[],"postBodyBackground":{"backgroundType":"classic","gradient":""}},"product_brand":[],"product_cat":[15,16,62],"product_tag":[],"class_list":{"0":"post-4554","1":"product","2":"type-product","3":"status-publish","4":"has-post-thumbnail","6":"product_cat-glass-containers","7":"product_cat-glass-bottles","8":"product_cat-perfume-bottles","10":"first","11":"instock","12":"shipping-taxable","13":"product-type-simple"},"jetpack_sharing_enabled":true,"_links":{"self":[{"href":"https:\/\/minghanggroup.com\/fr\/wp-json\/wp\/v2\/product\/4554","targetHints":{"allow":["GET"]}}],"collection":[{"href":"https:\/\/minghanggroup.com\/fr\/wp-json\/wp\/v2\/product"}],"about":[{"href":"https:\/\/minghanggroup.com\/fr\/wp-json\/wp\/v2\/types\/product"}],"wp:featuredmedia":[{"embeddable":true,"href":"https:\/\/minghanggroup.com\/fr\/wp-json\/wp\/v2\/media\/4561"}],"wp:attachment":[{"href":"https:\/\/minghanggroup.com\/fr\/wp-json\/wp\/v2\/media?parent=4554"}],"wp:term":[{"taxonomy":"product_brand","embeddable":true,"href":"https:\/\/minghanggroup.com\/fr\/wp-json\/wp\/v2\/product_brand?post=4554"},{"taxonomy":"product_cat","embeddable":true,"href":"https:\/\/minghanggroup.com\/fr\/wp-json\/wp\/v2\/product_cat?post=4554"},{"taxonomy":"product_tag","embeddable":true,"href":"https:\/\/minghanggroup.com\/fr\/wp-json\/wp\/v2\/product_tag?post=4554"}],"curies":[{"name":"wp","href":"https:\/\/api.w.org\/{rel}","templated":true}]}}