{"id":4540,"date":"2026-01-12T11:08:58","date_gmt":"2026-01-12T03:08:58","guid":{"rendered":"https:\/\/minghanggroup.com\/?post_type=product&#038;p=4540"},"modified":"2026-01-12T11:48:17","modified_gmt":"2026-01-12T03:48:17","slug":"amber-glass-perfume-bottles-with-wooden-lids-bulk","status":"publish","type":"product","link":"https:\/\/minghanggroup.com\/fr\/produit\/amber-glass-perfume-bottles-with-wooden-lids-bulk\/","title":{"rendered":"Flacons de parfum en verre ambr\u00e9 de 30 ml, 50 ml et 100 ml avec bouchons en bois (vente en gros)"},"content":{"rendered":"<p>Ces flacons de parfum en verre ambr\u00e9 sont confectionn\u00e9s en verre translucide brun ambr\u00e9 aux tons chauds (non agressif pour les parfums contenant des ingr\u00e9dients photosensibilisants). Leur corps cylindrique \u00e0 la surface lisse est surmont\u00e9 d&#039;un bouchon en bois naturel mat, cr\u00e9ant une ambiance \u00e0 la fois naturelle et chaleureuse.<\/p>\n<h2>Caract\u00e9ristiques du produit<\/h2>\n<ul>\n<li><strong>Bouteille translucide brun ambr\u00e9 :<\/strong> Le verre translucide brun ambr\u00e9 est \u00e0 la fois pratique et sophistiqu\u00e9 car il prot\u00e8ge les ingr\u00e9dients du parfum (qui ne sont pas expos\u00e9s) tout en rendant le contenu visible et donc facilement reconnaissable.<\/li>\n<li><strong>Bouchon en bois naturel :<\/strong> La douceur du toucher naturel et la chaleur du rev\u00eatement en bois, associ\u00e9es \u00e0 la couleur ambr\u00e9e du flacon, lui conf\u00e8rent un style forestier frais et rustique.<\/li>\n<li><strong>Spray \u00e0 brume fine s\u00e9curis\u00e9 :<\/strong> Chaque flacon de ce produit est muni d&#039;un atomiseur efficace qui cr\u00e9e une fine brume, assurant ainsi une application de qualit\u00e9 \u00e0 chaque pulv\u00e9risation.<\/li>\n<\/ul>\n<h2 style=\"text-align: left;\">Caract\u00e9ristiques principales<\/h2>\n<table class=\"aligncenter\" style=\"border-collapse: collapse; width: 491.27pt;\" border=\"0\" width=\"655\" cellspacing=\"0\" cellpadding=\"0\">\n<tbody>\n<tr style=\"height: 13.50pt;\">\n<td style=\"height: 13.50pt; width: 119.25pt;\" width=\"159\" height=\"18\">Sp\u00e9cification<\/td>\n<td style=\"width: 372.00pt;\" width=\"496\">D\u00e9tails<\/td>\n<\/tr>\n<tr style=\"height: 13.50pt;\">\n<td style=\"height: 13.50pt;\" height=\"18\">Capacit\u00e9<\/td>\n<td>30ml \/ 50ml \/ 100ml<\/td>\n<\/tr>\n<tr style=\"height: 13.50pt;\">\n<td style=\"height: 13.50pt;\" height=\"18\">Dimensions<\/td>\n<td>39\u00d773 mm \/ 44\u00d784 mm \/ 53\u00d7100 mm<\/td>\n<\/tr>\n<tr style=\"height: 13.50pt;\">\n<td style=\"height: 13.50pt;\" height=\"18\">Mat\u00e9riel<\/td>\n<td>Verre ambr\u00e9, bouchon en bois<\/td>\n<\/tr>\n<tr style=\"height: 13.50pt;\">\n<td style=\"height: 13.50pt;\" height=\"18\">Forme de bouteille<\/td>\n<td>Cylindre arrondi<\/td>\n<\/tr>\n<tr style=\"height: 13.50pt;\">\n<td style=\"height: 13.50pt;\" height=\"18\">\u00c9tendue de la personnalisation<\/td>\n<td>Forme, taille, couleur, nuance, mat\u00e9riau\/finition du bouchon<\/td>\n<\/tr>\n<tr style=\"height: 13.50pt;\">\n<td style=\"height: 13.50pt;\" height=\"18\">Savoir-faire<\/td>\n<td>Moulage du verre ambr\u00e9, tournage sur bois ou moulage de composites de bois<\/td>\n<\/tr>\n<tr style=\"height: 13.50pt;\">\n<td style=\"height: 13.50pt;\" height=\"18\">Objectif du produit<\/td>\n<td>Flacons de parfum en verre ambr\u00e9, flacons d&#039;huiles essentielles<\/td>\n<\/tr>\n<tr style=\"height: 13.50pt;\">\n<td style=\"height: 13.50pt;\" height=\"18\">Secteurs d&#039;activit\u00e9 appropri\u00e9s<\/td>\n<td>Marques de beaut\u00e9 naturelle, d&#039;aromath\u00e9rapie, de produits biologiques et de bien-\u00eatre<\/td>\n<\/tr>\n<\/tbody>\n<\/table>\n<h2>Cas de r\u00e9ussite<\/h2>\n<p>L&#039;une des principales marques de soins bio du Nord-Ouest Pacifique a choisi nos flacons de parfum ambr\u00e9s de 100 ml, avec bouchons en bois de c\u00e8dre et corps en verre ambr\u00e9 l\u00e9g\u00e8rement d\u00e9poli. Le verre ambr\u00e9 offre une protection UV optimale et prolonge la dur\u00e9e de conservation des ingr\u00e9dients naturels d&#039;environ 30 ans. Les bouchons en bois ont \u00e9t\u00e9 particuli\u00e8rement appr\u00e9ci\u00e9s des clients, comme en t\u00e9moignent 80 % des avis positifs. Fort de ce succ\u00e8s, la marque a command\u00e9 200\u00a0000 flacons suppl\u00e9mentaires pour lancer sa nouvelle gamme de parfums.<\/p>\n<h2>Flacons de parfum ambr\u00e9s aux designs personnalisables<\/h2>\n<ul>\n<li>Choix de teintes pour verre ambr\u00e9\u00a0: Une multitude de teintes de verre ambr\u00e9 s\u2019offrent \u00e0 vous, allant du miel clair au cognac profond.<\/li>\n<li>Casquettes en bois personnalis\u00e9es\u00a0: Gr\u00e2ce \u00e0 un choix d\u2019essences de bois, les clients peuvent faire confectionner leurs casquettes sur mesure. Outre leur caract\u00e8re \u00e9cologique, les essences disponibles incluent le bambou, le li\u00e8ge et le santal.<\/li>\n<li>Gravure sur verre : Faites graver un motif, une marque ou un dessin botanique sur la surface du verre.<\/li>\n<li>Verre d\u00e9poli\u00a0: Les bouteilles en verre d\u00e9poli sont obtenues en appliquant un d\u00e9polissage complet ou progressif sur des bouteilles en verre ambr\u00e9 afin de produire un effet beaucoup plus doux et plus opaque.<\/li>\n<\/ul>","protected":false},"excerpt":{"rendered":"<p>D\u00e9couvrez nos flacons de parfum en verre ambr\u00e9 avec bouchons en bois naturel. Cette collection minimaliste est id\u00e9ale pour les parfums de niche. Livraison rapide\u00a0!<\/p>","protected":false},"featured_media":4541,"template":"","meta":{"postBodyCss":"","postBodyMargin":[],"postBodyPadding":[],"postBodyBackground":{"backgroundType":"classic","gradient":""}},"product_brand":[],"product_cat":[15,16,62],"product_tag":[],"class_list":{"0":"post-4540","1":"product","2":"type-product","3":"status-publish","4":"has-post-thumbnail","6":"product_cat-glass-containers","7":"product_cat-glass-bottles","8":"product_cat-perfume-bottles","10":"first","11":"instock","12":"shipping-taxable","13":"product-type-simple"},"jetpack_sharing_enabled":true,"_links":{"self":[{"href":"https:\/\/minghanggroup.com\/fr\/wp-json\/wp\/v2\/product\/4540","targetHints":{"allow":["GET"]}}],"collection":[{"href":"https:\/\/minghanggroup.com\/fr\/wp-json\/wp\/v2\/product"}],"about":[{"href":"https:\/\/minghanggroup.com\/fr\/wp-json\/wp\/v2\/types\/product"}],"wp:featuredmedia":[{"embeddable":true,"href":"https:\/\/minghanggroup.com\/fr\/wp-json\/wp\/v2\/media\/4541"}],"wp:attachment":[{"href":"https:\/\/minghanggroup.com\/fr\/wp-json\/wp\/v2\/media?parent=4540"}],"wp:term":[{"taxonomy":"product_brand","embeddable":true,"href":"https:\/\/minghanggroup.com\/fr\/wp-json\/wp\/v2\/product_brand?post=4540"},{"taxonomy":"product_cat","embeddable":true,"href":"https:\/\/minghanggroup.com\/fr\/wp-json\/wp\/v2\/product_cat?post=4540"},{"taxonomy":"product_tag","embeddable":true,"href":"https:\/\/minghanggroup.com\/fr\/wp-json\/wp\/v2\/product_tag?post=4540"}],"curies":[{"name":"wp","href":"https:\/\/api.w.org\/{rel}","templated":true}]}}