{"id":4539,"date":"2026-01-12T12:31:24","date_gmt":"2026-01-12T04:31:24","guid":{"rendered":"https:\/\/minghanggroup.com\/?post_type=product&#038;p=4539"},"modified":"2026-01-12T16:52:04","modified_gmt":"2026-01-12T08:52:04","slug":"30ml-50ml-cologne-bottles-with-colorful-lids-wholesale","status":"publish","type":"product","link":"https:\/\/minghanggroup.com\/fr\/produit\/30ml-50ml-cologne-bottles-with-colorful-lids-wholesale\/","title":{"rendered":"Flacons de colophane de 30 ml et 50 ml avec bouchons color\u00e9s (vente en gros)"},"content":{"rendered":"<p>Votre flacon de parfum de 50 ml ne devrait pas se contenter de contenir du parfum\u00a0; il devrait captiver l&#039;attention. Nous cr\u00e9ons des flacons de parfum au design unique qui transforment votre fragrance personnalis\u00e9e en une exp\u00e9rience luxueuse instantan\u00e9e.<\/p>\n<h2>Caract\u00e9ristiques du produit<\/h2>\n<ul>\n<li><strong>Clart\u00e9 cristalline :<\/strong> Un flacon en verre vous permet de voir la v\u00e9ritable couleur de votre parfum\u00a0: pas de filtres opaques, juste la pure beaut\u00e9 du verre.<\/li>\n<li><strong>Base rectangulaire stabilis\u00e9e :<\/strong> Fond renforc\u00e9 pour une stabilit\u00e9 optimale sur les \u00e9tag\u00e8res. Votre flacon de parfum en verre offre une sensation de qualit\u00e9 et de robustesse.<\/li>\n<li><strong>Contraste de casquettes color\u00e9es :<\/strong> Des bouchons violets ou jaunes contrastant avec du verre transparent\u00a0? Un effet visuel instantan\u00e9 pour votre emballage de parfum.<\/li>\n<\/ul>\n<h2>Caract\u00e9ristiques principales<\/h2>\n<table style=\"border-collapse: collapse; width: 80%; margin-left: auto; margin-right: auto;\" border=\"0\" width=\"360\" cellspacing=\"0\" cellpadding=\"0\">\n<tbody>\n<tr style=\"height: 13.50pt;\">\n<td style=\"height: 13.5pt; width: 54pt; text-align: center;\" width=\"72\" height=\"18\">Taille (ml)<\/td>\n<td style=\"width: 54pt; text-align: center;\" width=\"72\">Dimensions (mm)<\/td>\n<td style=\"width: 54pt; text-align: center;\" width=\"72\">Mat\u00e9riel<\/td>\n<td style=\"width: 54pt; text-align: center;\" width=\"72\">Couleur du bonnet<\/td>\n<td style=\"width: 54pt; text-align: center;\" width=\"72\">Type d&#039;\u00e9tanch\u00e9it\u00e9<\/td>\n<\/tr>\n<tr style=\"height: 13.50pt;\">\n<td style=\"height: 13.5pt; text-align: center;\" align=\"right\" height=\"18\">30<\/td>\n<td style=\"text-align: center;\">42\u00d730\u00d777<\/td>\n<td class=\"et2\" style=\"text-align: center;\" rowspan=\"2\">Verre cristal + M\u00e9tal\/PE<\/td>\n<td class=\"et2\" style=\"text-align: center;\" rowspan=\"2\">Violet clair\/jaune<\/td>\n<td class=\"et2\" style=\"text-align: center;\" rowspan=\"2\">atomiseur \u00e0 brume fine<\/td>\n<\/tr>\n<tr style=\"height: 13.50pt;\">\n<td style=\"height: 13.5pt; text-align: center;\" align=\"right\" height=\"18\">50<\/td>\n<td style=\"text-align: center;\">50\u00d728\u00d792<\/td>\n<\/tr>\n<\/tbody>\n<\/table>\n<h2>Cas de r\u00e9ussite<\/h2>\n<p>Une marque de parfums personnalis\u00e9e s&#039;est associ\u00e9e \u00e0 nous pour concevoir ce flacon en verre transparent dans le cadre du d\u00e9veloppement de sa nouvelle gamme de parfums l\u00e9gers. Le client, tout en conservant les proportions standard d&#039;\u00e9paisseur et de hauteur du flacon rectangulaire et en optant pour un verre blanc tr\u00e8s transparent afin de refl\u00e9ter la clart\u00e9 g\u00e9n\u00e9rale, s&#039;est inspir\u00e9 du positionnement jeune de la marque.<\/p>\n<p>Les bouchons des flacons sont orn\u00e9s de couleurs douces personnalis\u00e9es (jaune clair et rose clair) pour identifier les diff\u00e9rentes gammes de parfums. Une pompe vaporisatrice adapt\u00e9e a \u00e9t\u00e9 choisie pour une diffusion fine et homog\u00e8ne, et des espaces ont \u00e9t\u00e9 pr\u00e9vus pour la s\u00e9rigraphie et l&#039;\u00e9tiquetage, permettant ainsi d&#039;\u00e9ventuelles \u00e9volutions du design.<\/p>\n<p>La gamme de parfums frais a enregistr\u00e9 une augmentation des ventes d&#039;environ 20 % en trois mois gr\u00e2ce \u00e0 un design d&#039;emballage coh\u00e9rent et rafra\u00eechissant apr\u00e8s le lancement du produit, ce qui a permis d&#039;accro\u00eetre consid\u00e9rablement la notori\u00e9t\u00e9 de la marque aupr\u00e8s des jeunes.<\/p>\n<h2>Vos options de personnalisation<\/h2>\n<ol>\n<li><strong>Options de personnalisation du corps de la bouteille\u00a0:<\/strong> Rehaussez la profondeur visuelle de la bouteille en choisissant des techniques de givrage partiel, de pulv\u00e9risation en d\u00e9grad\u00e9 ou de pulv\u00e9risation de couleur interne tout en conservant sa transparence, la rendant ainsi adapt\u00e9e aux s\u00e9ries haut de gamme, de luxe ou en \u00e9dition limit\u00e9e.<\/li>\n<li><strong>Options de couleur et de mat\u00e9riau pour les bouchons de bouteille\u00a0: <\/strong>Outre les bouchons en plastique habituels, les couleurs \u00e9lectroplaqu\u00e9es, les finitions mates ou les bouchons moul\u00e9s par injection bicolores peuvent \u00eatre personnalis\u00e9s et fabriqu\u00e9s pour permettre l&#039;utilisation de diff\u00e9rentes couleurs afin d&#039;identifier rapidement le parfum ou la gamme de produits.<\/li>\n<li><strong>Conception du socle et de l&#039;identification de la marque\u00a0: <\/strong>Renforcez la protection contre la contrefa\u00e7on et l&#039;exclusivit\u00e9 de votre marque gr\u00e2ce aux m\u00e9thodes suivantes\u00a0: marquage en relief sur le fond de la bouteille, code grav\u00e9, structures encastr\u00e9es personnalis\u00e9es<\/li>\n<\/ol>","protected":false},"excerpt":{"rendered":"<p>Flacon de parfum de 30 ml ou 50 ml au design polyvalent. Vente directe d&#039;usine, personnalisation en gros possible, exp\u00e9dition rapide pour l&#039;emballage.<\/p>","protected":false},"featured_media":4549,"template":"","meta":{"postBodyCss":"","postBodyMargin":[],"postBodyPadding":[],"postBodyBackground":{"backgroundType":"classic","gradient":""}},"product_brand":[],"product_cat":[15,16,62],"product_tag":[],"class_list":{"0":"post-4539","1":"product","2":"type-product","3":"status-publish","4":"has-post-thumbnail","6":"product_cat-glass-containers","7":"product_cat-glass-bottles","8":"product_cat-perfume-bottles","10":"first","11":"instock","12":"shipping-taxable","13":"product-type-simple"},"jetpack_sharing_enabled":true,"_links":{"self":[{"href":"https:\/\/minghanggroup.com\/fr\/wp-json\/wp\/v2\/product\/4539","targetHints":{"allow":["GET"]}}],"collection":[{"href":"https:\/\/minghanggroup.com\/fr\/wp-json\/wp\/v2\/product"}],"about":[{"href":"https:\/\/minghanggroup.com\/fr\/wp-json\/wp\/v2\/types\/product"}],"wp:featuredmedia":[{"embeddable":true,"href":"https:\/\/minghanggroup.com\/fr\/wp-json\/wp\/v2\/media\/4549"}],"wp:attachment":[{"href":"https:\/\/minghanggroup.com\/fr\/wp-json\/wp\/v2\/media?parent=4539"}],"wp:term":[{"taxonomy":"product_brand","embeddable":true,"href":"https:\/\/minghanggroup.com\/fr\/wp-json\/wp\/v2\/product_brand?post=4539"},{"taxonomy":"product_cat","embeddable":true,"href":"https:\/\/minghanggroup.com\/fr\/wp-json\/wp\/v2\/product_cat?post=4539"},{"taxonomy":"product_tag","embeddable":true,"href":"https:\/\/minghanggroup.com\/fr\/wp-json\/wp\/v2\/product_tag?post=4539"}],"curies":[{"name":"wp","href":"https:\/\/api.w.org\/{rel}","templated":true}]}}