{"id":4530,"date":"2026-01-12T09:24:34","date_gmt":"2026-01-12T01:24:34","guid":{"rendered":"https:\/\/minghanggroup.com\/?post_type=product&#038;p=4530"},"modified":"2026-01-12T10:41:57","modified_gmt":"2026-01-12T02:41:57","slug":"glass-empty-spray-bottles-for-perfume-wholesale","status":"publish","type":"product","link":"https:\/\/minghanggroup.com\/fr\/produit\/glass-empty-spray-bottles-for-perfume-wholesale\/","title":{"rendered":"Flacons vaporisateurs en verre vides de 30 ml, 50 ml et 100 ml pour parfums (vente en gros)"},"content":{"rendered":"<p>Ce sont des flacons vaporisateurs vides de forme rectangulaire. Le flacon transparent met parfaitement en valeur votre parfum et est disponible avec des bouchons cylindriques blancs mats, argent\u00e9s ou noirs, vous permettant ainsi de personnaliser votre parfum selon votre marque.<\/p>\n<h2>Caract\u00e9ristiques du produit<\/h2>\n<ul>\n<li><strong>Pulv\u00e9risation fine :<\/strong> Ce spray cr\u00e9e une exp\u00e9rience olfactive luxueuse en diffusant une brume fine et uniforme \u00e0 chaque utilisation.<\/li>\n<li><strong>Verre haute transparence\u00a0:<\/strong> Il s&#039;agit d&#039;un parfum cr\u00e9\u00e9 dans un flacon en verre haute transparence, faisant de la couleur et de la puret\u00e9 de votre parfum le point d&#039;ancrage visuel.<\/li>\n<li><strong>Casquette \u00e9l\u00e9gante :<\/strong> Trois finitions sont disponibles pour le bouchon, qui ajouteront imm\u00e9diatement style et qualit\u00e9 au flacon de parfum.<\/li>\n<\/ul>\n<h2 style=\"text-align: left;\">Caract\u00e9ristiques principales<\/h2>\n<table class=\"aligncenter\" style=\"border-collapse: collapse; width: 491.27pt;\" border=\"0\" width=\"655\" cellspacing=\"0\" cellpadding=\"0\">\n<tbody>\n<tr style=\"height: 13.50pt;\">\n<td style=\"height: 13.50pt; width: 119.25pt;\" width=\"159\" height=\"18\">Sp\u00e9cification<\/td>\n<td style=\"width: 372.00pt;\" width=\"496\">D\u00e9tails<\/td>\n<\/tr>\n<tr style=\"height: 13.50pt;\">\n<td style=\"height: 13.50pt;\" height=\"18\">Dimensions<\/td>\n<td>51\u00d733\u00d768mm (30ml) \/ 56\u00d737\u00d782mm (50ml) \/ 56\u00d727\u00d7132mm (100ml)<\/td>\n<\/tr>\n<tr style=\"height: 13.50pt;\">\n<td style=\"height: 13.50pt;\" height=\"18\">Mat\u00e9riel<\/td>\n<td>Verre clair de haute qualit\u00e9<\/td>\n<\/tr>\n<tr style=\"height: 13.50pt;\">\n<td style=\"height: 13.50pt;\" height=\"18\">Forme de bouteille<\/td>\n<td>Rectangle<\/td>\n<\/tr>\n<tr style=\"height: 13.50pt;\">\n<td style=\"height: 13.50pt;\" height=\"18\">\u00c9tendue de la personnalisation<\/td>\n<td>Couleur \/ Finition \/ Mat\u00e9riau du bouchon \/ Gravure \/ Taille<\/td>\n<\/tr>\n<tr style=\"height: 13.50pt;\">\n<td style=\"height: 13.50pt;\" height=\"18\">Savoir-faire<\/td>\n<td>Moulage de pr\u00e9cision \u00e0 bords arrondis, fabrication de bouchons textur\u00e9s<\/td>\n<\/tr>\n<tr style=\"height: 13.50pt;\">\n<td style=\"height: 13.50pt;\" height=\"18\">Objectif du produit<\/td>\n<td>Flacons vaporisateurs vides pour parfum, flacons vaporisateurs en verre pour parfum<\/td>\n<\/tr>\n<tr style=\"height: 13.50pt;\">\n<td style=\"height: 13.50pt;\" height=\"18\">Secteurs cibles<\/td>\n<td>Coffrets parfum\u00e9s personnalis\u00e9s, coffrets cadeaux de luxe, cadeaux d&#039;entreprise haut de gamme<\/td>\n<\/tr>\n<\/tbody>\n<\/table>\n<h2>Succ\u00e8s : La collection Resort de la marque Miami Lifestyle Brand<\/h2>\n<p>Notre flacon vaporisateur de parfum en verre de 100 ml a \u00e9t\u00e9 choisi par une marque de luxe embl\u00e9matique de Miami. Chaque fragrance est propos\u00e9e avec un bouchon textur\u00e9 diff\u00e9rent (blanc, argent, noir). La forme douce et carr\u00e9e du flacon incarne parfaitement l&#039;esprit haut de gamme et le luxe d\u00e9contract\u00e9, comme en t\u00e9moignent 70 % des avis positifs dans la presse sp\u00e9cialis\u00e9e. La texture des bouchons assure une prise en main optimale, tr\u00e8s appr\u00e9ci\u00e9e des consommateurs, et r\u00e9duit de 99 % les risques de chute accidentelle. Fort de ce succ\u00e8s et de l&#039;accueil favorable du march\u00e9, la marque a pass\u00e9 une nouvelle commande de 400\u00a0000 flacons pour sa collection permanente et ses gammes saisonni\u00e8res.<\/p>\n<h2>Flacons vaporisateurs vides personnalis\u00e9s pour parfum<\/h2>\n<ul>\n<li>Verre d\u00e9poli ou teint\u00e9\u00a0: Pour obtenir un aspect doux, on utilise une finition d\u00e9polie, ou bien un verre teint\u00e9 (gris fum\u00e9, bleu cobalt, ambre) pour souligner le caract\u00e8re de la marque.<\/li>\n<li>Verre grav\u00e9 au laser\u00a0: Marquez un motif de vagues le long de la c\u00f4te, des coordonn\u00e9es ou un simple nom de marque \u00e0 travers un motif de vagues sur une plaque de verre plate.<\/li>\n<li>Ornementation m\u00e9tallique\u00a0: Pr\u00e9voir une fine bande de m\u00e9tal (cuivre, or rose) en haut ou en bas de la bouteille.<\/li>\n<li>D\u00e9coration du petit embout de pulv\u00e9risation\u00a0: Peignez le bouton du petit embout de pulv\u00e9risation sur le bouchon pour l\u2019assortir \u00e0 la couleur de votre bouchon ou au logo de votre marque.<\/li>\n<\/ul>","protected":false},"excerpt":{"rendered":"<p>Flacons vaporisateurs vides pour parfum, en verre de qualit\u00e9 sup\u00e9rieure, au design carr\u00e9 arrondi. Fabrication sur mesure possible (bouchons, tailles et logos).<\/p>","protected":false},"featured_media":4532,"template":"","meta":{"postBodyCss":"","postBodyMargin":[],"postBodyPadding":[],"postBodyBackground":{"backgroundType":"classic","gradient":""}},"product_brand":[],"product_cat":[15,16,62],"product_tag":[],"class_list":{"0":"post-4530","1":"product","2":"type-product","3":"status-publish","4":"has-post-thumbnail","6":"product_cat-glass-containers","7":"product_cat-glass-bottles","8":"product_cat-perfume-bottles","10":"first","11":"instock","12":"shipping-taxable","13":"product-type-simple"},"jetpack_sharing_enabled":true,"_links":{"self":[{"href":"https:\/\/minghanggroup.com\/fr\/wp-json\/wp\/v2\/product\/4530","targetHints":{"allow":["GET"]}}],"collection":[{"href":"https:\/\/minghanggroup.com\/fr\/wp-json\/wp\/v2\/product"}],"about":[{"href":"https:\/\/minghanggroup.com\/fr\/wp-json\/wp\/v2\/types\/product"}],"wp:featuredmedia":[{"embeddable":true,"href":"https:\/\/minghanggroup.com\/fr\/wp-json\/wp\/v2\/media\/4532"}],"wp:attachment":[{"href":"https:\/\/minghanggroup.com\/fr\/wp-json\/wp\/v2\/media?parent=4530"}],"wp:term":[{"taxonomy":"product_brand","embeddable":true,"href":"https:\/\/minghanggroup.com\/fr\/wp-json\/wp\/v2\/product_brand?post=4530"},{"taxonomy":"product_cat","embeddable":true,"href":"https:\/\/minghanggroup.com\/fr\/wp-json\/wp\/v2\/product_cat?post=4530"},{"taxonomy":"product_tag","embeddable":true,"href":"https:\/\/minghanggroup.com\/fr\/wp-json\/wp\/v2\/product_tag?post=4530"}],"curies":[{"name":"wp","href":"https:\/\/api.w.org\/{rel}","templated":true}]}}