{"id":4529,"date":"2026-01-12T10:39:55","date_gmt":"2026-01-12T02:39:55","guid":{"rendered":"https:\/\/minghanggroup.com\/?post_type=product&#038;p=4529"},"modified":"2026-01-12T16:51:39","modified_gmt":"2026-01-12T08:51:39","slug":"clear-glass-perfume-bottle-custom-design-for-packaging-bulk","status":"publish","type":"product","link":"https:\/\/minghanggroup.com\/fr\/produit\/clear-glass-perfume-bottle-custom-design-for-packaging-bulk\/","title":{"rendered":"Flacons de parfum en verre transparent de 50 ml et 100 ml, design personnalis\u00e9 pour le conditionnement en gros"},"content":{"rendered":"<p>Vos flacons de parfum personnalis\u00e9s ne doivent pas se contenter de contenir le parfum\u00a0; ils doivent capter l\u2019attention de vos clients. En tant que fabricants de flacons de parfum, nous cr\u00e9ons des flacons en verre qui transforment votre parfum personnalis\u00e9 en une affirmation de luxe instantan\u00e9e.<\/p>\n<h2>Caract\u00e9ristiques du produit<\/h2>\n<ul>\n<li><strong>Clart\u00e9 cristalline :<\/strong> R\u00e9v\u00e9lez la nuance exquise de votre parfum gr\u00e2ce \u00e0 ce flacon en verre. Sans filtre opaque, seule la beaut\u00e9 du verre \u00e0 l&#039;\u00e9tat pur s&#039;offre \u00e0 vous.<\/li>\n<li><strong>Base rectangulaire stable :<\/strong> Le fond renforc\u00e9 du flacon assure une parfaite stabilit\u00e9 sur les \u00e9tag\u00e8res. Le poids de votre flacon de parfum lui conf\u00e8re une allure luxueuse et haut de gamme.<\/li>\n<li><strong>Contraste du bouchon noir\u00a0:<\/strong> Des bouchons noir mat associ\u00e9s \u00e0 du verre transparent ? En quelques secondes, votre emballage de parfum se pare d&#039;une touche d\u00e9corative \u00e9poustouflante.<\/li>\n<\/ul>\n<h2>Caract\u00e9ristiques principales<\/h2>\n<table style=\"border-collapse: collapse; width: 80%; margin-left: auto; margin-right: auto;\" border=\"0\" width=\"360\" cellspacing=\"0\" cellpadding=\"0\">\n<tbody>\n<tr style=\"height: 13.50pt;\">\n<td style=\"height: 13.5pt; width: 54pt; text-align: center;\" width=\"72\" height=\"18\">Taille (ml)<\/td>\n<td style=\"width: 54pt; text-align: center;\" width=\"72\">Dimensions (mm)<\/td>\n<td style=\"width: 54pt; text-align: center;\" width=\"72\">Mat\u00e9riel<\/td>\n<td style=\"width: 54pt; text-align: center;\" width=\"72\">Type de casquette<\/td>\n<td style=\"width: 54pt; text-align: center;\" width=\"72\">Type d&#039;\u00e9tanch\u00e9it\u00e9<\/td>\n<\/tr>\n<tr style=\"height: 13.50pt;\">\n<td style=\"height: 13.5pt; text-align: center;\" height=\"18\">50<\/td>\n<td style=\"text-align: center;\">82\u00d754\u00d729<\/td>\n<td class=\"et2\" style=\"text-align: center;\" rowspan=\"2\">Verre cristallin<\/td>\n<td class=\"et2\" style=\"text-align: center;\" rowspan=\"2\">Noir mat<\/td>\n<td class=\"et2\" style=\"text-align: center;\" rowspan=\"2\">Spray top<\/td>\n<\/tr>\n<tr style=\"height: 13.50pt;\">\n<td style=\"height: 13.5pt; text-align: center;\" height=\"18\">100<\/td>\n<td style=\"text-align: center;\">107\u00d772\u00d731<\/td>\n<\/tr>\n<\/tbody>\n<\/table>\n<h2>Cas de r\u00e9ussite<\/h2>\n<p>Une maison de parfums s&#039;est associ\u00e9e \u00e0 nous pour cr\u00e9er ce flacon transparent \u00e0 l&#039;occasion du lancement de sa nouvelle fragrance. Respectant le positionnement de la marque, les proportions du flacon ont \u00e9t\u00e9 soigneusement \u00e9tudi\u00e9es et optimis\u00e9es gr\u00e2ce \u00e0 l&#039;utilisation d&#039;un verre ultra-transparent. Le flacon arbore un logo en relief et est muni d&#039;un bouchon cylindrique noir r\u00e9alis\u00e9 sur mesure. Il offre \u00e9galement un espace pour la s\u00e9rigraphie et l&#039;\u00e9tiquetage, afin de r\u00e9pondre aux exigences de s\u00e9rialisation de la marque.<\/p>\n<p>Suite au lancement du produit, la qualit\u00e9 g\u00e9n\u00e9rale de l&#039;emballage s&#039;est consid\u00e9rablement am\u00e9lior\u00e9e, les ventes du nouveau parfum ont doubl\u00e9, enregistrant une augmentation d&#039;environ 25 % d&#039;une ann\u00e9e sur l&#039;autre, et il a \u00e9t\u00e9 chaleureusement accueilli par le march\u00e9.<\/p>\n<h2>Vos options de personnalisation<\/h2>\n<ol>\n<li><strong>Associer le bouchon aux notes olfactives\u00a0: <\/strong>Bouchons noirs pour les huiles essentielles bois\u00e9es, argent\u00e9s pour les agrumes\u00a0: votre bouchon donne le ton.<\/li>\n<li><strong>Utilisez du verre transparent pour mettre en valeur votre produit\u00a0: <\/strong>Laissez transpara\u00eetre votre parfum \u2013 id\u00e9al pour les emballages de parfums haut de gamme.<\/li>\n<li><strong>Optez pour une personnalisation compl\u00e8te avec Atomiser\u00a0: <\/strong>Choisissez un vaporisateur rose, bleu ou noir\u00a0: votre spray raconte l\u2019histoire du parfum.<\/li>\n<\/ol>","protected":false},"excerpt":{"rendered":"<p>Flacons de parfum personnalis\u00e9s par des fabricants exp\u00e9riment\u00e9s. Vente directe d&#039;usine, personnalisation en grande quantit\u00e9 disponible pour les marques.<\/p>","protected":false},"featured_media":4538,"template":"","meta":{"postBodyCss":"","postBodyMargin":[],"postBodyPadding":[],"postBodyBackground":{"backgroundType":"classic","gradient":""}},"product_brand":[],"product_cat":[15,16,62],"product_tag":[],"class_list":{"0":"post-4529","1":"product","2":"type-product","3":"status-publish","4":"has-post-thumbnail","6":"product_cat-glass-containers","7":"product_cat-glass-bottles","8":"product_cat-perfume-bottles","10":"first","11":"instock","12":"shipping-taxable","13":"product-type-simple"},"jetpack_sharing_enabled":true,"_links":{"self":[{"href":"https:\/\/minghanggroup.com\/fr\/wp-json\/wp\/v2\/product\/4529","targetHints":{"allow":["GET"]}}],"collection":[{"href":"https:\/\/minghanggroup.com\/fr\/wp-json\/wp\/v2\/product"}],"about":[{"href":"https:\/\/minghanggroup.com\/fr\/wp-json\/wp\/v2\/types\/product"}],"wp:featuredmedia":[{"embeddable":true,"href":"https:\/\/minghanggroup.com\/fr\/wp-json\/wp\/v2\/media\/4538"}],"wp:attachment":[{"href":"https:\/\/minghanggroup.com\/fr\/wp-json\/wp\/v2\/media?parent=4529"}],"wp:term":[{"taxonomy":"product_brand","embeddable":true,"href":"https:\/\/minghanggroup.com\/fr\/wp-json\/wp\/v2\/product_brand?post=4529"},{"taxonomy":"product_cat","embeddable":true,"href":"https:\/\/minghanggroup.com\/fr\/wp-json\/wp\/v2\/product_cat?post=4529"},{"taxonomy":"product_tag","embeddable":true,"href":"https:\/\/minghanggroup.com\/fr\/wp-json\/wp\/v2\/product_tag?post=4529"}],"curies":[{"name":"wp","href":"https:\/\/api.w.org\/{rel}","templated":true}]}}