{"id":4518,"date":"2026-01-09T14:57:15","date_gmt":"2026-01-09T06:57:15","guid":{"rendered":"https:\/\/minghanggroup.com\/?post_type=product&#038;p=4518"},"modified":"2026-01-09T16:53:31","modified_gmt":"2026-01-09T08:53:31","slug":"empty-fancy-cologne-bottles-with-spray-bulk","status":"publish","type":"product","link":"https:\/\/minghanggroup.com\/fr\/produit\/empty-fancy-cologne-bottles-with-spray-bulk\/","title":{"rendered":"Flacons de parfum fantaisie vides de 30 ml, 50 ml et 100 ml avec vaporisateur (en gros)"},"content":{"rendered":"<p>Ces flacons de parfum raffin\u00e9s sont en verre cristallin et leur forme carr\u00e9e aux angles arrondis allie esth\u00e9tique et prise en main ais\u00e9e. Leur \u00e9l\u00e9gance est sublim\u00e9e par trois bouchons textur\u00e9s (blanc d\u00e9poli, argent et noir mat).<\/p>\n<h2>Caract\u00e9ristiques du produit<\/h2>\n<ul>\n<li><strong>Conception de casquette \u00e0 textures multiples\u00a0:<\/strong> Trois casquettes diff\u00e9rentes, dont une blanche givr\u00e9e, une argent\u00e9e et une noire, pr\u00e9sentent des qualit\u00e9s visuelles et tactiles distinctes, ce qui permet de s\u00e9duire diff\u00e9rents styles vestimentaires.<\/li>\n<li><strong>Corps carr\u00e9 arrondi :<\/strong> Le corps carr\u00e9 aux angles arrondis pr\u00e9sentera une conception \u00e9l\u00e9gante et attrayante, tout en offrant une zone de prise en main confortable.<\/li>\n<li><strong>Mat\u00e9riau en verre transparent :<\/strong> Le verre est de haute qualit\u00e9 et transparent, offrant un toucher exceptionnel qui met parfaitement en valeur le charme de votre parfum.<\/li>\n<\/ul>\n<h2 style=\"text-align: left;\">Caract\u00e9ristiques principales<\/h2>\n<table class=\"aligncenter\" style=\"border-collapse: collapse; width: 467.27pt;\" border=\"0\" width=\"623\" cellspacing=\"0\" cellpadding=\"0\">\n<tbody>\n<tr style=\"height: 13.50pt;\">\n<td style=\"height: 13.50pt; width: 119.25pt;\" width=\"159\" height=\"18\">Sp\u00e9cification<\/td>\n<td style=\"width: 348.00pt;\" width=\"464\">D\u00e9tails<\/td>\n<\/tr>\n<tr style=\"height: 13.50pt;\">\n<td style=\"height: 13.50pt;\" height=\"18\">Dimensions<\/td>\n<td>51\u00d733\u00d768mm (30ml) \/ 56\u00d737\u00d782mm (50ml) \/ 62\u00d740\u00d7117mm (100ml)<\/td>\n<\/tr>\n<tr style=\"height: 13.50pt;\">\n<td style=\"height: 13.50pt;\" height=\"18\">Mat\u00e9riel<\/td>\n<td>Verre clair de haute qualit\u00e9<\/td>\n<\/tr>\n<tr style=\"height: 13.50pt;\">\n<td style=\"height: 13.50pt;\" height=\"18\">Forme de bouteille<\/td>\n<td>Prisme carr\u00e9 arrondi<\/td>\n<\/tr>\n<tr style=\"height: 13.50pt;\">\n<td style=\"height: 13.50pt;\" height=\"18\">\u00c9tendue de la personnalisation<\/td>\n<td>Forme, taille, couleur et finition de la bouteille<\/td>\n<\/tr>\n<tr style=\"height: 13.50pt;\">\n<td style=\"height: 13.50pt;\" height=\"18\">Savoir-faire<\/td>\n<td>Moulage de pr\u00e9cision \u00e0 bords arrondis, fabrication de bouchons textur\u00e9s<\/td>\n<\/tr>\n<tr style=\"height: 13.50pt;\">\n<td style=\"height: 13.50pt;\" height=\"18\">Objectif du produit<\/td>\n<td>Flacons de parfum de luxe, flacons de parfum en vrac<\/td>\n<\/tr>\n<tr style=\"height: 13.50pt;\">\n<td style=\"height: 13.50pt;\" height=\"18\">Secteurs d&#039;activit\u00e9 appropri\u00e9s<\/td>\n<td>Soins de luxe, vente au d\u00e9tail en boutique<\/td>\n<\/tr>\n<\/tbody>\n<\/table>\n<h2>\u00c9tude de cas r\u00e9ussie\u00a0: Collection de complexes h\u00f4teliers de la marque Miami Lifestyle<\/h2>\n<p>L&#039;une de nos marques de luxe \u00e0 Miami a choisi notre flacon de parfum de 100 ml avec vaporisateur et a associ\u00e9 chaque fragrance \u00e0 un bouchon textur\u00e9 diff\u00e9rent (blanc, argent et noir). La sensation haut de gamme et la forme carr\u00e9e aux tons doux ont g\u00e9n\u00e9r\u00e9 70 avis positifs. Les bouchons rainur\u00e9s offrent une prise en main optimale, tr\u00e8s appr\u00e9ci\u00e9e des clients, et r\u00e9duisent de 99,9 % les risques de chute accidentelle. Tr\u00e8s satisfaite du succ\u00e8s rencontr\u00e9 par le produit sur le march\u00e9, la marque a pass\u00e9 une nouvelle commande de 400\u00a0000 flacons pour sa collection permanente ainsi que pour sa nouvelle gamme saisonni\u00e8re.<\/p>\n<h2>Personnalisation de flacons de parfum fantaisie<\/h2>\n<ul>\n<li>Conception de casquette enti\u00e8rement personnalis\u00e9e\u00a0: Vous avez la possibilit\u00e9 de concevoir vos propres textures de casquette (lin, grain de bois, g\u00e9om\u00e9trie) et vos propres couleurs assorties \u00e0 votre marque.<\/li>\n<li>Verre d\u00e9poli ou teint\u00e9\u00a0: vous pouvez opter pour un aspect doux avec une finition d\u00e9polie, ou choisir un verre teint\u00e9 (verre fum\u00e9, bleu cobalt, ambre) pour mettre en valeur votre marque.<\/li>\n<li>Gravure laser sur verre\u00a0: la gravure laser sur verre est une autre excellente alternative pour imprimer des images de vagues, de coordonn\u00e9es ou un logo simple sur un panneau de verre standard.<\/li>\n<li>Personnalisation du pulv\u00e9risateur\u00a0: Peignez le petit bouton de pulv\u00e9risation sur le capuchon d\u2019une couleur assortie \u00e0 celle du capuchon ou du logo de la marque que vous avez choisi.<\/li>\n<\/ul>","protected":false},"excerpt":{"rendered":"<p>Flacons de parfum \u00e9l\u00e9gants en verre transparent carr\u00e9 arrondi avec pompe vaporisatrice. Flacons de parfum avec vaporisateur, directement du fabricant, pour le remplissage, les voyages et le conditionnement de marque.<\/p>","protected":false},"featured_media":4520,"template":"","meta":{"postBodyCss":"","postBodyMargin":[],"postBodyPadding":[],"postBodyBackground":{"backgroundType":"classic","gradient":""}},"product_brand":[],"product_cat":[15,16,62],"product_tag":[],"class_list":{"0":"post-4518","1":"product","2":"type-product","3":"status-publish","4":"has-post-thumbnail","6":"product_cat-glass-containers","7":"product_cat-glass-bottles","8":"product_cat-perfume-bottles","10":"first","11":"instock","12":"shipping-taxable","13":"product-type-simple"},"jetpack_sharing_enabled":true,"_links":{"self":[{"href":"https:\/\/minghanggroup.com\/fr\/wp-json\/wp\/v2\/product\/4518","targetHints":{"allow":["GET"]}}],"collection":[{"href":"https:\/\/minghanggroup.com\/fr\/wp-json\/wp\/v2\/product"}],"about":[{"href":"https:\/\/minghanggroup.com\/fr\/wp-json\/wp\/v2\/types\/product"}],"wp:featuredmedia":[{"embeddable":true,"href":"https:\/\/minghanggroup.com\/fr\/wp-json\/wp\/v2\/media\/4520"}],"wp:attachment":[{"href":"https:\/\/minghanggroup.com\/fr\/wp-json\/wp\/v2\/media?parent=4518"}],"wp:term":[{"taxonomy":"product_brand","embeddable":true,"href":"https:\/\/minghanggroup.com\/fr\/wp-json\/wp\/v2\/product_brand?post=4518"},{"taxonomy":"product_cat","embeddable":true,"href":"https:\/\/minghanggroup.com\/fr\/wp-json\/wp\/v2\/product_cat?post=4518"},{"taxonomy":"product_tag","embeddable":true,"href":"https:\/\/minghanggroup.com\/fr\/wp-json\/wp\/v2\/product_tag?post=4518"}],"curies":[{"name":"wp","href":"https:\/\/api.w.org\/{rel}","templated":true}]}}