{"id":4505,"date":"2026-01-09T14:41:47","date_gmt":"2026-01-09T06:41:47","guid":{"rendered":"https:\/\/minghanggroup.com\/?post_type=product&#038;p=4505"},"modified":"2026-01-09T16:57:24","modified_gmt":"2026-01-09T08:57:24","slug":"glass-fragrance-bottles-with-black-square-lids-bulk","status":"publish","type":"product","link":"https:\/\/minghanggroup.com\/fr\/produit\/glass-fragrance-bottles-with-black-square-lids-bulk\/","title":{"rendered":"Flacons de parfum en verre de 60 ml, 80 ml et 100 ml avec bouchons carr\u00e9s noirs (vente en gros)"},"content":{"rendered":"<p>Vos flacons de parfum ne doivent pas se contenter de contenir du parfum\u00a0; ils doivent captiver le regard. C&#039;est pourquoi notre gamme de flacons de parfum en gros allie une transparence cristalline \u00e0 un contraste saisissant, conf\u00e9rant \u00e0 votre parfum personnalis\u00e9 une allure haut de gamme avant m\u00eame la premi\u00e8re vaporisation.<\/p>\n<h2>Caract\u00e9ristiques du produit<\/h2>\n<ul>\n<li><strong>Clart\u00e9 cristalline : <\/strong>C&#039;est un fait : le verre transparent r\u00e9v\u00e8le la v\u00e9ritable couleur de votre parfum sans aucun reflet trompeur, mais avec le charme pur du verre.<\/li>\n<li><strong>Contraste du bouchon noir\u00a0: <\/strong>Du verre transparent avec des bouchons noirs mats ? C&#039;est un charme visuel certain pour l&#039;emballage de votre parfum, sans effet imm\u00e9diat.<\/li>\n<li><strong>Silhouette moderne : <\/strong>Les lignes fines et \u00e9lanc\u00e9es s&#039;adaptent parfaitement \u00e0 toutes les \u00e9tag\u00e8res. Vos flacons de parfum en verre en gros incarnent le luxe contemporain.<\/li>\n<\/ul>\n<h2>Caract\u00e9ristiques principales<\/h2>\n<table style=\"border-collapse: collapse; width: 80%; margin-left: auto; margin-right: auto;\" border=\"0\" width=\"288\" cellspacing=\"0\" cellpadding=\"0\">\n<tbody>\n<tr style=\"height: 13.50pt;\">\n<td style=\"height: 13.5pt; width: 54pt; text-align: center;\" width=\"72\" height=\"18\">Taille (ml)<\/td>\n<td style=\"width: 54pt; text-align: center;\" width=\"72\">Dimensions<\/td>\n<td style=\"width: 54pt; text-align: center;\" width=\"72\">Mat\u00e9riel<\/td>\n<td style=\"width: 54pt; text-align: center;\" width=\"72\">Type de casquette<\/td>\n<td style=\"width: 54pt; text-align: center;\" width=\"72\">Type d&#039;\u00e9tanch\u00e9it\u00e9<\/td>\n<\/tr>\n<tr style=\"height: 13.50pt;\">\n<td style=\"height: 13.5pt; text-align: center;\" align=\"right\" height=\"18\">60<\/td>\n<td class=\"et2\" style=\"text-align: center;\" rowspan=\"3\">53 x 35 x 116 mm<\/td>\n<td class=\"et2\" style=\"text-align: center;\" rowspan=\"3\">Verre cristallin<\/td>\n<td class=\"et2\" style=\"text-align: center;\" rowspan=\"3\">Noir mat<\/td>\n<td class=\"et2\" style=\"text-align: center;\" rowspan=\"3\">Spray top<\/td>\n<\/tr>\n<tr style=\"height: 13.50pt;\">\n<td style=\"height: 13.5pt; text-align: center;\" align=\"right\" height=\"18\">80<\/td>\n<\/tr>\n<tr style=\"height: 13.50pt;\">\n<td style=\"height: 13.5pt; text-align: center;\" align=\"right\" height=\"18\">100<\/td>\n<\/tr>\n<\/tbody>\n<\/table>\n<h2>Cas de r\u00e9ussite<\/h2>\n<p>Une maison de parfumerie sp\u00e9cialis\u00e9e recherchait un emballage capable d&#039;exprimer la dimension \u00e0 la fois naturelle et contemporaine de sa fragrance embl\u00e9matique. Pour transmettre l&#039;essence de son parfum, la marque a choisi nos flacons de parfum rectangulaires en verre au design minimaliste, disponibles en gros, et les a personnalis\u00e9s avec un logo discret en relief sur l&#039;\u00e9paule, une finition l\u00e9g\u00e8rement d\u00e9polie sur le corps du flacon et de d\u00e9licats motifs s\u00e9rigraphi\u00e9s, \u00e9voquant la profondeur.<\/p>\n<p>Par cons\u00e9quent, le nouvel emballage a consid\u00e9rablement am\u00e9lior\u00e9 la capacit\u00e9 du produit \u00e0 attirer les clients en rayon ainsi que la fid\u00e9lit\u00e9 \u00e0 la marque, ce qui a \u00e9t\u00e9 le principal facteur \u00e0 l&#039;origine d&#039;une augmentation de 35 % des commandes r\u00e9p\u00e9t\u00e9es des distributeurs.<\/p>\n<h2>Vos options de personnalisation<\/h2>\n<ol>\n<li><strong>L&#039;histoire de la couleur du bouchon :<\/strong> Bouchons noirs pour les parfums bois\u00e9s, argent\u00e9s pour les notes fra\u00eeches\u00a0: votre bouchon donne le ton.<\/li>\n<li><strong>Magie du fini mat :<\/strong> Utilisez des bouchons noirs mats pour un style moderne, brillants pour un style classique \u2013 en accord avec l&#039;esprit de votre marque.<\/li>\n<li><strong>Gravure minimaliste, impact maximal : <\/strong>Faites graver votre logo au laser sur le c\u00f4t\u00e9 de la bouteille (et pas seulement sur le bouchon).<\/li>\n<\/ol>","protected":false},"excerpt":{"rendered":"<p>Flacons de parfum \u00e9l\u00e9gants et transparents, de forme rectangulaire et \u00e0 vaporisateur. Vente directe d&#039;usine, flacons de parfum en gros personnalisables.<\/p>","protected":false},"featured_media":4515,"template":"","meta":{"postBodyCss":"","postBodyMargin":[],"postBodyPadding":[],"postBodyBackground":{"backgroundType":"classic","gradient":""}},"product_brand":[],"product_cat":[15,16,62],"product_tag":[],"class_list":{"0":"post-4505","1":"product","2":"type-product","3":"status-publish","4":"has-post-thumbnail","6":"product_cat-glass-containers","7":"product_cat-glass-bottles","8":"product_cat-perfume-bottles","10":"first","11":"instock","12":"shipping-taxable","13":"product-type-simple"},"jetpack_sharing_enabled":true,"_links":{"self":[{"href":"https:\/\/minghanggroup.com\/fr\/wp-json\/wp\/v2\/product\/4505","targetHints":{"allow":["GET"]}}],"collection":[{"href":"https:\/\/minghanggroup.com\/fr\/wp-json\/wp\/v2\/product"}],"about":[{"href":"https:\/\/minghanggroup.com\/fr\/wp-json\/wp\/v2\/types\/product"}],"wp:featuredmedia":[{"embeddable":true,"href":"https:\/\/minghanggroup.com\/fr\/wp-json\/wp\/v2\/media\/4515"}],"wp:attachment":[{"href":"https:\/\/minghanggroup.com\/fr\/wp-json\/wp\/v2\/media?parent=4505"}],"wp:term":[{"taxonomy":"product_brand","embeddable":true,"href":"https:\/\/minghanggroup.com\/fr\/wp-json\/wp\/v2\/product_brand?post=4505"},{"taxonomy":"product_cat","embeddable":true,"href":"https:\/\/minghanggroup.com\/fr\/wp-json\/wp\/v2\/product_cat?post=4505"},{"taxonomy":"product_tag","embeddable":true,"href":"https:\/\/minghanggroup.com\/fr\/wp-json\/wp\/v2\/product_tag?post=4505"}],"curies":[{"name":"wp","href":"https:\/\/api.w.org\/{rel}","templated":true}]}}