{"id":4499,"date":"2026-01-09T11:51:56","date_gmt":"2026-01-09T03:51:56","guid":{"rendered":"https:\/\/minghanggroup.com\/?post_type=product&#038;p=4499"},"modified":"2026-01-09T13:30:52","modified_gmt":"2026-01-09T05:30:52","slug":"flat-empty-pretty-perfume-bottles-wholesale","status":"publish","type":"product","link":"https:\/\/minghanggroup.com\/fr\/produit\/flat-empty-pretty-perfume-bottles-wholesale\/","title":{"rendered":"Flacons de parfum vides et plats de 25 ml, 50 ml et 100 ml, en gros"},"content":{"rendered":"<p>Ces jolis flacons de parfum sont vraiment magnifiques avec leur cristal, leur verre transparent (de forme l\u00e9g\u00e8rement carr\u00e9e) et leurs bouchons aux couleurs vives. La transparence du flacon permet de mettre parfaitement en valeur la couleur du parfum.<\/p>\n<h2>Caract\u00e9ristiques du produit<\/h2>\n<ul>\n<li><strong>Bouteille en verre haute transparence :<\/strong> Visuellement, le parfum est le principal attrait du flacon gr\u00e2ce \u00e0 son verre ultra-transparent, qui r\u00e9v\u00e8le un design \u00e9pur\u00e9 et minimaliste.<\/li>\n<li><strong>Conception de casquette contrast\u00e9e\u00a0:<\/strong> En utilisant des bouchons bleus et noirs, vous donnerez assur\u00e9ment \u00e0 vos produits une allure ludique, et c&#039;est \u00e0 vous de choisir les touches de couleur qui refl\u00e9teront le caract\u00e8re de votre marque.<\/li>\n<li><strong>Bouteille carr\u00e9e arrondie :<\/strong> La bouteille carr\u00e9e pr\u00e9sente des coins arrondis pour plus de confort lors de la prise en main et un positionnement ais\u00e9.<\/li>\n<\/ul>\n<h2 style=\"text-align: left;\">Caract\u00e9ristiques principales<\/h2>\n<table class=\"aligncenter\" style=\"border-collapse: collapse; width: 438.77pt;\" border=\"0\" width=\"585\" cellspacing=\"0\" cellpadding=\"0\">\n<tbody>\n<tr style=\"height: 13.50pt;\">\n<td style=\"height: 13.50pt; width: 119.25pt;\" width=\"159\" height=\"18\">Sp\u00e9cification<\/td>\n<td style=\"width: 319.50pt;\" width=\"426\">D\u00e9tails<\/td>\n<\/tr>\n<tr style=\"height: 13.50pt;\">\n<td style=\"height: 13.50pt;\" height=\"18\">Dimensions<\/td>\n<td>52 x 21 x 68 mm \/ 70 x 27 x 84 mm (50 ml) \/ 95 x 30 x 109 mm (100 ml)<\/td>\n<\/tr>\n<tr style=\"height: 13.50pt;\">\n<td style=\"height: 13.50pt;\" height=\"18\">Mat\u00e9riel<\/td>\n<td>Verre de haute clart\u00e9<\/td>\n<\/tr>\n<tr style=\"height: 13.50pt;\">\n<td style=\"height: 13.50pt;\" height=\"18\">Forme de bouteille<\/td>\n<td>Prisme carr\u00e9 arrondi<\/td>\n<\/tr>\n<tr style=\"height: 13.50pt;\">\n<td style=\"height: 13.50pt;\" height=\"18\">\u00c9tendue de la personnalisation<\/td>\n<td>Forme, taille, couleur, finition et impression de la bouteille<\/td>\n<\/tr>\n<tr style=\"height: 13.50pt;\">\n<td style=\"height: 13.50pt;\" height=\"18\">Savoir-faire<\/td>\n<td>Moulage de verre de pr\u00e9cision \u00e0 bords arrondis<\/td>\n<\/tr>\n<tr style=\"height: 13.50pt;\">\n<td style=\"height: 13.50pt;\" height=\"18\">Objectif du produit<\/td>\n<td>Jolis flacons de parfum en gros, flacons de parfum vides<\/td>\n<\/tr>\n<tr style=\"height: 13.50pt;\">\n<td style=\"height: 13.50pt;\" height=\"18\">Secteurs d&#039;activit\u00e9 appropri\u00e9s<\/td>\n<td>Parfumerie grand public et de niche, articles de mode et cadeaux<\/td>\n<\/tr>\n<\/tbody>\n<\/table>\n<h2>Succ\u00e8s commercial : Une collection de cadeaux best-seller d&#039;une marque lifestyle de Sydney<\/h2>\n<p>Une marque branch\u00e9e de Sydney a choisi notre flacon vaporisateur de parfum vide de 100 ml, orn\u00e9 d&#039;un motif floral imprim\u00e9 en UV et dot\u00e9 d&#039;un bouchon personnalis\u00e9. Initialement stock\u00e9 \u00e0 2\u00a0000 exemplaires, son format carr\u00e9 et \u00e9l\u00e9gant a rencontr\u00e9 un tel succ\u00e8s que 85 % des avis clients le qualifient de mignon et raffin\u00e9. Ces bouchons color\u00e9s sont devenus un v\u00e9ritable outil de branding, entra\u00eenant une augmentation de 300 % de la diffusion des produits de la marque sur les r\u00e9seaux sociaux. Fort de ces r\u00e9sultats et des retours clients tr\u00e8s positifs, l&#039;entreprise a command\u00e9 300\u00a0000 flacons suppl\u00e9mentaires pour lancer sa nouvelle collection automne.<\/p>\n<h2>Personnalisation des jolis flacons de parfum<\/h2>\n<ul>\n<li>Couleurs de bouchon personnalis\u00e9es\u00a0: Tout type de bouchon cylindrique peut \u00eatre associ\u00e9 \u00e0 une marque particuli\u00e8re ou \u00e0 une couleur Pantene.<\/li>\n<li>Panneaux en verre d\u00e9poli\u00a0: Les panneaux avant et arri\u00e8re doivent recevoir une finition d\u00e9polie pour un aspect doux et diffus.<\/li>\n<li>S\u00e9rigraphie sur verre\u00a0: Il s\u2019agit d\u2019une m\u00e9thode d\u2019impression utilis\u00e9e pour imprimer des motifs simples, des logos ou m\u00eame du texte sur une plaque de verre plate.<\/li>\n<li>D\u00e9tails de la texture en relief\u00a0: Une fine texture en relief 3D est grav\u00e9e sur la bouteille en verre pour am\u00e9liorer l\u2019exp\u00e9rience tactile et l\u2019esth\u00e9tique.<\/li>\n<\/ul>","protected":false},"excerpt":{"rendered":"<p>Flacons de parfum \u00e9l\u00e9gants et raffin\u00e9s, aux bords carr\u00e9s et aux bouchons color\u00e9s. Flacons vaporisateurs vides disponibles en gros pour les commandes en grande quantit\u00e9 et les solutions d&#039;emballage de marque.<\/p>","protected":false},"featured_media":4506,"template":"","meta":{"postBodyCss":"","postBodyMargin":[],"postBodyPadding":[],"postBodyBackground":{"backgroundType":"classic","gradient":""}},"product_brand":[],"product_cat":[15,16,62],"product_tag":[],"class_list":{"0":"post-4499","1":"product","2":"type-product","3":"status-publish","4":"has-post-thumbnail","6":"product_cat-glass-containers","7":"product_cat-glass-bottles","8":"product_cat-perfume-bottles","10":"first","11":"instock","12":"shipping-taxable","13":"product-type-simple"},"jetpack_sharing_enabled":true,"_links":{"self":[{"href":"https:\/\/minghanggroup.com\/fr\/wp-json\/wp\/v2\/product\/4499","targetHints":{"allow":["GET"]}}],"collection":[{"href":"https:\/\/minghanggroup.com\/fr\/wp-json\/wp\/v2\/product"}],"about":[{"href":"https:\/\/minghanggroup.com\/fr\/wp-json\/wp\/v2\/types\/product"}],"wp:featuredmedia":[{"embeddable":true,"href":"https:\/\/minghanggroup.com\/fr\/wp-json\/wp\/v2\/media\/4506"}],"wp:attachment":[{"href":"https:\/\/minghanggroup.com\/fr\/wp-json\/wp\/v2\/media?parent=4499"}],"wp:term":[{"taxonomy":"product_brand","embeddable":true,"href":"https:\/\/minghanggroup.com\/fr\/wp-json\/wp\/v2\/product_brand?post=4499"},{"taxonomy":"product_cat","embeddable":true,"href":"https:\/\/minghanggroup.com\/fr\/wp-json\/wp\/v2\/product_cat?post=4499"},{"taxonomy":"product_tag","embeddable":true,"href":"https:\/\/minghanggroup.com\/fr\/wp-json\/wp\/v2\/product_tag?post=4499"}],"curies":[{"name":"wp","href":"https:\/\/api.w.org\/{rel}","templated":true}]}}