{"id":4485,"date":"2026-01-09T10:20:42","date_gmt":"2026-01-09T02:20:42","guid":{"rendered":"https:\/\/minghanggroup.com\/?post_type=product&#038;p=4485"},"modified":"2026-01-09T11:51:54","modified_gmt":"2026-01-09T03:51:54","slug":"blank-perfume-bottles-with-metal-lids-wholesale","status":"publish","type":"product","link":"https:\/\/minghanggroup.com\/fr\/produit\/blank-perfume-bottles-with-metal-lids-wholesale\/","title":{"rendered":"Flacons de parfum vierges de 25 ml, 50 ml et 100 ml avec bouchons m\u00e9talliques (vente en gros)"},"content":{"rendered":"<p>Les flacons de parfum vierges sont en verre de haute qualit\u00e9, aux bords lisses et de forme carr\u00e9e. Ils seront propos\u00e9s en trois tailles, avec des bouchons en m\u00e9tal argent\u00e9 ou dor\u00e9 pour une touche de luxe.<\/p>\n<h2>Caract\u00e9ristiques du produit<\/h2>\n<ul>\n<li><strong>Corps carr\u00e9 \u00e0 bords biseaut\u00e9s\u00a0:<\/strong> La bouteille carr\u00e9e poss\u00e8de des bords biseaut\u00e9s qui refl\u00e8tent la lumi\u00e8re avec \u00e9clat, apportent de la texture et un design g\u00e9om\u00e9trique \u00e9l\u00e9gant.<\/li>\n<li><strong>Options de capuchon bim\u00e9tallique\u00a0:<\/strong> Les bouchons cylindriques en argent ou en or peuvent \u00e9galement \u00eatre personnalis\u00e9s avec un nom de marque, ce qui cr\u00e9era une touche de luxe classique.<\/li>\n<li><strong>Deux tailles Deux tailles :<\/strong> Cinq et 100 ml, pour une utilisation quotidienne r\u00e9guli\u00e8re comme pour une exp\u00e9rience sophistiqu\u00e9e et personnalis\u00e9e.<\/li>\n<\/ul>\n<h2 style=\"text-align: left;\">Caract\u00e9ristiques principales<\/h2>\n<table class=\"aligncenter\" style=\"border-collapse: collapse; width: 493.52pt;\" border=\"0\" width=\"658\" cellspacing=\"0\" cellpadding=\"0\">\n<tbody>\n<tr style=\"height: 13.50pt;\">\n<td style=\"height: 13.50pt; width: 119.25pt;\" width=\"159\" height=\"18\">Sp\u00e9cification<\/td>\n<td style=\"width: 374.25pt;\" width=\"499\">D\u00e9tails<\/td>\n<\/tr>\n<tr style=\"height: 13.50pt;\">\n<td style=\"height: 13.50pt;\" height=\"18\">Dimensions<\/td>\n<td>41\u00d725 \u00d7 77 mm (25 ml) \/ 43\u00d730\u00d788 mm (50 ml) \/ 53\u00d731\u00d773 mm (50 ml) \/ 57\u00d738\u00d7107 mm (100 ml)<\/td>\n<\/tr>\n<tr style=\"height: 13.50pt;\">\n<td style=\"height: 13.50pt;\" height=\"18\">Mat\u00e9riel<\/td>\n<td>Verre haute clart\u00e9, capuchons m\u00e9talliques<\/td>\n<\/tr>\n<tr style=\"height: 13.50pt;\">\n<td style=\"height: 13.50pt;\" height=\"18\">\u00c9tendue de la personnalisation<\/td>\n<td>Forme, taille, couleur, finition, gla\u00e7age de la bouteille<\/td>\n<\/tr>\n<tr style=\"height: 13.50pt;\">\n<td style=\"height: 13.50pt;\" height=\"18\">Savoir-faire<\/td>\n<td>D\u00e9coupe de verre de pr\u00e9cision, plaquage de m\u00e9taux<\/td>\n<\/tr>\n<tr style=\"height: 13.50pt;\">\n<td style=\"height: 13.50pt;\" height=\"18\">Objectif du produit<\/td>\n<td>Flacons de parfum en verre de luxe, flacons de parfum vierges<\/td>\n<\/tr>\n<tr style=\"height: 13.50pt;\">\n<td style=\"height: 13.50pt;\" height=\"18\">Secteurs d&#039;activit\u00e9 appropri\u00e9s<\/td>\n<td>Haute Parfumerie, Marque Priv\u00e9e, Commerce de D\u00e9tail de Luxe<\/td>\n<\/tr>\n<\/tbody>\n<\/table>\n<h2>T\u00e9moignage de r\u00e9ussite\u00a0: Services de personnalisation d\u2019un studio de parfumerie londonien<\/h2>\n<p>Un laboratoire de parfumerie londonien sp\u00e9cialis\u00e9 dans la cr\u00e9ation de flacons personnalis\u00e9s recherchait des flacons \u00e9l\u00e9gants et rechargeables. Ils ont opt\u00e9 pour notre flacon de parfum en verre de 100 ml, dot\u00e9 d&#039;un bouchon dor\u00e9. Le service premium, associ\u00e9 \u00e0 un design haut de gamme, a permis d&#039;augmenter le panier moyen de 30 %, tandis que les bords d\u00e9coup\u00e9s en 3D ont am\u00e9lior\u00e9 l&#039;attractivit\u00e9 du produit en rayon de 42 %. Satisfait du produit, le laboratoire a pass\u00e9 une nouvelle commande de 150\u00a0000 flacons pour accompagner son projet de personnalisation sur les cinq ann\u00e9es suivantes.<\/p>\n<h2>Personnalisation de flacons de parfum vierges<\/h2>\n<ul>\n<li>Couleurs et effets du verre\u00a0: Il est disponible en couleurs transparentes, fum\u00e9es ou douces, avec un choix de surfaces transparentes, enti\u00e8rement ou partiellement d\u00e9polies.<\/li>\n<li>Personnalisation des mat\u00e9riaux des bouchons\u00a0: Les bouchons peuvent \u00eatre fabriqu\u00e9s en c\u00e9ramique, en bois, en plastique, entre autres mat\u00e9riaux.<\/li>\n<li>Gravure laser profonde\u00a0: Gravez des motifs d\u00e9taill\u00e9s, des logos ou des inscriptions sur l\u2019une des faces de la bouteille pour en faire une marque permanente et facile \u00e0 prendre en main.<\/li>\n<li>Panneau logo sabl\u00e9\u00a0: Ce panneau d\u00e9poli appara\u00eet sur l\u2019un des c\u00f4t\u00e9s de la bouteille carr\u00e9e et pr\u00e9sente un logo \u00e0 l\u2019aspect l\u00e9g\u00e8rement mat.<\/li>\n<\/ul>","protected":false},"excerpt":{"rendered":"<p>Flacons de parfum \u00e9l\u00e9gants et vierges, aux bords taill\u00e9s en cristal. Chaque flacon est fourni avec un vaporisateur en m\u00e9tal. Tarifs de gros pour les commandes en grande quantit\u00e9. Livraison rapide\u00a0!<\/p>","protected":false},"featured_media":4498,"template":"","meta":{"postBodyCss":"","postBodyMargin":[],"postBodyPadding":[],"postBodyBackground":{"backgroundType":"classic","gradient":""}},"product_brand":[],"product_cat":[15,16,62],"product_tag":[],"class_list":{"0":"post-4485","1":"product","2":"type-product","3":"status-publish","4":"has-post-thumbnail","6":"product_cat-glass-containers","7":"product_cat-glass-bottles","8":"product_cat-perfume-bottles","10":"first","11":"instock","12":"shipping-taxable","13":"product-type-simple"},"jetpack_sharing_enabled":true,"_links":{"self":[{"href":"https:\/\/minghanggroup.com\/fr\/wp-json\/wp\/v2\/product\/4485","targetHints":{"allow":["GET"]}}],"collection":[{"href":"https:\/\/minghanggroup.com\/fr\/wp-json\/wp\/v2\/product"}],"about":[{"href":"https:\/\/minghanggroup.com\/fr\/wp-json\/wp\/v2\/types\/product"}],"wp:featuredmedia":[{"embeddable":true,"href":"https:\/\/minghanggroup.com\/fr\/wp-json\/wp\/v2\/media\/4498"}],"wp:attachment":[{"href":"https:\/\/minghanggroup.com\/fr\/wp-json\/wp\/v2\/media?parent=4485"}],"wp:term":[{"taxonomy":"product_brand","embeddable":true,"href":"https:\/\/minghanggroup.com\/fr\/wp-json\/wp\/v2\/product_brand?post=4485"},{"taxonomy":"product_cat","embeddable":true,"href":"https:\/\/minghanggroup.com\/fr\/wp-json\/wp\/v2\/product_cat?post=4485"},{"taxonomy":"product_tag","embeddable":true,"href":"https:\/\/minghanggroup.com\/fr\/wp-json\/wp\/v2\/product_tag?post=4485"}],"curies":[{"name":"wp","href":"https:\/\/api.w.org\/{rel}","templated":true}]}}