{"id":4460,"date":"2026-01-08T16:18:45","date_gmt":"2026-01-08T08:18:45","guid":{"rendered":"https:\/\/minghanggroup.com\/?post_type=product&#038;p=4460"},"modified":"2026-01-08T17:03:40","modified_gmt":"2026-01-08T09:03:40","slug":"custom-vintage-cologne-bottles-for-brands-bulk","status":"publish","type":"product","link":"https:\/\/minghanggroup.com\/fr\/produit\/custom-vintage-cologne-bottles-for-brands-bulk\/","title":{"rendered":"Flacons de Cologne vintage personnalis\u00e9s de 30 ml, 50 ml et 100 ml pour les marques (vente en gros)"},"content":{"rendered":"<p>Vos flacons de parfum vintage doivent \u00eatre de v\u00e9ritables objets de famille, et non de simples contenants. Nous proposons des flacons vides qui allient le charme d&#039;antan \u00e0 la modernit\u00e9, pour que votre parfum personnalis\u00e9 se distingue d\u00e8s le premier jour.<\/p>\n<h2>Caract\u00e9ristiques du produit<\/h2>\n<ul>\n<li><strong>Contours fluides et courbes :<\/strong> Un design qui allie les styles r\u00e9tro et moderne avec des lignes \u00e9pur\u00e9es et nettes, parfait pour les parfums masculins et les gammes de parfums haut de gamme.<\/li>\n<li><strong>Nombreuses options de personnalisation\u00a0:<\/strong> Incluez des logos grav\u00e9s, du verre d\u00e9grad\u00e9 ou de la peinture en a\u00e9rosol color\u00e9e, transformant ainsi chaque bouteille en une pi\u00e8ce unique.<\/li>\n<li><strong>Des associations vari\u00e9es :<\/strong> Peut \u00eatre combin\u00e9 avec diff\u00e9rentes couleurs et mat\u00e9riaux pour les buses et les bouchons de pulv\u00e9risation, r\u00e9pondant ainsi aux exigences des diff\u00e9rents styles de marque et du positionnement sur le march\u00e9.<\/li>\n<\/ul>\n<h2>Caract\u00e9ristiques principales<\/h2>\n<table style=\"border-collapse: collapse; width: 80%; margin-left: auto; margin-right: auto;\" border=\"0\" width=\"360\" cellspacing=\"0\" cellpadding=\"0\">\n<tbody>\n<tr style=\"height: 13.50pt;\">\n<td style=\"height: 13.5pt; width: 54pt; text-align: center;\" width=\"72\" height=\"18\">Capacit\u00e9 (ml)<\/td>\n<td style=\"width: 54pt; text-align: center;\" width=\"72\">Dimensions (mm)<\/td>\n<td style=\"width: 54pt; text-align: center;\" width=\"72\">Calibre<\/td>\n<td style=\"width: 54pt; text-align: center;\" width=\"72\">Type de casquette<\/td>\n<td style=\"width: 54pt; text-align: center;\" width=\"72\">Options de personnalisation<\/td>\n<\/tr>\n<tr style=\"height: 13.50pt;\">\n<td style=\"height: 13.5pt; text-align: center;\" height=\"18\">30<\/td>\n<td style=\"text-align: center;\">45 \u00d7 26 \u00d7 84<\/td>\n<td class=\"et2\" style=\"text-align: center;\" rowspan=\"3\">18 mm<\/td>\n<td class=\"et2\" style=\"text-align: center;\" rowspan=\"3\">Vaporisateur \u00e0 bouchon \u00e0 vis rond<\/td>\n<td class=\"et2\" style=\"text-align: center;\" rowspan=\"3\">Logos grav\u00e9s, verre d\u00e9grad\u00e9, pulv\u00e9risations de couleur<\/td>\n<\/tr>\n<tr style=\"height: 13.50pt;\">\n<td style=\"height: 13.5pt; text-align: center;\" height=\"18\">50<\/td>\n<td style=\"text-align: center;\">51 \u00d7 30 \u00d7 94<\/td>\n<\/tr>\n<tr style=\"height: 13.50pt;\">\n<td style=\"height: 13.5pt; text-align: center;\" height=\"18\">100<\/td>\n<td style=\"text-align: center;\">62 \u00d7 62 \u00d7 124<\/td>\n<\/tr>\n<\/tbody>\n<\/table>\n<h2>Cas de r\u00e9ussite<\/h2>\n<p>Une marque de parfums ind\u00e9pendante, ciblant principalement le march\u00e9 des parfums masculins de milieu et haut de gamme, a choisi ce flacon carr\u00e9 vide comme principal design d&#039;emballage avant m\u00eame le lancement de son nouveau produit. Afin de refl\u00e9ter son image de marque, le client a personnalis\u00e9 le flacon de 50 ml, dot\u00e9 d&#039;un vaporisateur en m\u00e9tal gris anthracite mat et d&#039;un bouchon \u00e9lectroplaqu\u00e9 fonc\u00e9, en plus du logo et de la contenance s\u00e9rigraphi\u00e9s sur le devant.<\/p>\n<p>Deux mois seulement apr\u00e8s son lancement, les ventes du nouveau produit ont d\u00e9pass\u00e9 les pr\u00e9visions de l&#039;entreprise de 28 %. De plus, la marque a pu passer une deuxi\u00e8me commande en trois mois gr\u00e2ce au tr\u00e8s faible taux de casse du premier envoi et aux excellents retours des distributeurs.<\/p>\n<h2>Vos options de personnalisation<\/h2>\n<ol>\n<li><strong>Verre d\u00e9grad\u00e9\u00a0:<\/strong> Refl\u00e9tez visuellement votre parcours olfactif en utilisant un verre ombr\u00e9 : une base fonc\u00e9e pour vos notes de fond et une surface claire pour vos notes d&#039;agrumes.<\/li>\n<li><strong>Logos grav\u00e9s qui durent\u00a0: <\/strong>\u00c9vitez les \u00e9tiquettes. Une gravure laser directement sur la bouteille en verre ne s&#039;\u00e9caillera pas et ne se d\u00e9colorera pas.<\/li>\n<li><strong>Adoptez le style vintage \u00e0 100% : <\/strong>Apportez une touche r\u00e9tro et \u00e9l\u00e9gante avec des \u00e9l\u00e9ments de style antiques tels que des bordures grav\u00e9es ou des polices \u00e0 empattement, parfaits pour les marques patrimoniales ou les parfums artisanaux sur mesure.<\/li>\n<\/ol>","protected":false},"excerpt":{"rendered":"<p>Flacons de parfum vintage provenant directement du fabricant. Ces flacons vides sont disponibles en gros avec personnalisation et livraison rapide \u00e0 l&#039;international pour les marques.<\/p>","protected":false},"featured_media":4470,"template":"","meta":{"postBodyCss":"","postBodyMargin":[],"postBodyPadding":[],"postBodyBackground":{"backgroundType":"classic","gradient":""}},"product_brand":[],"product_cat":[15,16,62],"product_tag":[],"class_list":{"0":"post-4460","1":"product","2":"type-product","3":"status-publish","4":"has-post-thumbnail","6":"product_cat-glass-containers","7":"product_cat-glass-bottles","8":"product_cat-perfume-bottles","10":"first","11":"instock","12":"shipping-taxable","13":"product-type-simple"},"jetpack_sharing_enabled":true,"_links":{"self":[{"href":"https:\/\/minghanggroup.com\/fr\/wp-json\/wp\/v2\/product\/4460","targetHints":{"allow":["GET"]}}],"collection":[{"href":"https:\/\/minghanggroup.com\/fr\/wp-json\/wp\/v2\/product"}],"about":[{"href":"https:\/\/minghanggroup.com\/fr\/wp-json\/wp\/v2\/types\/product"}],"wp:featuredmedia":[{"embeddable":true,"href":"https:\/\/minghanggroup.com\/fr\/wp-json\/wp\/v2\/media\/4470"}],"wp:attachment":[{"href":"https:\/\/minghanggroup.com\/fr\/wp-json\/wp\/v2\/media?parent=4460"}],"wp:term":[{"taxonomy":"product_brand","embeddable":true,"href":"https:\/\/minghanggroup.com\/fr\/wp-json\/wp\/v2\/product_brand?post=4460"},{"taxonomy":"product_cat","embeddable":true,"href":"https:\/\/minghanggroup.com\/fr\/wp-json\/wp\/v2\/product_cat?post=4460"},{"taxonomy":"product_tag","embeddable":true,"href":"https:\/\/minghanggroup.com\/fr\/wp-json\/wp\/v2\/product_tag?post=4460"}],"curies":[{"name":"wp","href":"https:\/\/api.w.org\/{rel}","templated":true}]}}