{"id":4455,"date":"2026-01-08T15:04:49","date_gmt":"2026-01-08T07:04:49","guid":{"rendered":"https:\/\/minghanggroup.com\/?post_type=product&#038;p=4455"},"modified":"2026-01-08T15:17:05","modified_gmt":"2026-01-08T07:17:05","slug":"rectangular-black-cologne-bottles-wholesale","status":"publish","type":"product","link":"https:\/\/minghanggroup.com\/fr\/produit\/rectangular-black-cologne-bottles-wholesale\/","title":{"rendered":"Flacons de cologne noirs rectangulaires de 30 ml, 50 ml et 100 ml en gros"},"content":{"rendered":"<p>Ces flacons de parfum noirs pr\u00e9sentent une finition enti\u00e8rement noire mate, un corps rectangulaire (les bords sont l\u00e9g\u00e8rement arrondis) et un bouchon cylindrique noir, ce qui leur conf\u00e8re une apparence harmonieuse, sobre et sophistiqu\u00e9e.<\/p>\n<h2>Caract\u00e9ristiques du produit<\/h2>\n<ul>\n<li><strong>Texture enti\u00e8rement noire mate :<\/strong> Le noir mat du flacon et du bouchon apporte une touche subtile mais haut de gamme, appropri\u00e9e aux tendances de niche aux couleurs froides.<\/li>\n<li><strong>Corps rectangulaire arrondi :<\/strong> Les bords arrondis de la bouteille rectangulaire garantissent une prise en main facile et un rangement peu encombrant.<\/li>\n<li><strong>Tailles diverses :<\/strong> Il existe 3 tailles de flacons de parfum rectangulaires, adapt\u00e9es aux besoins de diff\u00e9rentes situations, comme l&#039;usage quotidien et les flacons rechargeables.<\/li>\n<\/ul>\n<h2 style=\"text-align: left;\">Caract\u00e9ristiques principales<\/h2>\n<table class=\"aligncenter\" style=\"border-collapse: collapse; width: 469.52pt;\" border=\"0\" width=\"626\" cellspacing=\"0\" cellpadding=\"0\">\n<tbody>\n<tr style=\"height: 13.50pt;\">\n<td style=\"height: 13.50pt; width: 119.25pt;\" width=\"159\" height=\"18\">Sp\u00e9cification<\/td>\n<td style=\"width: 350.25pt;\" width=\"467\">D\u00e9tails<\/td>\n<\/tr>\n<tr style=\"height: 13.50pt;\">\n<td style=\"height: 13.50pt;\" height=\"18\">Capacit\u00e9<\/td>\n<td>30ml \/ 50ml \/ 100ml<\/td>\n<\/tr>\n<tr style=\"height: 13.50pt;\">\n<td style=\"height: 13.50pt;\" height=\"18\">Dimensions<\/td>\n<td>42\u00d729\u00d776 mm \/ 51\u00d728\u00d791 mm \/ 53\u00d736\u00d7116 mm<\/td>\n<\/tr>\n<tr style=\"height: 13.50pt;\">\n<td style=\"height: 13.50pt;\" height=\"18\">Mat\u00e9riel<\/td>\n<td>Verre avec rev\u00eatement noir mat<\/td>\n<\/tr>\n<tr style=\"height: 13.50pt;\">\n<td style=\"height: 13.50pt;\" height=\"18\">Forme de bouteille<\/td>\n<td>Rectangle<\/td>\n<\/tr>\n<tr style=\"height: 13.50pt;\">\n<td style=\"height: 13.50pt;\" height=\"18\">\u00c9tendue de la personnalisation<\/td>\n<td>Finition textur\u00e9e, d\u00e9tail du bouchon, gaufrage, marquage discret<\/td>\n<\/tr>\n<tr style=\"height: 13.50pt;\">\n<td style=\"height: 13.50pt;\" height=\"18\">Savoir-faire<\/td>\n<td>Formage du verre de pr\u00e9cision, application d&#039;un rev\u00eatement mat uniforme<\/td>\n<\/tr>\n<tr style=\"height: 13.50pt;\">\n<td style=\"height: 13.50pt;\" height=\"18\">Objectif du produit<\/td>\n<td>Flacons de cologne noirs en gros, flacons de parfum vintage<\/td>\n<\/tr>\n<tr style=\"height: 13.50pt;\">\n<td style=\"height: 13.50pt;\" height=\"18\">Secteurs d&#039;activit\u00e9 appropri\u00e9s<\/td>\n<td>Parfumerie contemporaine, soins de la peau de luxe<\/td>\n<\/tr>\n<\/tbody>\n<\/table>\n<h2>Succ\u00e8s : La marque priv\u00e9e d&#039;un parfumeur d&#039;avant-garde tokyo\u00efte<\/h2>\n<p>Une marque de parfums de niche bas\u00e9e \u00e0 Tokyo a choisi d&#039;utiliser nos flacons d&#039;eau de Cologne noirs de 100 ml en exclusivit\u00e9 et de les personnaliser avec une surface mate micro-textur\u00e9e pour une meilleure prise en main. Gr\u00e2ce \u00e0 ce design noir mat exclusif, la notori\u00e9t\u00e9 de la marque a progress\u00e9 de 48 % et sa visibilit\u00e9 en rayon de 42 %, entra\u00eenant une hausse des ventes de 60 % par rapport aux flacons transparents traditionnels. La marque, ravie de l&#039;impact du flacon sur son image, a pass\u00e9 une nouvelle commande de 500\u00a0000 flacons et sign\u00e9 un contrat de distribution exclusive \u00e0 l&#039;\u00e9chelle mondiale.<\/p>\n<h2>Les flacons de parfum noirs peuvent \u00eatre personnalis\u00e9s<\/h2>\n<ul>\n<li>Textures et brillances des rev\u00eatements\u00a0: Offre un large choix entre des finitions ultra-mates et satin\u00e9es, ou introduit des micro-textures.<\/li>\n<li>Couleurs de base pour verre\u00a0: Ajoute un effet de maturit\u00e9 particulier au verre clair, fum\u00e9 ou color\u00e9 gr\u00e2ce \u00e0 l\u2019application d\u2019un rev\u00eatement mat.<\/li>\n<li>D\u00e9corations pour casquettes\u00a0: Ajoutez \u00e0 la casquette un simple anneau m\u00e9tallique, du caoutchouc ou d\u2019autres textures.<\/li>\n<li>Impression s\u00e9rigraphique contrast\u00e9e : Imprimez des couleurs contrast\u00e9es (blanc, m\u00e9tallis\u00e9) sur un support mat.<\/li>\n<\/ul>","protected":false},"excerpt":{"rendered":"<p>Flacons de parfum noirs \u00e9l\u00e9gants, \u00e0 la texture mate et lisse, avec bouchons assortis. Remise sur les flacons d&#039;eau de Cologne noirs pour les commandes en gros.<\/p>","protected":false},"featured_media":4458,"template":"","meta":{"postBodyCss":"","postBodyMargin":[],"postBodyPadding":[],"postBodyBackground":{"backgroundType":"classic","gradient":""}},"product_brand":[],"product_cat":[15,16,62],"product_tag":[],"class_list":{"0":"post-4455","1":"product","2":"type-product","3":"status-publish","4":"has-post-thumbnail","6":"product_cat-glass-containers","7":"product_cat-glass-bottles","8":"product_cat-perfume-bottles","10":"first","11":"instock","12":"shipping-taxable","13":"product-type-simple"},"jetpack_sharing_enabled":true,"_links":{"self":[{"href":"https:\/\/minghanggroup.com\/fr\/wp-json\/wp\/v2\/product\/4455","targetHints":{"allow":["GET"]}}],"collection":[{"href":"https:\/\/minghanggroup.com\/fr\/wp-json\/wp\/v2\/product"}],"about":[{"href":"https:\/\/minghanggroup.com\/fr\/wp-json\/wp\/v2\/types\/product"}],"wp:featuredmedia":[{"embeddable":true,"href":"https:\/\/minghanggroup.com\/fr\/wp-json\/wp\/v2\/media\/4458"}],"wp:attachment":[{"href":"https:\/\/minghanggroup.com\/fr\/wp-json\/wp\/v2\/media?parent=4455"}],"wp:term":[{"taxonomy":"product_brand","embeddable":true,"href":"https:\/\/minghanggroup.com\/fr\/wp-json\/wp\/v2\/product_brand?post=4455"},{"taxonomy":"product_cat","embeddable":true,"href":"https:\/\/minghanggroup.com\/fr\/wp-json\/wp\/v2\/product_cat?post=4455"},{"taxonomy":"product_tag","embeddable":true,"href":"https:\/\/minghanggroup.com\/fr\/wp-json\/wp\/v2\/product_tag?post=4455"}],"curies":[{"name":"wp","href":"https:\/\/api.w.org\/{rel}","templated":true}]}}