{"id":4421,"date":"2026-01-07T14:49:56","date_gmt":"2026-01-07T06:49:56","guid":{"rendered":"https:\/\/minghanggroup.com\/?post_type=product&#038;p=4421"},"modified":"2026-01-07T16:57:10","modified_gmt":"2026-01-07T08:57:10","slug":"empty-perfume-square-bottles-with-lids-bulk","status":"publish","type":"product","link":"https:\/\/minghanggroup.com\/fr\/produit\/empty-perfume-square-bottles-with-lids-bulk\/","title":{"rendered":"Flacons de parfum carr\u00e9s vides de 100 ml avec bouchons (vente en gros)"},"content":{"rendered":"<p>Ce flacon de parfum carr\u00e9 est fabriqu\u00e9 en verre tr\u00e8s transparent. Son bouchon transparent \u00e0 plusieurs facettes est \u00e9l\u00e9gamment fix\u00e9 au corps du flacon par un fin anneau en m\u00e9tal argent\u00e9.<\/p>\n<h2>Caract\u00e9ristiques du produit<\/h2>\n<ul>\n<li><strong>Conception du capuchon en forme de losange\u00a0:<\/strong> Le capuchon transparent est taill\u00e9 en forme de losange et les d\u00e9tails en m\u00e9tal argent\u00e9 en font un point focal, un \u00e9l\u00e9ment visuel \u00e0 part enti\u00e8re sur le capuchon.<\/li>\n<li><strong>Substance vitr\u00e9e transparente :<\/strong> Le verre en cristal est totalement transparent, permettant ainsi de voir clairement l&#039;int\u00e9rieur du liquide tout en mettant en valeur la texture luxueuse du produit.<\/li>\n<li><strong>Design de bouteille carr\u00e9e de luxe\u00a0:<\/strong> Le design carr\u00e9 et \u00e9pur\u00e9 de ce flacon allie beaut\u00e9 et confort et s&#039;int\u00e8gre donc parfaitement \u00e0 une coiffeuse sophistiqu\u00e9e.<\/li>\n<\/ul>\n<h2 style=\"text-align: left;\">Caract\u00e9ristiques principales<\/h2>\n<table class=\"aligncenter\" style=\"border-collapse: collapse; width: 444.77pt;\" border=\"0\" width=\"593\" cellspacing=\"0\" cellpadding=\"0\">\n<tbody>\n<tr style=\"height: 13.50pt;\">\n<td style=\"height: 13.50pt; width: 119.25pt;\" width=\"159\" height=\"18\">Sp\u00e9cification<\/td>\n<td style=\"width: 325.50pt;\" width=\"434\">D\u00e9tails<\/td>\n<\/tr>\n<tr style=\"height: 13.50pt;\">\n<td style=\"height: 13.50pt;\" height=\"18\">Capacit\u00e9<\/td>\n<td>100 ml<\/td>\n<\/tr>\n<tr style=\"height: 13.50pt;\">\n<td style=\"height: 13.50pt;\" height=\"18\">Dimensions<\/td>\n<td>57\u00d757\u00d769 mm<\/td>\n<\/tr>\n<tr style=\"height: 13.50pt;\">\n<td style=\"height: 13.50pt;\" height=\"18\">Mat\u00e9riel<\/td>\n<td>Verre de qualit\u00e9 cristalline, composants m\u00e9talliques<\/td>\n<\/tr>\n<tr style=\"height: 13.50pt;\">\n<td style=\"height: 13.50pt;\" height=\"18\">Forme de bouteille<\/td>\n<td>Cube<\/td>\n<\/tr>\n<tr style=\"height: 13.50pt;\">\n<td style=\"height: 13.50pt;\" height=\"18\">\u00c9tendue de la personnalisation<\/td>\n<td>Couleur, forme, taille, facettage du chapeau, finition<\/td>\n<\/tr>\n<tr style=\"height: 13.50pt;\">\n<td style=\"height: 13.50pt;\" height=\"18\">Savoir-faire<\/td>\n<td>Formage de verre de pr\u00e9cision, taille des facettes, assemblage m\u00e9tallique<\/td>\n<\/tr>\n<tr style=\"height: 13.50pt;\">\n<td style=\"height: 13.50pt;\" height=\"18\">Objectif du produit<\/td>\n<td>Flacons carr\u00e9s de parfum, flacons d&#039;eau de Cologne<\/td>\n<\/tr>\n<tr style=\"height: 13.50pt;\">\n<td style=\"height: 13.50pt;\" height=\"18\">Secteurs d&#039;activit\u00e9 appropri\u00e9s<\/td>\n<td>Haute Parfumerie, Produits de Luxe, H\u00f4tellerie Exclusive<\/td>\n<\/tr>\n<\/tbody>\n<\/table>\n<h2>Histoire \u00e0 succ\u00e8s<\/h2>\n<p>Nos flacons de parfum vides de 100 ml ont \u00e9t\u00e9 s\u00e9lectionn\u00e9s par une c\u00e9l\u00e8bre maison de couture milanaise. Repens\u00e9s, ils arborent d\u00e9sormais un couvercle en verre noir fum\u00e9 et des \u00e9l\u00e9ments m\u00e9talliques plaqu\u00e9s palladium. Ce mod\u00e8le cubique est rapidement devenu un prototype, ayant atteint un taux de reconnaissance de marque de 100 % aupr\u00e8s de la cible lors de tests \u00e0 l&#039;aveugle. Son design \u00e9l\u00e9gant a suscit\u00e9 un v\u00e9ritable engouement sur internet, g\u00e9n\u00e9rant plus de 10 millions d&#039;impressions. Le succ\u00e8s du lancement et le statut culte du flacon ont ravi la marque, qui a pass\u00e9 une nouvelle commande de 600\u00a0000 flacons destin\u00e9s \u00e0 \u00eatre distribu\u00e9s dans le monde entier.<\/p>\n<h2>Flacons carr\u00e9s de parfum personnalisables<\/h2>\n<ul>\n<li>Personnalisation du manche en m\u00e9tal\u00a0: Disponible en or, or rose, chrome noir et autres finitions.<\/li>\n<li>Personnalisation des casquettes\u00a0: Faites r\u00e9aliser des d\u00e9coupes ou des gravures exclusives sur votre casquette.<\/li>\n<li>Gravure laser\u00a0: Utilisez un laser pour graver le logo de la marque, le monogramme ou des motifs g\u00e9om\u00e9triques directement sur la surface de la bouteille.<\/li>\n<li>Logo de la marque en relief\u00a0: Le logo de la marque est discr\u00e8tement emboss\u00e9 sur le dessous du cube.<\/li>\n<\/ul>","protected":false},"excerpt":{"rendered":"<p>Flacon carr\u00e9 \u00e9l\u00e9gant de 100 ml pour parfum, orn\u00e9 d&#039;un anneau argent\u00e9 et d&#039;un bouchon en cristal taill\u00e9, con\u00e7u pour sublimer les flacons de parfums haut de gamme. \u00c9chantillons gratuits.<\/p>","protected":false},"featured_media":4426,"template":"","meta":{"postBodyCss":"","postBodyMargin":[],"postBodyPadding":[],"postBodyBackground":{"backgroundType":"classic","gradient":""}},"product_brand":[],"product_cat":[15,16,62],"product_tag":[],"class_list":{"0":"post-4421","1":"product","2":"type-product","3":"status-publish","4":"has-post-thumbnail","6":"product_cat-glass-containers","7":"product_cat-glass-bottles","8":"product_cat-perfume-bottles","10":"first","11":"instock","12":"shipping-taxable","13":"product-type-simple"},"jetpack_sharing_enabled":true,"_links":{"self":[{"href":"https:\/\/minghanggroup.com\/fr\/wp-json\/wp\/v2\/product\/4421","targetHints":{"allow":["GET"]}}],"collection":[{"href":"https:\/\/minghanggroup.com\/fr\/wp-json\/wp\/v2\/product"}],"about":[{"href":"https:\/\/minghanggroup.com\/fr\/wp-json\/wp\/v2\/types\/product"}],"wp:featuredmedia":[{"embeddable":true,"href":"https:\/\/minghanggroup.com\/fr\/wp-json\/wp\/v2\/media\/4426"}],"wp:attachment":[{"href":"https:\/\/minghanggroup.com\/fr\/wp-json\/wp\/v2\/media?parent=4421"}],"wp:term":[{"taxonomy":"product_brand","embeddable":true,"href":"https:\/\/minghanggroup.com\/fr\/wp-json\/wp\/v2\/product_brand?post=4421"},{"taxonomy":"product_cat","embeddable":true,"href":"https:\/\/minghanggroup.com\/fr\/wp-json\/wp\/v2\/product_cat?post=4421"},{"taxonomy":"product_tag","embeddable":true,"href":"https:\/\/minghanggroup.com\/fr\/wp-json\/wp\/v2\/product_tag?post=4421"}],"curies":[{"name":"wp","href":"https:\/\/api.w.org\/{rel}","templated":true}]}}